{"id":431,"date":"2020-02-27T12:00:00","date_gmt":"2020-02-27T12:00:00","guid":{"rendered":"http:\/\/grupo.us.es\/minerva\/asynchronous-dual-pipeline-deep-learning-framework-for-online-data-stream-classification-2\/"},"modified":"2020-02-27T12:00:00","modified_gmt":"2020-02-27T12:00:00","slug":"asynchronous-dual-pipeline-deep-learning-framework-for-online-data-stream-classification-2","status":"publish","type":"page","link":"https:\/\/grupo.us.es\/minerva\/asynchronous-dual-pipeline-deep-learning-framework-for-online-data-stream-classification-2\/","title":{"rendered":"Asynchronous dual-pipeline deep learning framework for online data stream classification"},"content":{"rendered":"<p><div class=\"tp_single_publication\"><span class=\"tp_single_author\">P Lara-Ben\u00edtez, M Carranza-Garc\u00eda, J Garc\u00eda-Guti\u00e9rrez, J C Riquelme : <\/span> <span class=\"tp_single_title\">Asynchronous dual-pipeline deep learning framework for online data stream classification<\/span>. <span class=\"tp_single_additional\"><span class=\"tp_pub_additional_in\">En: <\/span><span class=\"tp_pub_additional_journal\">Integrated Computer-Aided Engineering, <\/span><span class=\"tp_pub_additional_volume\">vol. 27, <\/span><span class=\"tp_pub_additional_number\">no 2, <\/span><span class=\"tp_pub_additional_pages\">pp. 101-119, <\/span><span class=\"tp_pub_additional_year\">2020<\/span><span class=\"tp_pub_additional_note\">, (JCR (2018): 4.904)<\/span>.<\/span><\/div><!--more--><\/p>\n<h2 class=\"tp_abstract\">Resumen<\/h2><p class=\"tp_abstract\"><\/p>\n<h2 class=\"tp_links\">Enlaces<\/h2><p class=\"tp_abstract\"><ul class=\"tp_pub_list\"><li><i class=\"ai ai-doi\"><\/i><a class=\"tp_pub_list\" href=\"https:\/\/dx.doi.org\/10.3233\/ICA-200617\" title=\"DOI de seguimiento:10.3233\/ICA-200617\" target=\"_blank\">doi:10.3233\/ICA-200617<\/a><\/li><\/ul><\/p>\n<h2 class=\"tp_bibtex\">BibTeX (<a href=\"https:\/\/grupo.us.es\/minerva?feed=tp_pub_bibtex&amp;key=Lara-Ben\u00edtez2020\">Download<\/a>)<\/h2><pre class=\"tp_bibtex\">@article{Lara-Ben\u00edtez2020,\r\ntitle = {Asynchronous dual-pipeline deep learning framework for online data stream classification},\r\nauthor = {P Lara-Ben\u00edtez and M Carranza-Garc\u00eda and J Garc\u00eda-Guti\u00e9rrez and J C Riquelme },\r\ndoi = {10.3233\/ICA-200617},\r\nyear  = {2020},\r\ndate = {2020-02-27},\r\njournal = {Integrated Computer-Aided Engineering},\r\nvolume = {27},\r\nnumber = {2},\r\npages = {101-119},\r\nnote = {JCR (2018): 4.904},\r\nkeywords = {data streaming, machine learning},\r\npubstate = {published},\r\ntppubtype = {article}\r\n}\r\n<\/pre>\n","protected":false},"excerpt":{"rendered":"","protected":false},"author":2,"featured_media":0,"parent":0,"menu_order":0,"comment_status":"closed","ping_status":"closed","template":"","meta":{"footnotes":""},"class_list":["post-431","page","type-page","status-publish","hentry","post-item clearfix"],"_links":{"self":[{"href":"https:\/\/grupo.us.es\/minerva\/wp-json\/wp\/v2\/pages\/431","targetHints":{"allow":["GET"]}}],"collection":[{"href":"https:\/\/grupo.us.es\/minerva\/wp-json\/wp\/v2\/pages"}],"about":[{"href":"https:\/\/grupo.us.es\/minerva\/wp-json\/wp\/v2\/types\/page"}],"author":[{"embeddable":true,"href":"https:\/\/grupo.us.es\/minerva\/wp-json\/wp\/v2\/users\/2"}],"replies":[{"embeddable":true,"href":"https:\/\/grupo.us.es\/minerva\/wp-json\/wp\/v2\/comments?post=431"}],"version-history":[{"count":0,"href":"https:\/\/grupo.us.es\/minerva\/wp-json\/wp\/v2\/pages\/431\/revisions"}],"wp:attachment":[{"href":"https:\/\/grupo.us.es\/minerva\/wp-json\/wp\/v2\/media?parent=431"}],"curies":[{"name":"wp","href":"https:\/\/api.w.org\/{rel}","templated":true}]}}