{"id":417,"date":"2019-09-02T12:00:00","date_gmt":"2019-09-02T12:00:00","guid":{"rendered":"http:\/\/grupo.us.es\/minerva\/analysis-of-the-evolution-of-the-spanish-labour-market-through-unsupervised-learning\/"},"modified":"2019-09-02T12:00:00","modified_gmt":"2019-09-02T12:00:00","slug":"analysis-of-the-evolution-of-the-spanish-labour-market-through-unsupervised-learning","status":"publish","type":"page","link":"https:\/\/grupo.us.es\/minerva\/analysis-of-the-evolution-of-the-spanish-labour-market-through-unsupervised-learning\/","title":{"rendered":"Analysis of the evolution of the Spanish labour market through unsupervised learning"},"content":{"rendered":"<p><div class=\"tp_single_publication\"><span class=\"tp_single_author\">J M Luna-Romera, F N\u00fa\u00f1ez-Hern\u00e1ndez, M Mart\u00ednez-Ballesteros, J C Riquelme, C. Usabiaga Ib\u00e1\u00f1ez: <\/span> <span class=\"tp_single_title\">Analysis of the evolution of the Spanish labour market through unsupervised learning<\/span>. <span class=\"tp_single_additional\"><span class=\"tp_pub_additional_in\">En: <\/span><span class=\"tp_pub_additional_journal\">IEEE Access, <\/span><span class=\"tp_pub_additional_year\">2019<\/span><span class=\"tp_pub_additional_note\">, (JCR (2018) 4.098)<\/span>.<\/span><\/div><!--more--><\/p>\n<h2 class=\"tp_abstract\">Resumen<\/h2><p class=\"tp_abstract\"><\/p>\n<h2 class=\"tp_links\">Enlaces<\/h2><p class=\"tp_abstract\"><ul class=\"tp_pub_list\"><li><i class=\"ai ai-doi\"><\/i><a class=\"tp_pub_list\" href=\"https:\/\/dx.doi.org\/10.1109\/ACCESS.2019.2935386\" title=\"DOI de seguimiento:10.1109\/ACCESS.2019.2935386\" target=\"_blank\">doi:10.1109\/ACCESS.2019.2935386<\/a><\/li><\/ul><\/p>\n<h2 class=\"tp_bibtex\">BibTeX (<a href=\"https:\/\/grupo.us.es\/minerva?feed=tp_pub_bibtex&amp;key=Luna-Romera2019b\">Download<\/a>)<\/h2><pre class=\"tp_bibtex\">@article{Luna-Romera2019b,\r\ntitle = {Analysis of the evolution of the Spanish labour market through unsupervised learning},\r\nauthor = {J M Luna-Romera and F N\u00fa\u00f1ez-Hern\u00e1ndez and M Mart\u00ednez-Ballesteros and J C Riquelme and C. Usabiaga Ib\u00e1\u00f1ez},\r\ndoi = {10.1109\/ACCESS.2019.2935386},\r\nyear  = {2019},\r\ndate = {2019-09-02},\r\njournal = {IEEE Access},\r\nnote = {JCR (2018) 4.098},\r\nkeywords = {clustering, machine learning},\r\npubstate = {published},\r\ntppubtype = {article}\r\n}\r\n<\/pre>\n","protected":false},"excerpt":{"rendered":"","protected":false},"author":2,"featured_media":0,"parent":0,"menu_order":0,"comment_status":"closed","ping_status":"closed","template":"","meta":{"footnotes":""},"class_list":["post-417","page","type-page","status-publish","hentry","post-item clearfix"],"_links":{"self":[{"href":"https:\/\/grupo.us.es\/minerva\/wp-json\/wp\/v2\/pages\/417","targetHints":{"allow":["GET"]}}],"collection":[{"href":"https:\/\/grupo.us.es\/minerva\/wp-json\/wp\/v2\/pages"}],"about":[{"href":"https:\/\/grupo.us.es\/minerva\/wp-json\/wp\/v2\/types\/page"}],"author":[{"embeddable":true,"href":"https:\/\/grupo.us.es\/minerva\/wp-json\/wp\/v2\/users\/2"}],"replies":[{"embeddable":true,"href":"https:\/\/grupo.us.es\/minerva\/wp-json\/wp\/v2\/comments?post=417"}],"version-history":[{"count":0,"href":"https:\/\/grupo.us.es\/minerva\/wp-json\/wp\/v2\/pages\/417\/revisions"}],"wp:attachment":[{"href":"https:\/\/grupo.us.es\/minerva\/wp-json\/wp\/v2\/media?parent=417"}],"curies":[{"name":"wp","href":"https:\/\/api.w.org\/{rel}","templated":true}]}}