{"id":380,"date":"2014-11-14T12:00:00","date_gmt":"2014-11-14T12:00:00","guid":{"rendered":"http:\/\/grupo.us.es\/minerva\/software-reference-architecture-for-smart-environments-perception-2\/"},"modified":"2014-11-14T12:00:00","modified_gmt":"2014-11-14T12:00:00","slug":"software-reference-architecture-for-smart-environments-perception-2","status":"publish","type":"page","link":"https:\/\/grupo.us.es\/minerva\/software-reference-architecture-for-smart-environments-perception-2\/","title":{"rendered":"Software reference architecture for smart environments: Perception"},"content":{"rendered":"<p><div class=\"tp_single_publication\"><span class=\"tp_single_author\">A. Fern\u00e1ndez-Montes, J. A. Ortega, J.I. S\u00e1nchez-Venzal\u00e1, L. Gonz\u00e1lez-Abril: <\/span> <span class=\"tp_single_title\">Software reference architecture for smart environments: Perception<\/span>. <span class=\"tp_single_additional\"><span class=\"tp_pub_additional_in\">En: <\/span><span class=\"tp_pub_additional_journal\">Computer Standards &amp; Interfaces , <\/span><span class=\"tp_pub_additional_volume\">vol. 36, <\/span><span class=\"tp_pub_additional_number\">no 6, <\/span><span class=\"tp_pub_additional_pages\">pp. 928-940, <\/span><span class=\"tp_pub_additional_year\">2014<\/span><span class=\"tp_pub_additional_note\">, (JCR(2014):1,177)<\/span>.<\/span><\/div><!--more--><\/p>\n<h2 class=\"tp_abstract\">Resumen<\/h2><p class=\"tp_abstract\"><\/p>\n<h2 class=\"tp_links\">Enlaces<\/h2><p class=\"tp_abstract\"><ul class=\"tp_pub_list\"><li><i class=\"ai ai-doi\"><\/i><a class=\"tp_pub_list\" href=\"https:\/\/dx.doi.org\/https:\/\/doi.org\/10.1016\/j.csi.2014.02.004\" title=\"DOI de seguimiento:https:\/\/doi.org\/10.1016\/j.csi.2014.02.004\" target=\"_blank\">doi:https:\/\/doi.org\/10.1016\/j.csi.2014.02.004<\/a><\/li><\/ul><\/p>\n<h2 class=\"tp_bibtex\">BibTeX (<a href=\"https:\/\/grupo.us.es\/minerva?feed=tp_pub_bibtex&amp;key=Fern\u00e1ndez-Montes2014\">Download<\/a>)<\/h2><pre class=\"tp_bibtex\">@article{Fern\u00e1ndez-Montes2014,\r\ntitle = {Software reference architecture for smart environments: Perception},\r\nauthor = {A. Fern\u00e1ndez-Montes and J. A. Ortega and J.I. S\u00e1nchez-Venzal\u00e1 and L. Gonz\u00e1lez-Abril},\r\ndoi = {https:\/\/doi.org\/10.1016\/j.csi.2014.02.004},\r\nyear  = {2014},\r\ndate = {2014-11-14},\r\njournal = {Computer Standards & Interfaces },\r\nvolume = {36},\r\nnumber = {6},\r\npages = {928-940},\r\nnote = {JCR(2014):1,177},\r\nkeywords = {Software architecture},\r\npubstate = {published},\r\ntppubtype = {article}\r\n}\r\n<\/pre>\n","protected":false},"excerpt":{"rendered":"","protected":false},"author":1,"featured_media":0,"parent":0,"menu_order":0,"comment_status":"closed","ping_status":"closed","template":"","meta":{"footnotes":""},"class_list":["post-380","page","type-page","status-publish","hentry","post-item clearfix"],"_links":{"self":[{"href":"https:\/\/grupo.us.es\/minerva\/wp-json\/wp\/v2\/pages\/380","targetHints":{"allow":["GET"]}}],"collection":[{"href":"https:\/\/grupo.us.es\/minerva\/wp-json\/wp\/v2\/pages"}],"about":[{"href":"https:\/\/grupo.us.es\/minerva\/wp-json\/wp\/v2\/types\/page"}],"author":[{"embeddable":true,"href":"https:\/\/grupo.us.es\/minerva\/wp-json\/wp\/v2\/users\/1"}],"replies":[{"embeddable":true,"href":"https:\/\/grupo.us.es\/minerva\/wp-json\/wp\/v2\/comments?post=380"}],"version-history":[{"count":0,"href":"https:\/\/grupo.us.es\/minerva\/wp-json\/wp\/v2\/pages\/380\/revisions"}],"wp:attachment":[{"href":"https:\/\/grupo.us.es\/minerva\/wp-json\/wp\/v2\/media?parent=380"}],"curies":[{"name":"wp","href":"https:\/\/api.w.org\/{rel}","templated":true}]}}