{"id":364,"date":"2014-02-14T12:00:00","date_gmt":"2014-02-14T12:00:00","guid":{"rendered":"http:\/\/grupo.us.es\/minerva\/a-review-and-recent-developments-in-the-optimal-wind-turbine-micro-siting-problem-2\/"},"modified":"2014-02-14T12:00:00","modified_gmt":"2014-02-14T12:00:00","slug":"a-review-and-recent-developments-in-the-optimal-wind-turbine-micro-siting-problem-2","status":"publish","type":"page","link":"https:\/\/grupo.us.es\/minerva\/a-review-and-recent-developments-in-the-optimal-wind-turbine-micro-siting-problem-2\/","title":{"rendered":"A review and recent developments in the optimal wind-turbine micro-siting problem"},"content":{"rendered":"<p><div class=\"tp_single_publication\"><span class=\"tp_single_author\">Javier Serrano Gonz\u00e1lez, Manuel Burgos Pay\u00e1n, Jes\u00fas Manuel Riquelme Santos, Francisco Gonz\u00e1lez-Longatt: <\/span> <span class=\"tp_single_title\">A review and recent developments in the optimal wind-turbine micro-siting problem<\/span>. <span class=\"tp_single_additional\"><span class=\"tp_pub_additional_in\">En: <\/span><span class=\"tp_pub_additional_journal\">Renewable and Sustainable Energy Reviews, Elsevier, <\/span><span class=\"tp_pub_additional_volume\">vol. 30, <\/span><span class=\"tp_pub_additional_pages\">pp. 133-144, <\/span><span class=\"tp_pub_additional_year\">2014<\/span><span class=\"tp_pub_additional_note\">, (JCR (2014): 5,901)<\/span>.<\/span><\/div><!--more--><\/p>\n<h2 class=\"tp_abstract\">Resumen<\/h2><p class=\"tp_abstract\"><\/p>\n<h2 class=\"tp_links\">Enlaces<\/h2><p class=\"tp_abstract\"><ul class=\"tp_pub_list\"><li><i class=\"ai ai-doi\"><\/i><a class=\"tp_pub_list\" href=\"https:\/\/dx.doi.org\/10.1016\/j.rser.2013.09.027\" title=\"DOI de seguimiento:10.1016\/j.rser.2013.09.027\" target=\"_blank\">doi:10.1016\/j.rser.2013.09.027<\/a><\/li><\/ul><\/p>\n<h2 class=\"tp_bibtex\">BibTeX (<a href=\"https:\/\/grupo.us.es\/minerva?feed=tp_pub_bibtex&amp;key=Gonz\u00e1lez2014\">Download<\/a>)<\/h2><pre class=\"tp_bibtex\">@article{Gonz\u00e1lez2014,\r\ntitle = {A review and recent developments in the optimal wind-turbine micro-siting problem},\r\nauthor = {Javier Serrano Gonz\u00e1lez and Manuel Burgos Pay\u00e1n and Jes\u00fas Manuel Riquelme Santos and Francisco Gonz\u00e1lez-Longatt},\r\ndoi = {10.1016\/j.rser.2013.09.027},\r\nyear  = {2014},\r\ndate = {2014-02-14},\r\njournal = {Renewable and Sustainable Energy Reviews, Elsevier},\r\nvolume = {30},\r\npages = {133-144},\r\nnote = {JCR (2014): 5,901},\r\nkeywords = {Energy},\r\npubstate = {published},\r\ntppubtype = {article}\r\n}\r\n<\/pre>\n","protected":false},"excerpt":{"rendered":"","protected":false},"author":1,"featured_media":0,"parent":0,"menu_order":0,"comment_status":"closed","ping_status":"closed","template":"","meta":{"footnotes":""},"class_list":["post-364","page","type-page","status-publish","hentry","post-item clearfix"],"_links":{"self":[{"href":"https:\/\/grupo.us.es\/minerva\/wp-json\/wp\/v2\/pages\/364","targetHints":{"allow":["GET"]}}],"collection":[{"href":"https:\/\/grupo.us.es\/minerva\/wp-json\/wp\/v2\/pages"}],"about":[{"href":"https:\/\/grupo.us.es\/minerva\/wp-json\/wp\/v2\/types\/page"}],"author":[{"embeddable":true,"href":"https:\/\/grupo.us.es\/minerva\/wp-json\/wp\/v2\/users\/1"}],"replies":[{"embeddable":true,"href":"https:\/\/grupo.us.es\/minerva\/wp-json\/wp\/v2\/comments?post=364"}],"version-history":[{"count":0,"href":"https:\/\/grupo.us.es\/minerva\/wp-json\/wp\/v2\/pages\/364\/revisions"}],"wp:attachment":[{"href":"https:\/\/grupo.us.es\/minerva\/wp-json\/wp\/v2\/media?parent=364"}],"curies":[{"name":"wp","href":"https:\/\/api.w.org\/{rel}","templated":true}]}}