{"id":334,"date":"2019-02-18T12:00:00","date_gmt":"2019-02-18T12:00:00","guid":{"rendered":"http:\/\/grupo.us.es\/minerva\/external-clustering-validity-index-based-on-chi-squared-statistical-test-5\/"},"modified":"2019-02-18T12:00:00","modified_gmt":"2019-02-18T12:00:00","slug":"external-clustering-validity-index-based-on-chi-squared-statistical-test-5","status":"publish","type":"page","link":"https:\/\/grupo.us.es\/minerva\/external-clustering-validity-index-based-on-chi-squared-statistical-test-5\/","title":{"rendered":"External Clustering Validity Index based on chi-squared statistical test"},"content":{"rendered":"<p><div class=\"tp_single_publication\"><span class=\"tp_single_author\">J M Luna-Romera, M Mart\u00ednez-Ballesteros, J Garc\u00eda-Guti\u00e9rrez, J C Riquelme: <\/span> <span class=\"tp_single_title\">External Clustering Validity Index based on chi-squared statistical test<\/span>. <span class=\"tp_single_additional\"><span class=\"tp_pub_additional_in\">En: <\/span><span class=\"tp_pub_additional_journal\">Information Sciences, <\/span><span class=\"tp_pub_additional_year\">2019<\/span><span class=\"tp_pub_additional_note\">, (JCR(2017): 4,305)<\/span>.<\/span><\/div><!--more--><\/p>\n<h2 class=\"tp_abstract\">Resumen<\/h2><p class=\"tp_abstract\"><\/p>\n<h2 class=\"tp_links\">Enlaces<\/h2><p class=\"tp_abstract\"><ul class=\"tp_pub_list\"><li><i class=\"ai ai-doi\"><\/i><a class=\"tp_pub_list\" href=\"https:\/\/dx.doi.org\/10.1016\/j.ins.2019.02.046\" title=\"DOI de seguimiento:10.1016\/j.ins.2019.02.046\" target=\"_blank\">doi:10.1016\/j.ins.2019.02.046<\/a><\/li><\/ul><\/p>\n<h2 class=\"tp_bibtex\">BibTeX (<a href=\"https:\/\/grupo.us.es\/minerva?feed=tp_pub_bibtex&amp;key=Luna-Romera2019\">Download<\/a>)<\/h2><pre class=\"tp_bibtex\">@article{Luna-Romera2019,\r\ntitle = {External Clustering Validity Index based on chi-squared statistical test},\r\nauthor = {J M Luna-Romera and M Mart\u00ednez-Ballesteros and J Garc\u00eda-Guti\u00e9rrez and J C Riquelme},\r\ndoi = {10.1016\/j.ins.2019.02.046},\r\nyear  = {2019},\r\ndate = {2019-02-18},\r\njournal = {Information Sciences},\r\nnote = {JCR(2017): 4,305},\r\nkeywords = {big data, clustering, clustering validation},\r\npubstate = {published},\r\ntppubtype = {article}\r\n}\r\n<\/pre>\n","protected":false},"excerpt":{"rendered":"","protected":false},"author":1,"featured_media":0,"parent":0,"menu_order":0,"comment_status":"closed","ping_status":"closed","template":"","meta":{"footnotes":""},"class_list":["post-334","page","type-page","status-publish","hentry","post-item clearfix"],"_links":{"self":[{"href":"https:\/\/grupo.us.es\/minerva\/wp-json\/wp\/v2\/pages\/334","targetHints":{"allow":["GET"]}}],"collection":[{"href":"https:\/\/grupo.us.es\/minerva\/wp-json\/wp\/v2\/pages"}],"about":[{"href":"https:\/\/grupo.us.es\/minerva\/wp-json\/wp\/v2\/types\/page"}],"author":[{"embeddable":true,"href":"https:\/\/grupo.us.es\/minerva\/wp-json\/wp\/v2\/users\/1"}],"replies":[{"embeddable":true,"href":"https:\/\/grupo.us.es\/minerva\/wp-json\/wp\/v2\/comments?post=334"}],"version-history":[{"count":0,"href":"https:\/\/grupo.us.es\/minerva\/wp-json\/wp\/v2\/pages\/334\/revisions"}],"wp:attachment":[{"href":"https:\/\/grupo.us.es\/minerva\/wp-json\/wp\/v2\/media?parent=334"}],"curies":[{"name":"wp","href":"https:\/\/api.w.org\/{rel}","templated":true}]}}