{"id":16,"date":"2018-12-03T11:08:06","date_gmt":"2018-12-03T11:08:06","guid":{"rendered":"http:\/\/grupo.us.es\/minerva\/?page_id=16"},"modified":"2025-10-10T09:05:12","modified_gmt":"2025-10-10T08:05:12","slug":"equipo","status":"publish","type":"page","link":"https:\/\/grupo.us.es\/minerva\/equipo\/","title":{"rendered":"Equipo"},"content":{"rendered":"<p class=\"minerva-team\"><div class='rt-container-fluid rt-team-container rt-pos-r rt-team-container-625 minerva-team' id='rt-team-container-3002659384'  data-layout='layout1' data-desktop-col='4'  data-tab-col='3'  data-mobile-col='2' data-sc-id='625' data-popup-bg=''><div data-title='Loading ...' class='rt-row rt-content-loader layout1 ttp-even ttp-pre-loader'><div class=\"rt-col-md-3 rt-col-sm-4 rt-col-xs-6  even-grid-item rt-grid-item\" data-id=\"86\"><div class=\"single-team-area\"><div class=\"single-team\"><figure><a class=\"\" data-id=\"86\" target=\"_self\" href=\"https:\/\/grupo.us.es\/minerva\/equipo\/jose-c-riquelme\/\"><img loading=\"lazy\" decoding=\"async\" width=\"300\" height=\"300\" src=\"https:\/\/grupo.us.es\/minerva\/wp-content\/uploads\/2018\/12\/pepe-1-scaled-e1715773701485-300x300.jpg\" class=\"img-responsive rt-team-img\" alt=\"Jos\u00e9 C. Riquelme Santos\" \/><\/a><\/figure><\/div><div class=\"tlp-content\"><h3><span class=\"team-name\"><a class=\"\" data-id=\"86\" target=\"_self\" title=\"Jos\u00e9 C. Riquelme\" href=\"https:\/\/grupo.us.es\/minerva\/equipo\/jose-c-riquelme\/\">Jos\u00e9 C. Riquelme<\/a><\/span><\/h3><div class=\"tlp-position\"><a class=\"\" data-id=\"86\" target=\"_self\" title=\"Jos\u00e9 C. Riquelme\" href=\"https:\/\/grupo.us.es\/minerva\/equipo\/jose-c-riquelme\/\">Catedr\u00e1tico de Universidad<\/a><\/div><\/div><div class=\"contact-info\"><ul><li class=\"tlp-email\"><i class=\"far fa-envelope\"><\/i><a href=\"mailto:riquelme@us.es\"><span class=\"tlp-email\">riquelme@us.es<\/span><\/a><\/li><li class=\"tlp-location\"><i class=\"fa fa-map-marker\"><\/i><span class=\"tlp-location\">Universidad de Sevilla. ETSII. F1.54<\/span><\/li><\/ul><\/div><\/div><\/div><div class=\"rt-col-md-3 rt-col-sm-4 rt-col-xs-6  even-grid-item rt-grid-item\" data-id=\"67\"><div class=\"single-team-area\"><div class=\"single-team\"><figure><a class=\"\" data-id=\"67\" target=\"_self\" href=\"https:\/\/grupo.us.es\/minerva\/equipo\/cristina-rubio-escudero\/\"><img loading=\"lazy\" decoding=\"async\" width=\"128\" height=\"128\" src=\"https:\/\/grupo.us.es\/minerva\/wp-content\/uploads\/2018\/12\/Cristina_Rubio-Escudero-e1701261802844.jpg\" class=\"img-responsive rt-team-img\" alt=\"Cristina Rubio Escudero\" \/><\/a><\/figure><\/div><div class=\"tlp-content\"><h3><span class=\"team-name\"><a class=\"\" data-id=\"67\" target=\"_self\" title=\"Cristina Rubio Escudero\" href=\"https:\/\/grupo.us.es\/minerva\/equipo\/cristina-rubio-escudero\/\">Cristina Rubio Escudero<\/a><\/span><\/h3><div class=\"tlp-position\"><a class=\"\" data-id=\"67\" target=\"_self\" title=\"Cristina Rubio Escudero\" href=\"https:\/\/grupo.us.es\/minerva\/equipo\/cristina-rubio-escudero\/\">Catedr\u00e1tica de Universidad<\/a><\/div><\/div><div class=\"contact-info\"><ul><li class=\"tlp-email\"><i class=\"far fa-envelope\"><\/i><a href=\"mailto:crubioescudero@us.es\"><span class=\"tlp-email\">crubioescudero@us.es<\/span><\/a><\/li><li class=\"tlp-location\"><i class=\"fa fa-map-marker\"><\/i><span class=\"tlp-location\">Universidad de Sevilla. ETSII. F1.45<\/span><\/li><\/ul><\/div><\/div><\/div><div class=\"rt-col-md-3 rt-col-sm-4 rt-col-xs-6  even-grid-item rt-grid-item\" data-id=\"68\"><div class=\"single-team-area\"><div class=\"single-team\"><figure><a class=\"\" data-id=\"68\" target=\"_self\" href=\"https:\/\/grupo.us.es\/minerva\/equipo\/isabel-a-nepomuceno-chamorro\/\"><img loading=\"lazy\" decoding=\"async\" width=\"300\" height=\"300\" src=\"https:\/\/grupo.us.es\/minerva\/wp-content\/uploads\/2018\/12\/isa-e1715773366604-300x300.jpg\" class=\"img-responsive rt-team-img\" alt=\"Isabel A. Nepomuceno\" \/><\/a><\/figure><\/div><div class=\"tlp-content\"><h3><span class=\"team-name\"><a class=\"\" data-id=\"68\" target=\"_self\" title=\"Isabel A. Nepomuceno\" href=\"https:\/\/grupo.us.es\/minerva\/equipo\/isabel-a-nepomuceno-chamorro\/\">Isabel A. Nepomuceno<\/a><\/span><\/h3><div class=\"tlp-position\"><a class=\"\" data-id=\"68\" target=\"_self\" title=\"Isabel A. Nepomuceno\" href=\"https:\/\/grupo.us.es\/minerva\/equipo\/isabel-a-nepomuceno-chamorro\/\">Profesora Titular de Universidad<\/a><\/div><\/div><div class=\"contact-info\"><ul><li class=\"tlp-email\"><i class=\"far fa-envelope\"><\/i><a href=\"mailto:inepomuceno@us.es\"><span class=\"tlp-email\">inepomuceno@us.es<\/span><\/a><\/li><li class=\"tlp-location\"><i class=\"fa fa-map-marker\"><\/i><span class=\"tlp-location\">Universidad de Sevilla. ETSII. F0.44<\/span><\/li><\/ul><\/div><\/div><\/div><div class=\"rt-col-md-3 rt-col-sm-4 rt-col-xs-6  even-grid-item rt-grid-item\" data-id=\"73\"><div class=\"single-team-area\"><div class=\"single-team\"><figure><a class=\"\" data-id=\"73\" target=\"_self\" href=\"https:\/\/grupo.us.es\/minerva\/equipo\/maria-martinez-ballesteros\/\"><img loading=\"lazy\" decoding=\"async\" width=\"300\" height=\"300\" src=\"https:\/\/grupo.us.es\/minerva\/wp-content\/uploads\/2018\/12\/maria-e1715773388453-300x300.jpg\" class=\"img-responsive rt-team-img\" alt=\"Mar\u00eda Mart\u00ednez Ballesteros\" \/><\/a><\/figure><\/div><div class=\"tlp-content\"><h3><span class=\"team-name\"><a class=\"\" data-id=\"73\" target=\"_self\" title=\"Mar\u00eda Mart\u00ednez Ballesteros\" href=\"https:\/\/grupo.us.es\/minerva\/equipo\/maria-martinez-ballesteros\/\">Mar\u00eda Mart\u00ednez Ballesteros<\/a><\/span><\/h3><div class=\"tlp-position\"><a class=\"\" data-id=\"73\" target=\"_self\" title=\"Mar\u00eda Mart\u00ednez Ballesteros\" href=\"https:\/\/grupo.us.es\/minerva\/equipo\/maria-martinez-ballesteros\/\">Catedr\u00e1tica de Universidad<\/a><\/div><\/div><div class=\"contact-info\"><ul><li class=\"tlp-email\"><i class=\"far fa-envelope\"><\/i><a href=\"mailto:mariamartinez@us.es\"><span class=\"tlp-email\">mariamartinez@us.es<\/span><\/a><\/li><li class=\"tlp-location\"><i class=\"fa fa-map-marker\"><\/i><span class=\"tlp-location\">Universidad de Sevilla. ETSII. F1.81<\/span><\/li><\/ul><\/div><\/div><\/div><div class=\"rt-col-md-3 rt-col-sm-4 rt-col-xs-6  even-grid-item rt-grid-item\" data-id=\"79\"><div class=\"single-team-area\"><div class=\"single-team\"><figure><a class=\"\" data-id=\"79\" target=\"_self\" href=\"https:\/\/grupo.us.es\/minerva\/equipo\/daniel-mateos-garcia\/\"><img loading=\"lazy\" decoding=\"async\" width=\"300\" height=\"300\" src=\"https:\/\/grupo.us.es\/minerva\/wp-content\/uploads\/2018\/12\/Daniel-e1701261765463-300x300.png\" class=\"img-responsive rt-team-img\" alt=\"Daniel Mateos Garc\u00eda\" \/><\/a><\/figure><\/div><div class=\"tlp-content\"><h3><span class=\"team-name\"><a class=\"\" data-id=\"79\" target=\"_self\" title=\"Daniel Mateos Garc\u00eda\" href=\"https:\/\/grupo.us.es\/minerva\/equipo\/daniel-mateos-garcia\/\">Daniel Mateos Garc\u00eda<\/a><\/span><\/h3><div class=\"tlp-position\"><a class=\"\" data-id=\"79\" target=\"_self\" title=\"Daniel Mateos Garc\u00eda\" href=\"https:\/\/grupo.us.es\/minerva\/equipo\/daniel-mateos-garcia\/\">Profesor Contratado Doctor<\/a><\/div><\/div><div class=\"contact-info\"><ul><li class=\"tlp-email\"><i class=\"far fa-envelope\"><\/i><a href=\"mailto:mateosg@us.es\"><span class=\"tlp-email\">mateosg@us.es<\/span><\/a><\/li><li class=\"tlp-location\"><i class=\"fa fa-map-marker\"><\/i><span class=\"tlp-location\">Universidad de Sevilla. ETSII. F0.43<\/span><\/li><\/ul><\/div><\/div><\/div><div class=\"rt-col-md-3 rt-col-sm-4 rt-col-xs-6  even-grid-item rt-grid-item\" data-id=\"77\"><div class=\"single-team-area\"><div class=\"single-team\"><figure><a class=\"\" data-id=\"77\" target=\"_self\" href=\"https:\/\/grupo.us.es\/minerva\/equipo\/beatriz-pontes-balanza\/\"><img loading=\"lazy\" decoding=\"async\" width=\"300\" height=\"300\" src=\"https:\/\/grupo.us.es\/minerva\/wp-content\/uploads\/2018\/12\/bea-e1715773462394-300x300.jpg\" class=\"img-responsive rt-team-img\" alt=\"Beatriz Pontes Balanza\" \/><\/a><\/figure><\/div><div class=\"tlp-content\"><h3><span class=\"team-name\"><a class=\"\" data-id=\"77\" target=\"_self\" title=\"Beatriz Pontes Balanza\" href=\"https:\/\/grupo.us.es\/minerva\/equipo\/beatriz-pontes-balanza\/\">Beatriz Pontes Balanza<\/a><\/span><\/h3><div class=\"tlp-position\"><a class=\"\" data-id=\"77\" target=\"_self\" title=\"Beatriz Pontes Balanza\" href=\"https:\/\/grupo.us.es\/minerva\/equipo\/beatriz-pontes-balanza\/\">Profesora Titular de Universidad<\/a><\/div><\/div><div class=\"contact-info\"><ul><li class=\"tlp-email\"><i class=\"far fa-envelope\"><\/i><a href=\"mailto:bepontes@us.es\"><span class=\"tlp-email\">bepontes@us.es<\/span><\/a><\/li><li class=\"tlp-location\"><i class=\"fa fa-map-marker\"><\/i><span class=\"tlp-location\">Universidad de Sevilla. ETSII. I0.70<\/span><\/li><\/ul><\/div><\/div><\/div><div class=\"rt-col-md-3 rt-col-sm-4 rt-col-xs-6  even-grid-item rt-grid-item\" data-id=\"69\"><div class=\"single-team-area\"><div class=\"single-team\"><figure><a class=\"\" data-id=\"69\" target=\"_self\" href=\"https:\/\/grupo.us.es\/minerva\/equipo\/juan-a-nepomuceno\/\"><img loading=\"lazy\" decoding=\"async\" width=\"300\" height=\"300\" src=\"https:\/\/grupo.us.es\/minerva\/wp-content\/uploads\/2018\/12\/juanantonio-scaled-e1715773483670-300x300.jpg\" class=\"img-responsive rt-team-img\" alt=\"Juan A. Nepomuceno\" \/><\/a><\/figure><\/div><div class=\"tlp-content\"><h3><span class=\"team-name\"><a class=\"\" data-id=\"69\" target=\"_self\" title=\"Juan A. Nepomuceno\" href=\"https:\/\/grupo.us.es\/minerva\/equipo\/juan-a-nepomuceno\/\">Juan A. Nepomuceno<\/a><\/span><\/h3><div class=\"tlp-position\"><a class=\"\" data-id=\"69\" target=\"_self\" title=\"Juan A. Nepomuceno\" href=\"https:\/\/grupo.us.es\/minerva\/equipo\/juan-a-nepomuceno\/\">Profesor Contratado Doctor<\/a><\/div><\/div><div class=\"contact-info\"><ul><li class=\"tlp-email\"><i class=\"far fa-envelope\"><\/i><a href=\"mailto:janepo@us.es\"><span class=\"tlp-email\">janepo@us.es<\/span><\/a><\/li><li class=\"tlp-location\"><i class=\"fa fa-map-marker\"><\/i><span class=\"tlp-location\">Universidad de Sevilla. ETSII. F0.44<\/span><\/li><li class=\"tlp-website\"><a target=\"_blank\" href=\"https:\/\/www.lsi.us.es\/~janepo\/\"><i class=\"fa fa-globe\"><\/i><span class=\"tlp-url\">https:\/\/www.lsi.us.es\/~janepo\/<\/span><\/a><\/li><\/ul><\/div><\/div><\/div><div class=\"rt-col-md-3 rt-col-sm-4 rt-col-xs-6  even-grid-item rt-grid-item\" data-id=\"84\"><div class=\"single-team-area\"><div class=\"single-team\"><figure><a class=\"\" data-id=\"84\" target=\"_self\" href=\"https:\/\/grupo.us.es\/minerva\/equipo\/jose-maria-luna-romera\/\"><img loading=\"lazy\" decoding=\"async\" width=\"300\" height=\"300\" src=\"https:\/\/grupo.us.es\/minerva\/wp-content\/uploads\/2018\/12\/luna-e1715773506278-300x300.jpg\" class=\"img-responsive rt-team-img\" alt=\"Jos\u00e9 Mar\u00eda Luna Romera\" \/><\/a><\/figure><\/div><div class=\"tlp-content\"><h3><span class=\"team-name\"><a class=\"\" data-id=\"84\" target=\"_self\" title=\"Jos\u00e9 Mar\u00eda Luna Romera\" href=\"https:\/\/grupo.us.es\/minerva\/equipo\/jose-maria-luna-romera\/\">Jos\u00e9 Mar\u00eda Luna Romera<\/a><\/span><\/h3><div class=\"tlp-position\"><a class=\"\" data-id=\"84\" target=\"_self\" title=\"Jos\u00e9 Mar\u00eda Luna Romera\" href=\"https:\/\/grupo.us.es\/minerva\/equipo\/jose-maria-luna-romera\/\">Profesor Titular de Universidad<\/a><\/div><\/div><div class=\"contact-info\"><ul><li class=\"tlp-email\"><i class=\"far fa-envelope\"><\/i><a href=\"mailto:jmluna@us.es\"><span class=\"tlp-email\">jmluna@us.es<\/span><\/a><\/li><li class=\"tlp-location\"><i class=\"fa fa-map-marker\"><\/i><span class=\"tlp-location\">Universidad de Sevilla. ETSII. C2.46<\/span><\/li><li class=\"tlp-website\"><a target=\"_blank\" href=\"https:\/\/personal.us.es\/jmluna\/\"><i class=\"fa fa-globe\"><\/i><span class=\"tlp-url\">https:\/\/personal.us.es\/jmluna\/<\/span><\/a><\/li><\/ul><\/div><\/div><\/div><div class=\"rt-col-md-3 rt-col-sm-4 rt-col-xs-6  even-grid-item rt-grid-item\" data-id=\"719\"><div class=\"single-team-area\"><div class=\"single-team\"><figure><a class=\"\" data-id=\"719\" target=\"_self\" href=\"https:\/\/grupo.us.es\/minerva\/equipo\/david-gutierrez-aviles\/\"><img loading=\"lazy\" decoding=\"async\" width=\"300\" height=\"300\" src=\"https:\/\/grupo.us.es\/minerva\/wp-content\/uploads\/2018\/12\/david-e1728036714786-300x300.jpg\" class=\"img-responsive rt-team-img\" alt=\"David Guti\u00e9rrez Avil\u00e9s\" \/><\/a><\/figure><\/div><div class=\"tlp-content\"><h3><span class=\"team-name\"><a class=\"\" data-id=\"719\" target=\"_self\" title=\"David Guti\u00e9rrez Avil\u00e9s\" href=\"https:\/\/grupo.us.es\/minerva\/equipo\/david-gutierrez-aviles\/\">David Guti\u00e9rrez Avil\u00e9s<\/a><\/span><\/h3><div class=\"tlp-position\"><a class=\"\" data-id=\"719\" target=\"_self\" title=\"David Guti\u00e9rrez Avil\u00e9s\" href=\"https:\/\/grupo.us.es\/minerva\/equipo\/david-gutierrez-aviles\/\">Profesor Titular de Universidad<\/a><\/div><\/div><div class=\"contact-info\"><ul><li class=\"tlp-email\"><i class=\"far fa-envelope\"><\/i><a href=\"mailto:dgutierrez3@us.es\"><span class=\"tlp-email\">dgutierrez3@us.es<\/span><\/a><\/li><li class=\"tlp-location\"><i class=\"fa fa-map-marker\"><\/i><span class=\"tlp-location\">Universidad de Sevilla. ETSII. C2.46<\/span><\/li><li class=\"tlp-website\"><a target=\"_blank\" href=\"https:\/\/personal.us.es\/dgutierrez3\"><i class=\"fa fa-globe\"><\/i><span class=\"tlp-url\">https:\/\/personal.us.es\/dgutierrez3<\/span><\/a><\/li><\/ul><\/div><\/div><\/div><div class=\"rt-col-md-3 rt-col-sm-4 rt-col-xs-6  even-grid-item rt-grid-item\" data-id=\"518\"><div class=\"single-team-area\"><div class=\"single-team\"><figure><a class=\"\" data-id=\"518\" target=\"_self\" href=\"https:\/\/grupo.us.es\/minerva\/equipo\/belen-vega\/\"><img loading=\"lazy\" decoding=\"async\" width=\"300\" height=\"300\" src=\"https:\/\/grupo.us.es\/minerva\/wp-content\/uploads\/2018\/12\/belen-scaled-e1715773533290-300x300.jpg\" class=\"img-responsive rt-team-img\" alt=\"Bel\u00e9n Vega M\u00e1rquez\" \/><\/a><\/figure><\/div><div class=\"tlp-content\"><h3><span class=\"team-name\"><a class=\"\" data-id=\"518\" target=\"_self\" title=\"Bel\u00e9n Vega M\u00e1rquez\" href=\"https:\/\/grupo.us.es\/minerva\/equipo\/belen-vega\/\">Bel\u00e9n Vega M\u00e1rquez<\/a><\/span><\/h3><div class=\"tlp-position\"><a class=\"\" data-id=\"518\" target=\"_self\" title=\"Bel\u00e9n Vega M\u00e1rquez\" href=\"https:\/\/grupo.us.es\/minerva\/equipo\/belen-vega\/\">Profesora Ayudante Doctora<\/a><\/div><\/div><div class=\"contact-info\"><ul><li class=\"tlp-email\"><i class=\"far fa-envelope\"><\/i><a href=\"mailto:bvega@us.es\"><span class=\"tlp-email\">bvega@us.es<\/span><\/a><\/li><li class=\"tlp-location\"><i class=\"fa fa-map-marker\"><\/i><span class=\"tlp-location\">Universidad de Sevilla. ETSII. C2.46<\/span><\/li><\/ul><\/div><\/div><\/div><div class=\"rt-col-md-3 rt-col-sm-4 rt-col-xs-6  even-grid-item rt-grid-item\" data-id=\"428\"><div class=\"single-team-area\"><div class=\"single-team\"><figure><a class=\"\" data-id=\"428\" target=\"_self\" href=\"https:\/\/grupo.us.es\/minerva\/equipo\/manuel-carranza-garcia\/\"><img loading=\"lazy\" decoding=\"async\" width=\"300\" height=\"300\" src=\"https:\/\/grupo.us.es\/minerva\/wp-content\/uploads\/2018\/12\/carranza-scaled-e1715773558717-300x300.jpg\" class=\"img-responsive rt-team-img\" alt=\"Manuel Carranza Garc\u00eda\" \/><\/a><\/figure><\/div><div class=\"tlp-content\"><h3><span class=\"team-name\"><a class=\"\" data-id=\"428\" target=\"_self\" title=\"Manuel Carranza Garc\u00eda\" href=\"https:\/\/grupo.us.es\/minerva\/equipo\/manuel-carranza-garcia\/\">Manuel Carranza Garc\u00eda<\/a><\/span><\/h3><div class=\"tlp-position\"><a class=\"\" data-id=\"428\" target=\"_self\" title=\"Manuel Carranza Garc\u00eda\" href=\"https:\/\/grupo.us.es\/minerva\/equipo\/manuel-carranza-garcia\/\">Profesor Ayudante Doctor<\/a><\/div><\/div><div class=\"contact-info\"><ul><li class=\"tlp-email\"><i class=\"far fa-envelope\"><\/i><a href=\"mailto:mcarranzag@us.es\"><span class=\"tlp-email\">mcarranzag@us.es<\/span><\/a><\/li><li class=\"tlp-location\"><i class=\"fa fa-map-marker\"><\/i><span class=\"tlp-location\">Universidad de Sevilla. ETSII. C2.46<\/span><\/li><\/ul><\/div><\/div><\/div><div class=\"rt-col-md-3 rt-col-sm-4 rt-col-xs-6  even-grid-item rt-grid-item\" data-id=\"682\"><div class=\"single-team-area\"><div class=\"single-team\"><figure><a class=\"\" data-id=\"682\" target=\"_self\" href=\"https:\/\/grupo.us.es\/minerva\/equipo\/manuel-jesus-jimenez-navarro\/\"><img loading=\"lazy\" decoding=\"async\" width=\"300\" height=\"300\" src=\"https:\/\/grupo.us.es\/minerva\/wp-content\/uploads\/2018\/12\/manueljesus-scaled-e1715773637681-300x300.jpg\" class=\"img-responsive rt-team-img\" alt=\"Manuel Jes\u00fas Jim\u00e9nez Navarro\" \/><\/a><\/figure><\/div><div class=\"tlp-content\"><h3><span class=\"team-name\"><a class=\"\" data-id=\"682\" target=\"_self\" title=\"Manuel Jes\u00fas Jim\u00e9nez Navarro\" href=\"https:\/\/grupo.us.es\/minerva\/equipo\/manuel-jesus-jimenez-navarro\/\">Manuel Jes\u00fas Jim\u00e9nez Navarro<\/a><\/span><\/h3><div class=\"tlp-position\"><a class=\"\" data-id=\"682\" target=\"_self\" title=\"Manuel Jes\u00fas Jim\u00e9nez Navarro\" href=\"https:\/\/grupo.us.es\/minerva\/equipo\/manuel-jesus-jimenez-navarro\/\">Profesor Ayudante Doctor<\/a><\/div><\/div><div class=\"contact-info\"><ul><li class=\"tlp-email\"><i class=\"far fa-envelope\"><\/i><a href=\"mailto:mjimenez3@us.es\"><span class=\"tlp-email\">mjimenez3@us.es<\/span><\/a><\/li><li class=\"tlp-location\"><i class=\"fa fa-map-marker\"><\/i><span class=\"tlp-location\">Universidad de Sevilla. ETSII. E0.41<\/span><\/li><\/ul><\/div><\/div><\/div><div class=\"rt-col-md-3 rt-col-sm-4 rt-col-xs-6  even-grid-item rt-grid-item\" data-id=\"684\"><div class=\"single-team-area\"><div class=\"single-team\"><figure><a class=\"\" data-id=\"684\" target=\"_self\" href=\"https:\/\/grupo.us.es\/minerva\/equipo\/jose-enrique-sanchez-lopez\/\"><img loading=\"lazy\" decoding=\"async\" width=\"300\" height=\"300\" src=\"https:\/\/grupo.us.es\/minerva\/wp-content\/uploads\/2018\/12\/jose-scaled-e1715773263358-300x300.jpg\" class=\"img-responsive rt-team-img\" alt=\"Jos\u00e9 Enrique S\u00e1nchez L\u00f3pez\" \/><\/a><\/figure><\/div><div class=\"tlp-content\"><h3><span class=\"team-name\"><a class=\"\" data-id=\"684\" target=\"_self\" title=\"Jos\u00e9 Enrique S\u00e1nchez L\u00f3pez\" href=\"https:\/\/grupo.us.es\/minerva\/equipo\/jose-enrique-sanchez-lopez\/\">Jos\u00e9 Enrique S\u00e1nchez L\u00f3pez<\/a><\/span><\/h3><div class=\"tlp-position\"><a class=\"\" data-id=\"684\" target=\"_self\" title=\"Jos\u00e9 Enrique S\u00e1nchez L\u00f3pez\" href=\"https:\/\/grupo.us.es\/minerva\/equipo\/jose-enrique-sanchez-lopez\/\">Profesor Sustituto Interino<\/a><\/div><\/div><div class=\"contact-info\"><ul><li class=\"tlp-email\"><i class=\"far fa-envelope\"><\/i><a href=\"mailto:jensanlop@us.es\"><span class=\"tlp-email\">jensanlop@us.es<\/span><\/a><\/li><li class=\"tlp-location\"><i class=\"fa fa-map-marker\"><\/i><span class=\"tlp-location\">Universidad de Sevilla. ETSII. F1.82<\/span><\/li><\/ul><\/div><\/div><\/div><div class=\"rt-col-md-3 rt-col-sm-4 rt-col-xs-6  even-grid-item rt-grid-item\" data-id=\"687\"><div class=\"single-team-area\"><div class=\"single-team\"><figure><a class=\"\" data-id=\"687\" target=\"_self\" href=\"https:\/\/grupo.us.es\/minerva\/equipo\/pablo-reina-jimenez\/\"><img loading=\"lazy\" decoding=\"async\" width=\"300\" height=\"300\" src=\"https:\/\/grupo.us.es\/minerva\/wp-content\/uploads\/2023\/11\/PabloR-e1701261665928-300x300.jpg\" class=\"img-responsive rt-team-img\" alt=\"Pablo Reina Jim\u00e9nez\" \/><\/a><\/figure><\/div><div class=\"tlp-content\"><h3><span class=\"team-name\"><a class=\"\" data-id=\"687\" target=\"_self\" title=\"Pablo Reina Jim\u00e9nez\" href=\"https:\/\/grupo.us.es\/minerva\/equipo\/pablo-reina-jimenez\/\">Pablo Reina Jim\u00e9nez<\/a><\/span><\/h3><div class=\"tlp-position\"><a class=\"\" data-id=\"687\" target=\"_self\" title=\"Pablo Reina Jim\u00e9nez\" href=\"https:\/\/grupo.us.es\/minerva\/equipo\/pablo-reina-jimenez\/\">Predoctoral FPU Ministerio<\/a><\/div><\/div><div class=\"contact-info\"><ul><li class=\"tlp-email\"><i class=\"far fa-envelope\"><\/i><a href=\"mailto:prjimenez@us.es\"><span class=\"tlp-email\">prjimenez@us.es<\/span><\/a><\/li><li class=\"tlp-location\"><i class=\"fa fa-map-marker\"><\/i><span class=\"tlp-location\">Universidad de Sevilla. ETSII. F1.82<\/span><\/li><\/ul><\/div><\/div><\/div><div class=\"rt-col-md-3 rt-col-sm-4 rt-col-xs-6  even-grid-item rt-grid-item\" data-id=\"683\"><div class=\"single-team-area\"><div class=\"single-team\"><figure><a class=\"\" data-id=\"683\" target=\"_self\" href=\"https:\/\/grupo.us.es\/minerva\/equipo\/francisco-javier-galan-sales\/\"><img loading=\"lazy\" decoding=\"async\" width=\"300\" height=\"300\" src=\"https:\/\/grupo.us.es\/minerva\/wp-content\/uploads\/2023\/11\/PaqueteJavi-e1701261675349-300x300.jpg\" class=\"img-responsive rt-team-img\" alt=\"Francisco Javier Gal\u00e1n Sales\" \/><\/a><\/figure><\/div><div class=\"tlp-content\"><h3><span class=\"team-name\"><a class=\"\" data-id=\"683\" target=\"_self\" title=\"Francisco Javier Gal\u00e1n Sales\" href=\"https:\/\/grupo.us.es\/minerva\/equipo\/francisco-javier-galan-sales\/\">Francisco Javier Gal\u00e1n Sales<\/a><\/span><\/h3><div class=\"tlp-position\"><a class=\"\" data-id=\"683\" target=\"_self\" title=\"Francisco Javier Gal\u00e1n Sales\" href=\"https:\/\/grupo.us.es\/minerva\/equipo\/francisco-javier-galan-sales\/\">T\u00e9cnico especialista<\/a><\/div><\/div><div class=\"contact-info\"><ul><li class=\"tlp-email\"><i class=\"far fa-envelope\"><\/i><a href=\"mailto:fgsales@us.es\"><span class=\"tlp-email\">fgsales@us.es<\/span><\/a><\/li><li class=\"tlp-location\"><i class=\"fa fa-map-marker\"><\/i><span class=\"tlp-location\">Universidad de Sevilla. ETSII. F1.82<\/span><\/li><\/ul><\/div><\/div><\/div><div class=\"rt-col-md-3 rt-col-sm-4 rt-col-xs-6  even-grid-item rt-grid-item\" data-id=\"688\"><div class=\"single-team-area\"><div class=\"single-team\"><figure><a class=\"\" data-id=\"688\" target=\"_self\" href=\"https:\/\/grupo.us.es\/minerva\/equipo\/ana-rodriguez-lopez\/\"><img loading=\"lazy\" decoding=\"async\" width=\"300\" height=\"300\" src=\"https:\/\/grupo.us.es\/minerva\/wp-content\/uploads\/2023\/11\/Ana-300x300.jpg\" class=\"img-responsive rt-team-img\" alt=\"Ana Rodr\u00edguez L\u00f3pez\" \/><\/a><\/figure><\/div><div class=\"tlp-content\"><h3><span class=\"team-name\"><a class=\"\" data-id=\"688\" target=\"_self\" title=\"Ana Rodr\u00edguez L\u00f3pez\" href=\"https:\/\/grupo.us.es\/minerva\/equipo\/ana-rodriguez-lopez\/\">Ana Rodr\u00edguez L\u00f3pez<\/a><\/span><\/h3><div class=\"tlp-position\"><a class=\"\" data-id=\"688\" target=\"_self\" title=\"Ana Rodr\u00edguez L\u00f3pez\" href=\"https:\/\/grupo.us.es\/minerva\/equipo\/ana-rodriguez-lopez\/\">Becaria FPI<\/a><\/div><\/div><div class=\"contact-info\"><ul><li class=\"tlp-email\"><i class=\"far fa-envelope\"><\/i><a href=\"mailto:arodriguez24@us.es\"><span class=\"tlp-email\">arodriguez24@us.es<\/span><\/a><\/li><li class=\"tlp-location\"><i class=\"fa fa-map-marker\"><\/i><span class=\"tlp-location\">Universidad de Sevilla. ETSII. F1.82<\/span><\/li><\/ul><\/div><\/div><\/div><div class=\"rt-loading-overlay\"><\/div><div class=\"rt-loading rt-ball-clip-rotate\"><div><\/div><\/div><\/div><\/div><\/p>\n","protected":false},"excerpt":{"rendered":"","protected":false},"author":1,"featured_media":0,"parent":0,"menu_order":0,"comment_status":"closed","ping_status":"closed","template":"page-templates\/template_fullwidth.php","meta":{"footnotes":""},"class_list":["post-16","page","type-page","status-publish","hentry","post-item clearfix"],"_links":{"self":[{"href":"https:\/\/grupo.us.es\/minerva\/wp-json\/wp\/v2\/pages\/16","targetHints":{"allow":["GET"]}}],"collection":[{"href":"https:\/\/grupo.us.es\/minerva\/wp-json\/wp\/v2\/pages"}],"about":[{"href":"https:\/\/grupo.us.es\/minerva\/wp-json\/wp\/v2\/types\/page"}],"author":[{"embeddable":true,"href":"https:\/\/grupo.us.es\/minerva\/wp-json\/wp\/v2\/users\/1"}],"replies":[{"embeddable":true,"href":"https:\/\/grupo.us.es\/minerva\/wp-json\/wp\/v2\/comments?post=16"}],"version-history":[{"count":0,"href":"https:\/\/grupo.us.es\/minerva\/wp-json\/wp\/v2\/pages\/16\/revisions"}],"wp:attachment":[{"href":"https:\/\/grupo.us.es\/minerva\/wp-json\/wp\/v2\/media?parent=16"}],"curies":[{"name":"wp","href":"https:\/\/api.w.org\/{rel}","templated":true}]}}