{"id":123,"date":"2026-04-20T17:21:42","date_gmt":"2026-04-20T15:21:42","guid":{"rendered":"http:\/\/grupo.us.es\/meycom\/?page_id=123"},"modified":"2026-04-29T15:36:10","modified_gmt":"2026-04-29T13:36:10","slug":"lineas-de-investigacion","status":"publish","type":"page","link":"http:\/\/grupo.us.es\/meycom\/?page_id=123","title":{"rendered":"Investigaci\u00f3n"},"content":{"rendered":"\n<hr class=\"wp-block-separator has-alpha-channel-opacity\"\/>\n\n\n\n<h2 class=\"wp-block-heading alignfull\" style=\"font-size:clamp(14px, 0.875rem + ((1vw - 3.2px) * 0.882), 20px);font-style:normal;font-weight:400;line-height:1.3\">Lorem ipsum dolor sit amet, consectetur adipiscing elit. Sed a diam et sem viverra facilisis. Fusce blandit eget nisl eu vehicula. Morbi convallis, diam quis elementum viverra, urna dui aliquam mi, id cursus orci massa vitae mauris. Nulla tincidunt pharetra arcu, ac ultrices purus sollicitudin ut. Proin iaculis, arcu in fermentum consequat, libero diam suscipit risus, eget luctus nunc felis ac nisl. Curabitur erat ante, molestie non aliquet et, efficitur sed est. Proin id mollis libero. Fusce vitae euismod nibh. Integer gravida massa vitae mollis posuere. Fusce cursus porttitor dui, quis volutpat felis pulvinar nec. Pellentesque faucibus hendrerit vestibulum. Vestibulum in magna vulputate, lacinia nisl vitae, molestie enim. Vestibulum fringilla tellus ipsum, vitae efficitur nisl tincidunt vel.<\/h2>\n\n\n\n<div class=\"wp-block-columns alignfull is-layout-flex wp-container-core-columns-is-layout-28f84493 wp-block-columns-is-layout-flex\">\n<div class=\"wp-block-column is-layout-flow wp-block-column-is-layout-flow\" style=\"flex-basis:100%\">\n<details class=\"wp-block-details is-layout-flow wp-block-details-is-layout-flow\" style=\"font-size:clamp(17.905px, 1.119rem + ((1vw - 3.2px) * 1.485), 28px);font-style:normal;font-weight:700\"><summary>L\u00ednea l\u00ednea de l\u00ednea l\u00ednea<\/summary>\n<p style=\"font-size:0px\"><strong>Lorem Ipsum<\/strong>&nbsp;es simplemente el texto de relleno de las imprentas y archivos de texto. Lorem Ipsum ha sido el texto de relleno est\u00e1ndar de las industrias desde el a\u00f1o 1500, cuando un impresor (N. del T. persona que se dedica a la imprenta) desconocido us\u00f3 una galer\u00eda de textos y los mezcl\u00f3 de tal manera que logr\u00f3 hacer un libro de textos especimen. No s\u00f3lo sobrevivi\u00f3 500 a\u00f1os, sino que tambien ingres\u00f3 como texto de relleno en documentos electr\u00f3nicos, quedando esencialmente igual al original. Fue popularizado en los 60s con la creaci\u00f3n de las hojas \u00abLetraset\u00bb, las cuales contenian pasajes de Lorem Ipsum, y m\u00e1s recientemente con software de autoedici\u00f3n, como por ejemplo Aldus PageMaker, el cual incluye versiones de Lorem Ipsum.<\/p>\n\n\n\n<p style=\"font-size:clamp(14px, 0.875rem + ((1vw - 3.2px) * 0.147), 15px);font-style:normal;font-weight:400\">Lorem Ipsum\u00a0es simplemente el texto de relleno de las imprentas y archivos de texto. Lorem Ipsum ha sido el texto de relleno est\u00e1ndar de las industrias desde el a\u00f1o 1500, cuando un impresor (N. del T. persona que se dedica a la imprenta) desconocido us\u00f3 una galer\u00eda de textos y los mezcl\u00f3 de tal manera que logr\u00f3 hacer un libro de textos especimen. No s\u00f3lo sobrevivi\u00f3 500 a\u00f1os, sino que tambien ingres\u00f3 como texto de relleno en documentos electr\u00f3nicos, quedando esencialmente igual al original. Fue popularizado en los 60s con la creaci\u00f3n de las hojas \u00abLetraset\u00bb, las cuales contenian pasajes de Lorem Ipsum, y m\u00e1s recientemente con software de autoedici\u00f3n, como por ejemplo Aldus PageMaker, el cual incluye versiones de Lorem Ipsum.<\/p>\n<\/details>\n<\/div>\n<\/div>\n","protected":false},"excerpt":{"rendered":"<p>Lorem ipsum dolor sit amet, consectetur adipiscing elit. Sed a diam et sem viverra facilisis. Fusce blandit eget nisl eu vehicula. Morbi convallis, diam quis elementum viverra, urna dui aliquam mi, id cursus orci massa vitae mauris. Nulla tincidunt pharetra arcu, ac ultrices purus sollicitudin ut. Proin iaculis, arcu in fermentum consequat, libero diam suscipit [&hellip;]<\/p>\n","protected":false},"author":1,"featured_media":0,"parent":0,"menu_order":0,"comment_status":"closed","ping_status":"closed","template":"","meta":{"footnotes":""},"class_list":["post-123","page","type-page","status-publish","hentry"],"_links":{"self":[{"href":"http:\/\/grupo.us.es\/meycom\/index.php?rest_route=\/wp\/v2\/pages\/123","targetHints":{"allow":["GET"]}}],"collection":[{"href":"http:\/\/grupo.us.es\/meycom\/index.php?rest_route=\/wp\/v2\/pages"}],"about":[{"href":"http:\/\/grupo.us.es\/meycom\/index.php?rest_route=\/wp\/v2\/types\/page"}],"author":[{"embeddable":true,"href":"http:\/\/grupo.us.es\/meycom\/index.php?rest_route=\/wp\/v2\/users\/1"}],"replies":[{"embeddable":true,"href":"http:\/\/grupo.us.es\/meycom\/index.php?rest_route=%2Fwp%2Fv2%2Fcomments&post=123"}],"version-history":[{"count":42,"href":"http:\/\/grupo.us.es\/meycom\/index.php?rest_route=\/wp\/v2\/pages\/123\/revisions"}],"predecessor-version":[{"id":476,"href":"http:\/\/grupo.us.es\/meycom\/index.php?rest_route=\/wp\/v2\/pages\/123\/revisions\/476"}],"wp:attachment":[{"href":"http:\/\/grupo.us.es\/meycom\/index.php?rest_route=%2Fwp%2Fv2%2Fmedia&parent=123"}],"curies":[{"name":"wp","href":"https:\/\/api.w.org\/{rel}","templated":true}]}}