{"id":31,"date":"2024-09-05T12:29:31","date_gmt":"2024-09-05T10:29:31","guid":{"rendered":"http:\/\/grupo.us.es\/metsur\/?page_id=31"},"modified":"2024-09-05T18:47:43","modified_gmt":"2024-09-05T16:47:43","slug":"equipo","status":"publish","type":"page","link":"https:\/\/grupo.us.es\/metsur\/?page_id=31","title":{"rendered":"Equipo"},"content":{"rendered":"\n<p><strong>Mar\u00eda Antonia Carmona Ruiz (IP1)<\/strong><br>Universidad de Sevilla<br>Correo: mantonia@us.es<br><a href=\"http:\/\/grupo.us.es\/metsur\/wp-content\/uploads\/2024\/09\/MARIA-ANTONIA-CARMONA-RUIZ.pdf\">Breve CV<\/a><br><a href=\"https:\/\/investigacion.us.es\/sisius\/sis_showpub.php?idpers=1513\">Ficha personal en SISIUS<\/a><\/p>\n\n\n\n<p><\/p>\n\n\n\n<p><strong>Emilio Mart\u00edn Guti\u00e9rrez (IP2)<\/strong><br>Universidad de C\u00e1diz<br>Correo: emilio.martin@uca.es<\/p>\n\n\n\n<p><\/p>\n\n\n\n<p><strong>Eva Mar\u00eda Alc\u00e1zar Hern\u00e1ndez<\/strong><br>Universidad de Ja\u00e9n<br>Correo: ealcazar@ujaen.es<\/p>\n\n\n\n<p><\/p>\n\n\n\n<p><strong>Javier L\u00f3pez Rider<\/strong><br>Universidad de C\u00f3rdoba<br>Correo: lopezrider@uco.es<\/p>\n\n\n\n<p><\/p>\n\n\n\n<p><strong>Jos\u00e9 Carlos Posada Sime\u00f3n<\/strong><br>Universidad de Sevilla<br>Correo: posada@us.es<\/p>\n\n\n\n<p><\/p>\n\n\n\n<p><strong>Abraham Fern\u00e1ndez Cobano<\/strong><br>Universidad de Sevilla<br>Correo: afcobano@us.es<\/p>\n\n\n\n<p><\/p>\n\n\n\n<p><strong>Sylvain Andr\u00e9<\/strong><br>Sorbonne Universit\u00e9<br>Correo: sylvain2.andre@gmail.com<\/p>\n\n\n\n<p><\/p>\n\n\n\n<p><strong>Andr\u00e9 Madruga Coelho<\/strong><br>Universidade de \u00c9vora<br>Correo: andrefmcoelho@gmail.com<\/p>\n\n\n\n<p><\/p>\n\n\n\n<p><strong>Isabel Vaz de Freitas<\/strong><br>Universidade Portucalense Infante D. Henrique<br>Correo: ifc@uportu.pt<\/p>\n\n\n\n<p><\/p>\n\n\n\n<p><strong>Jes\u00fas Garc\u00eda D\u00edaz<\/strong><br>Universidad de Sevilla<br>Correo: jesusgd@us.es<\/p>\n\n\n\n<p><\/p>\n\n\n\n<p><strong>Antonio del Roc\u00edo Romero Zafra<\/strong><br>Universidad de Sevilla<br>Correo: arzafra@gmail.com<\/p>\n\n\n\n<p><\/p>\n\n\n\n<p><strong>Enrique Ruiz Pilares<\/strong><br>Universidad de C\u00e1diz<br>Correo: enrique.pilares@uca.es<\/p>\n\n\n\n<p><\/p>\n\n\n\n<p><strong>Carlo Tosco<\/strong><br>Politecnico di Torino<br>Correo: carlo.tosco@polito.it<\/p>\n\n\n\n<p><\/p>\n\n\n\n<p><strong>Herm\u00ednia Vasconcelos Vilar<\/strong><br>Universidade de \u00c9vora<br>Correo: hmav@uevora.pt<\/p>\n\n\n\n<p><\/p>\n\n\n\n<p><strong>Giulia Bergamo<\/strong><br>Politecnico di Torino<br>Correo: giuliaberg5@gmail.com<\/p>\n\n\n\n<p><\/p>\n\n\n\n<p><strong>Jimmy Noah N\u2019Gom Pedrosa<\/strong><br>Universidad de Sevilla<br>Correo: jimmypedrosa2000@gmail.com<\/p>\n\n\n\n<p><\/p>\n","protected":false},"excerpt":{"rendered":"<p>Mar\u00eda Antonia Carmona Ruiz (IP1)Universidad de SevillaCorreo: mantonia@us.esBreve CVFicha personal en SISIUS Emilio Mart\u00edn Guti\u00e9rrez (IP2)Universidad de C\u00e1dizCorreo: emilio.martin@uca.es Eva Mar\u00eda Alc\u00e1zar Hern\u00e1ndezUniversidad de Ja\u00e9nCorreo: ealcazar@ujaen.es Javier L\u00f3pez RiderUniversidad de C\u00f3rdobaCorreo: lopezrider@uco.es Jos\u00e9 Carlos Posada Sime\u00f3nUniversidad de SevillaCorreo: posada@us.es Abraham Fern\u00e1ndez CobanoUniversidad de SevillaCorreo: afcobano@us.es Sylvain Andr\u00e9Sorbonne Universit\u00e9Correo: sylvain2.andre@gmail.com Andr\u00e9 Madruga CoelhoUniversidade de \u00c9voraCorreo: andrefmcoelho@gmail.com [&hellip;]<\/p>\n","protected":false},"author":1,"featured_media":0,"parent":0,"menu_order":0,"comment_status":"closed","ping_status":"closed","template":"","meta":{"footnotes":""},"class_list":["post-31","page","type-page","status-publish","hentry"],"_links":{"self":[{"href":"https:\/\/grupo.us.es\/metsur\/index.php?rest_route=\/wp\/v2\/pages\/31","targetHints":{"allow":["GET"]}}],"collection":[{"href":"https:\/\/grupo.us.es\/metsur\/index.php?rest_route=\/wp\/v2\/pages"}],"about":[{"href":"https:\/\/grupo.us.es\/metsur\/index.php?rest_route=\/wp\/v2\/types\/page"}],"author":[{"embeddable":true,"href":"https:\/\/grupo.us.es\/metsur\/index.php?rest_route=\/wp\/v2\/users\/1"}],"replies":[{"embeddable":true,"href":"https:\/\/grupo.us.es\/metsur\/index.php?rest_route=%2Fwp%2Fv2%2Fcomments&post=31"}],"version-history":[{"count":8,"href":"https:\/\/grupo.us.es\/metsur\/index.php?rest_route=\/wp\/v2\/pages\/31\/revisions"}],"predecessor-version":[{"id":85,"href":"https:\/\/grupo.us.es\/metsur\/index.php?rest_route=\/wp\/v2\/pages\/31\/revisions\/85"}],"wp:attachment":[{"href":"https:\/\/grupo.us.es\/metsur\/index.php?rest_route=%2Fwp%2Fv2%2Fmedia&parent=31"}],"curies":[{"name":"wp","href":"https:\/\/api.w.org\/{rel}","templated":true}]}}