{"id":29,"date":"2024-09-05T12:28:57","date_gmt":"2024-09-05T10:28:57","guid":{"rendered":"http:\/\/grupo.us.es\/metsur\/?page_id=29"},"modified":"2024-09-05T18:20:28","modified_gmt":"2024-09-05T16:20:28","slug":"objetivos","status":"publish","type":"page","link":"https:\/\/grupo.us.es\/metsur\/?page_id=29","title":{"rendered":"Objetivos"},"content":{"rendered":"\n<p>Amojonar, deslindar, manifestar claramente los l\u00edmites del territorio, siempre han sido cuestiones importantes para las sociedades, pues muestran, a ojos del vecino y del forastero, el territorio sobre el cual se ejerce el derecho de propiedad, el poder administrativo, judicial, impositivo e incluso religioso. Amojonar, pues, es necesario. De hecho, mojones, lindes y t\u00e9rminos pertenecen a nuestra cultura no solo etnogr\u00e1fica sino pol\u00edtica, judicial, econ\u00f3mica, etc.<\/p>\n\n\n\n<p>Por ello, el principal objetivo del Proyecto de Investigaci\u00f3n METSUR. <em>Medir la Tierra: Funcionalidad de los Apeos y Amojonamientos, Gobernanza, Conflictividad Social y Organizaci\u00f3n de los Paisajes en el Sur Peninsular. Siglos XIII al XVI <\/em>(PID2022-137182NB-I00) es el de abordar la problem\u00e1tica en torno a la medici\u00f3n de la tierra. Se trata de una l\u00ednea de investigaci\u00f3n en la que se conjugan diversas cuestiones que van desde los problemas y conflictos generados por la delimitaci\u00f3n territorial mediante amojonamientos, hasta la organizaci\u00f3n de los paisajes rurales pasando por el papel desempe\u00f1ado por los partidores y su inclusi\u00f3n en las redes socioecon\u00f3micas. As\u00ed pues, abordamos el estudio de tres pr\u00e1cticas distintas: la agrimensura (relacionada con la medici\u00f3n de la propiedad agraria), la partici\u00f3n de la tierra (relacionada con los repartos de los territorios conquistados a al-Andalus) y la delimitaci\u00f3n de territorios (relacionada con el ejercicio del poder se\u00f1orial, eclesi\u00e1stico, municipal o real sobre el territorio).<\/p>\n\n\n\n<p>El marco cronol\u00f3gico en el que se lleva a cabo este Proyecto de Investigaci\u00f3n se extiende entre los siglos XIII y XVI, mientras que el espacio geogr\u00e1fico seleccionado es el sur de Europa, singularmente la Pen\u00ednsula Ib\u00e9rica, durante del Antiguo R\u00e9gimen.<\/p>\n\n\n\n<p>Por todo ello, los objetivos generales del proyecto son:<\/p>\n\n\n\n<p>1. Identificar los criterios utilizados por cada sociedad para proceder a los repartos de tierras.<\/p>\n\n\n\n<p>2. Conocer las t\u00e9cnicas de agrimensura, partici\u00f3n y amojonamiento aplicadas en el sur de la Pen\u00ednsula Ib\u00e9rica y compararlas con las de otras comarcas europeas.<\/p>\n\n\n\n<p>3. Determinar las transformaciones del parcelario y los l\u00edmites de las localidades tras la conquista cristiana.<\/p>\n\n\n\n<p>4. Conocer la tipolog\u00eda de delimitaciones (t\u00e9rminos jurisdiccionales, espacios de aprovechamiento ganadero, propiedades privadas).<\/p>\n\n\n\n<p>5. Estudiar el rol pol\u00edtico-social de los agrimensores y\/o partidores.<\/p>\n\n\n\n<p>6. Analizar la conflictividad social generada por las delimitaciones de los terrazgos.<\/p>\n\n\n\n<p>7. Reflexionar sobre las formas de coerci\u00f3n territorial y sus consecuencias, sobre la demograf\u00eda, las actividades agr\u00edcolas y el sentido \u2013distorsionado o no\u2013 de pertenencia a una comunidad.<\/p>\n\n\n\n<p>As\u00ed pues, la contribuci\u00f3n de este Proyecto de Investigaci\u00f3n se concreta a trav\u00e9s de los siguientes objetivos espec\u00edficos:<\/p>\n\n\n\n<p>1. Buscar fuentes primarias en archivos y bibliotecas.<\/p>\n\n\n\n<p>2. Identificar las fases en relaci\u00f3n con la problem\u00e1tica de estudio: los repartos de tierras tras la conquista cristiana de mediados del siglo XIII; los amojonamientos y apeos llevados a cabo durante los procesos de se\u00f1orializaci\u00f3n, especialmente notable durante los siglos XIV y XV; las consecuencias derivadas de las Cortes de Toledo de 1480, instrumento utilizado para intentar resolver los problemas de t\u00e9rminos.<\/p>\n\n\n\n<p>3. Identificar reacciones y conductas que permitan esbozar el nivel de conflictividad en relaci\u00f3n con la actividad desplegada por los partidores en el sur de la Pen\u00ednsula Ib\u00e9rica entre los siglos XIII y XVI. A partir de este planteamiento, estudiar c\u00f3mo las autoridades municipales gestionaron los procesos de \u201cmedir la tierra\u201d.<\/p>\n\n\n\n<p>4. Analizar el papel y el nivel de integraci\u00f3n de los partidores en las redes sociales de las localidades del sur peninsular.<\/p>\n\n\n\n<p>5. Estudiar la impronta a trav\u00e9s de los parcelarios dejada por los partidores en la organizaci\u00f3n de los paisajes rurales en el sur de la Pen\u00ednsula Ib\u00e9rica entre los siglos XIII y XVI y su representaci\u00f3n cartogr\u00e1fica, mediante casos de estudios, a trav\u00e9s de los SIGs.<\/p>\n\n\n\n<p>6. Comparar, en t\u00e9rminos de duraci\u00f3n y efectos, el caso de estudio de Andaluc\u00eda con otras comarcas europeas como Italia y Portugal.<\/p>\n\n\n\n<p>7. Difundir los resultados de la investigaci\u00f3n.<\/p>\n","protected":false},"excerpt":{"rendered":"<p>Amojonar, deslindar, manifestar claramente los l\u00edmites del territorio, siempre han sido cuestiones importantes para las sociedades, pues muestran, a ojos del vecino y del forastero, el territorio sobre el cual se ejerce el derecho de propiedad, el poder administrativo, judicial, impositivo e incluso religioso. Amojonar, pues, es necesario. De hecho, mojones, lindes y t\u00e9rminos pertenecen [&hellip;]<\/p>\n","protected":false},"author":1,"featured_media":0,"parent":0,"menu_order":0,"comment_status":"closed","ping_status":"closed","template":"","meta":{"footnotes":""},"class_list":["post-29","page","type-page","status-publish","hentry"],"_links":{"self":[{"href":"https:\/\/grupo.us.es\/metsur\/index.php?rest_route=\/wp\/v2\/pages\/29","targetHints":{"allow":["GET"]}}],"collection":[{"href":"https:\/\/grupo.us.es\/metsur\/index.php?rest_route=\/wp\/v2\/pages"}],"about":[{"href":"https:\/\/grupo.us.es\/metsur\/index.php?rest_route=\/wp\/v2\/types\/page"}],"author":[{"embeddable":true,"href":"https:\/\/grupo.us.es\/metsur\/index.php?rest_route=\/wp\/v2\/users\/1"}],"replies":[{"embeddable":true,"href":"https:\/\/grupo.us.es\/metsur\/index.php?rest_route=%2Fwp%2Fv2%2Fcomments&post=29"}],"version-history":[{"count":2,"href":"https:\/\/grupo.us.es\/metsur\/index.php?rest_route=\/wp\/v2\/pages\/29\/revisions"}],"predecessor-version":[{"id":77,"href":"https:\/\/grupo.us.es\/metsur\/index.php?rest_route=\/wp\/v2\/pages\/29\/revisions\/77"}],"wp:attachment":[{"href":"https:\/\/grupo.us.es\/metsur\/index.php?rest_route=%2Fwp%2Fv2%2Fmedia&parent=29"}],"curies":[{"name":"wp","href":"https:\/\/api.w.org\/{rel}","templated":true}]}}