{"id":27,"date":"2024-09-05T12:26:48","date_gmt":"2024-09-05T10:26:48","guid":{"rendered":"http:\/\/grupo.us.es\/metsur\/?page_id=27"},"modified":"2024-09-17T11:34:33","modified_gmt":"2024-09-17T09:34:33","slug":"presentacion","status":"publish","type":"page","link":"https:\/\/grupo.us.es\/metsur\/?page_id=27","title":{"rendered":"Presentaci\u00f3n"},"content":{"rendered":"\n<p class=\"has-text-align-center\">El <strong>Proyecto de Investigaci\u00f3n METSUR<\/strong>. <em>Medir la Tierra: Funcionalidad de los Apeos y Amojonamientos, Gobernanza, Conflictividad Social y Organizaci\u00f3n de los Paisajes en el Sur Peninsular. Siglos XIII al XVI<\/em> (PID2022-137182NB-I00), se encuentra financiado por Ministerio de Ciencia e Innovaci\u00f3n. Agencia Estatal de Investigaci\u00f3n\/10.1303039\/501100011033\/ y por FEDER, Una manera de hacer Europa. En \u00e9l participa un grupo interdisciplinar de diecis\u00e9is investigadores pertenecientes a siete instituciones, nacionales y extranjeras, diferentes: Universidad de Sevilla, Universidad de C\u00e1diz, Universidad de Ja\u00e9n, Universidad de C\u00f3rdoba, Sorbonne Universit\u00e9, Universidade de \u00c9vora, Universidade Portucalense Infante D. Henrique y Politecnico di Torino.<\/p>\n\n\n\n<p class=\"has-text-align-center\">La intenci\u00f3n principal de este Proyecto de Investigaci\u00f3n es conseguir un avance en el conocimiento en el \u00e1mbito del an\u00e1lisis de los espacios agrarios medievales y, en concreto, de la organizaci\u00f3n del parcelario. Esperamos que sus resultados finales ser\u00e1n interesantes y novedosos, sobre todo gracias a la combinaci\u00f3n del estudio de las fuentes escritas con la cartograf\u00eda hist\u00f3rica y el consiguiente volcado de la informaci\u00f3n de archivo en los Sistemas de Informaci\u00f3n Geogr\u00e1fica (SIG). De esta manera se pretende presentar algunos casos de estudio que sean significativos y que permitan, por una parte, analizar las fases de creaci\u00f3n y transformaci\u00f3n de los parcelarios y, por otra, estudiar los cambios experimentados por el paisaje rural.<\/p>\n\n\n\n<p class=\"has-text-align-center\">De hecho, en este Proyecto de Investigaci\u00f3n se intentan conjugar cuestiones diversas de historia socioecon\u00f3mica y pol\u00edtica en torno a la medici\u00f3n, la partici\u00f3n y las delimitaciones, que van desde los problemas y conflictos generados por los amojonamientos, hasta la organizaci\u00f3n del paisaje rural, pasando por el papel desempe\u00f1ado por los agrimensores, partidores y su inclusi\u00f3n en las redes socioecon\u00f3micas. Todo ello nos llevar\u00e1 a conseguir importantes avances en el estudio de la organizaci\u00f3n de los paisajes en el sur de la Pen\u00ednsula Ib\u00e9rica en la Baja Edad Media y primeros siglos de la Edad Moderna.<\/p>\n\n\n\n<p class=\"has-text-align-center\">La puesta en marcha de este Portal-Web pretende potenciar la difusi\u00f3n del Proyecto de Investigaci\u00f3n METSUR. <em>Medir la Tierra: Funcionalidad de los Apeos y Amojonamientos, Gobernanza, Conflictividad Social y Organizaci\u00f3n de los Paisajes en el Sur Peninsular. Siglos XIII al XVI <\/em>(PID2022-137182NB-I00) y de los logros derivados de su desarrollo, que ir\u00e1n siendo recogidos conforme se vayan produciendo. Con ello se garantiza no s\u00f3lo la generaci\u00f3n de conocimiento, sino tambi\u00e9n su difusi\u00f3n, redundado en la comunidad cient\u00edfica y en la propia sociedad, que dispondr\u00e1 de forma inmediata de los resultados de la investigaci\u00f3n.<\/p>\n\n\n\n<p><\/p>\n","protected":false},"excerpt":{"rendered":"<p>El Proyecto de Investigaci\u00f3n METSUR. Medir la Tierra: Funcionalidad de los Apeos y Amojonamientos, Gobernanza, Conflictividad Social y Organizaci\u00f3n de los Paisajes en el Sur Peninsular. Siglos XIII al XVI (PID2022-137182NB-I00), se encuentra financiado por Ministerio de Ciencia e Innovaci\u00f3n. Agencia Estatal de Investigaci\u00f3n\/10.1303039\/501100011033\/ y por FEDER, Una manera de hacer Europa. En \u00e9l participa [&hellip;]<\/p>\n","protected":false},"author":1,"featured_media":0,"parent":0,"menu_order":0,"comment_status":"closed","ping_status":"closed","template":"","meta":{"footnotes":""},"class_list":["post-27","page","type-page","status-publish","hentry"],"_links":{"self":[{"href":"https:\/\/grupo.us.es\/metsur\/index.php?rest_route=\/wp\/v2\/pages\/27","targetHints":{"allow":["GET"]}}],"collection":[{"href":"https:\/\/grupo.us.es\/metsur\/index.php?rest_route=\/wp\/v2\/pages"}],"about":[{"href":"https:\/\/grupo.us.es\/metsur\/index.php?rest_route=\/wp\/v2\/types\/page"}],"author":[{"embeddable":true,"href":"https:\/\/grupo.us.es\/metsur\/index.php?rest_route=\/wp\/v2\/users\/1"}],"replies":[{"embeddable":true,"href":"https:\/\/grupo.us.es\/metsur\/index.php?rest_route=%2Fwp%2Fv2%2Fcomments&post=27"}],"version-history":[{"count":8,"href":"https:\/\/grupo.us.es\/metsur\/index.php?rest_route=\/wp\/v2\/pages\/27\/revisions"}],"predecessor-version":[{"id":89,"href":"https:\/\/grupo.us.es\/metsur\/index.php?rest_route=\/wp\/v2\/pages\/27\/revisions\/89"}],"wp:attachment":[{"href":"https:\/\/grupo.us.es\/metsur\/index.php?rest_route=%2Fwp%2Fv2%2Fmedia&parent=27"}],"curies":[{"name":"wp","href":"https:\/\/api.w.org\/{rel}","templated":true}]}}