{"id":1272,"date":"2024-10-06T16:54:28","date_gmt":"2024-10-06T14:54:28","guid":{"rendered":"https:\/\/piensa-online.com\/desarrollo-madres-up-2024\/?page_id=1272"},"modified":"2025-03-03T10:00:12","modified_gmt":"2025-03-03T09:00:12","slug":"politica-de-cookies","status":"publish","type":"page","link":"https:\/\/grupo.us.es\/madresup\/politica-de-cookies\/","title":{"rendered":"Pol\u00edtica de cookies"},"content":{"rendered":"\t\t<div data-elementor-type=\"wp-page\" data-elementor-id=\"1272\" class=\"elementor elementor-1272\" data-elementor-post-type=\"page\">\n\t\t\t\t<div class=\"elementor-element elementor-element-45652eff e-flex e-con-boxed e-con e-parent\" data-id=\"45652eff\" data-element_type=\"container\">\n\t\t\t\t\t<div class=\"e-con-inner\">\n\t\t\t\t<div class=\"elementor-element elementor-element-398b677d elementor-widget elementor-widget-text-editor\" data-id=\"398b677d\" data-element_type=\"widget\" data-widget_type=\"text-editor.default\">\n\t\t\t\t<div class=\"elementor-widget-container\">\n\t\t\t\t\t\t\t\t\t<p>En <strong>MadresUP<\/strong> utilizamos cookies y tecnolog\u00edas similares para mejorar la experiencia de navegaci\u00f3n de los usuarios, ofrecer contenido personalizado y realizar an\u00e1lisis de tr\u00e1fico en el sitio web. Esta pol\u00edtica de cookies explica qu\u00e9 son las cookies, c\u00f3mo las utilizamos y c\u00f3mo puedes gestionarlas.<\/p><h2><strong>1. \u00bfQu\u00e9 son las Cookies?<\/strong><\/h2><p>Las cookies son peque\u00f1os archivos de texto que se almacenan en tu dispositivo (ordenador, tablet o smartphone) cuando visitas un sitio web. Estas permiten al sitio recordar tus acciones y preferencias (como el idioma o los detalles de inicio de sesi\u00f3n) durante un per\u00edodo de tiempo, de manera que no tengas que volver a introducirlos cada vez que regreses al sitio o navegas de una p\u00e1gina a otra.<\/p><h2><strong>2. Tipos de Cookies que Utilizamos<\/strong><\/h2><p>En nuestro sitio web utilizamos los siguientes tipos de cookies:<\/p><ul><li><strong>Cookies Esenciales<\/strong>: Son necesarias para el correcto funcionamiento del sitio web y no pueden desactivarse en nuestros sistemas. Suelen establecerse solo en respuesta a acciones realizadas por ti, como el ajuste de tus preferencias de privacidad, el inicio de sesi\u00f3n o la cumplimentaci\u00f3n de formularios.<\/li><li><strong>Cookies de Preferencias<\/strong>: Permiten que el sitio web recuerde informaci\u00f3n que cambia la forma en que el sitio se comporta o se ve, como tu idioma preferido o la regi\u00f3n en la que te encuentras.<\/li><li><strong>Cookies de Estad\u00edsticas<\/strong>: Estas cookies nos permiten contar las visitas y fuentes de tr\u00e1fico, para que podamos medir y mejorar el rendimiento de nuestro sitio web. Utilizamos <strong>Google Analytics 4<\/strong> para este prop\u00f3sito, que recopila informaci\u00f3n de manera an\u00f3nima para brindarnos informes sobre c\u00f3mo los usuarios interact\u00faan con nuestra web. Google Analytics 4 utiliza cookies propias para recopilar datos que incluyen, entre otros, la direcci\u00f3n IP, el tiempo de visita, las p\u00e1ginas visitadas y el dispositivo utilizado. Estos datos se almacenan de manera an\u00f3nima y no se comparten con terceros.<\/li><li><strong>Cookies de Marketing<\/strong>: Estas cookies se utilizan para hacer el seguimiento de los visitantes en los sitios web y mostrar anuncios relevantes para el usuario.<\/li><\/ul><h2><strong>3. Google Analytics 4<\/strong><\/h2><p>Utilizamos <strong>Google Analytics 4<\/strong> para analizar el tr\u00e1fico de nuestra web. Google Analytics 4 nos proporciona datos an\u00f3nimos sobre c\u00f3mo los usuarios interact\u00faan con nuestra p\u00e1gina web, ayud\u00e1ndonos a identificar las secciones m\u00e1s visitadas y a mejorar su funcionalidad.<\/p><p>Google Analytics recopila datos de forma an\u00f3nima y no comparte informaci\u00f3n personal con terceros. Para obtener m\u00e1s informaci\u00f3n sobre c\u00f3mo Google gestiona la privacidad y las cookies, puedes consultar su Pol\u00edtica de Privacidad y la Pol\u00edtica de Cookies de Google.<\/p><h2><strong>4. \u00bfC\u00f3mo Puedes Gestionar las Cookies?<\/strong><\/h2><p>Al visitar nuestro sitio web por primera vez, te ofrecemos la opci\u00f3n de aceptar o rechazar las cookies que no sean estrictamente necesarias. Tambi\u00e9n puedes gestionar tus preferencias de cookies en cualquier momento a trav\u00e9s del panel de configuraci\u00f3n de cookies disponible en nuestro sitio web.<\/p><p>Adem\u00e1s, puedes ajustar las configuraciones de tu navegador para bloquear o eliminar las cookies. A continuaci\u00f3n, te indicamos c\u00f3mo hacerlo en los navegadores m\u00e1s populares:<\/p><ul><li><strong>Google Chrome<\/strong>: <a href=\"https:\/\/support.google.com\/chrome\/answer\/95647?sjid=12966502577830538751-EU\">Configuraci\u00f3n de cookies en Chrome<\/a><\/li><li><strong>Mozilla Firefox<\/strong>: <a href=\"https:\/\/support.mozilla.org\/es\/kb\/cookies-informacion-que-los-sitios-web-guardan-en-\">Configuraci\u00f3n de cookies en Firefox<\/a><\/li><li><strong>Microsoft Edge<\/strong>: <a href=\"https:\/\/support.microsoft.com\/es-es\/help\/4027947\/microsoft-edge-delete-cookies\">Configuraci\u00f3n de cookies en Edge<\/a><\/li><li><strong>Safari<\/strong>: <a href=\"https:\/\/support.apple.com\/es-es\/guide\/safari\/sfri11471\/mac\">Configuraci\u00f3n de cookies en Safari<\/a><\/li><\/ul><p>Ten en cuenta que si decides desactivar ciertas cookies, es posible que algunas funcionalidades del sitio web no funcionen correctamente.<\/p><h2><strong>5. Cambios en la Pol\u00edtica de Cookies<\/strong><\/h2><p>Nos reservamos el derecho a actualizar esta pol\u00edtica de cookies en cualquier momento, por lo que te recomendamos revisarla peri\u00f3dicamente. Cualquier cambio ser\u00e1 efectivo a partir de su publicaci\u00f3n en nuestra p\u00e1gina web.<\/p><h2><strong>6. Contacto<\/strong><\/h2><p>Si tienes alguna pregunta sobre esta pol\u00edtica de cookies, puedes ponerte en contacto con nosotros en madresup@us.es.<\/p>\t\t\t\t\t\t\t\t<\/div>\n\t\t\t\t<\/div>\n\t\t\t\t\t<\/div>\n\t\t\t\t<\/div>\n\t\t\t\t<\/div>\n\t\t","protected":false},"excerpt":{"rendered":"<p>En MadresUP utilizamos cookies y tecnolog\u00edas similares para mejorar la experiencia de navegaci\u00f3n de los usuarios, ofrecer contenido personalizado y realizar an\u00e1lisis de tr\u00e1fico en el sitio web. Esta pol\u00edtica de cookies explica qu\u00e9 son las cookies, c\u00f3mo las utilizamos y c\u00f3mo puedes gestionarlas. 1. \u00bfQu\u00e9 son las Cookies? Las cookies son peque\u00f1os archivos de [&hellip;]<\/p>\n","protected":false},"author":1,"featured_media":0,"parent":0,"menu_order":0,"comment_status":"closed","ping_status":"open","template":"","meta":{"footnotes":""},"class_list":["post-1272","page","type-page","status-publish","hentry"],"yoast_head":"<!-- This site is optimized with the Yoast SEO plugin v25.0 - https:\/\/yoast.com\/wordpress\/plugins\/seo\/ -->\n<title>Pol\u00edtica de cookies - MadresUP<\/title>\n<meta name=\"robots\" content=\"index, follow, max-snippet:-1, max-image-preview:large, max-video-preview:-1\" \/>\n<link rel=\"canonical\" href=\"https:\/\/grupo.us.es\/madresup\/politica-de-cookies\/\" \/>\n<meta property=\"og:locale\" content=\"es_ES\" \/>\n<meta property=\"og:type\" content=\"article\" \/>\n<meta property=\"og:title\" content=\"Pol\u00edtica de cookies - MadresUP\" \/>\n<meta property=\"og:description\" content=\"En MadresUP utilizamos cookies y tecnolog\u00edas similares para mejorar la experiencia de navegaci\u00f3n de los usuarios, ofrecer contenido personalizado y realizar an\u00e1lisis de tr\u00e1fico en el sitio web. Esta pol\u00edtica de cookies explica qu\u00e9 son las cookies, c\u00f3mo las utilizamos y c\u00f3mo puedes gestionarlas. 1. \u00bfQu\u00e9 son las Cookies? Las cookies son peque\u00f1os archivos de [&hellip;]\" \/>\n<meta property=\"og:url\" content=\"https:\/\/grupo.us.es\/madresup\/politica-de-cookies\/\" \/>\n<meta property=\"og:site_name\" content=\"MadresUP\" \/>\n<meta property=\"article:modified_time\" content=\"2025-03-03T09:00:12+00:00\" \/>\n<meta name=\"twitter:card\" content=\"summary_large_image\" \/>\n<meta name=\"twitter:label1\" content=\"Tiempo de lectura\" \/>\n\t<meta name=\"twitter:data1\" content=\"3 minutos\" \/>\n<script type=\"application\/ld+json\" class=\"yoast-schema-graph\">{\"@context\":\"https:\/\/schema.org\",\"@graph\":[{\"@type\":\"WebPage\",\"@id\":\"https:\/\/grupo.us.es\/madresup\/politica-de-cookies\/\",\"url\":\"https:\/\/grupo.us.es\/madresup\/politica-de-cookies\/\",\"name\":\"Pol\u00edtica de cookies - MadresUP\",\"isPartOf\":{\"@id\":\"https:\/\/grupo.us.es\/madresup\/#website\"},\"datePublished\":\"2024-10-06T14:54:28+00:00\",\"dateModified\":\"2025-03-03T09:00:12+00:00\",\"breadcrumb\":{\"@id\":\"https:\/\/grupo.us.es\/madresup\/politica-de-cookies\/#breadcrumb\"},\"inLanguage\":\"es\",\"potentialAction\":[{\"@type\":\"ReadAction\",\"target\":[\"https:\/\/grupo.us.es\/madresup\/politica-de-cookies\/\"]}]},{\"@type\":\"BreadcrumbList\",\"@id\":\"https:\/\/grupo.us.es\/madresup\/politica-de-cookies\/#breadcrumb\",\"itemListElement\":[{\"@type\":\"ListItem\",\"position\":1,\"name\":\"Portada\",\"item\":\"https:\/\/grupo.us.es\/madresup\/\"},{\"@type\":\"ListItem\",\"position\":2,\"name\":\"Pol\u00edtica de cookies\"}]},{\"@type\":\"WebSite\",\"@id\":\"https:\/\/grupo.us.es\/madresup\/#website\",\"url\":\"https:\/\/grupo.us.es\/madresup\/\",\"name\":\"Madres UP\",\"description\":\"\",\"publisher\":{\"@id\":\"https:\/\/grupo.us.es\/madresup\/#organization\"},\"potentialAction\":[{\"@type\":\"SearchAction\",\"target\":{\"@type\":\"EntryPoint\",\"urlTemplate\":\"https:\/\/grupo.us.es\/madresup\/?s={search_term_string}\"},\"query-input\":{\"@type\":\"PropertyValueSpecification\",\"valueRequired\":true,\"valueName\":\"search_term_string\"}}],\"inLanguage\":\"es\"},{\"@type\":\"Organization\",\"@id\":\"https:\/\/grupo.us.es\/madresup\/#organization\",\"name\":\"Madres UP\",\"url\":\"https:\/\/grupo.us.es\/madresup\/\",\"logo\":{\"@type\":\"ImageObject\",\"inLanguage\":\"es\",\"@id\":\"https:\/\/grupo.us.es\/madresup\/#\/schema\/logo\/image\/\",\"url\":\"https:\/\/grupo.us.es\/madresup\/wp-content\/uploads\/2024\/06\/Logotipo-svg.svg\",\"contentUrl\":\"https:\/\/grupo.us.es\/madresup\/wp-content\/uploads\/2024\/06\/Logotipo-svg.svg\",\"width\":236,\"height\":216,\"caption\":\"Madres UP\"},\"image\":{\"@id\":\"https:\/\/grupo.us.es\/madresup\/#\/schema\/logo\/image\/\"}}]}<\/script>\n<!-- \/ Yoast SEO plugin. -->","yoast_head_json":{"title":"Pol\u00edtica de cookies - MadresUP","robots":{"index":"index","follow":"follow","max-snippet":"max-snippet:-1","max-image-preview":"max-image-preview:large","max-video-preview":"max-video-preview:-1"},"canonical":"https:\/\/grupo.us.es\/madresup\/politica-de-cookies\/","og_locale":"es_ES","og_type":"article","og_title":"Pol\u00edtica de cookies - MadresUP","og_description":"En MadresUP utilizamos cookies y tecnolog\u00edas similares para mejorar la experiencia de navegaci\u00f3n de los usuarios, ofrecer contenido personalizado y realizar an\u00e1lisis de tr\u00e1fico en el sitio web. Esta pol\u00edtica de cookies explica qu\u00e9 son las cookies, c\u00f3mo las utilizamos y c\u00f3mo puedes gestionarlas. 1. \u00bfQu\u00e9 son las Cookies? Las cookies son peque\u00f1os archivos de [&hellip;]","og_url":"https:\/\/grupo.us.es\/madresup\/politica-de-cookies\/","og_site_name":"MadresUP","article_modified_time":"2025-03-03T09:00:12+00:00","twitter_card":"summary_large_image","twitter_misc":{"Tiempo de lectura":"3 minutos"},"schema":{"@context":"https:\/\/schema.org","@graph":[{"@type":"WebPage","@id":"https:\/\/grupo.us.es\/madresup\/politica-de-cookies\/","url":"https:\/\/grupo.us.es\/madresup\/politica-de-cookies\/","name":"Pol\u00edtica de cookies - MadresUP","isPartOf":{"@id":"https:\/\/grupo.us.es\/madresup\/#website"},"datePublished":"2024-10-06T14:54:28+00:00","dateModified":"2025-03-03T09:00:12+00:00","breadcrumb":{"@id":"https:\/\/grupo.us.es\/madresup\/politica-de-cookies\/#breadcrumb"},"inLanguage":"es","potentialAction":[{"@type":"ReadAction","target":["https:\/\/grupo.us.es\/madresup\/politica-de-cookies\/"]}]},{"@type":"BreadcrumbList","@id":"https:\/\/grupo.us.es\/madresup\/politica-de-cookies\/#breadcrumb","itemListElement":[{"@type":"ListItem","position":1,"name":"Portada","item":"https:\/\/grupo.us.es\/madresup\/"},{"@type":"ListItem","position":2,"name":"Pol\u00edtica de cookies"}]},{"@type":"WebSite","@id":"https:\/\/grupo.us.es\/madresup\/#website","url":"https:\/\/grupo.us.es\/madresup\/","name":"Madres UP","description":"","publisher":{"@id":"https:\/\/grupo.us.es\/madresup\/#organization"},"potentialAction":[{"@type":"SearchAction","target":{"@type":"EntryPoint","urlTemplate":"https:\/\/grupo.us.es\/madresup\/?s={search_term_string}"},"query-input":{"@type":"PropertyValueSpecification","valueRequired":true,"valueName":"search_term_string"}}],"inLanguage":"es"},{"@type":"Organization","@id":"https:\/\/grupo.us.es\/madresup\/#organization","name":"Madres UP","url":"https:\/\/grupo.us.es\/madresup\/","logo":{"@type":"ImageObject","inLanguage":"es","@id":"https:\/\/grupo.us.es\/madresup\/#\/schema\/logo\/image\/","url":"https:\/\/grupo.us.es\/madresup\/wp-content\/uploads\/2024\/06\/Logotipo-svg.svg","contentUrl":"https:\/\/grupo.us.es\/madresup\/wp-content\/uploads\/2024\/06\/Logotipo-svg.svg","width":236,"height":216,"caption":"Madres UP"},"image":{"@id":"https:\/\/grupo.us.es\/madresup\/#\/schema\/logo\/image\/"}}]}},"lang":"es","translations":{"es":1272,"en":1623},"pll_sync_post":[],"_links":{"self":[{"href":"https:\/\/grupo.us.es\/madresup\/wp-json\/wp\/v2\/pages\/1272","targetHints":{"allow":["GET"]}}],"collection":[{"href":"https:\/\/grupo.us.es\/madresup\/wp-json\/wp\/v2\/pages"}],"about":[{"href":"https:\/\/grupo.us.es\/madresup\/wp-json\/wp\/v2\/types\/page"}],"author":[{"embeddable":true,"href":"https:\/\/grupo.us.es\/madresup\/wp-json\/wp\/v2\/users\/1"}],"replies":[{"embeddable":true,"href":"https:\/\/grupo.us.es\/madresup\/wp-json\/wp\/v2\/comments?post=1272"}],"version-history":[{"count":16,"href":"https:\/\/grupo.us.es\/madresup\/wp-json\/wp\/v2\/pages\/1272\/revisions"}],"predecessor-version":[{"id":1761,"href":"https:\/\/grupo.us.es\/madresup\/wp-json\/wp\/v2\/pages\/1272\/revisions\/1761"}],"wp:attachment":[{"href":"https:\/\/grupo.us.es\/madresup\/wp-json\/wp\/v2\/media?parent=1272"}],"curies":[{"name":"wp","href":"https:\/\/api.w.org\/{rel}","templated":true}]}}