{"id":66,"date":"2022-03-15T08:44:29","date_gmt":"2022-03-15T08:44:29","guid":{"rendered":"https:\/\/grupo.us.es\/labhtlnet\/?page_id=66"},"modified":"2022-03-25T10:50:00","modified_gmt":"2022-03-25T10:50:00","slug":"transferencia","status":"publish","type":"page","link":"https:\/\/grupo.us.es\/labhtlnet\/transferencia\/","title":{"rendered":"Transferencia"},"content":{"rendered":"\t\t<div data-elementor-type=\"wp-page\" data-elementor-id=\"66\" class=\"elementor elementor-66\" data-elementor-post-type=\"page\">\n\t\t\t\t\t\t<section class=\"elementor-section elementor-top-section elementor-element elementor-element-6f684cd elementor-section-boxed elementor-section-height-default elementor-section-height-default\" data-id=\"6f684cd\" data-element_type=\"section\">\n\t\t\t\t\t\t<div class=\"elementor-container elementor-column-gap-default\">\n\t\t\t\t\t<div class=\"elementor-column elementor-col-100 elementor-top-column elementor-element elementor-element-9debc7f\" data-id=\"9debc7f\" data-element_type=\"column\">\n\t\t\t<div class=\"elementor-widget-wrap\">\n\t\t\t\t\t\t\t<\/div>\n\t\t<\/div>\n\t\t\t\t\t<\/div>\n\t\t<\/section>\n\t\t\t\t<section class=\"elementor-section elementor-top-section elementor-element elementor-element-dc6d4c6 elementor-section-boxed elementor-section-height-default elementor-section-height-default\" data-id=\"dc6d4c6\" data-element_type=\"section\">\n\t\t\t\t\t\t<div class=\"elementor-container elementor-column-gap-default\">\n\t\t\t\t\t<div class=\"elementor-column elementor-col-100 elementor-top-column elementor-element elementor-element-f7af20f\" data-id=\"f7af20f\" data-element_type=\"column\">\n\t\t\t<div class=\"elementor-widget-wrap elementor-element-populated\">\n\t\t\t\t\t\t<div class=\"elementor-element elementor-element-d27d17f elementor-grid-3 elementor-grid-tablet-2 elementor-grid-mobile-1 elementor-posts--thumbnail-top elementor-card-shadow-yes elementor-posts__hover-gradient elementor-widget elementor-widget-posts\" data-id=\"d27d17f\" data-element_type=\"widget\" data-settings=\"{&quot;pagination_type&quot;:&quot;load_more_infinite_scroll&quot;,&quot;cards_columns&quot;:&quot;3&quot;,&quot;cards_columns_tablet&quot;:&quot;2&quot;,&quot;cards_columns_mobile&quot;:&quot;1&quot;,&quot;cards_row_gap&quot;:{&quot;unit&quot;:&quot;px&quot;,&quot;size&quot;:35,&quot;sizes&quot;:[]},&quot;cards_row_gap_tablet&quot;:{&quot;unit&quot;:&quot;px&quot;,&quot;size&quot;:&quot;&quot;,&quot;sizes&quot;:[]},&quot;cards_row_gap_mobile&quot;:{&quot;unit&quot;:&quot;px&quot;,&quot;size&quot;:&quot;&quot;,&quot;sizes&quot;:[]},&quot;load_more_spinner&quot;:{&quot;value&quot;:&quot;fas fa-spinner&quot;,&quot;library&quot;:&quot;fa-solid&quot;}}\" data-widget_type=\"posts.cards\">\n\t\t\t\t<div class=\"elementor-widget-container\">\n\t\t\t\t\t\t\t<div class=\"elementor-posts-container elementor-posts elementor-posts--skin-cards elementor-grid\" role=\"list\">\n\t\t\t\t<article class=\"elementor-post elementor-grid-item post-1988 post type-post status-publish format-standard has-post-thumbnail hentry category-noticias\" role=\"listitem\">\n\t\t\t<div class=\"elementor-post__card\">\n\t\t\t\t<a class=\"elementor-post__thumbnail__link\" href=\"https:\/\/grupo.us.es\/labhtlnet\/app-vida-htl\/\" tabindex=\"-1\" ><div class=\"elementor-post__thumbnail\"><img decoding=\"async\" width=\"300\" height=\"83\" src=\"https:\/\/grupo.us.es\/labhtlnet\/wp-content\/uploads\/2023\/09\/FOTOGRAFIA-VIDA-SIN-LOGO-LARGA-300x83.jpg\" class=\"attachment-medium size-medium wp-image-2083\" alt=\"\" srcset=\"https:\/\/grupo.us.es\/labhtlnet\/wp-content\/uploads\/2023\/09\/FOTOGRAFIA-VIDA-SIN-LOGO-LARGA-300x83.jpg 300w, https:\/\/grupo.us.es\/labhtlnet\/wp-content\/uploads\/2023\/09\/FOTOGRAFIA-VIDA-SIN-LOGO-LARGA-1024x282.jpg 1024w, https:\/\/grupo.us.es\/labhtlnet\/wp-content\/uploads\/2023\/09\/FOTOGRAFIA-VIDA-SIN-LOGO-LARGA-768x211.jpg 768w, https:\/\/grupo.us.es\/labhtlnet\/wp-content\/uploads\/2023\/09\/FOTOGRAFIA-VIDA-SIN-LOGO-LARGA-1536x422.jpg 1536w, https:\/\/grupo.us.es\/labhtlnet\/wp-content\/uploads\/2023\/09\/FOTOGRAFIA-VIDA-SIN-LOGO-LARGA-2048x563.jpg 2048w\" sizes=\"(max-width: 300px) 100vw, 300px\" \/><\/div><\/a>\n\t\t\t\t<div class=\"elementor-post__badge\">Noticias<\/div>\n\t\t\t\t<div class=\"elementor-post__text\">\n\t\t\t\t<h3 class=\"elementor-post__title\">\n\t\t\t<a href=\"https:\/\/grupo.us.es\/labhtlnet\/app-vida-htl\/\" >\n\t\t\t\tAplicaci\u00f3n web de rutas patrimoniales VIDA-HTL\t\t\t<\/a>\n\t\t<\/h3>\n\t\t\t\t<div class=\"elementor-post__excerpt\">\n\t\t\t<p>Concurso de Ideas Centros de<br \/>\nExperiencia e Interpretaci\u00f3n Tur\u00edstica de Canarias<br \/>\n01\/04\/2022<\/p>\n\t\t<\/div>\n\t\t\n\t\t<a class=\"elementor-post__read-more\" href=\"https:\/\/grupo.us.es\/labhtlnet\/app-vida-htl\/\" aria-label=\"M\u00e1s informaci\u00f3n sobre Aplicaci\u00f3n web de rutas patrimoniales VIDA-HTL\" tabindex=\"-1\" >\n\t\t\tLeer m\u00e1s \u00bb\t\t<\/a>\n\n\t\t\t\t<\/div>\n\t\t\t\t\t<\/div>\n\t\t<\/article>\n\t\t\t\t<article class=\"elementor-post elementor-grid-item post-177 post type-post status-publish format-standard has-post-thumbnail hentry category-noticias\" role=\"listitem\">\n\t\t\t<div class=\"elementor-post__card\">\n\t\t\t\t<a class=\"elementor-post__thumbnail__link\" href=\"https:\/\/grupo.us.es\/labhtlnet\/presentacion-lab-internacionales-iuacc\/\" tabindex=\"-1\" ><div class=\"elementor-post__thumbnail\"><img decoding=\"async\" width=\"300\" height=\"153\" src=\"https:\/\/grupo.us.es\/labhtlnet\/wp-content\/uploads\/2022\/03\/SASASA-1-300x153.jpg\" class=\"attachment-medium size-medium wp-image-2201\" alt=\"\" srcset=\"https:\/\/grupo.us.es\/labhtlnet\/wp-content\/uploads\/2022\/03\/SASASA-1-300x153.jpg 300w, https:\/\/grupo.us.es\/labhtlnet\/wp-content\/uploads\/2022\/03\/SASASA-1-1024x523.jpg 1024w, https:\/\/grupo.us.es\/labhtlnet\/wp-content\/uploads\/2022\/03\/SASASA-1-768x392.jpg 768w, https:\/\/grupo.us.es\/labhtlnet\/wp-content\/uploads\/2022\/03\/SASASA-1-1536x785.jpg 1536w, https:\/\/grupo.us.es\/labhtlnet\/wp-content\/uploads\/2022\/03\/SASASA-1-2048x1046.jpg 2048w\" sizes=\"(max-width: 300px) 100vw, 300px\" \/><\/div><\/a>\n\t\t\t\t<div class=\"elementor-post__badge\">Noticias<\/div>\n\t\t\t\t<div class=\"elementor-post__text\">\n\t\t\t\t<h3 class=\"elementor-post__title\">\n\t\t\t<a href=\"https:\/\/grupo.us.es\/labhtlnet\/presentacion-lab-internacionales-iuacc\/\" >\n\t\t\t\tPRESENTACI\u00d3N DEL PROYECTO VIDA-HTL\t\t\t<\/a>\n\t\t<\/h3>\n\t\t\t\t<div class=\"elementor-post__excerpt\">\n\t\t\t<p>Acto de Presentaci\u00f3n de los Laboratorios<br \/>\nInternacionales del IUACC<br \/>\n31\/05\/2022<\/p>\n\t\t<\/div>\n\t\t\n\t\t<a class=\"elementor-post__read-more\" href=\"https:\/\/grupo.us.es\/labhtlnet\/presentacion-lab-internacionales-iuacc\/\" aria-label=\"M\u00e1s informaci\u00f3n sobre PRESENTACI\u00d3N DEL PROYECTO VIDA-HTL\" tabindex=\"-1\" >\n\t\t\tLeer m\u00e1s \u00bb\t\t<\/a>\n\n\t\t\t\t<\/div>\n\t\t\t\t\t<\/div>\n\t\t<\/article>\n\t\t\t\t<article class=\"elementor-post elementor-grid-item post-174 post type-post status-publish format-standard has-post-thumbnail hentry category-noticias\" role=\"listitem\">\n\t\t\t<div class=\"elementor-post__card\">\n\t\t\t\t<a class=\"elementor-post__thumbnail__link\" href=\"https:\/\/grupo.us.es\/labhtlnet\/primer-premio\/\" tabindex=\"-1\" ><div class=\"elementor-post__thumbnail\"><img decoding=\"async\" width=\"300\" height=\"94\" src=\"https:\/\/grupo.us.es\/labhtlnet\/wp-content\/uploads\/2022\/03\/CONCURSO-CANARIAS-1-300x94.jpg\" class=\"attachment-medium size-medium wp-image-2154\" alt=\"\" srcset=\"https:\/\/grupo.us.es\/labhtlnet\/wp-content\/uploads\/2022\/03\/CONCURSO-CANARIAS-1-300x94.jpg 300w, https:\/\/grupo.us.es\/labhtlnet\/wp-content\/uploads\/2022\/03\/CONCURSO-CANARIAS-1-1024x320.jpg 1024w, https:\/\/grupo.us.es\/labhtlnet\/wp-content\/uploads\/2022\/03\/CONCURSO-CANARIAS-1-768x240.jpg 768w, https:\/\/grupo.us.es\/labhtlnet\/wp-content\/uploads\/2022\/03\/CONCURSO-CANARIAS-1-1536x480.jpg 1536w, https:\/\/grupo.us.es\/labhtlnet\/wp-content\/uploads\/2022\/03\/CONCURSO-CANARIAS-1.jpg 1920w\" sizes=\"(max-width: 300px) 100vw, 300px\" \/><\/div><\/a>\n\t\t\t\t<div class=\"elementor-post__badge\">Noticias<\/div>\n\t\t\t\t<div class=\"elementor-post__text\">\n\t\t\t\t<h3 class=\"elementor-post__title\">\n\t\t\t<a href=\"https:\/\/grupo.us.es\/labhtlnet\/primer-premio\/\" >\n\t\t\t\tPRIMER PREMIO\t\t\t<\/a>\n\t\t<\/h3>\n\t\t\t\t<div class=\"elementor-post__excerpt\">\n\t\t\t<p>Concurso de Ideas Centros de<br \/>\nExperiencia e Interpretaci\u00f3n Tur\u00edstica de Canarias<br \/>\n01\/04\/2022<\/p>\n\t\t<\/div>\n\t\t\n\t\t<a class=\"elementor-post__read-more\" href=\"https:\/\/grupo.us.es\/labhtlnet\/primer-premio\/\" aria-label=\"M\u00e1s informaci\u00f3n sobre PRIMER PREMIO\" tabindex=\"-1\" >\n\t\t\tLeer m\u00e1s \u00bb\t\t<\/a>\n\n\t\t\t\t<\/div>\n\t\t\t\t\t<\/div>\n\t\t<\/article>\n\t\t\t\t<\/div>\n\t\t\t\t\t<span class=\"e-load-more-spinner\">\n\t\t\t\t<i aria-hidden=\"true\" class=\"fas fa-spinner\"><\/i>\t\t\t<\/span>\n\t\t\n\t\t\t\t\t\t<\/div>\n\t\t\t\t<\/div>\n\t\t\t\t\t<\/div>\n\t\t<\/div>\n\t\t\t\t\t<\/div>\n\t\t<\/section>\n\t\t\t\t<\/div>\n\t\t","protected":false},"excerpt":{"rendered":"","protected":false},"author":1,"featured_media":0,"parent":0,"menu_order":0,"comment_status":"closed","ping_status":"closed","template":"","meta":{"footnotes":""},"class_list":["post-66","page","type-page","status-publish","hentry"],"yoast_head":"<!-- This site is optimized with the Yoast SEO plugin v26.2 - https:\/\/yoast.com\/wordpress\/plugins\/seo\/ -->\n<title>Transferencia - Laboratorio de Redes de Patrimonio Turismo y Paisaje<\/title>\n<meta name=\"robots\" content=\"index, follow, max-snippet:-1, max-image-preview:large, max-video-preview:-1\" \/>\n<link rel=\"canonical\" href=\"https:\/\/grupo.us.es\/labhtlnet\/transferencia\/\" \/>\n<meta property=\"og:locale\" content=\"es_ES\" \/>\n<meta property=\"og:type\" content=\"article\" \/>\n<meta property=\"og:title\" content=\"Transferencia - Laboratorio de Redes de Patrimonio Turismo y Paisaje\" \/>\n<meta property=\"og:url\" content=\"https:\/\/grupo.us.es\/labhtlnet\/transferencia\/\" \/>\n<meta property=\"og:site_name\" content=\"Laboratorio de Redes de Patrimonio Turismo y Paisaje\" \/>\n<meta property=\"article:modified_time\" content=\"2022-03-25T10:50:00+00:00\" \/>\n<meta name=\"twitter:card\" content=\"summary_large_image\" \/>\n<meta name=\"twitter:label1\" content=\"Tiempo de lectura\" \/>\n\t<meta name=\"twitter:data1\" content=\"1 minuto\" \/>\n<script type=\"application\/ld+json\" class=\"yoast-schema-graph\">{\"@context\":\"https:\/\/schema.org\",\"@graph\":[{\"@type\":\"WebPage\",\"@id\":\"https:\/\/grupo.us.es\/labhtlnet\/transferencia\/\",\"url\":\"https:\/\/grupo.us.es\/labhtlnet\/transferencia\/\",\"name\":\"Transferencia - Laboratorio de Redes de Patrimonio Turismo y Paisaje\",\"isPartOf\":{\"@id\":\"https:\/\/grupo.us.es\/labhtlnet\/#website\"},\"datePublished\":\"2022-03-15T08:44:29+00:00\",\"dateModified\":\"2022-03-25T10:50:00+00:00\",\"inLanguage\":\"es\",\"potentialAction\":[{\"@type\":\"ReadAction\",\"target\":[\"https:\/\/grupo.us.es\/labhtlnet\/transferencia\/\"]}]},{\"@type\":\"WebSite\",\"@id\":\"https:\/\/grupo.us.es\/labhtlnet\/#website\",\"url\":\"https:\/\/grupo.us.es\/labhtlnet\/\",\"name\":\"Laboratorio de Redes de Patrimonio Turismo y Paisaje\",\"description\":\"\",\"publisher\":{\"@id\":\"https:\/\/grupo.us.es\/labhtlnet\/#organization\"},\"potentialAction\":[{\"@type\":\"SearchAction\",\"target\":{\"@type\":\"EntryPoint\",\"urlTemplate\":\"https:\/\/grupo.us.es\/labhtlnet\/?s={search_term_string}\"},\"query-input\":{\"@type\":\"PropertyValueSpecification\",\"valueRequired\":true,\"valueName\":\"search_term_string\"}}],\"inLanguage\":\"es\"},{\"@type\":\"Organization\",\"@id\":\"https:\/\/grupo.us.es\/labhtlnet\/#organization\",\"name\":\"Laboratorio de Redes de Patrimonio Turismo y Paisaje\",\"url\":\"https:\/\/grupo.us.es\/labhtlnet\/\",\"logo\":{\"@type\":\"ImageObject\",\"inLanguage\":\"es\",\"@id\":\"https:\/\/grupo.us.es\/labhtlnet\/#\/schema\/logo\/image\/\",\"url\":\"https:\/\/grupo.us.es\/labhtlnet\/wp-content\/uploads\/2022\/06\/cropped-Logo-LAB-1.jpg\",\"contentUrl\":\"https:\/\/grupo.us.es\/labhtlnet\/wp-content\/uploads\/2022\/06\/cropped-Logo-LAB-1.jpg\",\"width\":200,\"height\":44,\"caption\":\"Laboratorio de Redes de Patrimonio Turismo y Paisaje\"},\"image\":{\"@id\":\"https:\/\/grupo.us.es\/labhtlnet\/#\/schema\/logo\/image\/\"}}]}<\/script>\n<!-- \/ Yoast SEO plugin. -->","yoast_head_json":{"title":"Transferencia - Laboratorio de Redes de Patrimonio Turismo y Paisaje","robots":{"index":"index","follow":"follow","max-snippet":"max-snippet:-1","max-image-preview":"max-image-preview:large","max-video-preview":"max-video-preview:-1"},"canonical":"https:\/\/grupo.us.es\/labhtlnet\/transferencia\/","og_locale":"es_ES","og_type":"article","og_title":"Transferencia - Laboratorio de Redes de Patrimonio Turismo y Paisaje","og_url":"https:\/\/grupo.us.es\/labhtlnet\/transferencia\/","og_site_name":"Laboratorio de Redes de Patrimonio Turismo y Paisaje","article_modified_time":"2022-03-25T10:50:00+00:00","twitter_card":"summary_large_image","twitter_misc":{"Tiempo de lectura":"1 minuto"},"schema":{"@context":"https:\/\/schema.org","@graph":[{"@type":"WebPage","@id":"https:\/\/grupo.us.es\/labhtlnet\/transferencia\/","url":"https:\/\/grupo.us.es\/labhtlnet\/transferencia\/","name":"Transferencia - Laboratorio de Redes de Patrimonio Turismo y Paisaje","isPartOf":{"@id":"https:\/\/grupo.us.es\/labhtlnet\/#website"},"datePublished":"2022-03-15T08:44:29+00:00","dateModified":"2022-03-25T10:50:00+00:00","inLanguage":"es","potentialAction":[{"@type":"ReadAction","target":["https:\/\/grupo.us.es\/labhtlnet\/transferencia\/"]}]},{"@type":"WebSite","@id":"https:\/\/grupo.us.es\/labhtlnet\/#website","url":"https:\/\/grupo.us.es\/labhtlnet\/","name":"Laboratorio de Redes de Patrimonio Turismo y Paisaje","description":"","publisher":{"@id":"https:\/\/grupo.us.es\/labhtlnet\/#organization"},"potentialAction":[{"@type":"SearchAction","target":{"@type":"EntryPoint","urlTemplate":"https:\/\/grupo.us.es\/labhtlnet\/?s={search_term_string}"},"query-input":{"@type":"PropertyValueSpecification","valueRequired":true,"valueName":"search_term_string"}}],"inLanguage":"es"},{"@type":"Organization","@id":"https:\/\/grupo.us.es\/labhtlnet\/#organization","name":"Laboratorio de Redes de Patrimonio Turismo y Paisaje","url":"https:\/\/grupo.us.es\/labhtlnet\/","logo":{"@type":"ImageObject","inLanguage":"es","@id":"https:\/\/grupo.us.es\/labhtlnet\/#\/schema\/logo\/image\/","url":"https:\/\/grupo.us.es\/labhtlnet\/wp-content\/uploads\/2022\/06\/cropped-Logo-LAB-1.jpg","contentUrl":"https:\/\/grupo.us.es\/labhtlnet\/wp-content\/uploads\/2022\/06\/cropped-Logo-LAB-1.jpg","width":200,"height":44,"caption":"Laboratorio de Redes de Patrimonio Turismo y Paisaje"},"image":{"@id":"https:\/\/grupo.us.es\/labhtlnet\/#\/schema\/logo\/image\/"}}]}},"_links":{"self":[{"href":"https:\/\/grupo.us.es\/labhtlnet\/wp-json\/wp\/v2\/pages\/66","targetHints":{"allow":["GET"]}}],"collection":[{"href":"https:\/\/grupo.us.es\/labhtlnet\/wp-json\/wp\/v2\/pages"}],"about":[{"href":"https:\/\/grupo.us.es\/labhtlnet\/wp-json\/wp\/v2\/types\/page"}],"author":[{"embeddable":true,"href":"https:\/\/grupo.us.es\/labhtlnet\/wp-json\/wp\/v2\/users\/1"}],"replies":[{"embeddable":true,"href":"https:\/\/grupo.us.es\/labhtlnet\/wp-json\/wp\/v2\/comments?post=66"}],"version-history":[{"count":0,"href":"https:\/\/grupo.us.es\/labhtlnet\/wp-json\/wp\/v2\/pages\/66\/revisions"}],"wp:attachment":[{"href":"https:\/\/grupo.us.es\/labhtlnet\/wp-json\/wp\/v2\/media?parent=66"}],"curies":[{"name":"wp","href":"https:\/\/api.w.org\/{rel}","templated":true}]}}