{"id":62,"date":"2022-03-15T08:44:09","date_gmt":"2022-03-15T08:44:09","guid":{"rendered":"https:\/\/grupo.us.es\/labhtlnet\/?page_id=62"},"modified":"2022-06-15T09:11:05","modified_gmt":"2022-06-15T09:11:05","slug":"estancias-de-investigacion","status":"publish","type":"page","link":"https:\/\/grupo.us.es\/labhtlnet\/estancias-de-investigacion\/","title":{"rendered":"Estancias de investigaci\u00f3n"},"content":{"rendered":"\t\t<div data-elementor-type=\"wp-page\" data-elementor-id=\"62\" class=\"elementor elementor-62\" data-elementor-post-type=\"page\">\n\t\t\t\t\t\t<section class=\"elementor-section elementor-top-section elementor-element elementor-element-2086a5f elementor-section-boxed elementor-section-height-default elementor-section-height-default\" data-id=\"2086a5f\" data-element_type=\"section\">\n\t\t\t\t\t\t<div class=\"elementor-container elementor-column-gap-default\">\n\t\t\t\t\t<div class=\"elementor-column elementor-col-100 elementor-top-column elementor-element elementor-element-a762a4f\" data-id=\"a762a4f\" data-element_type=\"column\">\n\t\t\t<div class=\"elementor-widget-wrap elementor-element-populated\">\n\t\t\t\t\t\t<div class=\"elementor-element elementor-element-72542a0 elementor-invisible elementor-widget elementor-widget-heading\" data-id=\"72542a0\" data-element_type=\"widget\" data-settings=\"{&quot;_animation&quot;:&quot;slideInRight&quot;}\" data-widget_type=\"heading.default\">\n\t\t\t\t<div class=\"elementor-widget-container\">\n\t\t\t\t\t<h3 class=\"elementor-heading-title elementor-size-default\">EUROPA<\/h3>\t\t\t\t<\/div>\n\t\t\t\t<\/div>\n\t\t\t\t\t<\/div>\n\t\t<\/div>\n\t\t\t\t\t<\/div>\n\t\t<\/section>\n\t\t\t\t<section class=\"elementor-section elementor-top-section elementor-element elementor-element-ce37f6c elementor-section-boxed elementor-section-height-default elementor-section-height-default\" data-id=\"ce37f6c\" data-element_type=\"section\">\n\t\t\t\t\t\t<div class=\"elementor-container elementor-column-gap-default\">\n\t\t\t\t\t<div class=\"elementor-column elementor-col-100 elementor-top-column elementor-element elementor-element-5b0de21 elementor-invisible\" data-id=\"5b0de21\" data-element_type=\"column\" data-settings=\"{&quot;animation&quot;:&quot;slideInLeft&quot;}\">\n\t\t\t<div class=\"elementor-widget-wrap elementor-element-populated\">\n\t\t\t\t\t\t<div class=\"elementor-element elementor-element-e1142c1 elementor-widget elementor-widget-text-editor\" data-id=\"e1142c1\" data-element_type=\"widget\" data-widget_type=\"text-editor.default\">\n\t\t\t\t<div class=\"elementor-widget-container\">\n\t\t\t\t\t\t\t\t\t<p><span style=\"color: #000000;\"><strong>ITALIA<\/strong><\/span><\/p><p><strong>Politecnico di Milano. Dipartimento di Architettura e Studi Urbani.<\/strong><br \/>Marina L\u00f3pez S\u00e1nchez<br \/>Investigadora predoctoral<br \/>01-04-2021 \/ 30-06-2021 (3 meses)<\/p><p><strong>Universit\u00e0 IUAV di Venezia. Dipartimento di Culture del Progetto.<\/strong><br \/>Carlos Plaza Morillo<br \/>Investigador posdoctoral<br \/>01-10-2017 \/ 01-12-2017 (2 meses)<\/p><p>Marina L\u00f3pez S\u00e1nchez<br \/>Investigadora predoctoral<br \/>01-05-2019 \/ 31-07-2019 (3 meses)<br \/>01-04-2018 \/ 30-06-2018 (3 meses)<\/p><p><strong>Universit\u00e0 degli Studi di Firenze<br \/><\/strong>Rebeca Merino del R\u00edo<br \/>Investigadora predoctoral<br \/>06-06-2019 \/ 06-12-2019 (6 meses)<br \/>05-07-2020 \/ 05-09-2020 (2 meses)<br \/>16-09-2020 \/ 15-01-2021 (4 meses)<\/p><p>Investigadora posdoctoral<br \/>01-07-2021 \/ 30-09-2021 (3 meses)<\/p><p><strong>Kunsthistorisches Institut in Florenz.<\/strong><br \/>Carlos Plaza Morillo<br \/>Investigador posdoctoral<br \/>23-10-2019 \/ 23-12-2019 (2 meses)<br \/>12-08-2018 \/ 12-10-2018 (2 meses)<\/p><p>Rebeca Merino del R\u00edo<br \/>Investigadora posdoctoral<br \/>01-10-2021 \/ 31-12-2021 (3 meses)<\/p><p><strong>Universit\u00e1 degli Studi di Napoli. Dipartimento di Studi Umanistici.<\/strong><br \/>Carlos Plaza Morillo<br \/>Investigador posdoctoral<br \/>02-08-2021 \/\u00a0 02-10-2021 (2 meses)<\/p><p><strong>Universit\u00e0 Sapienza di Roma. Facolt\u00e0 di Architettura<\/strong><br \/>Cristina Vicente Gilabert<br \/>Investigadora predoctoral<br \/>01-03-2022 \/ 31-05-2022 (3 meses)<br \/>10-09-2021 \/ 09-12-2021 (3 meses)<\/p>\t\t\t\t\t\t\t\t<\/div>\n\t\t\t\t<\/div>\n\t\t\t\t\t<\/div>\n\t\t<\/div>\n\t\t\t\t\t<\/div>\n\t\t<\/section>\n\t\t\t\t<section class=\"elementor-section elementor-top-section elementor-element elementor-element-3bc1275 elementor-section-boxed elementor-section-height-default elementor-section-height-default\" data-id=\"3bc1275\" data-element_type=\"section\">\n\t\t\t\t\t\t<div class=\"elementor-container elementor-column-gap-default\">\n\t\t\t\t\t<div class=\"elementor-column elementor-col-100 elementor-top-column elementor-element elementor-element-a9ee9d9 elementor-invisible\" data-id=\"a9ee9d9\" data-element_type=\"column\" data-settings=\"{&quot;animation&quot;:&quot;slideInLeft&quot;}\">\n\t\t\t<div class=\"elementor-widget-wrap elementor-element-populated\">\n\t\t\t\t\t\t<div class=\"elementor-element elementor-element-7c844ce elementor-widget elementor-widget-text-editor\" data-id=\"7c844ce\" data-element_type=\"widget\" data-widget_type=\"text-editor.default\">\n\t\t\t\t<div class=\"elementor-widget-container\">\n\t\t\t\t\t\t\t\t\t<p><span style=\"color: #000000;\"><strong>FRANCIA<\/strong><\/span><\/p><p><strong>\u00c9cole Nationale Sup\u00e9rieure d&#8217;Architecture de Lyon<br \/><\/strong>Emilio J. Mascort Albea<br \/>Investigador predoctoral<br \/>20-04-2016 \/ 20-07-2016 (3 meses)<\/p>\t\t\t\t\t\t\t\t<\/div>\n\t\t\t\t<\/div>\n\t\t\t\t\t<\/div>\n\t\t<\/div>\n\t\t\t\t\t<\/div>\n\t\t<\/section>\n\t\t\t\t<section class=\"elementor-section elementor-top-section elementor-element elementor-element-2a590d7 elementor-section-boxed elementor-section-height-default elementor-section-height-default\" data-id=\"2a590d7\" data-element_type=\"section\">\n\t\t\t\t\t\t<div class=\"elementor-container elementor-column-gap-default\">\n\t\t\t\t\t<div class=\"elementor-column elementor-col-100 elementor-top-column elementor-element elementor-element-ac12ea5 elementor-invisible\" data-id=\"ac12ea5\" data-element_type=\"column\" data-settings=\"{&quot;animation&quot;:&quot;slideInLeft&quot;}\">\n\t\t\t<div class=\"elementor-widget-wrap elementor-element-populated\">\n\t\t\t\t\t\t<div class=\"elementor-element elementor-element-6d3b36d elementor-widget elementor-widget-text-editor\" data-id=\"6d3b36d\" data-element_type=\"widget\" data-widget_type=\"text-editor.default\">\n\t\t\t\t<div class=\"elementor-widget-container\">\n\t\t\t\t\t\t\t\t\t<p><strong>PAISAJES BAJOS<\/strong><\/p><p><strong>\u00a0<\/strong><strong>Delft University of Technology<br \/><\/strong>Rebeca Merino del R\u00edo<br \/>Investigadora predoctoral<\/p><p>01-10-2016 \/ 01-01-2017 (3 meses)<br \/>01-11-2017 \/ 30-09-2017 (3 meses)<\/p>\t\t\t\t\t\t\t\t<\/div>\n\t\t\t\t<\/div>\n\t\t\t\t\t<\/div>\n\t\t<\/div>\n\t\t\t\t\t<\/div>\n\t\t<\/section>\n\t\t\t\t<section class=\"elementor-section elementor-top-section elementor-element elementor-element-ea03b4d elementor-section-boxed elementor-section-height-default elementor-section-height-default\" data-id=\"ea03b4d\" data-element_type=\"section\">\n\t\t\t\t\t\t<div class=\"elementor-container elementor-column-gap-default\">\n\t\t\t\t\t<div class=\"elementor-column elementor-col-100 elementor-top-column elementor-element elementor-element-a7580dc elementor-invisible\" data-id=\"a7580dc\" data-element_type=\"column\" data-settings=\"{&quot;animation&quot;:&quot;slideInLeft&quot;}\">\n\t\t\t<div class=\"elementor-widget-wrap elementor-element-populated\">\n\t\t\t\t\t\t<div class=\"elementor-element elementor-element-f64f50b elementor-widget elementor-widget-text-editor\" data-id=\"f64f50b\" data-element_type=\"widget\" data-widget_type=\"text-editor.default\">\n\t\t\t\t<div class=\"elementor-widget-container\">\n\t\t\t\t\t\t\t\t\t<p><span style=\"color: #000000;\"><strong>ALEMANIA <\/strong><\/span><\/p><p><strong>Technische Universit\u00e4t Berlin<br \/><\/strong>Emilio J. Mascort Albea<br \/>Investigador predoctoral<br \/>15-07-2017 \/ 10-09-2017 (1 mes y 25 d\u00edas)<\/p><p>Investigador posdoctoral<br \/>20-07-2020 \/ 10-10-2020 (2 meses y 20 d\u00edas)<\/p>\t\t\t\t\t\t\t\t<\/div>\n\t\t\t\t<\/div>\n\t\t\t\t\t<\/div>\n\t\t<\/div>\n\t\t\t\t\t<\/div>\n\t\t<\/section>\n\t\t\t\t<section class=\"elementor-section elementor-top-section elementor-element elementor-element-d1f5519 elementor-section-boxed elementor-section-height-default elementor-section-height-default\" data-id=\"d1f5519\" data-element_type=\"section\">\n\t\t\t\t\t\t<div class=\"elementor-container elementor-column-gap-default\">\n\t\t\t\t\t<div class=\"elementor-column elementor-col-100 elementor-top-column elementor-element elementor-element-5a74a18 elementor-invisible\" data-id=\"5a74a18\" data-element_type=\"column\" data-settings=\"{&quot;animation&quot;:&quot;slideInLeft&quot;}\">\n\t\t\t<div class=\"elementor-widget-wrap elementor-element-populated\">\n\t\t\t\t\t\t<div class=\"elementor-element elementor-element-97e9237 elementor-widget elementor-widget-text-editor\" data-id=\"97e9237\" data-element_type=\"widget\" data-widget_type=\"text-editor.default\">\n\t\t\t\t<div class=\"elementor-widget-container\">\n\t\t\t\t\t\t\t\t\t<p><span style=\"color: #000000;\"><strong>ESPA\u00d1A<\/strong><\/span><\/p><p><strong>Universidad de Sevilla. Escuela T\u00e9cnica Superior de Arquitectura, Departamento de Expresi\u00f3n Gr\u00e1fica y Arquitect\u00f3nica<br \/><\/strong>Mauro Marzo<\/p><p>Profesor e investigador visitante<\/p><p>20-09-2021 \/ 20-12-2021 (3 meses)<\/p><p>Viola Bertini<\/p><p>Profesora e investigadora visitante<\/p><p>20-09-2021 \/ 20-12-2021 (3 meses)<\/p>\t\t\t\t\t\t\t\t<\/div>\n\t\t\t\t<\/div>\n\t\t\t\t\t<\/div>\n\t\t<\/div>\n\t\t\t\t\t<\/div>\n\t\t<\/section>\n\t\t\t\t<section class=\"elementor-section elementor-top-section elementor-element elementor-element-e87164f elementor-section-boxed elementor-section-height-default elementor-section-height-default\" data-id=\"e87164f\" data-element_type=\"section\">\n\t\t\t\t\t\t<div class=\"elementor-container elementor-column-gap-default\">\n\t\t\t\t\t<div class=\"elementor-column elementor-col-100 elementor-top-column elementor-element elementor-element-fd7eca6 elementor-invisible\" data-id=\"fd7eca6\" data-element_type=\"column\" data-settings=\"{&quot;animation&quot;:&quot;slideInLeft&quot;}\">\n\t\t\t<div class=\"elementor-widget-wrap elementor-element-populated\">\n\t\t\t\t\t\t<div class=\"elementor-element elementor-element-70d567bf elementor-widget elementor-widget-text-editor\" data-id=\"70d567bf\" data-element_type=\"widget\" data-widget_type=\"text-editor.default\">\n\t\t\t\t<div class=\"elementor-widget-container\">\n\t\t\t\t\t\t\t\t\t<p><span style=\"color: #000000;\"><strong>PORTUGAL<\/strong><\/span><\/p><p><strong>\u00a0<\/strong><strong>Universidade de Evora. CIDEHUS &#8211; Centro Interdisciplinar de Hist\u00f3ria, Culturas e Sociedades, <\/strong><\/p><p>Viola Bertini, investigadora visitante<\/p><p>Periodos cortos de investigaci\u00f3n durante el a\u00f1o 2016<\/p>\t\t\t\t\t\t\t\t<\/div>\n\t\t\t\t<\/div>\n\t\t\t\t\t<\/div>\n\t\t<\/div>\n\t\t\t\t\t<\/div>\n\t\t<\/section>\n\t\t\t\t<section class=\"elementor-section elementor-top-section elementor-element elementor-element-241adc6 elementor-section-boxed elementor-section-height-default elementor-section-height-default\" data-id=\"241adc6\" data-element_type=\"section\">\n\t\t\t\t\t\t<div class=\"elementor-container elementor-column-gap-default\">\n\t\t\t\t\t<div class=\"elementor-column elementor-col-100 elementor-top-column elementor-element elementor-element-37b699d\" data-id=\"37b699d\" data-element_type=\"column\">\n\t\t\t<div class=\"elementor-widget-wrap elementor-element-populated\">\n\t\t\t\t\t\t<div class=\"elementor-element elementor-element-219dfec elementor-invisible elementor-widget elementor-widget-heading\" data-id=\"219dfec\" data-element_type=\"widget\" data-settings=\"{&quot;_animation&quot;:&quot;slideInRight&quot;}\" data-widget_type=\"heading.default\">\n\t\t\t\t<div class=\"elementor-widget-container\">\n\t\t\t\t\t<h3 class=\"elementor-heading-title elementor-size-default\">AM\u00c9RICA DEL SUR<\/h3>\t\t\t\t<\/div>\n\t\t\t\t<\/div>\n\t\t\t\t\t<\/div>\n\t\t<\/div>\n\t\t\t\t\t<\/div>\n\t\t<\/section>\n\t\t\t\t<section class=\"elementor-section elementor-top-section elementor-element elementor-element-a0b35d6 elementor-section-boxed elementor-section-height-default elementor-section-height-default\" data-id=\"a0b35d6\" data-element_type=\"section\">\n\t\t\t\t\t\t<div class=\"elementor-container elementor-column-gap-default\">\n\t\t\t\t\t<div class=\"elementor-column elementor-col-100 elementor-top-column elementor-element elementor-element-6b7cd60 elementor-invisible\" data-id=\"6b7cd60\" data-element_type=\"column\" data-settings=\"{&quot;animation&quot;:&quot;slideInLeft&quot;}\">\n\t\t\t<div class=\"elementor-widget-wrap elementor-element-populated\">\n\t\t\t\t\t\t<div class=\"elementor-element elementor-element-35a300e elementor-widget elementor-widget-text-editor\" data-id=\"35a300e\" data-element_type=\"widget\" data-widget_type=\"text-editor.default\">\n\t\t\t\t<div class=\"elementor-widget-container\">\n\t\t\t\t\t\t\t\t\t<p><span style=\"color: #000000;\"><strong>M\u00c9XICO<\/strong><\/span><\/p><p><strong>Universidad Nacional Aut\u00f3noma de Mexico, Escuela de Arquitectura.<\/strong><br \/>Carlos Plaza Morillo<br \/>Investigador posdoctoral<br \/>6-12-2021 \/ 21-12-2021 (15 d\u00edas)<\/p>\t\t\t\t\t\t\t\t<\/div>\n\t\t\t\t<\/div>\n\t\t\t\t\t<\/div>\n\t\t<\/div>\n\t\t\t\t\t<\/div>\n\t\t<\/section>\n\t\t\t\t<section class=\"elementor-section elementor-top-section elementor-element elementor-element-c03faaa elementor-section-boxed elementor-section-height-default elementor-section-height-default\" data-id=\"c03faaa\" data-element_type=\"section\">\n\t\t\t\t\t\t<div class=\"elementor-container elementor-column-gap-default\">\n\t\t\t\t\t<div class=\"elementor-column elementor-col-100 elementor-top-column elementor-element elementor-element-a7efc81\" data-id=\"a7efc81\" data-element_type=\"column\">\n\t\t\t<div class=\"elementor-widget-wrap elementor-element-populated\">\n\t\t\t\t\t\t<div class=\"elementor-element elementor-element-e3ea09c elementor-invisible elementor-widget elementor-widget-heading\" data-id=\"e3ea09c\" data-element_type=\"widget\" data-settings=\"{&quot;_animation&quot;:&quot;slideInRight&quot;}\" data-widget_type=\"heading.default\">\n\t\t\t\t<div class=\"elementor-widget-container\">\n\t\t\t\t\t<h3 class=\"elementor-heading-title elementor-size-default\">ORIENTE PR\u00d3XIMO<\/h3>\t\t\t\t<\/div>\n\t\t\t\t<\/div>\n\t\t\t\t\t<\/div>\n\t\t<\/div>\n\t\t\t\t\t<\/div>\n\t\t<\/section>\n\t\t\t\t<section class=\"elementor-section elementor-top-section elementor-element elementor-element-9d6b811 elementor-section-boxed elementor-section-height-default elementor-section-height-default\" data-id=\"9d6b811\" data-element_type=\"section\">\n\t\t\t\t\t\t<div class=\"elementor-container elementor-column-gap-default\">\n\t\t\t\t\t<div class=\"elementor-column elementor-col-100 elementor-top-column elementor-element elementor-element-4d62ad3f elementor-invisible\" data-id=\"4d62ad3f\" data-element_type=\"column\" data-settings=\"{&quot;animation&quot;:&quot;slideInLeft&quot;}\">\n\t\t\t<div class=\"elementor-widget-wrap elementor-element-populated\">\n\t\t\t\t\t\t<div class=\"elementor-element elementor-element-b738cff elementor-widget elementor-widget-text-editor\" data-id=\"b738cff\" data-element_type=\"widget\" data-widget_type=\"text-editor.default\">\n\t\t\t\t<div class=\"elementor-widget-container\">\n\t\t\t\t\t\t\t\t\t<p><span style=\"color: #000000;\"><strong>L\u00cdBANO<\/strong><\/span><\/p><p><strong>American University of Beirut. <\/strong><strong>Faculty of Engineering and Architecture<\/strong><\/p><p>Viola Bertini<\/p><p>Asesora de investigaci\u00f3n<\/p><p>01-11-2016 \/ 28-02-2017 (4 meses)<br \/>01-04-2016 \/ 30-07-2016 (4 meses)<br \/>01-12-2015 \/ 28-02-2016 (3 meses)<br \/>01-04-2015 \/ 30-06-2015 (3 meses)<br \/>01-05-2014 \/ 30-06-2014 (2 meses)<br \/>01-02-2014 \/ 30-04-2014 (3 meses)<\/p>\t\t\t\t\t\t\t\t<\/div>\n\t\t\t\t<\/div>\n\t\t\t\t\t<\/div>\n\t\t<\/div>\n\t\t\t\t\t<\/div>\n\t\t<\/section>\n\t\t\t\t<\/div>\n\t\t","protected":false},"excerpt":{"rendered":"<p>EUROPA ITALIA Politecnico di Milano. Dipartimento di Architettura e Studi Urbani.Marina L\u00f3pez S\u00e1nchezInvestigadora predoctoral01-04-2021 \/ 30-06-2021 (3 meses) Universit\u00e0 IUAV di Venezia. Dipartimento di Culture del Progetto.Carlos Plaza MorilloInvestigador posdoctoral01-10-2017 \/ 01-12-2017 (2 meses) Marina L\u00f3pez S\u00e1nchezInvestigadora predoctoral01-05-2019 \/ 31-07-2019 (3 meses)01-04-2018 \/ 30-06-2018 (3 meses) Universit\u00e0 degli Studi di FirenzeRebeca Merino del R\u00edoInvestigadora predoctoral06-06-2019 [&hellip;]<\/p>\n","protected":false},"author":1,"featured_media":0,"parent":0,"menu_order":0,"comment_status":"closed","ping_status":"closed","template":"","meta":{"footnotes":""},"class_list":["post-62","page","type-page","status-publish","hentry"],"yoast_head":"<!-- This site is optimized with the Yoast SEO plugin v26.2 - https:\/\/yoast.com\/wordpress\/plugins\/seo\/ -->\n<title>Estancias de investigaci\u00f3n - Laboratorio de Redes de Patrimonio Turismo y Paisaje<\/title>\n<meta name=\"robots\" content=\"index, follow, max-snippet:-1, max-image-preview:large, max-video-preview:-1\" \/>\n<link rel=\"canonical\" href=\"https:\/\/grupo.us.es\/labhtlnet\/estancias-de-investigacion\/\" \/>\n<meta property=\"og:locale\" content=\"es_ES\" \/>\n<meta property=\"og:type\" content=\"article\" \/>\n<meta property=\"og:title\" content=\"Estancias de investigaci\u00f3n - Laboratorio de Redes de Patrimonio Turismo y Paisaje\" \/>\n<meta property=\"og:description\" content=\"EUROPA ITALIA Politecnico di Milano. Dipartimento di Architettura e Studi Urbani.Marina L\u00f3pez S\u00e1nchezInvestigadora predoctoral01-04-2021 \/ 30-06-2021 (3 meses) Universit\u00e0 IUAV di Venezia. Dipartimento di Culture del Progetto.Carlos Plaza MorilloInvestigador posdoctoral01-10-2017 \/ 01-12-2017 (2 meses) Marina L\u00f3pez S\u00e1nchezInvestigadora predoctoral01-05-2019 \/ 31-07-2019 (3 meses)01-04-2018 \/ 30-06-2018 (3 meses) Universit\u00e0 degli Studi di FirenzeRebeca Merino del R\u00edoInvestigadora predoctoral06-06-2019 [&hellip;]\" \/>\n<meta property=\"og:url\" content=\"https:\/\/grupo.us.es\/labhtlnet\/estancias-de-investigacion\/\" \/>\n<meta property=\"og:site_name\" content=\"Laboratorio de Redes de Patrimonio Turismo y Paisaje\" \/>\n<meta property=\"article:modified_time\" content=\"2022-06-15T09:11:05+00:00\" \/>\n<meta name=\"twitter:card\" content=\"summary_large_image\" \/>\n<meta name=\"twitter:label1\" content=\"Tiempo de lectura\" \/>\n\t<meta name=\"twitter:data1\" content=\"2 minutos\" \/>\n<script type=\"application\/ld+json\" class=\"yoast-schema-graph\">{\"@context\":\"https:\/\/schema.org\",\"@graph\":[{\"@type\":\"WebPage\",\"@id\":\"https:\/\/grupo.us.es\/labhtlnet\/estancias-de-investigacion\/\",\"url\":\"https:\/\/grupo.us.es\/labhtlnet\/estancias-de-investigacion\/\",\"name\":\"Estancias de investigaci\u00f3n - Laboratorio de Redes de Patrimonio Turismo y Paisaje\",\"isPartOf\":{\"@id\":\"https:\/\/grupo.us.es\/labhtlnet\/#website\"},\"datePublished\":\"2022-03-15T08:44:09+00:00\",\"dateModified\":\"2022-06-15T09:11:05+00:00\",\"inLanguage\":\"es\",\"potentialAction\":[{\"@type\":\"ReadAction\",\"target\":[\"https:\/\/grupo.us.es\/labhtlnet\/estancias-de-investigacion\/\"]}]},{\"@type\":\"WebSite\",\"@id\":\"https:\/\/grupo.us.es\/labhtlnet\/#website\",\"url\":\"https:\/\/grupo.us.es\/labhtlnet\/\",\"name\":\"Laboratorio de Redes de Patrimonio Turismo y Paisaje\",\"description\":\"\",\"publisher\":{\"@id\":\"https:\/\/grupo.us.es\/labhtlnet\/#organization\"},\"potentialAction\":[{\"@type\":\"SearchAction\",\"target\":{\"@type\":\"EntryPoint\",\"urlTemplate\":\"https:\/\/grupo.us.es\/labhtlnet\/?s={search_term_string}\"},\"query-input\":{\"@type\":\"PropertyValueSpecification\",\"valueRequired\":true,\"valueName\":\"search_term_string\"}}],\"inLanguage\":\"es\"},{\"@type\":\"Organization\",\"@id\":\"https:\/\/grupo.us.es\/labhtlnet\/#organization\",\"name\":\"Laboratorio de Redes de Patrimonio Turismo y Paisaje\",\"url\":\"https:\/\/grupo.us.es\/labhtlnet\/\",\"logo\":{\"@type\":\"ImageObject\",\"inLanguage\":\"es\",\"@id\":\"https:\/\/grupo.us.es\/labhtlnet\/#\/schema\/logo\/image\/\",\"url\":\"https:\/\/grupo.us.es\/labhtlnet\/wp-content\/uploads\/2022\/06\/cropped-Logo-LAB-1.jpg\",\"contentUrl\":\"https:\/\/grupo.us.es\/labhtlnet\/wp-content\/uploads\/2022\/06\/cropped-Logo-LAB-1.jpg\",\"width\":200,\"height\":44,\"caption\":\"Laboratorio de Redes de Patrimonio Turismo y Paisaje\"},\"image\":{\"@id\":\"https:\/\/grupo.us.es\/labhtlnet\/#\/schema\/logo\/image\/\"}}]}<\/script>\n<!-- \/ Yoast SEO plugin. -->","yoast_head_json":{"title":"Estancias de investigaci\u00f3n - Laboratorio de Redes de Patrimonio Turismo y Paisaje","robots":{"index":"index","follow":"follow","max-snippet":"max-snippet:-1","max-image-preview":"max-image-preview:large","max-video-preview":"max-video-preview:-1"},"canonical":"https:\/\/grupo.us.es\/labhtlnet\/estancias-de-investigacion\/","og_locale":"es_ES","og_type":"article","og_title":"Estancias de investigaci\u00f3n - Laboratorio de Redes de Patrimonio Turismo y Paisaje","og_description":"EUROPA ITALIA Politecnico di Milano. Dipartimento di Architettura e Studi Urbani.Marina L\u00f3pez S\u00e1nchezInvestigadora predoctoral01-04-2021 \/ 30-06-2021 (3 meses) Universit\u00e0 IUAV di Venezia. Dipartimento di Culture del Progetto.Carlos Plaza MorilloInvestigador posdoctoral01-10-2017 \/ 01-12-2017 (2 meses) Marina L\u00f3pez S\u00e1nchezInvestigadora predoctoral01-05-2019 \/ 31-07-2019 (3 meses)01-04-2018 \/ 30-06-2018 (3 meses) Universit\u00e0 degli Studi di FirenzeRebeca Merino del R\u00edoInvestigadora predoctoral06-06-2019 [&hellip;]","og_url":"https:\/\/grupo.us.es\/labhtlnet\/estancias-de-investigacion\/","og_site_name":"Laboratorio de Redes de Patrimonio Turismo y Paisaje","article_modified_time":"2022-06-15T09:11:05+00:00","twitter_card":"summary_large_image","twitter_misc":{"Tiempo de lectura":"2 minutos"},"schema":{"@context":"https:\/\/schema.org","@graph":[{"@type":"WebPage","@id":"https:\/\/grupo.us.es\/labhtlnet\/estancias-de-investigacion\/","url":"https:\/\/grupo.us.es\/labhtlnet\/estancias-de-investigacion\/","name":"Estancias de investigaci\u00f3n - Laboratorio de Redes de Patrimonio Turismo y Paisaje","isPartOf":{"@id":"https:\/\/grupo.us.es\/labhtlnet\/#website"},"datePublished":"2022-03-15T08:44:09+00:00","dateModified":"2022-06-15T09:11:05+00:00","inLanguage":"es","potentialAction":[{"@type":"ReadAction","target":["https:\/\/grupo.us.es\/labhtlnet\/estancias-de-investigacion\/"]}]},{"@type":"WebSite","@id":"https:\/\/grupo.us.es\/labhtlnet\/#website","url":"https:\/\/grupo.us.es\/labhtlnet\/","name":"Laboratorio de Redes de Patrimonio Turismo y Paisaje","description":"","publisher":{"@id":"https:\/\/grupo.us.es\/labhtlnet\/#organization"},"potentialAction":[{"@type":"SearchAction","target":{"@type":"EntryPoint","urlTemplate":"https:\/\/grupo.us.es\/labhtlnet\/?s={search_term_string}"},"query-input":{"@type":"PropertyValueSpecification","valueRequired":true,"valueName":"search_term_string"}}],"inLanguage":"es"},{"@type":"Organization","@id":"https:\/\/grupo.us.es\/labhtlnet\/#organization","name":"Laboratorio de Redes de Patrimonio Turismo y Paisaje","url":"https:\/\/grupo.us.es\/labhtlnet\/","logo":{"@type":"ImageObject","inLanguage":"es","@id":"https:\/\/grupo.us.es\/labhtlnet\/#\/schema\/logo\/image\/","url":"https:\/\/grupo.us.es\/labhtlnet\/wp-content\/uploads\/2022\/06\/cropped-Logo-LAB-1.jpg","contentUrl":"https:\/\/grupo.us.es\/labhtlnet\/wp-content\/uploads\/2022\/06\/cropped-Logo-LAB-1.jpg","width":200,"height":44,"caption":"Laboratorio de Redes de Patrimonio Turismo y Paisaje"},"image":{"@id":"https:\/\/grupo.us.es\/labhtlnet\/#\/schema\/logo\/image\/"}}]}},"_links":{"self":[{"href":"https:\/\/grupo.us.es\/labhtlnet\/wp-json\/wp\/v2\/pages\/62","targetHints":{"allow":["GET"]}}],"collection":[{"href":"https:\/\/grupo.us.es\/labhtlnet\/wp-json\/wp\/v2\/pages"}],"about":[{"href":"https:\/\/grupo.us.es\/labhtlnet\/wp-json\/wp\/v2\/types\/page"}],"author":[{"embeddable":true,"href":"https:\/\/grupo.us.es\/labhtlnet\/wp-json\/wp\/v2\/users\/1"}],"replies":[{"embeddable":true,"href":"https:\/\/grupo.us.es\/labhtlnet\/wp-json\/wp\/v2\/comments?post=62"}],"version-history":[{"count":0,"href":"https:\/\/grupo.us.es\/labhtlnet\/wp-json\/wp\/v2\/pages\/62\/revisions"}],"wp:attachment":[{"href":"https:\/\/grupo.us.es\/labhtlnet\/wp-json\/wp\/v2\/media?parent=62"}],"curies":[{"name":"wp","href":"https:\/\/api.w.org\/{rel}","templated":true}]}}