{"id":56,"date":"2022-03-15T08:43:32","date_gmt":"2022-03-15T08:43:32","guid":{"rendered":"https:\/\/grupo.us.es\/labhtlnet\/?page_id=56"},"modified":"2022-06-21T11:06:02","modified_gmt":"2022-06-21T11:06:02","slug":"libros","status":"publish","type":"page","link":"https:\/\/grupo.us.es\/labhtlnet\/libros\/","title":{"rendered":"Libros"},"content":{"rendered":"\t\t<div data-elementor-type=\"wp-page\" data-elementor-id=\"56\" class=\"elementor elementor-56\" data-elementor-post-type=\"page\">\n\t\t\t\t\t\t<section class=\"elementor-section elementor-top-section elementor-element elementor-element-2b296fd elementor-section-stretched elementor-section-boxed elementor-section-height-default elementor-section-height-default\" data-id=\"2b296fd\" data-element_type=\"section\" data-settings=\"{&quot;stretch_section&quot;:&quot;section-stretched&quot;}\">\n\t\t\t\t\t\t<div class=\"elementor-container elementor-column-gap-default\">\n\t\t\t\t\t<div class=\"elementor-column elementor-col-100 elementor-top-column elementor-element elementor-element-ef45c30\" data-id=\"ef45c30\" data-element_type=\"column\">\n\t\t\t<div class=\"elementor-widget-wrap elementor-element-populated\">\n\t\t\t\t\t\t<div class=\"elementor-element elementor-element-cd93f7e elementor-widget elementor-widget-heading\" data-id=\"cd93f7e\" data-element_type=\"widget\" data-widget_type=\"heading.default\">\n\t\t\t\t<div class=\"elementor-widget-container\">\n\t\t\t\t\t<h3 class=\"elementor-heading-title elementor-size-default\">Libros producidos en el seno de los proyectos de investigaci\u00f3n del equipo<\/h3>\t\t\t\t<\/div>\n\t\t\t\t<\/div>\n\t\t\t\t\t<\/div>\n\t\t<\/div>\n\t\t\t\t\t<\/div>\n\t\t<\/section>\n\t\t\t\t<section class=\"elementor-section elementor-top-section elementor-element elementor-element-a698699 elementor-section-stretched elementor-section-boxed elementor-section-height-default elementor-section-height-default\" data-id=\"a698699\" data-element_type=\"section\" data-settings=\"{&quot;stretch_section&quot;:&quot;section-stretched&quot;,&quot;background_background&quot;:&quot;classic&quot;}\">\n\t\t\t\t\t\t<div class=\"elementor-container elementor-column-gap-default\">\n\t\t\t\t\t<div class=\"elementor-column elementor-col-100 elementor-top-column elementor-element elementor-element-bc0c8f1\" data-id=\"bc0c8f1\" data-element_type=\"column\" data-settings=\"{&quot;background_background&quot;:&quot;classic&quot;}\">\n\t\t\t<div class=\"elementor-widget-wrap elementor-element-populated\">\n\t\t\t\t\t\t<section class=\"elementor-section elementor-inner-section elementor-element elementor-element-ce77342 elementor-section-boxed elementor-section-height-default elementor-section-height-default\" data-id=\"ce77342\" data-element_type=\"section\">\n\t\t\t\t\t\t<div class=\"elementor-container elementor-column-gap-default\">\n\t\t\t\t\t<div class=\"elementor-column elementor-col-50 elementor-inner-column elementor-element elementor-element-b6f436e\" data-id=\"b6f436e\" data-element_type=\"column\">\n\t\t\t<div class=\"elementor-widget-wrap elementor-element-populated\">\n\t\t\t\t\t\t<div class=\"elementor-element elementor-element-bdeb0a1 elementor-widget elementor-widget-image\" data-id=\"bdeb0a1\" data-element_type=\"widget\" data-widget_type=\"image.default\">\n\t\t\t\t<div class=\"elementor-widget-container\">\n\t\t\t\t\t\t\t\t\t\t\t\t\t\t\t\t<a href=\"https:\/\/grupo.us.es\/labhtlnet\/libros_pdf\/INNOVACION_PARA_LA_GESTION_INTEGRADA_DEL_PATRIMONIO_%20EL_PAISAJE_Y_EL_TURISMO.pdf\" target=\"_blank\" rel=\"nofollow\">\n\t\t\t\t\t\t\t<img fetchpriority=\"high\" decoding=\"async\" width=\"796\" height=\"1024\" src=\"https:\/\/grupo.us.es\/labhtlnet\/wp-content\/uploads\/2022\/06\/Portada-Libro-1_Innovacion-para-la-Gestion-796x1024.jpg\" class=\"attachment-large size-large wp-image-1683\" alt=\"\" srcset=\"https:\/\/grupo.us.es\/labhtlnet\/wp-content\/uploads\/2022\/06\/Portada-Libro-1_Innovacion-para-la-Gestion-796x1024.jpg 796w, https:\/\/grupo.us.es\/labhtlnet\/wp-content\/uploads\/2022\/06\/Portada-Libro-1_Innovacion-para-la-Gestion-233x300.jpg 233w, https:\/\/grupo.us.es\/labhtlnet\/wp-content\/uploads\/2022\/06\/Portada-Libro-1_Innovacion-para-la-Gestion-768x988.jpg 768w, https:\/\/grupo.us.es\/labhtlnet\/wp-content\/uploads\/2022\/06\/Portada-Libro-1_Innovacion-para-la-Gestion-1195x1536.jpg 1195w, https:\/\/grupo.us.es\/labhtlnet\/wp-content\/uploads\/2022\/06\/Portada-Libro-1_Innovacion-para-la-Gestion-1593x2048.jpg 1593w, https:\/\/grupo.us.es\/labhtlnet\/wp-content\/uploads\/2022\/06\/Portada-Libro-1_Innovacion-para-la-Gestion-scaled.jpg 1991w\" sizes=\"(max-width: 796px) 100vw, 796px\" \/>\t\t\t\t\t\t\t\t<\/a>\n\t\t\t\t\t\t\t\t\t\t\t\t\t\t\t<\/div>\n\t\t\t\t<\/div>\n\t\t\t\t\t<\/div>\n\t\t<\/div>\n\t\t\t\t<div class=\"elementor-column elementor-col-50 elementor-inner-column elementor-element elementor-element-b8faeb8\" data-id=\"b8faeb8\" data-element_type=\"column\">\n\t\t\t<div class=\"elementor-widget-wrap elementor-element-populated\">\n\t\t\t\t\t\t<div class=\"elementor-element elementor-element-8988e69 elementor-widget elementor-widget-text-editor\" data-id=\"8988e69\" data-element_type=\"widget\" data-widget_type=\"text-editor.default\">\n\t\t\t\t<div class=\"elementor-widget-container\">\n\t\t\t\t\t\t\t\t\t<p><strong>Innovaci\u00f3n para la gesti\u00f3n integrada del patrimonio, el paisaje y el turismo<\/strong><\/p><p>Antonio Tejedor Cabrera, Mercedes Linares G\u00f3mez del Pulgar, Marina L\u00f3pez S\u00e1nchez y Rebeca Merino del R\u00edo (Coords.)<\/p><p>Sevilla, 2020<\/p><p>Editorial: Editorial Universidad de Sevilla y Ediciones Universidad de Valladolid<\/p><p>N\u00ba p\u00e1ginas: 428<\/p><p>ISBN (Editorial Universidad de Sevilla): 978-84-472-2970-3<\/p><p>Dep\u00f3sito Legal: SE 615-2020<\/p><p>ISBN (Ediciones Universidad de Valladolid): 978-84-1320-070-5<\/p>\t\t\t\t\t\t\t\t<\/div>\n\t\t\t\t<\/div>\n\t\t\t\t\t<\/div>\n\t\t<\/div>\n\t\t\t\t\t<\/div>\n\t\t<\/section>\n\t\t\t\t\t<\/div>\n\t\t<\/div>\n\t\t\t\t\t<\/div>\n\t\t<\/section>\n\t\t\t\t<section class=\"elementor-section elementor-top-section elementor-element elementor-element-a36f549 elementor-section-stretched elementor-section-boxed elementor-section-height-default elementor-section-height-default\" data-id=\"a36f549\" data-element_type=\"section\" data-settings=\"{&quot;stretch_section&quot;:&quot;section-stretched&quot;,&quot;background_background&quot;:&quot;classic&quot;}\">\n\t\t\t\t\t\t<div class=\"elementor-container elementor-column-gap-default\">\n\t\t\t\t\t<div class=\"elementor-column elementor-col-100 elementor-top-column elementor-element elementor-element-f88aebc\" data-id=\"f88aebc\" data-element_type=\"column\" data-settings=\"{&quot;background_background&quot;:&quot;classic&quot;}\">\n\t\t\t<div class=\"elementor-widget-wrap elementor-element-populated\">\n\t\t\t\t\t\t<section class=\"elementor-section elementor-inner-section elementor-element elementor-element-2b41a86 elementor-section-boxed elementor-section-height-default elementor-section-height-default\" data-id=\"2b41a86\" data-element_type=\"section\">\n\t\t\t\t\t\t<div class=\"elementor-container elementor-column-gap-default\">\n\t\t\t\t\t<div class=\"elementor-column elementor-col-50 elementor-inner-column elementor-element elementor-element-c4fd2c4\" data-id=\"c4fd2c4\" data-element_type=\"column\">\n\t\t\t<div class=\"elementor-widget-wrap elementor-element-populated\">\n\t\t\t\t\t\t<div class=\"elementor-element elementor-element-6338e91 elementor-widget elementor-widget-image\" data-id=\"6338e91\" data-element_type=\"widget\" data-widget_type=\"image.default\">\n\t\t\t\t<div class=\"elementor-widget-container\">\n\t\t\t\t\t\t\t\t\t\t\t\t\t\t\t\t<a href=\"https:\/\/grupo.us.es\/labhtlnet\/libros_pdf\/ARQUITECTURAS_MEDIADORAS_red.pdf\" target=\"_blank\" rel=\"nofollow\">\n\t\t\t\t\t\t\t<img decoding=\"async\" width=\"796\" height=\"1024\" src=\"https:\/\/grupo.us.es\/labhtlnet\/wp-content\/uploads\/2022\/06\/ARQUITECTURAS-MEDIADORAS-red-2-796x1024.jpg\" class=\"attachment-large size-large wp-image-1682\" alt=\"\" srcset=\"https:\/\/grupo.us.es\/labhtlnet\/wp-content\/uploads\/2022\/06\/ARQUITECTURAS-MEDIADORAS-red-2-796x1024.jpg 796w, https:\/\/grupo.us.es\/labhtlnet\/wp-content\/uploads\/2022\/06\/ARQUITECTURAS-MEDIADORAS-red-2-233x300.jpg 233w, https:\/\/grupo.us.es\/labhtlnet\/wp-content\/uploads\/2022\/06\/ARQUITECTURAS-MEDIADORAS-red-2-768x988.jpg 768w, https:\/\/grupo.us.es\/labhtlnet\/wp-content\/uploads\/2022\/06\/ARQUITECTURAS-MEDIADORAS-red-2-1195x1536.jpg 1195w, https:\/\/grupo.us.es\/labhtlnet\/wp-content\/uploads\/2022\/06\/ARQUITECTURAS-MEDIADORAS-red-2-1593x2048.jpg 1593w, https:\/\/grupo.us.es\/labhtlnet\/wp-content\/uploads\/2022\/06\/ARQUITECTURAS-MEDIADORAS-red-2-scaled.jpg 1991w\" sizes=\"(max-width: 796px) 100vw, 796px\" \/>\t\t\t\t\t\t\t\t<\/a>\n\t\t\t\t\t\t\t\t\t\t\t\t\t\t\t<\/div>\n\t\t\t\t<\/div>\n\t\t\t\t\t<\/div>\n\t\t<\/div>\n\t\t\t\t<div class=\"elementor-column elementor-col-50 elementor-inner-column elementor-element elementor-element-85bbac4\" data-id=\"85bbac4\" data-element_type=\"column\">\n\t\t\t<div class=\"elementor-widget-wrap elementor-element-populated\">\n\t\t\t\t\t\t<div class=\"elementor-element elementor-element-0ac52e6 elementor-widget elementor-widget-text-editor\" data-id=\"0ac52e6\" data-element_type=\"widget\" data-widget_type=\"text-editor.default\">\n\t\t\t\t<div class=\"elementor-widget-container\">\n\t\t\t\t\t\t\t\t\t<p><strong>Arquitecturas mediadoras. Sinergias entre patrimonio, paisaje y turismo en It\u00e1lica y Santiponce<\/strong><\/p><p>Antonio Tejedor Cabrera, Marina L\u00f3pez S\u00e1nchez y Cristina Vicente Gilabert (Coords.)<\/p><p>Sevilla, 2021<\/p><p>Editorial: Editorial Universidad de Sevilla<\/p><p>N\u00ba p\u00e1ginas: 102<\/p><p>ISBN: 978-84-472-2222-3<\/p>\t\t\t\t\t\t\t\t<\/div>\n\t\t\t\t<\/div>\n\t\t\t\t\t<\/div>\n\t\t<\/div>\n\t\t\t\t\t<\/div>\n\t\t<\/section>\n\t\t\t\t\t<\/div>\n\t\t<\/div>\n\t\t\t\t\t<\/div>\n\t\t<\/section>\n\t\t\t\t<section class=\"elementor-section elementor-top-section elementor-element elementor-element-ee8e41d elementor-section-stretched elementor-section-boxed elementor-section-height-default elementor-section-height-default\" data-id=\"ee8e41d\" data-element_type=\"section\" data-settings=\"{&quot;stretch_section&quot;:&quot;section-stretched&quot;,&quot;background_background&quot;:&quot;classic&quot;,&quot;shape_divider_top&quot;:&quot;tilt&quot;}\">\n\t\t\t\t\t<div class=\"elementor-shape elementor-shape-top\" aria-hidden=\"true\" data-negative=\"false\">\n\t\t\t<svg xmlns=\"http:\/\/www.w3.org\/2000\/svg\" viewBox=\"0 0 1000 100\" preserveAspectRatio=\"none\">\n\t<path class=\"elementor-shape-fill\" d=\"M0,6V0h1000v100L0,6z\"\/>\n<\/svg>\t\t<\/div>\n\t\t\t\t\t<div class=\"elementor-container elementor-column-gap-default\">\n\t\t\t\t\t<div class=\"elementor-column elementor-col-100 elementor-top-column elementor-element elementor-element-167bf5a\" data-id=\"167bf5a\" data-element_type=\"column\">\n\t\t\t<div class=\"elementor-widget-wrap elementor-element-populated\">\n\t\t\t\t\t\t<div class=\"elementor-element elementor-element-9e0404c elementor-widget elementor-widget-heading\" data-id=\"9e0404c\" data-element_type=\"widget\" data-widget_type=\"heading.default\">\n\t\t\t\t<div class=\"elementor-widget-container\">\n\t\t\t\t\t<h3 class=\"elementor-heading-title elementor-size-default\">Otros libros<\/h3>\t\t\t\t<\/div>\n\t\t\t\t<\/div>\n\t\t\t\t\t<\/div>\n\t\t<\/div>\n\t\t\t\t\t<\/div>\n\t\t<\/section>\n\t\t\t\t<section class=\"elementor-section elementor-top-section elementor-element elementor-element-f6dc54f elementor-section-stretched elementor-section-boxed elementor-section-height-default elementor-section-height-default\" data-id=\"f6dc54f\" data-element_type=\"section\" data-settings=\"{&quot;stretch_section&quot;:&quot;section-stretched&quot;,&quot;background_background&quot;:&quot;classic&quot;,&quot;shape_divider_bottom&quot;:&quot;tilt&quot;}\">\n\t\t\t\t\t<div class=\"elementor-shape elementor-shape-bottom\" aria-hidden=\"true\" data-negative=\"false\">\n\t\t\t<svg xmlns=\"http:\/\/www.w3.org\/2000\/svg\" viewBox=\"0 0 1000 100\" preserveAspectRatio=\"none\">\n\t<path class=\"elementor-shape-fill\" d=\"M0,6V0h1000v100L0,6z\"\/>\n<\/svg>\t\t<\/div>\n\t\t\t\t\t<div class=\"elementor-container elementor-column-gap-default\">\n\t\t\t\t\t<div class=\"elementor-column elementor-col-100 elementor-top-column elementor-element elementor-element-88c2d6d\" data-id=\"88c2d6d\" data-element_type=\"column\" data-settings=\"{&quot;background_background&quot;:&quot;classic&quot;}\">\n\t\t\t<div class=\"elementor-widget-wrap elementor-element-populated\">\n\t\t\t\t\t\t<div class=\"elementor-element elementor-element-643dac3 elementor-widget elementor-widget-text-editor\" data-id=\"643dac3\" data-element_type=\"widget\" data-widget_type=\"text-editor.default\">\n\t\t\t\t<div class=\"elementor-widget-container\">\n\t\t\t\t\t\t\t\t\t<p><u>Antonio Garc\u00eda, M.A.<\/u> (2021). <em>Activar paisajes industriales abandonados. El paisaje minero de La Carolina<\/em>. Ja\u00e9n: Fundaci\u00f3n Caja Rural Ja\u00e9n. ISBN: 78-84-121911-5-8.<\/p><p><u>Casares Porcel, M.<\/u>, Pi\u00f1ar Samos, J., <u>Tejedor Cabrera, A.<\/u>, Tito Rojo, J., <u>Linares G\u00f3mez del Pulgar, M.<\/u> y S\u00e1nchez G\u00f3mez, C. (2016). (Coords.), <em>Paseo de los C\u00e1rmenes del Darro: un paisaje hist\u00f3rico a los pies de la Alhambra. Granada: Patronato de la Alhambra y Generalife<\/em>. ISBN: 978-84-86827-87-8<\/p><p><u>G\u00f3rgolas, P.<\/u> (2020). <em>El Urbanismo en el litoral andaluz. Cambio de ciclo o reincidencia<\/em>. Madrid: Editorial Tirant Lo Blanch. Colecci\u00f3n Cr\u00f3nica. ISBN: 978-8417973100<\/p><p><u>G\u00f3rgolas, P.<\/u> y Sainz Guti\u00e9rrez, V. (2020). <em>El proyecto urbano de escala intermedia. La redacci\u00f3n de las figuras del planeamiento de desarrollo<\/em>. C\u00e1diz: Colegio Oficial de Arquitectos de C\u00e1diz y Universidad de C\u00e1diz. ISBN: 978-84-09-18759-1<\/p><p><u>G\u00f3rgolas, P.<\/u> (2019). <em>Dos d\u00e9cadas de urbanismo en Andaluc\u00eda (1997-2017). Historia de una contradicci\u00f3n<\/em>. Sevilla: Editorial de la Universidad de Sevilla. Colecci\u00f3n Kora, 36. ISBN: 978-84-472-2888-1<\/p><p><u>Linares G\u00f3mez del Pulgar, M.<\/u> y <u>Tejedor Cabrera, A.<\/u> (2016). <em>Los palacios de los Duques de Montpensier: Arquitectura y metamorfosis urbana en Villamanrique, Sanl\u00facar de Barrameda y Castilleja de la Cuesta<\/em>. Sevilla: Editorial de la Universidad de Sevilla. ISBN: 978-84-47218-26-4<\/p><p><u>Linares G\u00f3mez del Pulgar, M.<\/u> (2016). <em>Balbino Marr\u00f3n y Ranero: arquitecto municipal y provincial de Sevilla (1845-1867)<\/em>. Sevilla: Diputaci\u00f3n de Sevilla. ISBN: 978-84-7798-388-0<\/p><p><u>Mascort Albea, E.J.<\/u> (2018). <em>Mapas para el patrimonio: caracterizaci\u00f3n t\u00e9cnica de las iglesias medievales de Sevilla mediante sistemas de informaci\u00f3n geogr\u00e1fica (SIG).<\/em> Tesis Doctoral. Universidad de Sevilla. <a href=\"https:\/\/idus.us.es\/xmlui\/handle\/11441\/70745\">https:\/\/idus.us.es\/xmlui\/handle\/11441\/70745<\/a><\/p><p><u>Rocha, J. y Bertini, V. <\/u>(2020). (Eds.), <em>Architecture Tourism and Marginal Areas. <\/em><em>Reserach and Design Proposals<\/em>. Siracusa: LetteraVentidue. ISBN: 978-88-6242-342-7<\/p><p><u>Tejedor Cabrera, A.<\/u> (2013). (Ed.), <em>It\u00e1lica: tiempo y paisaje<\/em>. Sevilla: Universidad Internacional de Andaluc\u00eda. ISBN: 978-84-7993-238-1<\/p>\t\t\t\t\t\t\t\t<\/div>\n\t\t\t\t<\/div>\n\t\t\t\t\t<\/div>\n\t\t<\/div>\n\t\t\t\t\t<\/div>\n\t\t<\/section>\n\t\t\t\t<\/div>\n\t\t","protected":false},"excerpt":{"rendered":"<p>Libros producidos en el seno de los proyectos de investigaci\u00f3n del equipo Innovaci\u00f3n para la gesti\u00f3n integrada del patrimonio, el paisaje y el turismo Antonio Tejedor Cabrera, Mercedes Linares G\u00f3mez del Pulgar, Marina L\u00f3pez S\u00e1nchez y Rebeca Merino del R\u00edo (Coords.) Sevilla, 2020 Editorial: Editorial Universidad de Sevilla y Ediciones Universidad de Valladolid N\u00ba p\u00e1ginas: [&hellip;]<\/p>\n","protected":false},"author":1,"featured_media":0,"parent":0,"menu_order":0,"comment_status":"closed","ping_status":"closed","template":"","meta":{"footnotes":""},"class_list":["post-56","page","type-page","status-publish","hentry"],"yoast_head":"<!-- This site is optimized with the Yoast SEO plugin v26.2 - https:\/\/yoast.com\/wordpress\/plugins\/seo\/ -->\n<title>Libros - Laboratorio de Redes de Patrimonio Turismo y Paisaje<\/title>\n<meta name=\"robots\" content=\"index, follow, max-snippet:-1, max-image-preview:large, max-video-preview:-1\" \/>\n<link rel=\"canonical\" href=\"https:\/\/grupo.us.es\/labhtlnet\/libros\/\" \/>\n<meta property=\"og:locale\" content=\"es_ES\" \/>\n<meta property=\"og:type\" content=\"article\" \/>\n<meta property=\"og:title\" content=\"Libros - Laboratorio de Redes de Patrimonio Turismo y Paisaje\" \/>\n<meta property=\"og:description\" content=\"Libros producidos en el seno de los proyectos de investigaci\u00f3n del equipo Innovaci\u00f3n para la gesti\u00f3n integrada del patrimonio, el paisaje y el turismo Antonio Tejedor Cabrera, Mercedes Linares G\u00f3mez del Pulgar, Marina L\u00f3pez S\u00e1nchez y Rebeca Merino del R\u00edo (Coords.) Sevilla, 2020 Editorial: Editorial Universidad de Sevilla y Ediciones Universidad de Valladolid N\u00ba p\u00e1ginas: [&hellip;]\" \/>\n<meta property=\"og:url\" content=\"https:\/\/grupo.us.es\/labhtlnet\/libros\/\" \/>\n<meta property=\"og:site_name\" content=\"Laboratorio de Redes de Patrimonio Turismo y Paisaje\" \/>\n<meta property=\"article:modified_time\" content=\"2022-06-21T11:06:02+00:00\" \/>\n<meta property=\"og:image\" content=\"https:\/\/grupo.us.es\/labhtlnet\/wp-content\/uploads\/2022\/06\/Portada-Libro-1_Innovacion-para-la-Gestion-796x1024.jpg\" \/>\n<meta name=\"twitter:card\" content=\"summary_large_image\" \/>\n<meta name=\"twitter:label1\" content=\"Tiempo de lectura\" \/>\n\t<meta name=\"twitter:data1\" content=\"3 minutos\" \/>\n<script type=\"application\/ld+json\" class=\"yoast-schema-graph\">{\"@context\":\"https:\/\/schema.org\",\"@graph\":[{\"@type\":\"WebPage\",\"@id\":\"https:\/\/grupo.us.es\/labhtlnet\/libros\/\",\"url\":\"https:\/\/grupo.us.es\/labhtlnet\/libros\/\",\"name\":\"Libros - Laboratorio de Redes de Patrimonio Turismo y Paisaje\",\"isPartOf\":{\"@id\":\"https:\/\/grupo.us.es\/labhtlnet\/#website\"},\"primaryImageOfPage\":{\"@id\":\"https:\/\/grupo.us.es\/labhtlnet\/libros\/#primaryimage\"},\"image\":{\"@id\":\"https:\/\/grupo.us.es\/labhtlnet\/libros\/#primaryimage\"},\"thumbnailUrl\":\"https:\/\/grupo.us.es\/labhtlnet\/wp-content\/uploads\/2022\/06\/Portada-Libro-1_Innovacion-para-la-Gestion-796x1024.jpg\",\"datePublished\":\"2022-03-15T08:43:32+00:00\",\"dateModified\":\"2022-06-21T11:06:02+00:00\",\"inLanguage\":\"es\",\"potentialAction\":[{\"@type\":\"ReadAction\",\"target\":[\"https:\/\/grupo.us.es\/labhtlnet\/libros\/\"]}]},{\"@type\":\"ImageObject\",\"inLanguage\":\"es\",\"@id\":\"https:\/\/grupo.us.es\/labhtlnet\/libros\/#primaryimage\",\"url\":\"https:\/\/grupo.us.es\/labhtlnet\/wp-content\/uploads\/2022\/06\/Portada-Libro-1_Innovacion-para-la-Gestion-scaled.jpg\",\"contentUrl\":\"https:\/\/grupo.us.es\/labhtlnet\/wp-content\/uploads\/2022\/06\/Portada-Libro-1_Innovacion-para-la-Gestion-scaled.jpg\",\"width\":1991,\"height\":2560},{\"@type\":\"WebSite\",\"@id\":\"https:\/\/grupo.us.es\/labhtlnet\/#website\",\"url\":\"https:\/\/grupo.us.es\/labhtlnet\/\",\"name\":\"Laboratorio de Redes de Patrimonio Turismo y Paisaje\",\"description\":\"\",\"publisher\":{\"@id\":\"https:\/\/grupo.us.es\/labhtlnet\/#organization\"},\"potentialAction\":[{\"@type\":\"SearchAction\",\"target\":{\"@type\":\"EntryPoint\",\"urlTemplate\":\"https:\/\/grupo.us.es\/labhtlnet\/?s={search_term_string}\"},\"query-input\":{\"@type\":\"PropertyValueSpecification\",\"valueRequired\":true,\"valueName\":\"search_term_string\"}}],\"inLanguage\":\"es\"},{\"@type\":\"Organization\",\"@id\":\"https:\/\/grupo.us.es\/labhtlnet\/#organization\",\"name\":\"Laboratorio de Redes de Patrimonio Turismo y Paisaje\",\"url\":\"https:\/\/grupo.us.es\/labhtlnet\/\",\"logo\":{\"@type\":\"ImageObject\",\"inLanguage\":\"es\",\"@id\":\"https:\/\/grupo.us.es\/labhtlnet\/#\/schema\/logo\/image\/\",\"url\":\"https:\/\/grupo.us.es\/labhtlnet\/wp-content\/uploads\/2022\/06\/cropped-Logo-LAB-1.jpg\",\"contentUrl\":\"https:\/\/grupo.us.es\/labhtlnet\/wp-content\/uploads\/2022\/06\/cropped-Logo-LAB-1.jpg\",\"width\":200,\"height\":44,\"caption\":\"Laboratorio de Redes de Patrimonio Turismo y Paisaje\"},\"image\":{\"@id\":\"https:\/\/grupo.us.es\/labhtlnet\/#\/schema\/logo\/image\/\"}}]}<\/script>\n<!-- \/ Yoast SEO plugin. -->","yoast_head_json":{"title":"Libros - Laboratorio de Redes de Patrimonio Turismo y Paisaje","robots":{"index":"index","follow":"follow","max-snippet":"max-snippet:-1","max-image-preview":"max-image-preview:large","max-video-preview":"max-video-preview:-1"},"canonical":"https:\/\/grupo.us.es\/labhtlnet\/libros\/","og_locale":"es_ES","og_type":"article","og_title":"Libros - Laboratorio de Redes de Patrimonio Turismo y Paisaje","og_description":"Libros producidos en el seno de los proyectos de investigaci\u00f3n del equipo Innovaci\u00f3n para la gesti\u00f3n integrada del patrimonio, el paisaje y el turismo Antonio Tejedor Cabrera, Mercedes Linares G\u00f3mez del Pulgar, Marina L\u00f3pez S\u00e1nchez y Rebeca Merino del R\u00edo (Coords.) Sevilla, 2020 Editorial: Editorial Universidad de Sevilla y Ediciones Universidad de Valladolid N\u00ba p\u00e1ginas: [&hellip;]","og_url":"https:\/\/grupo.us.es\/labhtlnet\/libros\/","og_site_name":"Laboratorio de Redes de Patrimonio Turismo y Paisaje","article_modified_time":"2022-06-21T11:06:02+00:00","og_image":[{"url":"https:\/\/grupo.us.es\/labhtlnet\/wp-content\/uploads\/2022\/06\/Portada-Libro-1_Innovacion-para-la-Gestion-796x1024.jpg","type":"","width":"","height":""}],"twitter_card":"summary_large_image","twitter_misc":{"Tiempo de lectura":"3 minutos"},"schema":{"@context":"https:\/\/schema.org","@graph":[{"@type":"WebPage","@id":"https:\/\/grupo.us.es\/labhtlnet\/libros\/","url":"https:\/\/grupo.us.es\/labhtlnet\/libros\/","name":"Libros - Laboratorio de Redes de Patrimonio Turismo y Paisaje","isPartOf":{"@id":"https:\/\/grupo.us.es\/labhtlnet\/#website"},"primaryImageOfPage":{"@id":"https:\/\/grupo.us.es\/labhtlnet\/libros\/#primaryimage"},"image":{"@id":"https:\/\/grupo.us.es\/labhtlnet\/libros\/#primaryimage"},"thumbnailUrl":"https:\/\/grupo.us.es\/labhtlnet\/wp-content\/uploads\/2022\/06\/Portada-Libro-1_Innovacion-para-la-Gestion-796x1024.jpg","datePublished":"2022-03-15T08:43:32+00:00","dateModified":"2022-06-21T11:06:02+00:00","inLanguage":"es","potentialAction":[{"@type":"ReadAction","target":["https:\/\/grupo.us.es\/labhtlnet\/libros\/"]}]},{"@type":"ImageObject","inLanguage":"es","@id":"https:\/\/grupo.us.es\/labhtlnet\/libros\/#primaryimage","url":"https:\/\/grupo.us.es\/labhtlnet\/wp-content\/uploads\/2022\/06\/Portada-Libro-1_Innovacion-para-la-Gestion-scaled.jpg","contentUrl":"https:\/\/grupo.us.es\/labhtlnet\/wp-content\/uploads\/2022\/06\/Portada-Libro-1_Innovacion-para-la-Gestion-scaled.jpg","width":1991,"height":2560},{"@type":"WebSite","@id":"https:\/\/grupo.us.es\/labhtlnet\/#website","url":"https:\/\/grupo.us.es\/labhtlnet\/","name":"Laboratorio de Redes de Patrimonio Turismo y Paisaje","description":"","publisher":{"@id":"https:\/\/grupo.us.es\/labhtlnet\/#organization"},"potentialAction":[{"@type":"SearchAction","target":{"@type":"EntryPoint","urlTemplate":"https:\/\/grupo.us.es\/labhtlnet\/?s={search_term_string}"},"query-input":{"@type":"PropertyValueSpecification","valueRequired":true,"valueName":"search_term_string"}}],"inLanguage":"es"},{"@type":"Organization","@id":"https:\/\/grupo.us.es\/labhtlnet\/#organization","name":"Laboratorio de Redes de Patrimonio Turismo y Paisaje","url":"https:\/\/grupo.us.es\/labhtlnet\/","logo":{"@type":"ImageObject","inLanguage":"es","@id":"https:\/\/grupo.us.es\/labhtlnet\/#\/schema\/logo\/image\/","url":"https:\/\/grupo.us.es\/labhtlnet\/wp-content\/uploads\/2022\/06\/cropped-Logo-LAB-1.jpg","contentUrl":"https:\/\/grupo.us.es\/labhtlnet\/wp-content\/uploads\/2022\/06\/cropped-Logo-LAB-1.jpg","width":200,"height":44,"caption":"Laboratorio de Redes de Patrimonio Turismo y Paisaje"},"image":{"@id":"https:\/\/grupo.us.es\/labhtlnet\/#\/schema\/logo\/image\/"}}]}},"_links":{"self":[{"href":"https:\/\/grupo.us.es\/labhtlnet\/wp-json\/wp\/v2\/pages\/56","targetHints":{"allow":["GET"]}}],"collection":[{"href":"https:\/\/grupo.us.es\/labhtlnet\/wp-json\/wp\/v2\/pages"}],"about":[{"href":"https:\/\/grupo.us.es\/labhtlnet\/wp-json\/wp\/v2\/types\/page"}],"author":[{"embeddable":true,"href":"https:\/\/grupo.us.es\/labhtlnet\/wp-json\/wp\/v2\/users\/1"}],"replies":[{"embeddable":true,"href":"https:\/\/grupo.us.es\/labhtlnet\/wp-json\/wp\/v2\/comments?post=56"}],"version-history":[{"count":0,"href":"https:\/\/grupo.us.es\/labhtlnet\/wp-json\/wp\/v2\/pages\/56\/revisions"}],"wp:attachment":[{"href":"https:\/\/grupo.us.es\/labhtlnet\/wp-json\/wp\/v2\/media?parent=56"}],"curies":[{"name":"wp","href":"https:\/\/api.w.org\/{rel}","templated":true}]}}