{"id":48,"date":"2022-03-15T08:42:41","date_gmt":"2022-03-15T08:42:41","guid":{"rendered":"https:\/\/grupo.us.es\/labhtlnet\/?page_id=48"},"modified":"2022-06-13T11:16:17","modified_gmt":"2022-06-13T11:16:17","slug":"proyectos-de-investigacion","status":"publish","type":"page","link":"https:\/\/grupo.us.es\/labhtlnet\/proyectos-de-investigacion\/","title":{"rendered":"Proyectos de investigaci\u00f3n"},"content":{"rendered":"\t\t<div data-elementor-type=\"wp-page\" data-elementor-id=\"48\" class=\"elementor elementor-48\" data-elementor-post-type=\"page\">\n\t\t\t\t\t\t<section class=\"elementor-section elementor-top-section elementor-element elementor-element-b39b9b0 elementor-section-boxed elementor-section-height-default elementor-section-height-default\" data-id=\"b39b9b0\" data-element_type=\"section\">\n\t\t\t\t\t\t<div class=\"elementor-container elementor-column-gap-default\">\n\t\t\t\t\t<div class=\"elementor-column elementor-col-100 elementor-top-column elementor-element elementor-element-f08ff8c\" data-id=\"f08ff8c\" data-element_type=\"column\">\n\t\t\t<div class=\"elementor-widget-wrap elementor-element-populated\">\n\t\t\t\t\t\t<div class=\"elementor-element elementor-element-9e481db elementor-grid-3 elementor-grid-tablet-2 elementor-grid-mobile-1 elementor-posts--thumbnail-top elementor-card-shadow-yes elementor-posts__hover-gradient elementor-widget elementor-widget-posts\" data-id=\"9e481db\" data-element_type=\"widget\" data-settings=\"{&quot;pagination_type&quot;:&quot;load_more_infinite_scroll&quot;,&quot;cards_columns&quot;:&quot;3&quot;,&quot;cards_columns_tablet&quot;:&quot;2&quot;,&quot;cards_columns_mobile&quot;:&quot;1&quot;,&quot;cards_row_gap&quot;:{&quot;unit&quot;:&quot;px&quot;,&quot;size&quot;:35,&quot;sizes&quot;:[]},&quot;cards_row_gap_tablet&quot;:{&quot;unit&quot;:&quot;px&quot;,&quot;size&quot;:&quot;&quot;,&quot;sizes&quot;:[]},&quot;cards_row_gap_mobile&quot;:{&quot;unit&quot;:&quot;px&quot;,&quot;size&quot;:&quot;&quot;,&quot;sizes&quot;:[]},&quot;load_more_spinner&quot;:{&quot;value&quot;:&quot;fas fa-spinner&quot;,&quot;library&quot;:&quot;fa-solid&quot;}}\" data-widget_type=\"posts.cards\">\n\t\t\t\t<div class=\"elementor-widget-container\">\n\t\t\t\t\t\t\t<div class=\"elementor-posts-container elementor-posts elementor-posts--skin-cards elementor-grid\" role=\"list\">\n\t\t\t\t<article class=\"elementor-post elementor-grid-item post-2215 post type-post status-publish format-standard has-post-thumbnail hentry category-proyectos-de-investigacion\" role=\"listitem\">\n\t\t\t<div class=\"elementor-post__card\">\n\t\t\t\t<a class=\"elementor-post__thumbnail__link\" href=\"https:\/\/grupo.us.es\/labhtlnet\/musa-htl-copy\/\" tabindex=\"-1\" ><div class=\"elementor-post__thumbnail\"><img decoding=\"async\" width=\"300\" height=\"93\" src=\"https:\/\/grupo.us.es\/labhtlnet\/wp-content\/uploads\/2022\/03\/Fotografia-MUSA-300x93.jpg\" class=\"attachment-medium size-medium wp-image-1244\" alt=\"MUSA proyecto\" srcset=\"https:\/\/grupo.us.es\/labhtlnet\/wp-content\/uploads\/2022\/03\/Fotografia-MUSA-300x93.jpg 300w, https:\/\/grupo.us.es\/labhtlnet\/wp-content\/uploads\/2022\/03\/Fotografia-MUSA-1024x319.jpg 1024w, https:\/\/grupo.us.es\/labhtlnet\/wp-content\/uploads\/2022\/03\/Fotografia-MUSA-768x239.jpg 768w, https:\/\/grupo.us.es\/labhtlnet\/wp-content\/uploads\/2022\/03\/Fotografia-MUSA-1536x479.jpg 1536w, https:\/\/grupo.us.es\/labhtlnet\/wp-content\/uploads\/2022\/03\/Fotografia-MUSA.jpg 1926w\" sizes=\"(max-width: 300px) 100vw, 300px\" \/><\/div><\/a>\n\t\t\t\t<div class=\"elementor-post__text\">\n\t\t\t\t<h3 class=\"elementor-post__title\">\n\t\t\t<a href=\"https:\/\/grupo.us.es\/labhtlnet\/musa-htl-copy\/\" >\n\t\t\t\tRUTA-ARCH\t\t\t<\/a>\n\t\t<\/h3>\n\t\t\t\t<div class=\"elementor-post__excerpt\">\n\t\t\t<p>Architecture for the activation of rural Tourism. Landscape and intangible heritage in the Guadiamar basin. RUTA-ARCH Duraci\u00f3n: 01-12-2024 \/ 30-11-2027 Tipo de proyecto: Proyectos de<\/p>\n\t\t<\/div>\n\t\t\n\t\t<a class=\"elementor-post__read-more\" href=\"https:\/\/grupo.us.es\/labhtlnet\/musa-htl-copy\/\" aria-label=\"M\u00e1s informaci\u00f3n sobre RUTA-ARCH\" tabindex=\"-1\" >\n\t\t\tLeer m\u00e1s \u00bb\t\t<\/a>\n\n\t\t\t\t<\/div>\n\t\t\t\t\t<\/div>\n\t\t<\/article>\n\t\t\t\t<article class=\"elementor-post elementor-grid-item post-511 post type-post status-publish format-standard has-post-thumbnail hentry category-proyectos-de-investigacion\" role=\"listitem\">\n\t\t\t<div class=\"elementor-post__card\">\n\t\t\t\t<a class=\"elementor-post__thumbnail__link\" href=\"https:\/\/grupo.us.es\/labhtlnet\/smarch\/\" tabindex=\"-1\" ><div class=\"elementor-post__thumbnail\"><img decoding=\"async\" width=\"300\" height=\"94\" src=\"https:\/\/grupo.us.es\/labhtlnet\/wp-content\/uploads\/2022\/03\/FOTOGRAFIA-SMARCH-300x94.jpg\" class=\"attachment-medium size-medium wp-image-1248\" alt=\"SMARCH Proyecto\" srcset=\"https:\/\/grupo.us.es\/labhtlnet\/wp-content\/uploads\/2022\/03\/FOTOGRAFIA-SMARCH-300x94.jpg 300w, https:\/\/grupo.us.es\/labhtlnet\/wp-content\/uploads\/2022\/03\/FOTOGRAFIA-SMARCH-1024x320.jpg 1024w, https:\/\/grupo.us.es\/labhtlnet\/wp-content\/uploads\/2022\/03\/FOTOGRAFIA-SMARCH-768x240.jpg 768w, https:\/\/grupo.us.es\/labhtlnet\/wp-content\/uploads\/2022\/03\/FOTOGRAFIA-SMARCH-1536x480.jpg 1536w, https:\/\/grupo.us.es\/labhtlnet\/wp-content\/uploads\/2022\/03\/FOTOGRAFIA-SMARCH.jpg 1920w\" sizes=\"(max-width: 300px) 100vw, 300px\" \/><\/div><\/a>\n\t\t\t\t<div class=\"elementor-post__text\">\n\t\t\t\t<h3 class=\"elementor-post__title\">\n\t\t\t<a href=\"https:\/\/grupo.us.es\/labhtlnet\/smarch\/\" >\n\t\t\t\tSMARCH\t\t\t<\/a>\n\t\t<\/h3>\n\t\t\t\t<div class=\"elementor-post__excerpt\">\n\t\t\t<p>Smart Architectural and Archeological Heritage. Instrumentos y Estrategias de Innovaci\u00f3n para la Integraci\u00f3n de la Gesti\u00f3n Patrimonial, Tur\u00edstica y Paisaj\u00edstica Duraci\u00f3n: 30-12-2016 \/ 31-12-2020 Tipo<\/p>\n\t\t<\/div>\n\t\t\n\t\t<a class=\"elementor-post__read-more\" href=\"https:\/\/grupo.us.es\/labhtlnet\/smarch\/\" aria-label=\"M\u00e1s informaci\u00f3n sobre SMARCH\" tabindex=\"-1\" >\n\t\t\tLeer m\u00e1s \u00bb\t\t<\/a>\n\n\t\t\t\t<\/div>\n\t\t\t\t\t<\/div>\n\t\t<\/article>\n\t\t\t\t<article class=\"elementor-post elementor-grid-item post-582 post type-post status-publish format-standard has-post-thumbnail hentry category-proyectos-de-investigacion\" role=\"listitem\">\n\t\t\t<div class=\"elementor-post__card\">\n\t\t\t\t<a class=\"elementor-post__thumbnail__link\" href=\"https:\/\/grupo.us.es\/labhtlnet\/gisparq\/\" tabindex=\"-1\" ><div class=\"elementor-post__thumbnail\"><img decoding=\"async\" width=\"300\" height=\"94\" src=\"https:\/\/grupo.us.es\/labhtlnet\/wp-content\/uploads\/2022\/03\/FOTOGRAFIA-GISPARQ-300x94.jpg\" class=\"attachment-medium size-medium wp-image-1246\" alt=\"GISPARQ Proyecto\" srcset=\"https:\/\/grupo.us.es\/labhtlnet\/wp-content\/uploads\/2022\/03\/FOTOGRAFIA-GISPARQ-300x94.jpg 300w, https:\/\/grupo.us.es\/labhtlnet\/wp-content\/uploads\/2022\/03\/FOTOGRAFIA-GISPARQ-1024x320.jpg 1024w, https:\/\/grupo.us.es\/labhtlnet\/wp-content\/uploads\/2022\/03\/FOTOGRAFIA-GISPARQ-768x240.jpg 768w, https:\/\/grupo.us.es\/labhtlnet\/wp-content\/uploads\/2022\/03\/FOTOGRAFIA-GISPARQ-1536x480.jpg 1536w, https:\/\/grupo.us.es\/labhtlnet\/wp-content\/uploads\/2022\/03\/FOTOGRAFIA-GISPARQ.jpg 1920w\" sizes=\"(max-width: 300px) 100vw, 300px\" \/><\/div><\/a>\n\t\t\t\t<div class=\"elementor-post__text\">\n\t\t\t\t<h3 class=\"elementor-post__title\">\n\t\t\t<a href=\"https:\/\/grupo.us.es\/labhtlnet\/gisparq\/\" >\n\t\t\t\tGISPARQ\t\t\t<\/a>\n\t\t<\/h3>\n\t\t\t\t<div class=\"elementor-post__excerpt\">\n\t\t\t<p>GISPARQ. Gesti\u00f3n Inteligente y Sostenible del Patrimonio ARQuitect\u00f3nico: innovaci\u00f3n digital y gesti\u00f3n integrada para la conservaci\u00f3n, el turismo y la econom\u00eda de la cultura. Aplicaci\u00f3n<\/p>\n\t\t<\/div>\n\t\t\n\t\t<a class=\"elementor-post__read-more\" href=\"https:\/\/grupo.us.es\/labhtlnet\/gisparq\/\" aria-label=\"M\u00e1s informaci\u00f3n sobre GISPARQ\" tabindex=\"-1\" >\n\t\t\tLeer m\u00e1s \u00bb\t\t<\/a>\n\n\t\t\t\t<\/div>\n\t\t\t\t\t<\/div>\n\t\t<\/article>\n\t\t\t\t<article class=\"elementor-post elementor-grid-item post-591 post type-post status-publish format-standard has-post-thumbnail hentry category-proyectos-de-investigacion\" role=\"listitem\">\n\t\t\t<div class=\"elementor-post__card\">\n\t\t\t\t<a class=\"elementor-post__thumbnail__link\" href=\"https:\/\/grupo.us.es\/labhtlnet\/musa-htl\/\" tabindex=\"-1\" ><div class=\"elementor-post__thumbnail\"><img decoding=\"async\" width=\"300\" height=\"93\" src=\"https:\/\/grupo.us.es\/labhtlnet\/wp-content\/uploads\/2022\/03\/Fotografia-MUSA-300x93.jpg\" class=\"attachment-medium size-medium wp-image-1244\" alt=\"MUSA proyecto\" srcset=\"https:\/\/grupo.us.es\/labhtlnet\/wp-content\/uploads\/2022\/03\/Fotografia-MUSA-300x93.jpg 300w, https:\/\/grupo.us.es\/labhtlnet\/wp-content\/uploads\/2022\/03\/Fotografia-MUSA-1024x319.jpg 1024w, https:\/\/grupo.us.es\/labhtlnet\/wp-content\/uploads\/2022\/03\/Fotografia-MUSA-768x239.jpg 768w, https:\/\/grupo.us.es\/labhtlnet\/wp-content\/uploads\/2022\/03\/Fotografia-MUSA-1536x479.jpg 1536w, https:\/\/grupo.us.es\/labhtlnet\/wp-content\/uploads\/2022\/03\/Fotografia-MUSA.jpg 1926w\" sizes=\"(max-width: 300px) 100vw, 300px\" \/><\/div><\/a>\n\t\t\t\t<div class=\"elementor-post__text\">\n\t\t\t\t<h3 class=\"elementor-post__title\">\n\t\t\t<a href=\"https:\/\/grupo.us.es\/labhtlnet\/musa-htl\/\" >\n\t\t\t\tMUSA-HTL\t\t\t<\/a>\n\t\t<\/h3>\n\t\t\t\t<div class=\"elementor-post__excerpt\">\n\t\t\t<p>Protocolo multiescalar de activaci\u00f3n de los paisajes del turismo patrimonial. Red de itinerarios culturales del bajo Guadalquivir Duraci\u00f3n: 01-09-2021 \/ 31-08-2024 Tipo de proyecto: Plan<\/p>\n\t\t<\/div>\n\t\t\n\t\t<a class=\"elementor-post__read-more\" href=\"https:\/\/grupo.us.es\/labhtlnet\/musa-htl\/\" aria-label=\"M\u00e1s informaci\u00f3n sobre MUSA-HTL\" tabindex=\"-1\" >\n\t\t\tLeer m\u00e1s \u00bb\t\t<\/a>\n\n\t\t\t\t<\/div>\n\t\t\t\t\t<\/div>\n\t\t<\/article>\n\t\t\t\t<article class=\"elementor-post elementor-grid-item post-608 post type-post status-publish format-standard has-post-thumbnail hentry category-proyectos-de-investigacion\" role=\"listitem\">\n\t\t\t<div class=\"elementor-post__card\">\n\t\t\t\t<a class=\"elementor-post__thumbnail__link\" href=\"https:\/\/grupo.us.es\/labhtlnet\/vida-htl\/\" tabindex=\"-1\" ><div class=\"elementor-post__thumbnail\"><img loading=\"lazy\" decoding=\"async\" width=\"300\" height=\"94\" src=\"https:\/\/grupo.us.es\/labhtlnet\/wp-content\/uploads\/2022\/03\/VIDA-300x94.jpg\" class=\"attachment-medium size-medium wp-image-1250\" alt=\"VIDA-HTL Proyecto\" srcset=\"https:\/\/grupo.us.es\/labhtlnet\/wp-content\/uploads\/2022\/03\/VIDA-300x94.jpg 300w, https:\/\/grupo.us.es\/labhtlnet\/wp-content\/uploads\/2022\/03\/VIDA-1024x320.jpg 1024w, https:\/\/grupo.us.es\/labhtlnet\/wp-content\/uploads\/2022\/03\/VIDA-768x240.jpg 768w, https:\/\/grupo.us.es\/labhtlnet\/wp-content\/uploads\/2022\/03\/VIDA-1536x480.jpg 1536w, https:\/\/grupo.us.es\/labhtlnet\/wp-content\/uploads\/2022\/03\/VIDA.jpg 1920w\" sizes=\"(max-width: 300px) 100vw, 300px\" \/><\/div><\/a>\n\t\t\t\t<div class=\"elementor-post__text\">\n\t\t\t\t<h3 class=\"elementor-post__title\">\n\t\t\t<a href=\"https:\/\/grupo.us.es\/labhtlnet\/vida-htl\/\" >\n\t\t\t\tVIDA-HTL\t\t\t<\/a>\n\t\t<\/h3>\n\t\t\t\t<div class=\"elementor-post__excerpt\">\n\t\t\t<p>Dise\u00f1ador virtual para la activaci\u00f3n de los paisajes del turismo patrimonial. Red de itinerarios culturales en el Bajo Guadalquivir Duraci\u00f3n: 01-12-2021 \/ 30\/11\/2023 Tipo de<\/p>\n\t\t<\/div>\n\t\t\n\t\t<a class=\"elementor-post__read-more\" href=\"https:\/\/grupo.us.es\/labhtlnet\/vida-htl\/\" aria-label=\"M\u00e1s informaci\u00f3n sobre VIDA-HTL\" tabindex=\"-1\" >\n\t\t\tLeer m\u00e1s \u00bb\t\t<\/a>\n\n\t\t\t\t<\/div>\n\t\t\t\t\t<\/div>\n\t\t<\/article>\n\t\t\t\t<\/div>\n\t\t\t\t\t<span class=\"e-load-more-spinner\">\n\t\t\t\t<i aria-hidden=\"true\" class=\"fas fa-spinner\"><\/i>\t\t\t<\/span>\n\t\t\n\t\t\t\t\t\t<\/div>\n\t\t\t\t<\/div>\n\t\t\t\t\t<\/div>\n\t\t<\/div>\n\t\t\t\t\t<\/div>\n\t\t<\/section>\n\t\t\t\t<\/div>\n\t\t","protected":false},"excerpt":{"rendered":"","protected":false},"author":1,"featured_media":0,"parent":0,"menu_order":0,"comment_status":"closed","ping_status":"closed","template":"","meta":{"footnotes":""},"class_list":["post-48","page","type-page","status-publish","hentry"],"yoast_head":"<!-- This site is optimized with the Yoast SEO plugin v26.2 - https:\/\/yoast.com\/wordpress\/plugins\/seo\/ -->\n<title>Proyectos de investigaci\u00f3n - Laboratorio de Redes de Patrimonio Turismo y Paisaje<\/title>\n<meta name=\"robots\" content=\"index, follow, max-snippet:-1, max-image-preview:large, max-video-preview:-1\" \/>\n<link rel=\"canonical\" href=\"https:\/\/grupo.us.es\/labhtlnet\/proyectos-de-investigacion\/\" \/>\n<meta property=\"og:locale\" content=\"es_ES\" \/>\n<meta property=\"og:type\" content=\"article\" \/>\n<meta property=\"og:title\" content=\"Proyectos de investigaci\u00f3n - Laboratorio de Redes de Patrimonio Turismo y Paisaje\" \/>\n<meta property=\"og:url\" content=\"https:\/\/grupo.us.es\/labhtlnet\/proyectos-de-investigacion\/\" \/>\n<meta property=\"og:site_name\" content=\"Laboratorio de Redes de Patrimonio Turismo y Paisaje\" \/>\n<meta property=\"article:modified_time\" content=\"2022-06-13T11:16:17+00:00\" \/>\n<meta name=\"twitter:card\" content=\"summary_large_image\" \/>\n<meta name=\"twitter:label1\" content=\"Tiempo de lectura\" \/>\n\t<meta name=\"twitter:data1\" content=\"2 minutos\" \/>\n<script type=\"application\/ld+json\" class=\"yoast-schema-graph\">{\"@context\":\"https:\/\/schema.org\",\"@graph\":[{\"@type\":\"WebPage\",\"@id\":\"https:\/\/grupo.us.es\/labhtlnet\/proyectos-de-investigacion\/\",\"url\":\"https:\/\/grupo.us.es\/labhtlnet\/proyectos-de-investigacion\/\",\"name\":\"Proyectos de investigaci\u00f3n - Laboratorio de Redes de Patrimonio Turismo y Paisaje\",\"isPartOf\":{\"@id\":\"https:\/\/grupo.us.es\/labhtlnet\/#website\"},\"datePublished\":\"2022-03-15T08:42:41+00:00\",\"dateModified\":\"2022-06-13T11:16:17+00:00\",\"inLanguage\":\"es\",\"potentialAction\":[{\"@type\":\"ReadAction\",\"target\":[\"https:\/\/grupo.us.es\/labhtlnet\/proyectos-de-investigacion\/\"]}]},{\"@type\":\"WebSite\",\"@id\":\"https:\/\/grupo.us.es\/labhtlnet\/#website\",\"url\":\"https:\/\/grupo.us.es\/labhtlnet\/\",\"name\":\"Laboratorio de Redes de Patrimonio Turismo y Paisaje\",\"description\":\"\",\"publisher\":{\"@id\":\"https:\/\/grupo.us.es\/labhtlnet\/#organization\"},\"potentialAction\":[{\"@type\":\"SearchAction\",\"target\":{\"@type\":\"EntryPoint\",\"urlTemplate\":\"https:\/\/grupo.us.es\/labhtlnet\/?s={search_term_string}\"},\"query-input\":{\"@type\":\"PropertyValueSpecification\",\"valueRequired\":true,\"valueName\":\"search_term_string\"}}],\"inLanguage\":\"es\"},{\"@type\":\"Organization\",\"@id\":\"https:\/\/grupo.us.es\/labhtlnet\/#organization\",\"name\":\"Laboratorio de Redes de Patrimonio Turismo y Paisaje\",\"url\":\"https:\/\/grupo.us.es\/labhtlnet\/\",\"logo\":{\"@type\":\"ImageObject\",\"inLanguage\":\"es\",\"@id\":\"https:\/\/grupo.us.es\/labhtlnet\/#\/schema\/logo\/image\/\",\"url\":\"https:\/\/grupo.us.es\/labhtlnet\/wp-content\/uploads\/2022\/06\/cropped-Logo-LAB-1.jpg\",\"contentUrl\":\"https:\/\/grupo.us.es\/labhtlnet\/wp-content\/uploads\/2022\/06\/cropped-Logo-LAB-1.jpg\",\"width\":200,\"height\":44,\"caption\":\"Laboratorio de Redes de Patrimonio Turismo y Paisaje\"},\"image\":{\"@id\":\"https:\/\/grupo.us.es\/labhtlnet\/#\/schema\/logo\/image\/\"}}]}<\/script>\n<!-- \/ Yoast SEO plugin. -->","yoast_head_json":{"title":"Proyectos de investigaci\u00f3n - Laboratorio de Redes de Patrimonio Turismo y Paisaje","robots":{"index":"index","follow":"follow","max-snippet":"max-snippet:-1","max-image-preview":"max-image-preview:large","max-video-preview":"max-video-preview:-1"},"canonical":"https:\/\/grupo.us.es\/labhtlnet\/proyectos-de-investigacion\/","og_locale":"es_ES","og_type":"article","og_title":"Proyectos de investigaci\u00f3n - Laboratorio de Redes de Patrimonio Turismo y Paisaje","og_url":"https:\/\/grupo.us.es\/labhtlnet\/proyectos-de-investigacion\/","og_site_name":"Laboratorio de Redes de Patrimonio Turismo y Paisaje","article_modified_time":"2022-06-13T11:16:17+00:00","twitter_card":"summary_large_image","twitter_misc":{"Tiempo de lectura":"2 minutos"},"schema":{"@context":"https:\/\/schema.org","@graph":[{"@type":"WebPage","@id":"https:\/\/grupo.us.es\/labhtlnet\/proyectos-de-investigacion\/","url":"https:\/\/grupo.us.es\/labhtlnet\/proyectos-de-investigacion\/","name":"Proyectos de investigaci\u00f3n - Laboratorio de Redes de Patrimonio Turismo y Paisaje","isPartOf":{"@id":"https:\/\/grupo.us.es\/labhtlnet\/#website"},"datePublished":"2022-03-15T08:42:41+00:00","dateModified":"2022-06-13T11:16:17+00:00","inLanguage":"es","potentialAction":[{"@type":"ReadAction","target":["https:\/\/grupo.us.es\/labhtlnet\/proyectos-de-investigacion\/"]}]},{"@type":"WebSite","@id":"https:\/\/grupo.us.es\/labhtlnet\/#website","url":"https:\/\/grupo.us.es\/labhtlnet\/","name":"Laboratorio de Redes de Patrimonio Turismo y Paisaje","description":"","publisher":{"@id":"https:\/\/grupo.us.es\/labhtlnet\/#organization"},"potentialAction":[{"@type":"SearchAction","target":{"@type":"EntryPoint","urlTemplate":"https:\/\/grupo.us.es\/labhtlnet\/?s={search_term_string}"},"query-input":{"@type":"PropertyValueSpecification","valueRequired":true,"valueName":"search_term_string"}}],"inLanguage":"es"},{"@type":"Organization","@id":"https:\/\/grupo.us.es\/labhtlnet\/#organization","name":"Laboratorio de Redes de Patrimonio Turismo y Paisaje","url":"https:\/\/grupo.us.es\/labhtlnet\/","logo":{"@type":"ImageObject","inLanguage":"es","@id":"https:\/\/grupo.us.es\/labhtlnet\/#\/schema\/logo\/image\/","url":"https:\/\/grupo.us.es\/labhtlnet\/wp-content\/uploads\/2022\/06\/cropped-Logo-LAB-1.jpg","contentUrl":"https:\/\/grupo.us.es\/labhtlnet\/wp-content\/uploads\/2022\/06\/cropped-Logo-LAB-1.jpg","width":200,"height":44,"caption":"Laboratorio de Redes de Patrimonio Turismo y Paisaje"},"image":{"@id":"https:\/\/grupo.us.es\/labhtlnet\/#\/schema\/logo\/image\/"}}]}},"_links":{"self":[{"href":"https:\/\/grupo.us.es\/labhtlnet\/wp-json\/wp\/v2\/pages\/48","targetHints":{"allow":["GET"]}}],"collection":[{"href":"https:\/\/grupo.us.es\/labhtlnet\/wp-json\/wp\/v2\/pages"}],"about":[{"href":"https:\/\/grupo.us.es\/labhtlnet\/wp-json\/wp\/v2\/types\/page"}],"author":[{"embeddable":true,"href":"https:\/\/grupo.us.es\/labhtlnet\/wp-json\/wp\/v2\/users\/1"}],"replies":[{"embeddable":true,"href":"https:\/\/grupo.us.es\/labhtlnet\/wp-json\/wp\/v2\/comments?post=48"}],"version-history":[{"count":0,"href":"https:\/\/grupo.us.es\/labhtlnet\/wp-json\/wp\/v2\/pages\/48\/revisions"}],"wp:attachment":[{"href":"https:\/\/grupo.us.es\/labhtlnet\/wp-json\/wp\/v2\/media?parent=48"}],"curies":[{"name":"wp","href":"https:\/\/api.w.org\/{rel}","templated":true}]}}