{"id":46,"date":"2022-03-15T08:42:27","date_gmt":"2022-03-15T08:42:27","guid":{"rendered":"https:\/\/grupo.us.es\/labhtlnet\/?page_id=46"},"modified":"2022-04-06T11:50:32","modified_gmt":"2022-04-06T11:50:32","slug":"lineas-de-investigacion","status":"publish","type":"page","link":"https:\/\/grupo.us.es\/labhtlnet\/lineas-de-investigacion\/","title":{"rendered":"L\u00edneas de investigaci\u00f3n"},"content":{"rendered":"\t\t<div data-elementor-type=\"wp-page\" data-elementor-id=\"46\" class=\"elementor elementor-46\" data-elementor-post-type=\"page\">\n\t\t\t\t\t\t<section class=\"elementor-section elementor-top-section elementor-element elementor-element-767b812 elementor-hidden-desktop elementor-hidden-tablet elementor-hidden-mobile elementor-section-boxed elementor-section-height-default elementor-section-height-default\" data-id=\"767b812\" data-element_type=\"section\">\n\t\t\t\t\t\t<div class=\"elementor-container elementor-column-gap-default\">\n\t\t\t\t\t<div class=\"elementor-column elementor-col-25 elementor-top-column elementor-element elementor-element-0287704\" data-id=\"0287704\" data-element_type=\"column\">\n\t\t\t<div class=\"elementor-widget-wrap elementor-element-populated\">\n\t\t\t\t\t\t<div class=\"elementor-element elementor-element-ed6ad53 elementor-position-left elementor-view-default elementor-mobile-position-top elementor-widget elementor-widget-icon-box\" data-id=\"ed6ad53\" data-element_type=\"widget\" data-widget_type=\"icon-box.default\">\n\t\t\t\t<div class=\"elementor-widget-container\">\n\t\t\t\t\t\t\t<div class=\"elementor-icon-box-wrapper\">\n\n\t\t\t\t\t\t<div class=\"elementor-icon-box-icon\">\n\t\t\t\t<a href=\"#\" class=\"elementor-icon\" tabindex=\"-1\" aria-label=\"Itinerarios Culturales\">\n\t\t\t\t<i aria-hidden=\"true\" class=\"fas fa-hashtag\"><\/i>\t\t\t\t<\/a>\n\t\t\t<\/div>\n\t\t\t\n\t\t\t\t\t\t<div class=\"elementor-icon-box-content\">\n\n\t\t\t\t\t\t\t\t\t<span class=\"elementor-icon-box-title\">\n\t\t\t\t\t\t<a href=\"#\" >\n\t\t\t\t\t\t\tItinerarios Culturales\t\t\t\t\t\t<\/a>\n\t\t\t\t\t<\/span>\n\t\t\t\t\n\t\t\t\t\n\t\t\t<\/div>\n\t\t\t\n\t\t<\/div>\n\t\t\t\t\t\t<\/div>\n\t\t\t\t<\/div>\n\t\t\t\t\t<\/div>\n\t\t<\/div>\n\t\t\t\t<div class=\"elementor-column elementor-col-25 elementor-top-column elementor-element elementor-element-e025ca1\" data-id=\"e025ca1\" data-element_type=\"column\">\n\t\t\t<div class=\"elementor-widget-wrap elementor-element-populated\">\n\t\t\t\t\t\t<div class=\"elementor-element elementor-element-57a14ab elementor-position-left elementor-view-default elementor-mobile-position-top elementor-widget elementor-widget-icon-box\" data-id=\"57a14ab\" data-element_type=\"widget\" data-widget_type=\"icon-box.default\">\n\t\t\t\t<div class=\"elementor-widget-container\">\n\t\t\t\t\t\t\t<div class=\"elementor-icon-box-wrapper\">\n\n\t\t\t\t\t\t<div class=\"elementor-icon-box-icon\">\n\t\t\t\t<a href=\"#\" class=\"elementor-icon\" tabindex=\"-1\" aria-label=\"Itinerarios Culturales\">\n\t\t\t\t<i aria-hidden=\"true\" class=\"fas fa-hashtag\"><\/i>\t\t\t\t<\/a>\n\t\t\t<\/div>\n\t\t\t\n\t\t\t\t\t\t<div class=\"elementor-icon-box-content\">\n\n\t\t\t\t\t\t\t\t\t<span class=\"elementor-icon-box-title\">\n\t\t\t\t\t\t<a href=\"#\" >\n\t\t\t\t\t\t\tItinerarios Culturales\t\t\t\t\t\t<\/a>\n\t\t\t\t\t<\/span>\n\t\t\t\t\n\t\t\t\t\n\t\t\t<\/div>\n\t\t\t\n\t\t<\/div>\n\t\t\t\t\t\t<\/div>\n\t\t\t\t<\/div>\n\t\t\t\t\t<\/div>\n\t\t<\/div>\n\t\t\t\t<div class=\"elementor-column elementor-col-25 elementor-top-column elementor-element elementor-element-cce8a6f\" data-id=\"cce8a6f\" data-element_type=\"column\">\n\t\t\t<div class=\"elementor-widget-wrap elementor-element-populated\">\n\t\t\t\t\t\t<div class=\"elementor-element elementor-element-c57aeeb elementor-position-left elementor-view-default elementor-mobile-position-top elementor-widget elementor-widget-icon-box\" data-id=\"c57aeeb\" data-element_type=\"widget\" data-widget_type=\"icon-box.default\">\n\t\t\t\t<div class=\"elementor-widget-container\">\n\t\t\t\t\t\t\t<div class=\"elementor-icon-box-wrapper\">\n\n\t\t\t\t\t\t<div class=\"elementor-icon-box-icon\">\n\t\t\t\t<a href=\"#\" class=\"elementor-icon\" tabindex=\"-1\" aria-label=\"Itinerarios Culturales\">\n\t\t\t\t<i aria-hidden=\"true\" class=\"fas fa-hashtag\"><\/i>\t\t\t\t<\/a>\n\t\t\t<\/div>\n\t\t\t\n\t\t\t\t\t\t<div class=\"elementor-icon-box-content\">\n\n\t\t\t\t\t\t\t\t\t<span class=\"elementor-icon-box-title\">\n\t\t\t\t\t\t<a href=\"#\" >\n\t\t\t\t\t\t\tItinerarios Culturales\t\t\t\t\t\t<\/a>\n\t\t\t\t\t<\/span>\n\t\t\t\t\n\t\t\t\t\n\t\t\t<\/div>\n\t\t\t\n\t\t<\/div>\n\t\t\t\t\t\t<\/div>\n\t\t\t\t<\/div>\n\t\t\t\t\t<\/div>\n\t\t<\/div>\n\t\t\t\t<div class=\"elementor-column elementor-col-25 elementor-top-column elementor-element elementor-element-922b4f3\" data-id=\"922b4f3\" data-element_type=\"column\">\n\t\t\t<div class=\"elementor-widget-wrap elementor-element-populated\">\n\t\t\t\t\t\t<div class=\"elementor-element elementor-element-3a7c6ed elementor-position-left elementor-view-default elementor-mobile-position-top elementor-widget elementor-widget-icon-box\" data-id=\"3a7c6ed\" data-element_type=\"widget\" data-widget_type=\"icon-box.default\">\n\t\t\t\t<div class=\"elementor-widget-container\">\n\t\t\t\t\t\t\t<div class=\"elementor-icon-box-wrapper\">\n\n\t\t\t\t\t\t<div class=\"elementor-icon-box-icon\">\n\t\t\t\t<a href=\"#\" class=\"elementor-icon\" tabindex=\"-1\" aria-label=\"Itinerarios Culturales\">\n\t\t\t\t<i aria-hidden=\"true\" class=\"fas fa-hashtag\"><\/i>\t\t\t\t<\/a>\n\t\t\t<\/div>\n\t\t\t\n\t\t\t\t\t\t<div class=\"elementor-icon-box-content\">\n\n\t\t\t\t\t\t\t\t\t<span class=\"elementor-icon-box-title\">\n\t\t\t\t\t\t<a href=\"#\" >\n\t\t\t\t\t\t\tItinerarios Culturales\t\t\t\t\t\t<\/a>\n\t\t\t\t\t<\/span>\n\t\t\t\t\n\t\t\t\t\n\t\t\t<\/div>\n\t\t\t\n\t\t<\/div>\n\t\t\t\t\t\t<\/div>\n\t\t\t\t<\/div>\n\t\t\t\t\t<\/div>\n\t\t<\/div>\n\t\t\t\t\t<\/div>\n\t\t<\/section>\n\t\t\t\t<section class=\"elementor-section elementor-top-section elementor-element elementor-element-c3cf6ee elementor-section-boxed elementor-section-height-default elementor-section-height-default\" data-id=\"c3cf6ee\" data-element_type=\"section\">\n\t\t\t\t\t\t<div class=\"elementor-container elementor-column-gap-default\">\n\t\t\t\t\t<div class=\"elementor-column elementor-col-100 elementor-top-column elementor-element elementor-element-8302d1b\" data-id=\"8302d1b\" data-element_type=\"column\">\n\t\t\t<div class=\"elementor-widget-wrap elementor-element-populated\">\n\t\t\t\t\t\t<div class=\"elementor-element elementor-element-5724ad6 elementor-posts--align-center elementor-grid-4 elementor-grid-tablet-2 elementor-grid-mobile-1 elementor-posts--thumbnail-top elementor-widget elementor-widget-posts\" data-id=\"5724ad6\" data-element_type=\"widget\" data-settings=\"{&quot;classic_columns&quot;:&quot;4&quot;,&quot;classic_columns_tablet&quot;:&quot;2&quot;,&quot;classic_columns_mobile&quot;:&quot;1&quot;,&quot;classic_row_gap&quot;:{&quot;unit&quot;:&quot;px&quot;,&quot;size&quot;:35,&quot;sizes&quot;:[]},&quot;classic_row_gap_tablet&quot;:{&quot;unit&quot;:&quot;px&quot;,&quot;size&quot;:&quot;&quot;,&quot;sizes&quot;:[]},&quot;classic_row_gap_mobile&quot;:{&quot;unit&quot;:&quot;px&quot;,&quot;size&quot;:&quot;&quot;,&quot;sizes&quot;:[]}}\" data-widget_type=\"posts.classic\">\n\t\t\t\t<div class=\"elementor-widget-container\">\n\t\t\t\t\t\t\t<div class=\"elementor-posts-container elementor-posts elementor-posts--skin-classic elementor-grid\" role=\"list\">\n\t\t\t\t<article class=\"elementor-post elementor-grid-item post-412 post type-post status-publish format-standard has-post-thumbnail hentry category-lineas-de-investigacion\" role=\"listitem\">\n\t\t\t\t<a class=\"elementor-post__thumbnail__link\" href=\"https:\/\/grupo.us.es\/labhtlnet\/itinerarios-culturales\/\" tabindex=\"-1\" >\n\t\t\t<div class=\"elementor-post__thumbnail\"><img decoding=\"async\" width=\"300\" height=\"50\" src=\"https:\/\/grupo.us.es\/labhtlnet\/wp-content\/uploads\/2022\/03\/imagen-destacada-sin-300x50.jpg\" class=\"attachment-medium size-medium wp-image-400\" alt=\"\" srcset=\"https:\/\/grupo.us.es\/labhtlnet\/wp-content\/uploads\/2022\/03\/imagen-destacada-sin-300x50.jpg 300w, https:\/\/grupo.us.es\/labhtlnet\/wp-content\/uploads\/2022\/03\/imagen-destacada-sin-1024x171.jpg 1024w, https:\/\/grupo.us.es\/labhtlnet\/wp-content\/uploads\/2022\/03\/imagen-destacada-sin-768x128.jpg 768w, https:\/\/grupo.us.es\/labhtlnet\/wp-content\/uploads\/2022\/03\/imagen-destacada-sin.jpg 1200w\" sizes=\"(max-width: 300px) 100vw, 300px\" \/><\/div>\n\t\t<\/a>\n\t\t\t\t<div class=\"elementor-post__text\">\n\t\t\t\t<h3 class=\"elementor-post__title\">\n\t\t\t<a href=\"https:\/\/grupo.us.es\/labhtlnet\/itinerarios-culturales\/\" >\n\t\t\t\tItinerarios culturales\t\t\t<\/a>\n\t\t<\/h3>\n\t\t\t\t<\/div>\n\t\t\t\t<\/article>\n\t\t\t\t<article class=\"elementor-post elementor-grid-item post-410 post type-post status-publish format-standard has-post-thumbnail hentry category-lineas-de-investigacion\" role=\"listitem\">\n\t\t\t\t<a class=\"elementor-post__thumbnail__link\" href=\"https:\/\/grupo.us.es\/labhtlnet\/proyecto-de-paisaje\/\" tabindex=\"-1\" >\n\t\t\t<div class=\"elementor-post__thumbnail\"><img decoding=\"async\" width=\"300\" height=\"50\" src=\"https:\/\/grupo.us.es\/labhtlnet\/wp-content\/uploads\/2022\/03\/imagen-destacada-sin-300x50.jpg\" class=\"attachment-medium size-medium wp-image-400\" alt=\"\" srcset=\"https:\/\/grupo.us.es\/labhtlnet\/wp-content\/uploads\/2022\/03\/imagen-destacada-sin-300x50.jpg 300w, https:\/\/grupo.us.es\/labhtlnet\/wp-content\/uploads\/2022\/03\/imagen-destacada-sin-1024x171.jpg 1024w, https:\/\/grupo.us.es\/labhtlnet\/wp-content\/uploads\/2022\/03\/imagen-destacada-sin-768x128.jpg 768w, https:\/\/grupo.us.es\/labhtlnet\/wp-content\/uploads\/2022\/03\/imagen-destacada-sin.jpg 1200w\" sizes=\"(max-width: 300px) 100vw, 300px\" \/><\/div>\n\t\t<\/a>\n\t\t\t\t<div class=\"elementor-post__text\">\n\t\t\t\t<h3 class=\"elementor-post__title\">\n\t\t\t<a href=\"https:\/\/grupo.us.es\/labhtlnet\/proyecto-de-paisaje\/\" >\n\t\t\t\tProyecto de paisaje\t\t\t<\/a>\n\t\t<\/h3>\n\t\t\t\t<\/div>\n\t\t\t\t<\/article>\n\t\t\t\t<article class=\"elementor-post elementor-grid-item post-408 post type-post status-publish format-standard has-post-thumbnail hentry category-lineas-de-investigacion\" role=\"listitem\">\n\t\t\t\t<a class=\"elementor-post__thumbnail__link\" href=\"https:\/\/grupo.us.es\/labhtlnet\/patrimonio-digital-y-nuevas-tecnologias\/\" tabindex=\"-1\" >\n\t\t\t<div class=\"elementor-post__thumbnail\"><img decoding=\"async\" width=\"300\" height=\"50\" src=\"https:\/\/grupo.us.es\/labhtlnet\/wp-content\/uploads\/2022\/03\/imagen-destacada-sin-300x50.jpg\" class=\"attachment-medium size-medium wp-image-400\" alt=\"\" srcset=\"https:\/\/grupo.us.es\/labhtlnet\/wp-content\/uploads\/2022\/03\/imagen-destacada-sin-300x50.jpg 300w, https:\/\/grupo.us.es\/labhtlnet\/wp-content\/uploads\/2022\/03\/imagen-destacada-sin-1024x171.jpg 1024w, https:\/\/grupo.us.es\/labhtlnet\/wp-content\/uploads\/2022\/03\/imagen-destacada-sin-768x128.jpg 768w, https:\/\/grupo.us.es\/labhtlnet\/wp-content\/uploads\/2022\/03\/imagen-destacada-sin.jpg 1200w\" sizes=\"(max-width: 300px) 100vw, 300px\" \/><\/div>\n\t\t<\/a>\n\t\t\t\t<div class=\"elementor-post__text\">\n\t\t\t\t<h3 class=\"elementor-post__title\">\n\t\t\t<a href=\"https:\/\/grupo.us.es\/labhtlnet\/patrimonio-digital-y-nuevas-tecnologias\/\" >\n\t\t\t\tPatrimonio digital y nuevas tecnolog\u00edas\t\t\t<\/a>\n\t\t<\/h3>\n\t\t\t\t<\/div>\n\t\t\t\t<\/article>\n\t\t\t\t<article class=\"elementor-post elementor-grid-item post-406 post type-post status-publish format-standard has-post-thumbnail hentry category-lineas-de-investigacion\" role=\"listitem\">\n\t\t\t\t<a class=\"elementor-post__thumbnail__link\" href=\"https:\/\/grupo.us.es\/labhtlnet\/expresion-cartografica-del-paisaje\/\" tabindex=\"-1\" >\n\t\t\t<div class=\"elementor-post__thumbnail\"><img decoding=\"async\" width=\"300\" height=\"50\" src=\"https:\/\/grupo.us.es\/labhtlnet\/wp-content\/uploads\/2022\/03\/imagen-destacada-sin-300x50.jpg\" class=\"attachment-medium size-medium wp-image-400\" alt=\"\" srcset=\"https:\/\/grupo.us.es\/labhtlnet\/wp-content\/uploads\/2022\/03\/imagen-destacada-sin-300x50.jpg 300w, https:\/\/grupo.us.es\/labhtlnet\/wp-content\/uploads\/2022\/03\/imagen-destacada-sin-1024x171.jpg 1024w, https:\/\/grupo.us.es\/labhtlnet\/wp-content\/uploads\/2022\/03\/imagen-destacada-sin-768x128.jpg 768w, https:\/\/grupo.us.es\/labhtlnet\/wp-content\/uploads\/2022\/03\/imagen-destacada-sin.jpg 1200w\" sizes=\"(max-width: 300px) 100vw, 300px\" \/><\/div>\n\t\t<\/a>\n\t\t\t\t<div class=\"elementor-post__text\">\n\t\t\t\t<h3 class=\"elementor-post__title\">\n\t\t\t<a href=\"https:\/\/grupo.us.es\/labhtlnet\/expresion-cartografica-del-paisaje\/\" >\n\t\t\t\tExpresi\u00f3n cartogr\u00e1fica del paisaje\t\t\t<\/a>\n\t\t<\/h3>\n\t\t\t\t<\/div>\n\t\t\t\t<\/article>\n\t\t\t\t<article class=\"elementor-post elementor-grid-item post-404 post type-post status-publish format-standard has-post-thumbnail hentry category-lineas-de-investigacion\" role=\"listitem\">\n\t\t\t\t<a class=\"elementor-post__thumbnail__link\" href=\"https:\/\/grupo.us.es\/labhtlnet\/analisis-diacronico-y-sincronico-del-paisaje\/\" tabindex=\"-1\" >\n\t\t\t<div class=\"elementor-post__thumbnail\"><img decoding=\"async\" width=\"300\" height=\"50\" src=\"https:\/\/grupo.us.es\/labhtlnet\/wp-content\/uploads\/2022\/03\/imagen-destacada-sin-300x50.jpg\" class=\"attachment-medium size-medium wp-image-400\" alt=\"\" srcset=\"https:\/\/grupo.us.es\/labhtlnet\/wp-content\/uploads\/2022\/03\/imagen-destacada-sin-300x50.jpg 300w, https:\/\/grupo.us.es\/labhtlnet\/wp-content\/uploads\/2022\/03\/imagen-destacada-sin-1024x171.jpg 1024w, https:\/\/grupo.us.es\/labhtlnet\/wp-content\/uploads\/2022\/03\/imagen-destacada-sin-768x128.jpg 768w, https:\/\/grupo.us.es\/labhtlnet\/wp-content\/uploads\/2022\/03\/imagen-destacada-sin.jpg 1200w\" sizes=\"(max-width: 300px) 100vw, 300px\" \/><\/div>\n\t\t<\/a>\n\t\t\t\t<div class=\"elementor-post__text\">\n\t\t\t\t<h3 class=\"elementor-post__title\">\n\t\t\t<a href=\"https:\/\/grupo.us.es\/labhtlnet\/analisis-diacronico-y-sincronico-del-paisaje\/\" >\n\t\t\t\tAn\u00e1lisis diacr\u00f3nico y sincr\u00f3nico del paisaje\t\t\t<\/a>\n\t\t<\/h3>\n\t\t\t\t<\/div>\n\t\t\t\t<\/article>\n\t\t\t\t<article class=\"elementor-post elementor-grid-item post-402 post type-post status-publish format-standard has-post-thumbnail hentry category-lineas-de-investigacion\" role=\"listitem\">\n\t\t\t\t<a class=\"elementor-post__thumbnail__link\" href=\"https:\/\/grupo.us.es\/labhtlnet\/el-patrimonio-en-el-marco-estrategico-de-la-planificacion-del-paisaje\/\" tabindex=\"-1\" >\n\t\t\t<div class=\"elementor-post__thumbnail\"><img decoding=\"async\" width=\"300\" height=\"50\" src=\"https:\/\/grupo.us.es\/labhtlnet\/wp-content\/uploads\/2022\/03\/imagen-destacada-sin-300x50.jpg\" class=\"attachment-medium size-medium wp-image-400\" alt=\"\" srcset=\"https:\/\/grupo.us.es\/labhtlnet\/wp-content\/uploads\/2022\/03\/imagen-destacada-sin-300x50.jpg 300w, https:\/\/grupo.us.es\/labhtlnet\/wp-content\/uploads\/2022\/03\/imagen-destacada-sin-1024x171.jpg 1024w, https:\/\/grupo.us.es\/labhtlnet\/wp-content\/uploads\/2022\/03\/imagen-destacada-sin-768x128.jpg 768w, https:\/\/grupo.us.es\/labhtlnet\/wp-content\/uploads\/2022\/03\/imagen-destacada-sin.jpg 1200w\" sizes=\"(max-width: 300px) 100vw, 300px\" \/><\/div>\n\t\t<\/a>\n\t\t\t\t<div class=\"elementor-post__text\">\n\t\t\t\t<h3 class=\"elementor-post__title\">\n\t\t\t<a href=\"https:\/\/grupo.us.es\/labhtlnet\/el-patrimonio-en-el-marco-estrategico-de-la-planificacion-del-paisaje\/\" >\n\t\t\t\tEl patrimonio en el marco estrat\u00e9gico de la planificaci\u00f3n del paisaje\t\t\t<\/a>\n\t\t<\/h3>\n\t\t\t\t<\/div>\n\t\t\t\t<\/article>\n\t\t\t\t<\/div>\n\t\t\n\t\t\t\t\t\t<\/div>\n\t\t\t\t<\/div>\n\t\t\t\t\t<\/div>\n\t\t<\/div>\n\t\t\t\t\t<\/div>\n\t\t<\/section>\n\t\t\t\t<\/div>\n\t\t","protected":false},"excerpt":{"rendered":"<p>Itinerarios Culturales Itinerarios Culturales Itinerarios Culturales Itinerarios Culturales<\/p>\n","protected":false},"author":1,"featured_media":0,"parent":0,"menu_order":0,"comment_status":"closed","ping_status":"closed","template":"","meta":{"footnotes":""},"class_list":["post-46","page","type-page","status-publish","hentry"],"yoast_head":"<!-- This site is optimized with the Yoast SEO plugin v26.2 - https:\/\/yoast.com\/wordpress\/plugins\/seo\/ -->\n<title>L\u00edneas de investigaci\u00f3n - Laboratorio de Redes de Patrimonio Turismo y Paisaje<\/title>\n<meta name=\"robots\" content=\"index, follow, max-snippet:-1, max-image-preview:large, max-video-preview:-1\" \/>\n<link rel=\"canonical\" href=\"https:\/\/grupo.us.es\/labhtlnet\/lineas-de-investigacion\/\" \/>\n<meta property=\"og:locale\" content=\"es_ES\" \/>\n<meta property=\"og:type\" content=\"article\" \/>\n<meta property=\"og:title\" content=\"L\u00edneas de investigaci\u00f3n - Laboratorio de Redes de Patrimonio Turismo y Paisaje\" \/>\n<meta property=\"og:description\" content=\"Itinerarios Culturales Itinerarios Culturales Itinerarios Culturales Itinerarios Culturales\" \/>\n<meta property=\"og:url\" content=\"https:\/\/grupo.us.es\/labhtlnet\/lineas-de-investigacion\/\" \/>\n<meta property=\"og:site_name\" content=\"Laboratorio de Redes de Patrimonio Turismo y Paisaje\" \/>\n<meta property=\"article:modified_time\" content=\"2022-04-06T11:50:32+00:00\" \/>\n<meta name=\"twitter:card\" content=\"summary_large_image\" \/>\n<meta name=\"twitter:label1\" content=\"Tiempo de lectura\" \/>\n\t<meta name=\"twitter:data1\" content=\"2 minutos\" \/>\n<script type=\"application\/ld+json\" class=\"yoast-schema-graph\">{\"@context\":\"https:\/\/schema.org\",\"@graph\":[{\"@type\":\"WebPage\",\"@id\":\"https:\/\/grupo.us.es\/labhtlnet\/lineas-de-investigacion\/\",\"url\":\"https:\/\/grupo.us.es\/labhtlnet\/lineas-de-investigacion\/\",\"name\":\"L\u00edneas de investigaci\u00f3n - Laboratorio de Redes de Patrimonio Turismo y Paisaje\",\"isPartOf\":{\"@id\":\"https:\/\/grupo.us.es\/labhtlnet\/#website\"},\"datePublished\":\"2022-03-15T08:42:27+00:00\",\"dateModified\":\"2022-04-06T11:50:32+00:00\",\"inLanguage\":\"es\",\"potentialAction\":[{\"@type\":\"ReadAction\",\"target\":[\"https:\/\/grupo.us.es\/labhtlnet\/lineas-de-investigacion\/\"]}]},{\"@type\":\"WebSite\",\"@id\":\"https:\/\/grupo.us.es\/labhtlnet\/#website\",\"url\":\"https:\/\/grupo.us.es\/labhtlnet\/\",\"name\":\"Laboratorio de Redes de Patrimonio Turismo y Paisaje\",\"description\":\"\",\"publisher\":{\"@id\":\"https:\/\/grupo.us.es\/labhtlnet\/#organization\"},\"potentialAction\":[{\"@type\":\"SearchAction\",\"target\":{\"@type\":\"EntryPoint\",\"urlTemplate\":\"https:\/\/grupo.us.es\/labhtlnet\/?s={search_term_string}\"},\"query-input\":{\"@type\":\"PropertyValueSpecification\",\"valueRequired\":true,\"valueName\":\"search_term_string\"}}],\"inLanguage\":\"es\"},{\"@type\":\"Organization\",\"@id\":\"https:\/\/grupo.us.es\/labhtlnet\/#organization\",\"name\":\"Laboratorio de Redes de Patrimonio Turismo y Paisaje\",\"url\":\"https:\/\/grupo.us.es\/labhtlnet\/\",\"logo\":{\"@type\":\"ImageObject\",\"inLanguage\":\"es\",\"@id\":\"https:\/\/grupo.us.es\/labhtlnet\/#\/schema\/logo\/image\/\",\"url\":\"https:\/\/grupo.us.es\/labhtlnet\/wp-content\/uploads\/2022\/06\/cropped-Logo-LAB-1.jpg\",\"contentUrl\":\"https:\/\/grupo.us.es\/labhtlnet\/wp-content\/uploads\/2022\/06\/cropped-Logo-LAB-1.jpg\",\"width\":200,\"height\":44,\"caption\":\"Laboratorio de Redes de Patrimonio Turismo y Paisaje\"},\"image\":{\"@id\":\"https:\/\/grupo.us.es\/labhtlnet\/#\/schema\/logo\/image\/\"}}]}<\/script>\n<!-- \/ Yoast SEO plugin. -->","yoast_head_json":{"title":"L\u00edneas de investigaci\u00f3n - Laboratorio de Redes de Patrimonio Turismo y Paisaje","robots":{"index":"index","follow":"follow","max-snippet":"max-snippet:-1","max-image-preview":"max-image-preview:large","max-video-preview":"max-video-preview:-1"},"canonical":"https:\/\/grupo.us.es\/labhtlnet\/lineas-de-investigacion\/","og_locale":"es_ES","og_type":"article","og_title":"L\u00edneas de investigaci\u00f3n - Laboratorio de Redes de Patrimonio Turismo y Paisaje","og_description":"Itinerarios Culturales Itinerarios Culturales Itinerarios Culturales Itinerarios Culturales","og_url":"https:\/\/grupo.us.es\/labhtlnet\/lineas-de-investigacion\/","og_site_name":"Laboratorio de Redes de Patrimonio Turismo y Paisaje","article_modified_time":"2022-04-06T11:50:32+00:00","twitter_card":"summary_large_image","twitter_misc":{"Tiempo de lectura":"2 minutos"},"schema":{"@context":"https:\/\/schema.org","@graph":[{"@type":"WebPage","@id":"https:\/\/grupo.us.es\/labhtlnet\/lineas-de-investigacion\/","url":"https:\/\/grupo.us.es\/labhtlnet\/lineas-de-investigacion\/","name":"L\u00edneas de investigaci\u00f3n - Laboratorio de Redes de Patrimonio Turismo y Paisaje","isPartOf":{"@id":"https:\/\/grupo.us.es\/labhtlnet\/#website"},"datePublished":"2022-03-15T08:42:27+00:00","dateModified":"2022-04-06T11:50:32+00:00","inLanguage":"es","potentialAction":[{"@type":"ReadAction","target":["https:\/\/grupo.us.es\/labhtlnet\/lineas-de-investigacion\/"]}]},{"@type":"WebSite","@id":"https:\/\/grupo.us.es\/labhtlnet\/#website","url":"https:\/\/grupo.us.es\/labhtlnet\/","name":"Laboratorio de Redes de Patrimonio Turismo y Paisaje","description":"","publisher":{"@id":"https:\/\/grupo.us.es\/labhtlnet\/#organization"},"potentialAction":[{"@type":"SearchAction","target":{"@type":"EntryPoint","urlTemplate":"https:\/\/grupo.us.es\/labhtlnet\/?s={search_term_string}"},"query-input":{"@type":"PropertyValueSpecification","valueRequired":true,"valueName":"search_term_string"}}],"inLanguage":"es"},{"@type":"Organization","@id":"https:\/\/grupo.us.es\/labhtlnet\/#organization","name":"Laboratorio de Redes de Patrimonio Turismo y Paisaje","url":"https:\/\/grupo.us.es\/labhtlnet\/","logo":{"@type":"ImageObject","inLanguage":"es","@id":"https:\/\/grupo.us.es\/labhtlnet\/#\/schema\/logo\/image\/","url":"https:\/\/grupo.us.es\/labhtlnet\/wp-content\/uploads\/2022\/06\/cropped-Logo-LAB-1.jpg","contentUrl":"https:\/\/grupo.us.es\/labhtlnet\/wp-content\/uploads\/2022\/06\/cropped-Logo-LAB-1.jpg","width":200,"height":44,"caption":"Laboratorio de Redes de Patrimonio Turismo y Paisaje"},"image":{"@id":"https:\/\/grupo.us.es\/labhtlnet\/#\/schema\/logo\/image\/"}}]}},"_links":{"self":[{"href":"https:\/\/grupo.us.es\/labhtlnet\/wp-json\/wp\/v2\/pages\/46","targetHints":{"allow":["GET"]}}],"collection":[{"href":"https:\/\/grupo.us.es\/labhtlnet\/wp-json\/wp\/v2\/pages"}],"about":[{"href":"https:\/\/grupo.us.es\/labhtlnet\/wp-json\/wp\/v2\/types\/page"}],"author":[{"embeddable":true,"href":"https:\/\/grupo.us.es\/labhtlnet\/wp-json\/wp\/v2\/users\/1"}],"replies":[{"embeddable":true,"href":"https:\/\/grupo.us.es\/labhtlnet\/wp-json\/wp\/v2\/comments?post=46"}],"version-history":[{"count":0,"href":"https:\/\/grupo.us.es\/labhtlnet\/wp-json\/wp\/v2\/pages\/46\/revisions"}],"wp:attachment":[{"href":"https:\/\/grupo.us.es\/labhtlnet\/wp-json\/wp\/v2\/media?parent=46"}],"curies":[{"name":"wp","href":"https:\/\/api.w.org\/{rel}","templated":true}]}}