{"id":965,"date":"2017-12-15T12:57:33","date_gmt":"2017-12-15T11:57:33","guid":{"rendered":"http:\/\/grupo.us.es\/newiwpr\/?page_id=965"},"modified":"2017-12-15T13:51:53","modified_gmt":"2017-12-15T12:51:53","slug":"trabajo-autonomo-proteccion-social-y-pobreza","status":"publish","type":"page","link":"https:\/\/grupo.us.es\/iwpr\/pobreza-en-el-trabajo\/trabajo-autonomo-proteccion-social-y-pobreza\/","title":{"rendered":"Trabajo aut\u00f3nomo, protecci\u00f3n social y pobreza"},"content":{"rendered":"<p>Para acceder a este cap\u00edtulo,\u00a0 elaborado por la Pr\u00aa. Dr\u00aa. Macarena Hern\u00e1ndez Bejarano, y publicado en la monograf\u00eda <a href=\"http:\/\/grupo.us.es\/iwpr\/wp-content\/uploads\/2017\/12\/libro1.pdf\" target=\"_blank\" rel=\"noopener\"><em>Trabajadores pobres y pobreza en la ocupaci\u00f3n: concepto y evoluci\u00f3n de la pobreza en la ocupaci\u00f3n: el impacto de las \u00faltimas reformas legales<\/em>,<\/a> (dir. Fco Javier Calvo Gallego, M.R. G\u00f3mez- \u00c1lvarez D\u00edaz). Editorial Laborum, 2017,\u00a0ISBN: 978-84-946595-7-,\u00a0 pulsa el siguiente <a href=\"http:\/\/grupo.us.es\/iwpr\/wp-content\/uploads\/2017\/12\/13mhb.pdf\" target=\"_blank\" rel=\"noopener\">enlace<\/a>.<\/p>\n","protected":false},"excerpt":{"rendered":"<p>Para acceder a este cap\u00edtulo,\u00a0 elaborado por la Pr\u00aa. Dr\u00aa. Macarena Hern\u00e1ndez Bejarano, y publicado en la monograf\u00eda Trabajadores pobres y pobreza en la ocupaci\u00f3n: concepto y evoluci\u00f3n de la pobreza en la ocupaci\u00f3n: el impacto de las \u00faltimas reformas legales, (dir. Fco Javier Calvo Gallego, M.R. G\u00f3mez- \u00c1lvarez D\u00edaz). Editorial Laborum, 2017,\u00a0ISBN: 978-84-946595-7-,\u00a0 pulsa&#8230;<\/p>\n","protected":false},"author":1,"featured_media":0,"parent":15,"menu_order":13,"comment_status":"closed","ping_status":"closed","template":"","meta":{"jetpack_post_was_ever_published":false,"footnotes":""},"class_list":["post-965","page","type-page","status-publish","hentry"],"jetpack_shortlink":"https:\/\/wp.me\/P7HIjh-fz","jetpack-related-posts":[{"id":963,"url":"https:\/\/grupo.us.es\/iwpr\/pobreza-en-el-trabajo\/prestaciones-familiares-y-pobreza-en-el-trabajo\/","url_meta":{"origin":965,"position":0},"title":"Prestaciones familiares y pobreza en el trabajo","author":"Fco. Javier Calvo Gallego","date":"15 diciembre, 2017","format":false,"excerpt":"Para acceder a este cap\u00edtulo,\u00a0 elaborado por el Pr. Dr. Ram\u00f3n L\u00f3pez Fuentes, y publicado en la monograf\u00eda Trabajadores pobres y pobreza en la ocupaci\u00f3n: concepto y evoluci\u00f3n de la pobreza en la ocupaci\u00f3n: el impacto de las \u00faltimas reformas legales, (dir. Fco Javier Calvo Gallego, M.R. G\u00f3mez- \u00c1lvarez D\u00edaz).\u2026","rel":"","context":"Entrada similar","block_context":{"text":"Entrada similar","link":""},"img":{"alt_text":"","src":"","width":0,"height":0},"classes":[]},{"id":957,"url":"https:\/\/grupo.us.es\/iwpr\/pobreza-en-el-trabajo\/pobreza-y-reformas-en-la-negociacion-colectiva\/","url_meta":{"origin":965,"position":1},"title":"Pobreza y reformas en la negociaci\u00f3n colectiva","author":"Fco. Javier Calvo Gallego","date":"15 diciembre, 2017","format":false,"excerpt":"Para acceder a este cap\u00edtulo,\u00a0 elaborado por la Pr\u00aa. Dr\u00aa. Maria Fern\u00e1nda Fern\u00e1ndez L\u00f3pez, y publicado en la monograf\u00eda Trabajadores pobres y pobreza en la ocupaci\u00f3n: concepto y evoluci\u00f3n de la pobreza en la ocupaci\u00f3n: el impacto de las \u00faltimas reformas legales, (dir. Fco Javier Calvo Gallego, M.R. G\u00f3mez- \u00c1lvarez\u2026","rel":"","context":"Entrada similar","block_context":{"text":"Entrada similar","link":""},"img":{"alt_text":"","src":"","width":0,"height":0},"classes":[]},{"id":959,"url":"https:\/\/grupo.us.es\/iwpr\/pobreza-en-el-trabajo\/pobreza-en-el-trabajo-y-modalidades-contractuales\/","url_meta":{"origin":965,"position":2},"title":"Pobreza en el trabajo y modalidades contractuales","author":"Fco. Javier Calvo Gallego","date":"15 diciembre, 2017","format":false,"excerpt":"Para acceder a este cap\u00edtulo,\u00a0 elaborado por la Pr\u00aa. Dr\u00aa. Mar\u00eda Gema Quintero Lima, y publicado en la monograf\u00eda Trabajadores pobres y pobreza en la ocupaci\u00f3n: concepto y evoluci\u00f3n de la pobreza en la ocupaci\u00f3n: el impacto de las \u00faltimas reformas legales, (dir. Fco Javier Calvo Gallego, M.R. G\u00f3mez- \u00c1lvarez\u2026","rel":"","context":"Entrada similar","block_context":{"text":"Entrada similar","link":""},"img":{"alt_text":"","src":"","width":0,"height":0},"classes":[]},{"id":967,"url":"https:\/\/grupo.us.es\/iwpr\/pobreza-en-el-trabajo\/aprendizaje-permanente-competencias-emocionales-y-pobreza-laboral\/","url_meta":{"origin":965,"position":3},"title":"Aprendizaje permanente, competencias emocionales y pobreza laboral","author":"Fco. Javier Calvo Gallego","date":"15 diciembre, 2017","format":false,"excerpt":"Para acceder a este cap\u00edtulo,\u00a0 elaborado por la Pr\u00aa. Dr. Mar\u00eda Jos\u00e9 G\u00f3mez Torres, y publicado en la monograf\u00eda Trabajadores pobres y pobreza en la ocupaci\u00f3n: concepto y evoluci\u00f3n de la pobreza en la ocupaci\u00f3n: el impacto de las \u00faltimas reformas legales, (dir. Fco Javier Calvo Gallego, M.R. G\u00f3mez- \u00c1lvarez\u2026","rel":"","context":"Entrada similar","block_context":{"text":"Entrada similar","link":""},"img":{"alt_text":"","src":"","width":0,"height":0},"classes":[]},{"id":955,"url":"https:\/\/grupo.us.es\/iwpr\/pobreza-en-el-trabajo\/aproximacion-al-tratamiento-de-la-pobreza-laboral-en-las-politicas-de-empleo-e-inclusion-social\/","url_meta":{"origin":965,"position":4},"title":"Aproximaci\u00f3n al tratamiento de la pobreza laboral en las pol\u00edticas de empleo e inclusi\u00f3n social","author":"Fco. Javier Calvo Gallego","date":"15 diciembre, 2017","format":false,"excerpt":"Para acceder a este cap\u00edtulo,\u00a0 elaborado por el Profesor Jos\u00e9 Luis L\u00e1zaro S\u00e1nchez, y publicado en la monograf\u00eda Trabajadores pobres y pobreza en la ocupaci\u00f3n: concepto y evoluci\u00f3n de la pobreza en la ocupaci\u00f3n: el impacto de las \u00faltimas reformas legales, (dir. Fco Javier Calvo Gallego, M.R. G\u00f3mez- \u00c1lvarez D\u00edaz).\u2026","rel":"","context":"Entrada similar","block_context":{"text":"Entrada similar","link":""},"img":{"alt_text":"","src":"","width":0,"height":0},"classes":[]},{"id":918,"url":"https:\/\/grupo.us.es\/iwpr\/pobreza-en-el-trabajo\/la-evolucion-de-la-pobreza-en-la-poblacion-y-en-los-trabajadores-en-espana\/","url_meta":{"origin":965,"position":5},"title":"La evoluci\u00f3n de la pobreza en la poblaci\u00f3n y en los trabajadores en Espa\u00f1a","author":"Fco. Javier Calvo Gallego","date":"15 diciembre, 2017","format":false,"excerpt":"Para acceder a este cap\u00edtulo,\u00a0 elaborado por las Prs\u00aa. Drs\u00aa, Dolores G\u00f3mez Dom\u00ednguez y Mar\u00eda Teresa Ar\u00e9valo Quijada, y publicado en la monograf\u00eda Trabajadores pobres y pobreza en la ocupaci\u00f3n: concepto y evoluci\u00f3n de la pobreza en la ocupaci\u00f3n: el impacto de las \u00faltimas reformas legales, (dir. Fco Javier Calvo\u2026","rel":"","context":"Entrada similar","block_context":{"text":"Entrada similar","link":""},"img":{"alt_text":"","src":"","width":0,"height":0},"classes":[]}],"jetpack_sharing_enabled":true,"_links":{"self":[{"href":"https:\/\/grupo.us.es\/iwpr\/wp-json\/wp\/v2\/pages\/965","targetHints":{"allow":["GET"]}}],"collection":[{"href":"https:\/\/grupo.us.es\/iwpr\/wp-json\/wp\/v2\/pages"}],"about":[{"href":"https:\/\/grupo.us.es\/iwpr\/wp-json\/wp\/v2\/types\/page"}],"author":[{"embeddable":true,"href":"https:\/\/grupo.us.es\/iwpr\/wp-json\/wp\/v2\/users\/1"}],"replies":[{"embeddable":true,"href":"https:\/\/grupo.us.es\/iwpr\/wp-json\/wp\/v2\/comments?post=965"}],"version-history":[{"count":0,"href":"https:\/\/grupo.us.es\/iwpr\/wp-json\/wp\/v2\/pages\/965\/revisions"}],"up":[{"embeddable":true,"href":"https:\/\/grupo.us.es\/iwpr\/wp-json\/wp\/v2\/pages\/15"}],"wp:attachment":[{"href":"https:\/\/grupo.us.es\/iwpr\/wp-json\/wp\/v2\/media?parent=965"}],"curies":[{"name":"wp","href":"https:\/\/api.w.org\/{rel}","templated":true}]}}