{"id":90,"date":"2016-07-14T12:44:50","date_gmt":"2016-07-14T10:44:50","guid":{"rendered":"http:\/\/grupo.us.es\/newiwpr\/?page_id=90"},"modified":"2017-12-18T12:58:28","modified_gmt":"2017-12-18T11:58:28","slug":"pobreza-en-el-trabajo-y-working-poor","status":"publish","type":"page","link":"https:\/\/grupo.us.es\/iwpr\/biblioteca\/pobreza-en-el-trabajo-y-working-poor\/","title":{"rendered":"Pobreza en el trabajo y working poor"},"content":{"rendered":"<p>En esta p\u00e1gina encontrar\u00e1s referencias y enlaces externos a art\u00edculos o ponencias de inter\u00e9s que aborden este tema.<\/p>\n<h5>Working poor<\/h5>\n<p>Este concepto es fundamentalmente norteamericano, elaborado \u00a0por la Oficina de Estad\u00edsticas Laborales de Estados Unidos, que en sus sucesivos informes desde 1996 -el acceso a los mismos en <a href=\"http:\/\/www.bls.gov\/cps\/earnings.htm#workpoor\" target=\"_blank\" rel=\"noopener\">http:\/\/www.bls.gov\/cps\/earnings.htm#workpoor<\/a>&#8211;\u00a0viene definiendo al colectivo incluido en este indicador \u2013<em>working poor<\/em>&#8211; como el compuesto por \u201caquellos individuos incluidos durante al menos veintisiete semanas en la fuerza laboral (trabajando o buscando trabajo), pero cuyos ingresos est\u00e1n por debajo del umbral oficial de pobreza.<\/p>\n<p>Sobre el mismo quiz\u00e1s te puedan interesar estos documentos:<\/p>\n<ul>\n<li><strong><a href=\"http:\/\/grupo.us.es\/iwpr\/wp-content\/uploads\/2017\/12\/libro1.pdf\" target=\"_blank\" rel=\"noopener\"><em>Trabajadores pobres y pobreza en la ocupaci\u00f3n: concepto y evoluci\u00f3n de la pobreza en la ocupaci\u00f3n: el impacto de las \u00faltimas reformas legales<\/em><\/a>, trabajo elaborado en el seno de este proyecto de investigaci\u00f3n y dirigido por Fco Javier Calvo Gallego y M\u00aa. Rosario G\u00f3mez-\u00c1lvarez D\u00edaz<\/strong><\/li>\n<\/ul>\n<p>&nbsp;<\/p>\n<ul>\n<li><a href=\"https:\/\/www.google.es\/url?sa=t&amp;rct=j&amp;q=&amp;esrc=s&amp;source=web&amp;cd=1&amp;cad=rja&amp;uact=8&amp;ved=0ahUKEwjm1MLG3vzNAhWBuBoKHaUEDSUQFggcMAA&amp;url=http%3A%2F%2Fwww.bls.gov%2Fopub%2Freports%2Fworking-poor%2Farchive%2Fa-profile-of-the-working-poor-2013.pdf&amp;usg=AFQjCNFGCgKGT_RzPJF2YBlAi688uzFxzQ&amp;sig2=kkxJca93iZnsCO6Qgs1MCQ\" target=\"_blank\" rel=\"noopener\">US BUREAU OF LABOR STATISTICS. 2005. <span class=\"italique\">A Profile of the Working Poor, 2003<\/span>. Washington, DC, US Department of Labor, mars, Rapport n\u00b0 98<\/a><\/li>\n<\/ul>\n<p>&nbsp;<\/p>\n<ul>\n<li><strong><a href=\"http:\/\/wp.me\/p7HIjh-b7\">El Derecho del Trabajo y los pobres<\/a>, art\u00edculo de 2009 de Miguel Rodr\u00edguez-Pi\u00f1ero Royo, miembro del proyecto<\/strong><\/li>\n<\/ul>\n","protected":false},"excerpt":{"rendered":"<p>En esta p\u00e1gina encontrar\u00e1s referencias y enlaces externos a art\u00edculos o ponencias de inter\u00e9s que aborden este tema. Working poor Este concepto es fundamentalmente norteamericano, elaborado \u00a0por la Oficina de Estad\u00edsticas Laborales de Estados Unidos, que en sus sucesivos informes desde 1996 -el acceso a los mismos en http:\/\/www.bls.gov\/cps\/earnings.htm#workpoor&#8211;\u00a0viene definiendo al colectivo incluido en este&#8230;<\/p>\n","protected":false},"author":1,"featured_media":0,"parent":47,"menu_order":0,"comment_status":"closed","ping_status":"closed","template":"","meta":{"jetpack_post_was_ever_published":false,"footnotes":""},"class_list":["post-90","page","type-page","status-publish","hentry"],"jetpack_shortlink":"https:\/\/wp.me\/P7HIjh-1s","jetpack-related-posts":[{"id":891,"url":"https:\/\/grupo.us.es\/iwpr\/pobreza-en-el-trabajo\/la-problematica-de-los-working-poor-en-los-estados-unidos\/","url_meta":{"origin":90,"position":0},"title":"La problem\u00e1tica de los Working Poor en los Estados Unidos","author":"Fco. Javier Calvo Gallego","date":"15 diciembre, 2017","format":false,"excerpt":"Para acceder a este cap\u00edtulo,\u00a0 elaborado por la Pr\u00aa. Dr\u00aa.\u00a0 Margarita Barrera Lozano y publicado en la monograf\u00eda Trabajadores pobres y pobreza en la ocupaci\u00f3n: concepto y evoluci\u00f3n de la pobreza en la ocupaci\u00f3n: el impacto de las \u00faltimas reformas legales, (dir. Fco Javier Calvo gallego, M.R. G\u00f3mez- \u00c1lvarez D\u00edaz).\u2026","rel":"","context":"Entrada similar","block_context":{"text":"Entrada similar","link":""},"img":{"alt_text":"","src":"","width":0,"height":0},"classes":[]},{"id":916,"url":"https:\/\/grupo.us.es\/iwpr\/pobreza-en-el-trabajo\/marco-teorico-para-el-analisis-de-la-pobreza-en-el-trabajo-en-la-ue-concepto-medicion-y-causas\/","url_meta":{"origin":90,"position":1},"title":"Marco te\u00f3rico para el an\u00e1lisis de la pobreza en el trabajo en la UE: concepto, medici\u00f3n y causas","author":"Fco. Javier Calvo Gallego","date":"15 diciembre, 2017","format":false,"excerpt":"Para acceder a este cap\u00edtulo,\u00a0 elaborado por los Profesores M. Rosario G\u00f3mez-\u00c1lvarez Diaz y Francisco G\u00f3mez Garc\u00eda, y publicado en la monograf\u00eda Trabajadores pobres y pobreza en la ocupaci\u00f3n: concepto y evoluci\u00f3n de la pobreza en la ocupaci\u00f3n: el impacto de las \u00faltimas reformas legales, (dir. Fco Javier Calvo Gallego,\u2026","rel":"","context":"Entrada similar","block_context":{"text":"Entrada similar","link":""},"img":{"alt_text":"","src":"","width":0,"height":0},"classes":[]},{"id":963,"url":"https:\/\/grupo.us.es\/iwpr\/pobreza-en-el-trabajo\/prestaciones-familiares-y-pobreza-en-el-trabajo\/","url_meta":{"origin":90,"position":2},"title":"Prestaciones familiares y pobreza en el trabajo","author":"Fco. Javier Calvo Gallego","date":"15 diciembre, 2017","format":false,"excerpt":"Para acceder a este cap\u00edtulo,\u00a0 elaborado por el Pr. Dr. Ram\u00f3n L\u00f3pez Fuentes, y publicado en la monograf\u00eda Trabajadores pobres y pobreza en la ocupaci\u00f3n: concepto y evoluci\u00f3n de la pobreza en la ocupaci\u00f3n: el impacto de las \u00faltimas reformas legales, (dir. Fco Javier Calvo Gallego, M.R. G\u00f3mez- \u00c1lvarez D\u00edaz).\u2026","rel":"","context":"Entrada similar","block_context":{"text":"Entrada similar","link":""},"img":{"alt_text":"","src":"","width":0,"height":0},"classes":[]},{"id":965,"url":"https:\/\/grupo.us.es\/iwpr\/pobreza-en-el-trabajo\/trabajo-autonomo-proteccion-social-y-pobreza\/","url_meta":{"origin":90,"position":3},"title":"Trabajo aut\u00f3nomo, protecci\u00f3n social y pobreza","author":"Fco. Javier Calvo Gallego","date":"15 diciembre, 2017","format":false,"excerpt":"Para acceder a este cap\u00edtulo,\u00a0 elaborado por la Pr\u00aa. Dr\u00aa. Macarena Hern\u00e1ndez Bejarano, y publicado en la monograf\u00eda Trabajadores pobres y pobreza en la ocupaci\u00f3n: concepto y evoluci\u00f3n de la pobreza en la ocupaci\u00f3n: el impacto de las \u00faltimas reformas legales, (dir. Fco Javier Calvo Gallego, M.R. G\u00f3mez- \u00c1lvarez D\u00edaz).\u2026","rel":"","context":"Entrada similar","block_context":{"text":"Entrada similar","link":""},"img":{"alt_text":"","src":"","width":0,"height":0},"classes":[]},{"id":959,"url":"https:\/\/grupo.us.es\/iwpr\/pobreza-en-el-trabajo\/pobreza-en-el-trabajo-y-modalidades-contractuales\/","url_meta":{"origin":90,"position":4},"title":"Pobreza en el trabajo y modalidades contractuales","author":"Fco. Javier Calvo Gallego","date":"15 diciembre, 2017","format":false,"excerpt":"Para acceder a este cap\u00edtulo,\u00a0 elaborado por la Pr\u00aa. Dr\u00aa. Mar\u00eda Gema Quintero Lima, y publicado en la monograf\u00eda Trabajadores pobres y pobreza en la ocupaci\u00f3n: concepto y evoluci\u00f3n de la pobreza en la ocupaci\u00f3n: el impacto de las \u00faltimas reformas legales, (dir. Fco Javier Calvo Gallego, M.R. G\u00f3mez- \u00c1lvarez\u2026","rel":"","context":"Entrada similar","block_context":{"text":"Entrada similar","link":""},"img":{"alt_text":"","src":"","width":0,"height":0},"classes":[]},{"id":957,"url":"https:\/\/grupo.us.es\/iwpr\/pobreza-en-el-trabajo\/pobreza-y-reformas-en-la-negociacion-colectiva\/","url_meta":{"origin":90,"position":5},"title":"Pobreza y reformas en la negociaci\u00f3n colectiva","author":"Fco. Javier Calvo Gallego","date":"15 diciembre, 2017","format":false,"excerpt":"Para acceder a este cap\u00edtulo,\u00a0 elaborado por la Pr\u00aa. Dr\u00aa. Maria Fern\u00e1nda Fern\u00e1ndez L\u00f3pez, y publicado en la monograf\u00eda Trabajadores pobres y pobreza en la ocupaci\u00f3n: concepto y evoluci\u00f3n de la pobreza en la ocupaci\u00f3n: el impacto de las \u00faltimas reformas legales, (dir. Fco Javier Calvo Gallego, M.R. G\u00f3mez- \u00c1lvarez\u2026","rel":"","context":"Entrada similar","block_context":{"text":"Entrada similar","link":""},"img":{"alt_text":"","src":"","width":0,"height":0},"classes":[]}],"jetpack_sharing_enabled":true,"_links":{"self":[{"href":"https:\/\/grupo.us.es\/iwpr\/wp-json\/wp\/v2\/pages\/90","targetHints":{"allow":["GET"]}}],"collection":[{"href":"https:\/\/grupo.us.es\/iwpr\/wp-json\/wp\/v2\/pages"}],"about":[{"href":"https:\/\/grupo.us.es\/iwpr\/wp-json\/wp\/v2\/types\/page"}],"author":[{"embeddable":true,"href":"https:\/\/grupo.us.es\/iwpr\/wp-json\/wp\/v2\/users\/1"}],"replies":[{"embeddable":true,"href":"https:\/\/grupo.us.es\/iwpr\/wp-json\/wp\/v2\/comments?post=90"}],"version-history":[{"count":0,"href":"https:\/\/grupo.us.es\/iwpr\/wp-json\/wp\/v2\/pages\/90\/revisions"}],"up":[{"embeddable":true,"href":"https:\/\/grupo.us.es\/iwpr\/wp-json\/wp\/v2\/pages\/47"}],"wp:attachment":[{"href":"https:\/\/grupo.us.es\/iwpr\/wp-json\/wp\/v2\/media?parent=90"}],"curies":[{"name":"wp","href":"https:\/\/api.w.org\/{rel}","templated":true}]}}