{"id":891,"date":"2017-12-15T12:24:40","date_gmt":"2017-12-15T11:24:40","guid":{"rendered":"http:\/\/grupo.us.es\/newiwpr\/?page_id=891"},"modified":"2017-12-15T13:53:16","modified_gmt":"2017-12-15T12:53:16","slug":"la-problematica-de-los-working-poor-en-los-estados-unidos","status":"publish","type":"page","link":"https:\/\/grupo.us.es\/iwpr\/pobreza-en-el-trabajo\/la-problematica-de-los-working-poor-en-los-estados-unidos\/","title":{"rendered":"La problem\u00e1tica de los Working Poor en los Estados Unidos"},"content":{"rendered":"<p>Para acceder a este cap\u00edtulo,\u00a0 elaborado por la Pr\u00aa. Dr\u00aa.\u00a0 Margarita Barrera Lozano y publicado en la monograf\u00eda <a href=\"http:\/\/grupo.us.es\/iwpr\/wp-content\/uploads\/2017\/12\/libro1.pdf\" target=\"_blank\" rel=\"noopener\"><em>Trabajadores pobres y pobreza en la ocupaci\u00f3n: concepto y evoluci\u00f3n de la pobreza en la ocupaci\u00f3n: el impacto de las \u00faltimas reformas legales<\/em><\/a>, (dir. Fco Javier Calvo gallego, M.R. G\u00f3mez- \u00c1lvarez D\u00edaz). Editorial Laborum, 2017,\u00a0ISBN: 978-84-946595-7-,\u00a0 pulsa el siguiente <a href=\"http:\/\/grupo.us.es\/iwpr\/wp-content\/uploads\/2017\/12\/2mbwpUS.pdf\" target=\"_blank\" rel=\"attachment noopener wp-att-933\">enlace<\/a><\/p>\n","protected":false},"excerpt":{"rendered":"<p>Para acceder a este cap\u00edtulo,\u00a0 elaborado por la Pr\u00aa. Dr\u00aa.\u00a0 Margarita Barrera Lozano y publicado en la monograf\u00eda Trabajadores pobres y pobreza en la ocupaci\u00f3n: concepto y evoluci\u00f3n de la pobreza en la ocupaci\u00f3n: el impacto de las \u00faltimas reformas legales, (dir. Fco Javier Calvo gallego, M.R. G\u00f3mez- \u00c1lvarez D\u00edaz). Editorial Laborum, 2017,\u00a0ISBN: 978-84-946595-7-,\u00a0 pulsa&#8230;<\/p>\n","protected":false},"author":1,"featured_media":0,"parent":15,"menu_order":3,"comment_status":"closed","ping_status":"closed","template":"","meta":{"jetpack_post_was_ever_published":false,"footnotes":""},"class_list":["post-891","page","type-page","status-publish","hentry"],"jetpack_shortlink":"https:\/\/wp.me\/P7HIjh-en","jetpack-related-posts":[{"id":1386,"url":"https:\/\/grupo.us.es\/iwpr\/congreso-final-del-proyecto-instrumentos-normativos-para-la-mejora-de-las-trayectorias-laborales-en-el-nuevo-contexto-demografico-economico-y-tecnologico\/segunda-parte-pobreza-en-la-ocupacion-y-envejecimiento-activo\/","url_meta":{"origin":891,"position":0},"title":"Seminario \u00abPobreza en la ocupaci\u00f3n y envejecimiento activo\u00bb","author":"Miguel Carlos Rodr\u00edguez-Pi\u00f1ero Royo","date":"11 septiembre, 2018","format":false,"excerpt":"Seminario sobre \"Pobreza en la ocupaci\u00f3n y envejecimiento activo\" En el seno del Congreso internacional \u201cInstrumentos normativos para la mejora de las trayectorias laborales en el nuevo contexto demogr\u00e1fico, econ\u00f3mico y tecnol\u00f3gico\u201d se va a celebrar en Sevilla los d\u00edas 15 y 16 de noviembre de 2018 un seminario sobre\u2026","rel":"","context":"Entrada similar","block_context":{"text":"Entrada similar","link":""},"img":{"alt_text":"","src":"https:\/\/i0.wp.com\/grupo.us.es\/iwpr\/wp-content\/uploads\/2016\/07\/mineco_ue-300x53.png?resize=350%2C200","width":350,"height":200},"classes":[]},{"id":918,"url":"https:\/\/grupo.us.es\/iwpr\/pobreza-en-el-trabajo\/la-evolucion-de-la-pobreza-en-la-poblacion-y-en-los-trabajadores-en-espana\/","url_meta":{"origin":891,"position":1},"title":"La evoluci\u00f3n de la pobreza en la poblaci\u00f3n y en los trabajadores en Espa\u00f1a","author":"Fco. Javier Calvo Gallego","date":"15 diciembre, 2017","format":false,"excerpt":"Para acceder a este cap\u00edtulo,\u00a0 elaborado por las Prs\u00aa. Drs\u00aa, Dolores G\u00f3mez Dom\u00ednguez y Mar\u00eda Teresa Ar\u00e9valo Quijada, y publicado en la monograf\u00eda Trabajadores pobres y pobreza en la ocupaci\u00f3n: concepto y evoluci\u00f3n de la pobreza en la ocupaci\u00f3n: el impacto de las \u00faltimas reformas legales, (dir. Fco Javier Calvo\u2026","rel":"","context":"Entrada similar","block_context":{"text":"Entrada similar","link":""},"img":{"alt_text":"","src":"","width":0,"height":0},"classes":[]},{"id":916,"url":"https:\/\/grupo.us.es\/iwpr\/pobreza-en-el-trabajo\/marco-teorico-para-el-analisis-de-la-pobreza-en-el-trabajo-en-la-ue-concepto-medicion-y-causas\/","url_meta":{"origin":891,"position":2},"title":"Marco te\u00f3rico para el an\u00e1lisis de la pobreza en el trabajo en la UE: concepto, medici\u00f3n y causas","author":"Fco. Javier Calvo Gallego","date":"15 diciembre, 2017","format":false,"excerpt":"Para acceder a este cap\u00edtulo,\u00a0 elaborado por los Profesores M. Rosario G\u00f3mez-\u00c1lvarez Diaz y Francisco G\u00f3mez Garc\u00eda, y publicado en la monograf\u00eda Trabajadores pobres y pobreza en la ocupaci\u00f3n: concepto y evoluci\u00f3n de la pobreza en la ocupaci\u00f3n: el impacto de las \u00faltimas reformas legales, (dir. Fco Javier Calvo Gallego,\u2026","rel":"","context":"Entrada similar","block_context":{"text":"Entrada similar","link":""},"img":{"alt_text":"","src":"","width":0,"height":0},"classes":[]},{"id":953,"url":"https:\/\/grupo.us.es\/iwpr\/pobreza-en-el-trabajo\/las-recientes-reformas-laborales-como-instrumento-de-politica-economica-y-su-impacto-sobre-algunas-condiciones-ligadas-a-la-pobreza-en-el-trabajo\/","url_meta":{"origin":891,"position":3},"title":"Las recientes reformas laborales como instrumento de pol\u00edtica econ\u00f3mica y su impacto sobre algunas condiciones ligadas a la pobreza en el trabajo","author":"Fco. Javier Calvo Gallego","date":"15 diciembre, 2017","format":false,"excerpt":"Para acceder a este cap\u00edtulo,\u00a0 elaborado por los Profesores Drs. Fco Javier Calvo Gallego y Miguel Carlos Rodr\u00edguez-Pi\u00f1ero Royo, y publicado en la monograf\u00eda Trabajadores pobres y pobreza en la ocupaci\u00f3n: concepto y evoluci\u00f3n de la pobreza en la ocupaci\u00f3n: el impacto de las \u00faltimas reformas legales, (dir. Fco Javier\u2026","rel":"","context":"Entrada similar","block_context":{"text":"Entrada similar","link":""},"img":{"alt_text":"","src":"","width":0,"height":0},"classes":[]},{"id":920,"url":"https:\/\/grupo.us.es\/iwpr\/pobreza-en-el-trabajo\/trabajadores-pobres-en-espana-y-europa-caracteristicas-personales-familiares-y-factores-determinantes\/","url_meta":{"origin":891,"position":4},"title":"Trabajadores pobres en Espa\u00f1a y Europa: caracter\u00edsticas personales familiares y factores determinantes","author":"Fco. Javier Calvo Gallego","date":"15 diciembre, 2017","format":false,"excerpt":"Para acceder a este cap\u00edtulo,\u00a0 elaborado por los Prs. Drs. Jes\u00fas Manuel Artero L\u00f3pez, Cristina Borra Marcos y David Pati\u00f1o Rodr\u00edguez, y publicado en la monograf\u00eda Trabajadores pobres y pobreza en la ocupaci\u00f3n: concepto y evoluci\u00f3n de la pobreza en la ocupaci\u00f3n: el impacto de las \u00faltimas reformas legales, (dir.\u2026","rel":"","context":"Entrada similar","block_context":{"text":"Entrada similar","link":""},"img":{"alt_text":"","src":"","width":0,"height":0},"classes":[]},{"id":963,"url":"https:\/\/grupo.us.es\/iwpr\/pobreza-en-el-trabajo\/prestaciones-familiares-y-pobreza-en-el-trabajo\/","url_meta":{"origin":891,"position":5},"title":"Prestaciones familiares y pobreza en el trabajo","author":"Fco. Javier Calvo Gallego","date":"15 diciembre, 2017","format":false,"excerpt":"Para acceder a este cap\u00edtulo,\u00a0 elaborado por el Pr. Dr. Ram\u00f3n L\u00f3pez Fuentes, y publicado en la monograf\u00eda Trabajadores pobres y pobreza en la ocupaci\u00f3n: concepto y evoluci\u00f3n de la pobreza en la ocupaci\u00f3n: el impacto de las \u00faltimas reformas legales, (dir. Fco Javier Calvo Gallego, M.R. G\u00f3mez- \u00c1lvarez D\u00edaz).\u2026","rel":"","context":"Entrada similar","block_context":{"text":"Entrada similar","link":""},"img":{"alt_text":"","src":"","width":0,"height":0},"classes":[]}],"jetpack_sharing_enabled":true,"_links":{"self":[{"href":"https:\/\/grupo.us.es\/iwpr\/wp-json\/wp\/v2\/pages\/891","targetHints":{"allow":["GET"]}}],"collection":[{"href":"https:\/\/grupo.us.es\/iwpr\/wp-json\/wp\/v2\/pages"}],"about":[{"href":"https:\/\/grupo.us.es\/iwpr\/wp-json\/wp\/v2\/types\/page"}],"author":[{"embeddable":true,"href":"https:\/\/grupo.us.es\/iwpr\/wp-json\/wp\/v2\/users\/1"}],"replies":[{"embeddable":true,"href":"https:\/\/grupo.us.es\/iwpr\/wp-json\/wp\/v2\/comments?post=891"}],"version-history":[{"count":0,"href":"https:\/\/grupo.us.es\/iwpr\/wp-json\/wp\/v2\/pages\/891\/revisions"}],"up":[{"embeddable":true,"href":"https:\/\/grupo.us.es\/iwpr\/wp-json\/wp\/v2\/pages\/15"}],"wp:attachment":[{"href":"https:\/\/grupo.us.es\/iwpr\/wp-json\/wp\/v2\/media?parent=891"}],"curies":[{"name":"wp","href":"https:\/\/api.w.org\/{rel}","templated":true}]}}