{"id":631,"date":"2017-02-16T10:29:39","date_gmt":"2017-02-16T09:29:39","guid":{"rendered":"http:\/\/grupo.us.es\/newiwpr\/?page_id=631"},"modified":"2017-12-15T09:49:08","modified_gmt":"2017-12-15T08:49:08","slug":"myfixexpert","status":"publish","type":"page","link":"https:\/\/grupo.us.es\/iwpr\/economia-colaborativa-y-derecho-social\/estudios-de-casos\/myfixexpert\/","title":{"rendered":"Myfixexpert"},"content":{"rendered":"","protected":false},"excerpt":{"rendered":"","protected":false},"author":1,"featured_media":0,"parent":627,"menu_order":2,"comment_status":"closed","ping_status":"closed","template":"","meta":{"jetpack_post_was_ever_published":false,"footnotes":""},"class_list":["post-631","page","type-page","status-publish","hentry"],"jetpack_shortlink":"https:\/\/wp.me\/P7HIjh-ab","jetpack-related-posts":[{"id":627,"url":"https:\/\/grupo.us.es\/iwpr\/economia-colaborativa-y-derecho-social\/estudios-de-casos\/","url_meta":{"origin":631,"position":0},"title":"Estudios de casos","author":"Fco. Javier Calvo Gallego","date":"16 febrero, 2017","format":false,"excerpt":"En esta p\u00e1gina vamos a realizar estudios de casos sobre c\u00f3mo funcionan algunas de las aplicaciones m\u00e1s conocidas con posible impacto en el \u00e1mbito laboral. La distribuci\u00f3n de tareas es la siguiente: Myfixexpert correr\u00e1 a cargo de la Pr\u00aa. Dr\u00aa. Macarena Hern\u00e1ndez Bejarano","rel":"","context":"Entrada similar","block_context":{"text":"Entrada similar","link":""},"img":{"alt_text":"","src":"","width":0,"height":0},"classes":[]}],"jetpack_sharing_enabled":true,"_links":{"self":[{"href":"https:\/\/grupo.us.es\/iwpr\/wp-json\/wp\/v2\/pages\/631","targetHints":{"allow":["GET"]}}],"collection":[{"href":"https:\/\/grupo.us.es\/iwpr\/wp-json\/wp\/v2\/pages"}],"about":[{"href":"https:\/\/grupo.us.es\/iwpr\/wp-json\/wp\/v2\/types\/page"}],"author":[{"embeddable":true,"href":"https:\/\/grupo.us.es\/iwpr\/wp-json\/wp\/v2\/users\/1"}],"replies":[{"embeddable":true,"href":"https:\/\/grupo.us.es\/iwpr\/wp-json\/wp\/v2\/comments?post=631"}],"version-history":[{"count":0,"href":"https:\/\/grupo.us.es\/iwpr\/wp-json\/wp\/v2\/pages\/631\/revisions"}],"up":[{"embeddable":true,"href":"https:\/\/grupo.us.es\/iwpr\/wp-json\/wp\/v2\/pages\/627"}],"wp:attachment":[{"href":"https:\/\/grupo.us.es\/iwpr\/wp-json\/wp\/v2\/media?parent=631"}],"curies":[{"name":"wp","href":"https:\/\/api.w.org\/{rel}","templated":true}]}}