{"id":6070,"date":"2024-03-21T12:32:23","date_gmt":"2024-03-21T11:32:23","guid":{"rendered":"http:\/\/grupo.us.es\/newiwpr\/?page_id=6070"},"modified":"2024-03-21T12:32:23","modified_gmt":"2024-03-21T11:32:23","slug":"miguel-rodriguez-pinero-royo","status":"publish","type":"page","link":"https:\/\/grupo.us.es\/iwpr\/miguel-rodriguez-pinero-royo\/","title":{"rendered":"Miguel Rodr\u00edguez-Pi\u00f1ero Royo"},"content":{"rendered":"<p><img data-recalc-dims=\"1\" loading=\"lazy\" decoding=\"async\" data-attachment-id=\"6041\" data-permalink=\"https:\/\/grupo.us.es\/iwpr\/miguel-rodriguez-pinero-royo\/miguel-rodriguez-pinero-royo\/\" data-orig-file=\"https:\/\/i0.wp.com\/grupo.us.es\/iwpr\/wp-content\/uploads\/2024\/03\/Miguel-Rodriguez-Pinero-Royo.jpg?fit=225%2C225&amp;ssl=1\" data-orig-size=\"225,225\" data-comments-opened=\"1\" data-image-meta=\"{&quot;aperture&quot;:&quot;0&quot;,&quot;credit&quot;:&quot;&quot;,&quot;camera&quot;:&quot;&quot;,&quot;caption&quot;:&quot;&quot;,&quot;created_timestamp&quot;:&quot;0&quot;,&quot;copyright&quot;:&quot;&quot;,&quot;focal_length&quot;:&quot;0&quot;,&quot;iso&quot;:&quot;0&quot;,&quot;shutter_speed&quot;:&quot;0&quot;,&quot;title&quot;:&quot;&quot;,&quot;orientation&quot;:&quot;0&quot;}\" data-image-title=\"Miguel Rodr\u00edguez-Pi\u00f1ero Royo\" data-image-description=\"\" data-image-caption=\"\" data-large-file=\"https:\/\/i0.wp.com\/grupo.us.es\/iwpr\/wp-content\/uploads\/2024\/03\/Miguel-Rodriguez-Pinero-Royo.jpg?fit=225%2C225&amp;ssl=1\" class=\"size-full wp-image-6041 aligncenter\" src=\"https:\/\/i0.wp.com\/grupo.us.es\/iwpr\/wp-content\/uploads\/2024\/03\/Miguel-Rodriguez-Pinero-Royo.jpg?resize=225%2C225\" alt=\"\" width=\"225\" height=\"225\" srcset=\"https:\/\/i0.wp.com\/grupo.us.es\/iwpr\/wp-content\/uploads\/2024\/03\/Miguel-Rodriguez-Pinero-Royo.jpg?w=225&amp;ssl=1 225w, https:\/\/i0.wp.com\/grupo.us.es\/iwpr\/wp-content\/uploads\/2024\/03\/Miguel-Rodriguez-Pinero-Royo.jpg?resize=150%2C150&amp;ssl=1 150w\" sizes=\"auto, (max-width: 225px) 100vw, 225px\" \/><\/p>\n<p>Es catedr\u00e1tico de Derecho del Trabajo y de la Seguridad Social de la Universidad de Sevilla.<\/p>\n<p>Es Licenciado en Derecho por la Universidad de Sevilla, con la especialidad de Derecho de la Empresa, y Doctor en Derecho por la Universidad de Bolonia. Su primera etapa de formaci\u00f3n se desarroll\u00f3 en las Universidades Complutense de Madrid, Cornell University y Universit\u00e0 degli Studi di Bologna. Tambi\u00e9n tiene el t\u00edtulo de Experto Universitario en Negociaci\u00f3n Colectiva y Soluci\u00f3n de Conflictos Laborales por la Universidad de Huelva.<\/p>\n<p>Su carrera profesional se ha desarrollado en tres Universidades espa\u00f1olas: Huelva, Carlos III y Sevilla; adem\u00e1s, ha sido Jean Monet Fellow y Visiting Scholar en el Instituto Universitario Europeo. Ha realizado tambi\u00e9n estancias de investigaci\u00f3n en la Universidad de Leicester, en la Universidad de Macerata y en COMPTRASEC, en Burdeos.<\/p>\n<p>Sus principales l\u00edneas de investigaci\u00f3n se centran en el Derecho Social de la Uni\u00f3n Europeo, el Derecho del Empleo, el Derecho de las Relaciones Laborales y los efectos de los cambios tecnol\u00f3gicos en las empresas. En el a\u00f1o 2007 gan\u00f3 el Premio de Investigaci\u00f3n del Consejo Econ\u00f3mico y Social.<\/p>\n<p>Entre sus principales publicaciones pueden destacarse \u201cCesi\u00f3n de trabajadores y empresas de trabajo temporal\u201d (Madrid, Ministerio de Trabajo, 1992); \u201cColocaci\u00f3n y servicios de empleo\u201d (Consejo Econ\u00f3mico y Social, 2011); \u201cLa presunci\u00f3n de existencia del contrato de trabajo\u201d (Civitas, 1995); y \u201cEl recurso de casaci\u00f3n para la unificaci\u00f3n de doctrina: revisi\u00f3n cr\u00edtica\u201d (Wolters Kluwer, 1999).<\/p>\n<p>Tiene una amplia experiencia en la gesti\u00f3n universitaria, habiendo sido Secretario General de las Universidades de Huelva e Internacional de Andaluc\u00eda, Director de la Escuela Universitaria de Relaciones Laborales de la Universidad de Huelva, y Director de departamentos universitarios en distintas universidades. Tambi\u00e9n ha sido miembro de la Comisi\u00f3n Gestora y del Consejo de Gobierno de la Universidad de Huelva, claustral en varias universidades, y miembro de numerosas comisiones y \u00f3rganos universitarios.<\/p>\n<p>Ha desarrollado numerosas actividades transferencia de los resultados de su trabajo investigador, y as\u00ed ha sido consejero de los Consejos Econ\u00f3micos y Sociales de Espa\u00f1a y de Andaluc\u00eda, en ambos casos como experto independiente nombrado por el Gobierno. En la actualidad es miembro del pleno del Consejo Andaluz de Relaciones Laborales. Ha elaborado informes y estudios para el Gobierno de Espa\u00f1a, la Comisi\u00f3n Europea y el Parlamento Europeo, y tambi\u00e9n para numerosas empresas y entidades privadas. Actualmente es senior counsellor de PwC Tx &amp; Legal Services, a trav\u00e9s de un contrato entre esta entidad y la Fundaci\u00f3n de Investigaci\u00f3n de la Universidad de Sevilla.<\/p>\n","protected":false},"excerpt":{"rendered":"<p>Es catedr\u00e1tico de Derecho del Trabajo y de la Seguridad Social de la Universidad de Sevilla. Es Licenciado en Derecho por la Universidad de Sevilla, con la especialidad de Derecho de la Empresa, y Doctor en Derecho por la Universidad de Bolonia. Su primera etapa de formaci\u00f3n se desarroll\u00f3 en las Universidades Complutense de Madrid,&#8230;<\/p>\n","protected":false},"author":27,"featured_media":0,"parent":0,"menu_order":0,"comment_status":"closed","ping_status":"closed","template":"","meta":{"footnotes":""},"class_list":["post-6070","page","type-page","status-publish","hentry"],"jetpack_shortlink":"https:\/\/wp.me\/P7HIjh-1zU","jetpack-related-posts":[{"id":5788,"url":"https:\/\/grupo.us.es\/iwpr\/equipo-de-trabajo\/","url_meta":{"origin":6070,"position":0},"title":"Equipo de trabajo","author":"Jaime Rom\u00e1n Lemos","date":"1 marzo, 2024","format":false,"excerpt":"D\u00f1a. Mar\u00eda Luisa P\u00e9rez Guerrero Derecho del Trabajo Universidad de Huelva Contacto: malupe@ddtss.uhu.es \u00a0 D. Miguel Rodr\u00edguez-Pi\u00f1ero Royo Derecho del Trabajo Universidad de Sevilla Contacto: mrodriguez7@us.es \u00a0 D. Francisco Javier Calvo Gallego Derecho del Trabajo Universidad de Sevilla Contacto: javiercalvo@us.es \u00a0 D. Jos\u00e9 Manuel Morales Ortega Derecho del Trabajo Universidad\u2026","rel":"","context":"Entrada similar","block_context":{"text":"Entrada similar","link":""},"img":{"alt_text":"","src":"","width":0,"height":0},"classes":[]},{"id":6038,"url":"https:\/\/grupo.us.es\/iwpr\/stefano-bini\/","url_meta":{"origin":6070,"position":1},"title":"Stefano Bini","author":"Jaime Rom\u00e1n Lemos","date":"21 marzo, 2024","format":false,"excerpt":"Stefano Bini es Profesor Permanente Laboral, acreditado Profesor Titular de Universidad, de Derecho del Trabajo y de la Seguridad Social de la Universidad de C\u00f3rdoba. Anteriormente, ha sido Profesor Contratado Doctor de Derecho del Trabajo y de la Seguridad Social de la Universidad de Las Palmas de Gran Canaria, Profesor\u2026","rel":"","context":"Entrada similar","block_context":{"text":"Entrada similar","link":""},"img":{"alt_text":"","src":"https:\/\/i0.wp.com\/grupo.us.es\/iwpr\/wp-content\/uploads\/2024\/03\/Stefano-Bini-300x300.jpeg?resize=350%2C200","width":350,"height":200},"classes":[]},{"id":3937,"url":"https:\/\/grupo.us.es\/iwpr\/programa\/","url_meta":{"origin":6070,"position":2},"title":"Programa","author":"Admin","date":"4 enero, 2022","format":false,"excerpt":"16 DE MARZO DE 2022 9:00. PRESENTACI\u00d3N Decano de la Facultad de Ciencias del Trabajo; Directora del Centro de Documentaci\u00f3n Europea; IP Proyecto US-1264479 9:30. MARCO GENERAL Presenta: Mar\u00eda Fernanda Fern\u00e1ndez L\u00f3pez (Universidad de Sevilla) 9:30. Conferencia inaugural: a cargo de Miguel Rodr\u00edguez-Pi\u00f1ero y Bravo Ferrer, catedr\u00e1tico de Derecho del\u2026","rel":"","context":"Entrada similar","block_context":{"text":"Entrada similar","link":""},"img":{"alt_text":"","src":"","width":0,"height":0},"classes":[]},{"id":6059,"url":"https:\/\/grupo.us.es\/iwpr\/maria-luisa-perez-guerrero\/","url_meta":{"origin":6070,"position":3},"title":"Mar\u00eda Luisa P\u00e9rez Guerrero","author":"Jaime Rom\u00e1n Lemos","date":"21 marzo, 2024","format":false,"excerpt":"Profesora Titular de Universidad, desde 2007, habilitada, con dos sexenios de investigaci\u00f3n reconocidos. Licenciada en Derecho por la Universidad de Huelva y Doctora en Derecho del Trabajo y de la Seguridad Social por la misma Universidad. Esta Tesis doctoral fue premiada con el Premio Nacional del Consejo Econ\u00f3mico y Social\u2026","rel":"","context":"Entrada similar","block_context":{"text":"Entrada similar","link":""},"img":{"alt_text":"","src":"https:\/\/i0.wp.com\/grupo.us.es\/iwpr\/wp-content\/uploads\/2024\/03\/Maria-Luisa-Perez-Guerrero-216x300.jpeg?resize=350%2C200","width":350,"height":200},"classes":[]},{"id":86,"url":"https:\/\/grupo.us.es\/iwpr\/entidades-colaboradoras\/","url_meta":{"origin":6070,"position":4},"title":"Entidades colaboradoras y Blogs","author":"Agustin Gal\u00e1n Garc\u00eda","date":"14 julio, 2016","format":false,"excerpt":"Blogs recomendados Blog de Jes\u00fas Cruz Villal\u00f3n.\u00a0 Reflexiones y comentarios de cuestiones sociales y laborales de actualidad El nuevo y cambiante mundo del trabajo. Una mirada abierta y cr\u00edtica a las nuevas realidades laborales por el Pr. Dr. Eduardo Rojo Una mirada cr\u00edtica a las relaciones laborales Por Ignasi Beltran\u2026","rel":"","context":"Entrada similar","block_context":{"text":"Entrada similar","link":""},"img":{"alt_text":"logo catedra cepsa","src":"https:\/\/i0.wp.com\/grupo.us.es\/iwpr\/wp-content\/uploads\/2016\/07\/logo-catedra-cepsa-300x116.png?resize=350%2C200","width":350,"height":200},"classes":[]},{"id":6597,"url":"https:\/\/grupo.us.es\/iwpr\/jaime-roman-lemos\/","url_meta":{"origin":6070,"position":5},"title":"Jaime Rom\u00e1n Lemos","author":"Jaime Rom\u00e1n Lemos","date":"14 mayo, 2024","format":false,"excerpt":"Graduado en Derecho por la Universidad de Sevilla en el curso 2020-2021, se interes\u00f3 en completar sus estudios cursando el Doble M\u00e1ster Universitario en Abogac\u00eda y en Asesor\u00eda Jur\u00eddico-Mercantil, Fiscal y Laboral (promoci\u00f3n 2021-2023), obteniendo en los respectivos TFM de ambos M\u00e1steres la calificaci\u00f3n de 10 Matr\u00edcula de Honor. Adem\u00e1s,\u2026","rel":"","context":"Entrada similar","block_context":{"text":"Entrada similar","link":""},"img":{"alt_text":"","src":"https:\/\/i0.wp.com\/grupo.us.es\/iwpr\/wp-content\/uploads\/2024\/05\/Jaime-Roman-Lemos-200x300.jpg?resize=350%2C200","width":350,"height":200},"classes":[]}],"jetpack_sharing_enabled":true,"_links":{"self":[{"href":"https:\/\/grupo.us.es\/iwpr\/wp-json\/wp\/v2\/pages\/6070","targetHints":{"allow":["GET"]}}],"collection":[{"href":"https:\/\/grupo.us.es\/iwpr\/wp-json\/wp\/v2\/pages"}],"about":[{"href":"https:\/\/grupo.us.es\/iwpr\/wp-json\/wp\/v2\/types\/page"}],"author":[{"embeddable":true,"href":"https:\/\/grupo.us.es\/iwpr\/wp-json\/wp\/v2\/users\/27"}],"replies":[{"embeddable":true,"href":"https:\/\/grupo.us.es\/iwpr\/wp-json\/wp\/v2\/comments?post=6070"}],"version-history":[{"count":7,"href":"https:\/\/grupo.us.es\/iwpr\/wp-json\/wp\/v2\/pages\/6070\/revisions"}],"predecessor-version":[{"id":6130,"href":"https:\/\/grupo.us.es\/iwpr\/wp-json\/wp\/v2\/pages\/6070\/revisions\/6130"}],"wp:attachment":[{"href":"https:\/\/grupo.us.es\/iwpr\/wp-json\/wp\/v2\/media?parent=6070"}],"curies":[{"name":"wp","href":"https:\/\/api.w.org\/{rel}","templated":true}]}}