{"id":6066,"date":"2024-03-21T12:38:56","date_gmt":"2024-03-21T11:38:56","guid":{"rendered":"http:\/\/grupo.us.es\/newiwpr\/?page_id=6066"},"modified":"2024-03-21T12:38:56","modified_gmt":"2024-03-21T11:38:56","slug":"jose-antonio-ordaz-sanz","status":"publish","type":"page","link":"https:\/\/grupo.us.es\/iwpr\/jose-antonio-ordaz-sanz\/","title":{"rendered":"Jos\u00e9 Antonio Ordaz Sanz"},"content":{"rendered":"<p><img data-recalc-dims=\"1\" loading=\"lazy\" decoding=\"async\" data-attachment-id=\"6044\" data-permalink=\"https:\/\/grupo.us.es\/iwpr\/jose-antonio-ordaz-sanz\/jose-antonio-ordaz-sanz\/\" data-orig-file=\"https:\/\/i0.wp.com\/grupo.us.es\/iwpr\/wp-content\/uploads\/2024\/03\/Jose-Antonio-Ordaz-Sanz.jpg?fit=210%2C210&amp;ssl=1\" data-orig-size=\"210,210\" data-comments-opened=\"1\" data-image-meta=\"{&quot;aperture&quot;:&quot;0&quot;,&quot;credit&quot;:&quot;&quot;,&quot;camera&quot;:&quot;&quot;,&quot;caption&quot;:&quot;&quot;,&quot;created_timestamp&quot;:&quot;0&quot;,&quot;copyright&quot;:&quot;&quot;,&quot;focal_length&quot;:&quot;0&quot;,&quot;iso&quot;:&quot;0&quot;,&quot;shutter_speed&quot;:&quot;0&quot;,&quot;title&quot;:&quot;&quot;,&quot;orientation&quot;:&quot;0&quot;}\" data-image-title=\"Jos\u00e9 Antonio Ordaz Sanz\" data-image-description=\"\" data-image-caption=\"\" data-large-file=\"https:\/\/i0.wp.com\/grupo.us.es\/iwpr\/wp-content\/uploads\/2024\/03\/Jose-Antonio-Ordaz-Sanz.jpg?fit=210%2C210&amp;ssl=1\" class=\"size-full wp-image-6044 aligncenter\" src=\"https:\/\/i0.wp.com\/grupo.us.es\/iwpr\/wp-content\/uploads\/2024\/03\/Jose-Antonio-Ordaz-Sanz.jpg?resize=210%2C210\" alt=\"\" width=\"210\" height=\"210\" srcset=\"https:\/\/i0.wp.com\/grupo.us.es\/iwpr\/wp-content\/uploads\/2024\/03\/Jose-Antonio-Ordaz-Sanz.jpg?w=210&amp;ssl=1 210w, https:\/\/i0.wp.com\/grupo.us.es\/iwpr\/wp-content\/uploads\/2024\/03\/Jose-Antonio-Ordaz-Sanz.jpg?resize=150%2C150&amp;ssl=1 150w\" sizes=\"auto, (max-width: 210px) 100vw, 210px\" \/><\/p>\n<p>Licenciado en Ciencias Econ\u00f3micas y Empresariales (secci\u00f3n Econom\u00eda General) por la Universidad de Sevilla en 1992 y Doctor por la misma universidad en 2004, inicia su carrera docente e investigadora en diciembre de 1992 en el Departamento de Econom\u00eda Aplicada I de la Universidad de Sevilla. Tras su paso posterior por el Departamento de Econom\u00eda Aplicada III de \u00e9sta, en el curso 1998\/1999 marcha a la reci\u00e9n creada en ese momento Universidad Pablo de Olavide, de Sevilla, donde est\u00e1 desde entonces, perteneciendo actualmente al \u00c1rea de M\u00e9todos Cuantitativos para la Econom\u00eda y la Empresa del Departamento de Econom\u00eda, M\u00e9todos Cuantitativos e Historia Econ\u00f3mica de esta universidad.<\/p>\n<p>En el plano investigador, cabe rese\u00f1ar que posee m\u00e1s de una veintena de publicaciones cient\u00edficas en revistas nacionales e internacionales, la mayor\u00eda de ellas centradas en el an\u00e1lisis de distintos ramos del sector asegurador; ha participado en la elaboraci\u00f3n de cerca de cuarenta libros, cap\u00edtulos de libros e informes de car\u00e1cter cient\u00edfico-t\u00e9cnicos para entidades p\u00fablicas y privadas; y presenta casi sesenta contribuciones en congresos, conferencias y seminarios. Figura en un total de veintiseis proyectos, convenios o contratos de investigaci\u00f3n, tanto con organismos p\u00fablicos como privados, cabiendo resaltar que uno de ellos obtuvo el Premio \u00abCiudad de Sevilla 2007\u00bb a los mejores proyectos de investigaci\u00f3n, otorgado por el Excmo. Ayuntamiento de Sevilla. Ha realizado estancias de investigaci\u00f3n en la Universitat Pompeu Fabra, el Instituto de Econom\u00eda y Geograf\u00eda del CSIC, la Kent State University (EE.UU.) y la Benem\u00e9rita Universidad Aut\u00f3noma de Puebla (M\u00e9xico). Pertenece, adem\u00e1s, a distintas asociaciones cient\u00edficas nacionales e internacionales, destacando en este punto su pertenencia al Consejo Ejecutivo de la Asociaci\u00f3n Internacional de Econom\u00eda Aplicada (ASEPELT), y es evaluador de diversas revistas cient\u00edficas de alcance internacional.<\/p>\n<p>En lo que se refiere al \u00e1mbito de la docencia, a lo largo de su dilatada carrera ha impartido gran variedad de asignaturas y materias, todas ellas de m\u00e9todos cuantitativos, tanto en Diplomatura, Licenciatura y Grado, como en programas oficiales de M\u00e1ster y Doctorado. Es de destacar su implicaci\u00f3n en numerosos proyectos y actividades de metodolog\u00eda e innovaci\u00f3n docente, casi cincuenta, destacando sobremanera los relacionados con la adaptaci\u00f3n al Espacio Europeo de Educaci\u00f3n Superior (EEES), siendo el coordinador o investigador principal de la mayor parte de ellos.<\/p>\n<p>En el terreno de la gesti\u00f3n, su andadura se inicia con su posici\u00f3n como Vicedecano de Ordenaci\u00f3n Acad\u00e9mica, y Vicedecano Primero, de la Facultad de Ciencias Empresariales de la Universidad Pablo de Olavide durante casi una d\u00e9cada (2006-2016), desde donde llev\u00f3 a cabo la coordinaci\u00f3n del proceso de adaptaci\u00f3n al EEES de sus titulaciones. Desde julio de 2018 ha ocupado distintos cargos en el Equipo de Gobierno de la Universidad Internacional de Andaluc\u00eda: Director de Secretariado de Ordenaci\u00f3n Acad\u00e9mica (2018-2019), Director de Secretariado de Postgrado (2019-2022) y Director de Secretariado de Planificaci\u00f3n Acad\u00e9mica (2022-2023), hasta llegar al desempe\u00f1o actual del puesto de Vicerrector de Posgrado desde octubre de 2023.<\/p>\n","protected":false},"excerpt":{"rendered":"<p>Licenciado en Ciencias Econ\u00f3micas y Empresariales (secci\u00f3n Econom\u00eda General) por la Universidad de Sevilla en 1992 y Doctor por la misma universidad en 2004, inicia su carrera docente e investigadora en diciembre de 1992 en el Departamento de Econom\u00eda Aplicada I de la Universidad de Sevilla. Tras su paso posterior por el Departamento de Econom\u00eda&#8230;<\/p>\n","protected":false},"author":27,"featured_media":0,"parent":0,"menu_order":0,"comment_status":"closed","ping_status":"closed","template":"","meta":{"jetpack_post_was_ever_published":false,"footnotes":""},"class_list":["post-6066","page","type-page","status-publish","hentry"],"jetpack_shortlink":"https:\/\/wp.me\/P7HIjh-1zQ","jetpack-related-posts":[{"id":5788,"url":"https:\/\/grupo.us.es\/iwpr\/equipo-de-trabajo\/","url_meta":{"origin":6066,"position":0},"title":"Equipo de trabajo","author":"Jaime Rom\u00e1n Lemos","date":"1 marzo, 2024","format":false,"excerpt":"D\u00f1a. Mar\u00eda Luisa P\u00e9rez Guerrero Derecho del Trabajo Universidad de Huelva Contacto: malupe@ddtss.uhu.es \u00a0 D. Miguel Rodr\u00edguez-Pi\u00f1ero Royo Derecho del Trabajo Universidad de Sevilla Contacto: mrodriguez7@us.es \u00a0 D. Francisco Javier Calvo Gallego Derecho del Trabajo Universidad de Sevilla Contacto: javiercalvo@us.es \u00a0 D. Jos\u00e9 Manuel Morales Ortega Derecho del Trabajo Universidad\u2026","rel":"","context":"Entrada similar","block_context":{"text":"Entrada similar","link":""},"img":{"alt_text":"","src":"","width":0,"height":0},"classes":[]},{"id":1425,"url":"https:\/\/grupo.us.es\/iwpr\/congreso-final-del-proyecto-instrumentos-normativos-para-la-mejora-de-las-trayectorias-laborales-en-el-nuevo-contexto-demografico-economico-y-tecnologico\/seminario-internacional-sobre-nuevos-modelos-de-trabajo-y-consumo-economia-colaborativa-y-trabajo-en-plataforma\/","url_meta":{"origin":6066,"position":1},"title":"Seminario \u201cEconom\u00eda colaborativa y trabajo en plataforma\u201d","author":"Miguel Carlos Rodr\u00edguez-Pi\u00f1ero Royo","date":"14 septiembre, 2018","format":false,"excerpt":"Seminario internacional sobre \u201cNuevos modelos de trabajo y consumo: econom\u00eda colaborativa y trabajo en plataforma\u201d Presentaci\u00f3n En el seno del Congreso internacional \u201cInstrumentos normativos para la mejora de las trayectorias laborales en el nuevo contexto demogr\u00e1fico, econ\u00f3mico y tecnol\u00f3gico\u201d se va a celebrar en Sevilla los d\u00edas 8 y 9\u2026","rel":"","context":"Entrada similar","block_context":{"text":"Entrada similar","link":""},"img":{"alt_text":"Imagen relacionada","src":"https:\/\/i0.wp.com\/pbs.twimg.com\/profile_images\/844890706145656832\/2bpTo52n_400x400.jpg?resize=350%2C200&ssl=1","width":350,"height":200},"classes":[]},{"id":1386,"url":"https:\/\/grupo.us.es\/iwpr\/congreso-final-del-proyecto-instrumentos-normativos-para-la-mejora-de-las-trayectorias-laborales-en-el-nuevo-contexto-demografico-economico-y-tecnologico\/segunda-parte-pobreza-en-la-ocupacion-y-envejecimiento-activo\/","url_meta":{"origin":6066,"position":2},"title":"Seminario \u00abPobreza en la ocupaci\u00f3n y envejecimiento activo\u00bb","author":"Miguel Carlos Rodr\u00edguez-Pi\u00f1ero Royo","date":"11 septiembre, 2018","format":false,"excerpt":"Seminario sobre \"Pobreza en la ocupaci\u00f3n y envejecimiento activo\" En el seno del Congreso internacional \u201cInstrumentos normativos para la mejora de las trayectorias laborales en el nuevo contexto demogr\u00e1fico, econ\u00f3mico y tecnol\u00f3gico\u201d se va a celebrar en Sevilla los d\u00edas 15 y 16 de noviembre de 2018 un seminario sobre\u2026","rel":"","context":"Entrada similar","block_context":{"text":"Entrada similar","link":""},"img":{"alt_text":"","src":"https:\/\/i0.wp.com\/grupo.us.es\/iwpr\/wp-content\/uploads\/2016\/07\/mineco_ue-300x53.png?resize=350%2C200","width":350,"height":200},"classes":[]},{"id":34,"url":"https:\/\/grupo.us.es\/iwpr\/blogs-personales\/javier-calvo-gallego\/","url_meta":{"origin":6066,"position":3},"title":"Javier Calvo Gallego","author":"Fco. Javier Calvo Gallego","date":"8 julio, 2016","format":false,"excerpt":"Fco. Javier Calvo Gallego es doctor en Derecho por la Universidad de Bolonia, Magister por la Universidad de Sevilla y actualmente Catedr\u00e1tico de Universidad del Departamento de Derecho del Trabajo y de la Seguridad Social de la Universidad de Sevilla. Sus principales l\u00edneas de investigaci\u00f3n se centran en la Responsabilidad\u2026","rel":"","context":"Entrada similar","block_context":{"text":"Entrada similar","link":""},"img":{"alt_text":"Javicalvo","src":"https:\/\/i0.wp.com\/grupo.us.es\/iwpr\/wp-content\/uploads\/2016\/07\/Javicalvo.jpg?resize=350%2C200","width":350,"height":200},"classes":[]},{"id":140,"url":"https:\/\/grupo.us.es\/iwpr\/blogs-personales\/maria-jose-gomez-torres\/","url_meta":{"origin":6066,"position":4},"title":"Maria Jos\u00e9 G\u00f3mez Torres","author":"Fco. Javier Calvo Gallego","date":"5 septiembre, 2016","format":false,"excerpt":"Mar\u00eda Jos\u00e9 G\u00f3mez Torres es Profesora Titular de la Universidad de Sevilla en el\u00a0Departamento\u00a0Did\u00e1ctica y Organizaci\u00f3n Educativa. Entre sus principales trabajos cabe citar sus monograf\u00edas sobre \u00a0Aspectos Evolutivos y Educativos de la Deficiencia Mental, publicado por la Universidad de Sevilla. Sav (Secretariado de Recursos Audiovisuales y Nuevas Tecnolog\u00edas), Secretariado de\u2026","rel":"","context":"Entrada similar","block_context":{"text":"Entrada similar","link":""},"img":{"alt_text":"img_6569","src":"https:\/\/i0.wp.com\/grupo.us.es\/iwpr\/wp-content\/uploads\/2016\/09\/IMG_6569-169x300.jpg?resize=350%2C200","width":350,"height":200},"classes":[]},{"id":1381,"url":"https:\/\/grupo.us.es\/iwpr\/congreso-final-del-proyecto-instrumentos-normativos-para-la-mejora-de-las-trayectorias-laborales-en-el-nuevo-contexto-demografico-economico-y-tecnologico\/","url_meta":{"origin":6066,"position":5},"title":"CONGRESO FINAL DEL PROYECTO","author":"Miguel Carlos Rodr\u00edguez-Pi\u00f1ero Royo","date":"11 septiembre, 2018","format":false,"excerpt":"En el marco de los proyectos combinados que han gestionado este portal, se organiza este Congreso internacional \u201cInstrumentos normativos para la mejora de las trayectorias laborales en el nuevo contexto demogr\u00e1fico, econ\u00f3mico y tecnol\u00f3gico\u201c con el que se dar\u00e1 fin a los trabajos de investigaci\u00f3n y se presentar\u00e1n sus resultados.\u2026","rel":"","context":"Entrada similar","block_context":{"text":"Entrada similar","link":""},"img":{"alt_text":"","src":"https:\/\/i0.wp.com\/grupo.us.es\/iwpr\/wp-content\/uploads\/2016\/07\/mineco_ue-300x53.png?resize=350%2C200","width":350,"height":200,"srcset":"https:\/\/i0.wp.com\/grupo.us.es\/iwpr\/wp-content\/uploads\/2016\/07\/mineco_ue-300x53.png?resize=350%2C200 1x, https:\/\/i0.wp.com\/grupo.us.es\/iwpr\/wp-content\/uploads\/2016\/07\/mineco_ue-300x53.png?resize=525%2C300 1.5x"},"classes":[]}],"jetpack_sharing_enabled":true,"_links":{"self":[{"href":"https:\/\/grupo.us.es\/iwpr\/wp-json\/wp\/v2\/pages\/6066","targetHints":{"allow":["GET"]}}],"collection":[{"href":"https:\/\/grupo.us.es\/iwpr\/wp-json\/wp\/v2\/pages"}],"about":[{"href":"https:\/\/grupo.us.es\/iwpr\/wp-json\/wp\/v2\/types\/page"}],"author":[{"embeddable":true,"href":"https:\/\/grupo.us.es\/iwpr\/wp-json\/wp\/v2\/users\/27"}],"replies":[{"embeddable":true,"href":"https:\/\/grupo.us.es\/iwpr\/wp-json\/wp\/v2\/comments?post=6066"}],"version-history":[{"count":6,"href":"https:\/\/grupo.us.es\/iwpr\/wp-json\/wp\/v2\/pages\/6066\/revisions"}],"predecessor-version":[{"id":6133,"href":"https:\/\/grupo.us.es\/iwpr\/wp-json\/wp\/v2\/pages\/6066\/revisions\/6133"}],"wp:attachment":[{"href":"https:\/\/grupo.us.es\/iwpr\/wp-json\/wp\/v2\/media?parent=6066"}],"curies":[{"name":"wp","href":"https:\/\/api.w.org\/{rel}","templated":true}]}}