{"id":6063,"date":"2024-03-21T12:39:33","date_gmt":"2024-03-21T11:39:33","guid":{"rendered":"http:\/\/grupo.us.es\/newiwpr\/?page_id=6063"},"modified":"2024-03-21T12:39:33","modified_gmt":"2024-03-21T11:39:33","slug":"jose-manuel-morales-ortega","status":"publish","type":"page","link":"https:\/\/grupo.us.es\/iwpr\/jose-manuel-morales-ortega\/","title":{"rendered":"Jos\u00e9 Manuel Morales Ortega"},"content":{"rendered":"<p><img data-recalc-dims=\"1\" loading=\"lazy\" decoding=\"async\" data-attachment-id=\"6045\" data-permalink=\"https:\/\/grupo.us.es\/iwpr\/jose-manuel-morales-ortega\/jose-manuel-morales-ortega\/\" data-orig-file=\"https:\/\/i0.wp.com\/grupo.us.es\/iwpr\/wp-content\/uploads\/2024\/03\/Jose-Manuel-Morales-Ortega.jpg?fit=301%2C299&amp;ssl=1\" data-orig-size=\"301,299\" data-comments-opened=\"1\" data-image-meta=\"{&quot;aperture&quot;:&quot;0&quot;,&quot;credit&quot;:&quot;&quot;,&quot;camera&quot;:&quot;&quot;,&quot;caption&quot;:&quot;&quot;,&quot;created_timestamp&quot;:&quot;0&quot;,&quot;copyright&quot;:&quot;&quot;,&quot;focal_length&quot;:&quot;0&quot;,&quot;iso&quot;:&quot;0&quot;,&quot;shutter_speed&quot;:&quot;0&quot;,&quot;title&quot;:&quot;&quot;,&quot;orientation&quot;:&quot;0&quot;}\" data-image-title=\"Jos\u00e9 Manuel Morales Ortega\" data-image-description=\"\" data-image-caption=\"\" data-large-file=\"https:\/\/i0.wp.com\/grupo.us.es\/iwpr\/wp-content\/uploads\/2024\/03\/Jose-Manuel-Morales-Ortega.jpg?fit=301%2C299&amp;ssl=1\" class=\"size-full wp-image-6045 aligncenter\" src=\"https:\/\/i0.wp.com\/grupo.us.es\/iwpr\/wp-content\/uploads\/2024\/03\/Jose-Manuel-Morales-Ortega.jpg?resize=301%2C299\" alt=\"\" width=\"301\" height=\"299\" srcset=\"https:\/\/i0.wp.com\/grupo.us.es\/iwpr\/wp-content\/uploads\/2024\/03\/Jose-Manuel-Morales-Ortega.jpg?w=301&amp;ssl=1 301w, https:\/\/i0.wp.com\/grupo.us.es\/iwpr\/wp-content\/uploads\/2024\/03\/Jose-Manuel-Morales-Ortega.jpg?resize=150%2C150&amp;ssl=1 150w\" sizes=\"auto, (max-width: 301px) 100vw, 301px\" \/><\/p>\n<p>Es Catedr\u00e1tico de Derecho del Trabajo y de la Seguridad Social en la Universidad de M\u00e1laga.<\/p>\n<p>La actividad docente e investigadora se ha desarrollado en los diferentes campos y tem\u00e1ticas del Derecho del Trabajo y de la Seguridad Social. Se est\u00e1 en posesi\u00f3n de 5 tramos del complemento auton\u00f3mico de la Junta de Andaluc\u00eda, 4 Sexenios de investigaci\u00f3n y 6 quinquenios.<\/p>\n<p>La labor investigadora se ha desarrollado mediante publicaciones, direcci\u00f3n y coordinaci\u00f3n de obras colectivas, conferencias \u2013adem\u00e1s de participaci\u00f3n como Director y miembro de diferentes comit\u00e9s de investigaci\u00f3n- en congresos y jornadas tanto nacionales como internacionales y, junto a la participaci\u00f3n como miembros de los equipos de investigaci\u00f3n en proyectos de investigaci\u00f3n tanto nacionales como auton\u00f3micos desde el inicio de la carrera acad\u00e9mica, se ha sido investigador principal en tres de ellos: a) Instrumentos normativos para un envejecimiento activo y la prolongaci\u00f3n de las trayectorias laborales de las personas de edad avanzada, b) Nuevas formas de protecci\u00f3n social ante los cambios productivos y c) Nuevas causas y perfiles de discriminaci\u00f3n e instrumentos para la tutela antidiscriminatoria en el nuevo contexto tecnol\u00f3gico y social. Junto a estos, se ha participado, igualmente, en proyectos de la Comisi\u00f3n Consultiva Nacional de Convenios Colectivos. Dos han sido los \u00e1mbitos convencionales: Papel y Artes Gr\u00e1ficas y Construcci\u00f3n, de la publicaci\u00f3n de este \u00faltimo se ha sido coordinador.<\/p>\n<p>Se ha dirigido un Grupo de Debate y Reflexi\u00f3n en el seno de la Comisi\u00f3n Ejecutiva de la Confederaci\u00f3n de la Uni\u00f3n General de Trabajadores conformado por profesoras y profesores de distintas universidades junto a miembros de dicha Confederaci\u00f3n; y que, junto a seminarios y debates, ha dado como resultados la organizaci\u00f3n de jornadas y publicaciones.<\/p>\n<p>Las l\u00edneas de investigaci\u00f3n han sido:<\/p>\n<p>a) Gesti\u00f3n del convenio colectivo. La primera incursi\u00f3n se produce con la monograf\u00eda La administraci\u00f3n el convenio colectivo y, con posterioridad, otros trabajos, que han ido desde la monograf\u00eda encargada por el Consejo Andaluz de Relaciones Laborales denominada La gesti\u00f3n del convenio colectivo a otros como Idas y venidas en torno a la comisi\u00f3n paritaria, La gesti\u00f3n del convenio colectivo: la potenciaci\u00f3n de las comisiones paritarias o La gesti\u00f3n convencional: un debate no necesariamente zanjado (una reflexi\u00f3n cr\u00edtica de la doctrina constitucional y jurisprudencial).<\/p>\n<p>b) Pol\u00edtica de empleo. \u00c9sta se inicia con la monograf\u00eda La comunitarizaci\u00f3n de la pol\u00edtica de empleo: su recepci\u00f3n por parte del Reino de Espa\u00f1a. Con posterioridad se ha abordado desde sus distintas dimensiones \u2013comunitaria, nacional y auton\u00f3mica- y de una manera transversal; sin olvidar la naturaleza poli\u00e9drica del Derecho del Empleo. En esta direcci\u00f3n, por ejemplo, el cap\u00edtulo del libro, del que tambi\u00e9n se ha sido coordinador, Pobreza y pol\u00edtica de empleo en Espa\u00f1a. Aunque se ha trabajado sobre los distintos destinatarios de la pol\u00edtica de empleo, fruto de dos proyectos de investigaci\u00f3n, se ha focalizado la atenci\u00f3n en las personas trabajadoras j\u00f3venes y maduras. Las primeras han dado como resultado, entre otros, la monograf\u00eda La respuesta comunitaria y espa\u00f1ola a la realidad de los ninis: los grandes damnificados por la crisis y, junto a ella, otras investigaciones como La Estrategia de Emprendimiento y Empleo Joven y la Ley 11\/2013 en el contexto europeo: garant\u00eda laboral y garant\u00eda formativa; as\u00ed como la direcci\u00f3n de la obra J\u00f3venes y pol\u00edticas de empleo. Mientras que en relaci\u00f3n con las personas trabajadoras maduras, hay que destacar la direcci\u00f3n de la monograf\u00eda El tratamiento del empleo de los trabajadores maduros por parte de los poderes p\u00fablicos y de las pol\u00edticas empresariales de recursos humanos e, igualmente, investigaciones como Autoempleo y emprendimiento: \u00bfuna salida del desempleo y\/o un instrumento de prolongaci\u00f3n de la vida activa para las personas maduras? o Envejecimiento activo laboral y funcionarios de clases pasivas. Una particular atenci\u00f3n a su r\u00e9gimen de jubilaci\u00f3n.<\/p>\n<p>c) Discriminaci\u00f3n \u2013siendo Investigador Principal del tercero de los mencionados proyectos de Investigaci\u00f3n-. Exactamente, y excluida la incursi\u00f3n en relaci\u00f3n con la mujer y, muy particularmente, en materias como la brecha retributiva \u2013cap\u00edtulo de libro: Medidas para atajar la brecha retributiva; siendo la publicaci\u00f3n de la conferencia impartida en las XXXVII Jornadas Universitarias Andaluzas de Derecho del Trabajo y Relaciones Laborales- y, en su momento, la Ley de Igualdad \u2013art\u00edculo: La incidencia de la Ley de Igualdad sobre la acumulaci\u00f3n de acciones y la indemnizaci\u00f3n por da\u00f1os y perjuicios-, se ha centrado la atenci\u00f3n en el colectivo LGTBI+ con trabajos como Nuevos fen\u00f3menos discriminatorios: homosexualidad y transexualidad, Medidas empresariales de diversidad e inclusi\u00f3n para el colectivo LGTBI: un an\u00e1lisis jur\u00eddico laboral y La presencia del colectivo LGTBI+ en la negociaci\u00f3n colectiva.<\/p>\n<p>d) Flexibilidad interna. Dentro de esta, cabe mencionar publicaciones como Empleo de calidad: \u00bfrealidad o ficci\u00f3n?, Movilidad geogr\u00e1fica y modificaciones sustanciales tras la Reforma de 2012: \u00bfuna mal entendida flexiseguridad? o Perjuicio del trabajador y modificaciones sustanciales: los medios de reacci\u00f3n.<\/p>\n<p>Junto a estas l\u00edneas de investigaci\u00f3n y sin voluntad de exhaustividad, se puede enumerar otros trabajos como los siguientes: Las consecuencias del principio de proporcionalidad en la protecci\u00f3n social de los trabajadores a tiempo parcial, Aspectos laborales y de responsabilidad social de las normas de calidad, Derecho al recurso y valor de cosa juzgada: algunos comentarios a la doctrina del Tribunal Constitucional, El r\u00e9gimen de incentivos a la contrataci\u00f3n tras la Ley 35\/2010 de medidas urgentes para la reforma del mercado de trabajo, Formaci\u00f3n, empleo y responsabilidad social, La Secci\u00f3n Sindical B\u00e1sica y la peque\u00f1a y mediana empresa, Las relaciones interempresariales como fuente de la relaci\u00f3n laboral, Notas sobre los efectos suspensivos de la incapacidad permanente, Tiempo de trabajo y crisis sanitaria: adaptaci\u00f3n y reducci\u00f3n de jornada y permiso obligatorio recuperable, Trabajo garantizado: luces y sombras sobre su r\u00e9gimen jur\u00eddico, Quiebras y ausencias en la protecci\u00f3n social de las trabajadoras dom\u00e9sticas: la urgente y necesaria intervenci\u00f3n legislativa o Negociaci\u00f3n colectiva, impasse negocial y convenio colectivo tras el RDL 32\/2021.<\/p>\n<p>Puede accederse a su perfil de Dialnet mediante el siguiente <a href=\"https:\/\/dialnet.unirioja.es\/servlet\/autor?codigo=112553\" target=\"_blank\" rel=\"noopener noreferrer\">enlace<\/a>.<\/p>\n","protected":false},"excerpt":{"rendered":"<p>Es Catedr\u00e1tico de Derecho del Trabajo y de la Seguridad Social en la Universidad de M\u00e1laga. La actividad docente e investigadora se ha desarrollado en los diferentes campos y tem\u00e1ticas del Derecho del Trabajo y de la Seguridad Social. Se est\u00e1 en posesi\u00f3n de 5 tramos del complemento auton\u00f3mico de la Junta de Andaluc\u00eda, 4&#8230;<\/p>\n","protected":false},"author":27,"featured_media":0,"parent":0,"menu_order":0,"comment_status":"closed","ping_status":"closed","template":"","meta":{"jetpack_post_was_ever_published":false,"footnotes":""},"class_list":["post-6063","page","type-page","status-publish","hentry"],"jetpack_shortlink":"https:\/\/wp.me\/P7HIjh-1zN","jetpack-related-posts":[{"id":6038,"url":"https:\/\/grupo.us.es\/iwpr\/stefano-bini\/","url_meta":{"origin":6063,"position":0},"title":"Stefano Bini","author":"Jaime Rom\u00e1n Lemos","date":"21 marzo, 2024","format":false,"excerpt":"Stefano Bini es Profesor Permanente Laboral, acreditado Profesor Titular de Universidad, de Derecho del Trabajo y de la Seguridad Social de la Universidad de C\u00f3rdoba. Anteriormente, ha sido Profesor Contratado Doctor de Derecho del Trabajo y de la Seguridad Social de la Universidad de Las Palmas de Gran Canaria, Profesor\u2026","rel":"","context":"Entrada similar","block_context":{"text":"Entrada similar","link":""},"img":{"alt_text":"","src":"https:\/\/i0.wp.com\/grupo.us.es\/iwpr\/wp-content\/uploads\/2024\/03\/Stefano-Bini-300x300.jpeg?resize=350%2C200","width":350,"height":200},"classes":[]},{"id":6070,"url":"https:\/\/grupo.us.es\/iwpr\/miguel-rodriguez-pinero-royo\/","url_meta":{"origin":6063,"position":1},"title":"Miguel Rodr\u00edguez-Pi\u00f1ero Royo","author":"Jaime Rom\u00e1n Lemos","date":"21 marzo, 2024","format":false,"excerpt":"Es catedr\u00e1tico de Derecho del Trabajo y de la Seguridad Social de la Universidad de Sevilla. Es Licenciado en Derecho por la Universidad de Sevilla, con la especialidad de Derecho de la Empresa, y Doctor en Derecho por la Universidad de Bolonia. Su primera etapa de formaci\u00f3n se desarroll\u00f3 en\u2026","rel":"","context":"Entrada similar","block_context":{"text":"Entrada similar","link":""},"img":{"alt_text":"","src":"https:\/\/i0.wp.com\/grupo.us.es\/iwpr\/wp-content\/uploads\/2024\/03\/Miguel-Rodriguez-Pinero-Royo.jpg?resize=350%2C200","width":350,"height":200},"classes":[]},{"id":5797,"url":"https:\/\/grupo.us.es\/iwpr\/encuentros-cientificos\/","url_meta":{"origin":6063,"position":2},"title":"Encuentros cient\u00edficos","author":"Jaime Rom\u00e1n Lemos","date":"13 febrero, 2024","format":false,"excerpt":"En esta p\u00e1gina se dar\u00e1n a conocer los diferentes congresos, seminarios y dem\u00e1s encuentros cient\u00edficos que se celebren en el marco del Proyecto Trabexit. \u00a0 Seminario de presentaci\u00f3n de proyectos de investigaci\u00f3n en Derecho del Trabajo \u00a0 Seminario de Investigaci\u00f3n en el marco del Proyecto Trabexit, 22 de febrero de\u2026","rel":"","context":"Entrada similar","block_context":{"text":"Entrada similar","link":""},"img":{"alt_text":"","src":"","width":0,"height":0},"classes":[]},{"id":6059,"url":"https:\/\/grupo.us.es\/iwpr\/maria-luisa-perez-guerrero\/","url_meta":{"origin":6063,"position":3},"title":"Mar\u00eda Luisa P\u00e9rez Guerrero","author":"Jaime Rom\u00e1n Lemos","date":"21 marzo, 2024","format":false,"excerpt":"Profesora Titular de Universidad, desde 2007, habilitada, con dos sexenios de investigaci\u00f3n reconocidos. Licenciada en Derecho por la Universidad de Huelva y Doctora en Derecho del Trabajo y de la Seguridad Social por la misma Universidad. Esta Tesis doctoral fue premiada con el Premio Nacional del Consejo Econ\u00f3mico y Social\u2026","rel":"","context":"Entrada similar","block_context":{"text":"Entrada similar","link":""},"img":{"alt_text":"","src":"https:\/\/i0.wp.com\/grupo.us.es\/iwpr\/wp-content\/uploads\/2024\/03\/Maria-Luisa-Perez-Guerrero-216x300.jpeg?resize=350%2C200","width":350,"height":200},"classes":[]},{"id":5778,"url":"https:\/\/grupo.us.es\/iwpr\/aproximacion-al-proyecto-trabexit\/","url_meta":{"origin":6063,"position":4},"title":"Aproximaci\u00f3n al Proyecto Trabexit","author":"Jaime Rom\u00e1n Lemos","date":"13 febrero, 2024","format":false,"excerpt":"Este proyecto est\u00e1 financiado por la convocatoria de proyectos de investigaci\u00f3n del Ministerio de Ciencia e Innovaci\u00f3n del Reino de Espa\u00f1a, en el marco del Programa de Generaci\u00f3n del Conocimiento dentro del Plan Estatal de Investigaci\u00f3n Cient\u00edfica y T\u00e9cnica y de Innovaci\u00f3n 2021-2023. Su denominaci\u00f3n oficial es \"La huida del\u2026","rel":"","context":"Entrada similar","block_context":{"text":"Entrada similar","link":""},"img":{"alt_text":"","src":"https:\/\/i0.wp.com\/grupo.us.es\/iwpr\/wp-content\/uploads\/2024\/01\/Proyecto-Trabexit-e1704890085990.png?resize=350%2C200","width":350,"height":200},"classes":[]},{"id":6054,"url":"https:\/\/grupo.us.es\/iwpr\/julia-dormido-abril\/","url_meta":{"origin":6063,"position":5},"title":"Julia Dormido Abril","author":"Jaime Rom\u00e1n Lemos","date":"21 marzo, 2024","format":false,"excerpt":"Es Profesora Ayudante Doctora en Derecho del Trabajo y de la Seguridad Social de la Universidad Complutense de Madrid. Con anterioridad ha sido docente en las Universidades de Sevilla y Pablo de Olavide en Derecho del Trabajo y de la Seguridad Social (a\u00f1os 2020-2024), as\u00ed como en la Universidad de\u2026","rel":"","context":"Entrada similar","block_context":{"text":"Entrada similar","link":""},"img":{"alt_text":"","src":"https:\/\/i0.wp.com\/grupo.us.es\/iwpr\/wp-content\/uploads\/2024\/03\/Julia-Dormido-Abril-300x206.jpeg?resize=350%2C200","width":350,"height":200},"classes":[]}],"jetpack_sharing_enabled":true,"_links":{"self":[{"href":"https:\/\/grupo.us.es\/iwpr\/wp-json\/wp\/v2\/pages\/6063","targetHints":{"allow":["GET"]}}],"collection":[{"href":"https:\/\/grupo.us.es\/iwpr\/wp-json\/wp\/v2\/pages"}],"about":[{"href":"https:\/\/grupo.us.es\/iwpr\/wp-json\/wp\/v2\/types\/page"}],"author":[{"embeddable":true,"href":"https:\/\/grupo.us.es\/iwpr\/wp-json\/wp\/v2\/users\/27"}],"replies":[{"embeddable":true,"href":"https:\/\/grupo.us.es\/iwpr\/wp-json\/wp\/v2\/comments?post=6063"}],"version-history":[{"count":3,"href":"https:\/\/grupo.us.es\/iwpr\/wp-json\/wp\/v2\/pages\/6063\/revisions"}],"predecessor-version":[{"id":6134,"href":"https:\/\/grupo.us.es\/iwpr\/wp-json\/wp\/v2\/pages\/6063\/revisions\/6134"}],"wp:attachment":[{"href":"https:\/\/grupo.us.es\/iwpr\/wp-json\/wp\/v2\/media?parent=6063"}],"curies":[{"name":"wp","href":"https:\/\/api.w.org\/{rel}","templated":true}]}}