{"id":6061,"date":"2024-03-21T12:36:40","date_gmt":"2024-03-21T11:36:40","guid":{"rendered":"http:\/\/grupo.us.es\/newiwpr\/?page_id=6061"},"modified":"2024-03-21T12:36:40","modified_gmt":"2024-03-21T11:36:40","slug":"elisa-munoz-catalan","status":"publish","type":"page","link":"https:\/\/grupo.us.es\/iwpr\/elisa-munoz-catalan\/","title":{"rendered":"Elisa Mu\u00f1oz Catal\u00e1n"},"content":{"rendered":"<p><img data-recalc-dims=\"1\" loading=\"lazy\" decoding=\"async\" data-attachment-id=\"6046\" data-permalink=\"https:\/\/grupo.us.es\/iwpr\/elisa-munoz-catalan\/elisa-munoz-catalan\/\" data-orig-file=\"https:\/\/i0.wp.com\/grupo.us.es\/iwpr\/wp-content\/uploads\/2024\/03\/Elisa-Munoz-Catalan.jpeg?fit=871%2C780&amp;ssl=1\" data-orig-size=\"871,780\" data-comments-opened=\"1\" data-image-meta=\"{&quot;aperture&quot;:&quot;0&quot;,&quot;credit&quot;:&quot;&quot;,&quot;camera&quot;:&quot;&quot;,&quot;caption&quot;:&quot;&quot;,&quot;created_timestamp&quot;:&quot;0&quot;,&quot;copyright&quot;:&quot;&quot;,&quot;focal_length&quot;:&quot;0&quot;,&quot;iso&quot;:&quot;0&quot;,&quot;shutter_speed&quot;:&quot;0&quot;,&quot;title&quot;:&quot;&quot;,&quot;orientation&quot;:&quot;1&quot;}\" data-image-title=\"Elisa Mu\u00f1oz Catal\u00e1n\" data-image-description=\"\" data-image-caption=\"\" data-large-file=\"https:\/\/i0.wp.com\/grupo.us.es\/iwpr\/wp-content\/uploads\/2024\/03\/Elisa-Munoz-Catalan.jpeg?fit=640%2C573&amp;ssl=1\" class=\"size-medium wp-image-6046 aligncenter\" src=\"https:\/\/i0.wp.com\/grupo.us.es\/iwpr\/wp-content\/uploads\/2024\/03\/Elisa-Munoz-Catalan.jpeg?resize=300%2C269\" alt=\"\" width=\"300\" height=\"269\" srcset=\"https:\/\/i0.wp.com\/grupo.us.es\/iwpr\/wp-content\/uploads\/2024\/03\/Elisa-Munoz-Catalan.jpeg?resize=300%2C269&amp;ssl=1 300w, https:\/\/i0.wp.com\/grupo.us.es\/iwpr\/wp-content\/uploads\/2024\/03\/Elisa-Munoz-Catalan.jpeg?resize=150%2C134&amp;ssl=1 150w, https:\/\/i0.wp.com\/grupo.us.es\/iwpr\/wp-content\/uploads\/2024\/03\/Elisa-Munoz-Catalan.jpeg?resize=768%2C688&amp;ssl=1 768w, https:\/\/i0.wp.com\/grupo.us.es\/iwpr\/wp-content\/uploads\/2024\/03\/Elisa-Munoz-Catalan.jpeg?w=871&amp;ssl=1 871w\" sizes=\"auto, (max-width: 300px) 100vw, 300px\" \/><\/p>\n<p>Doctora en Derecho con premio extraordinario de Doctorado. Especialista en asesor\u00eda jur\u00eddica de la empresa y Derecho de Familia. Es profesora universitaria desde el a\u00f1o 2006. Acreditada por la ANECA para todas las figuras.<\/p>\n<p>La profesora es licenciada en Derecho habiendo obtenido premio final CEPSA alumna 10C.<\/p>\n<p>Asimismo, es experta en protecci\u00f3n de los consumidores, asesor\u00eda jur\u00eddica e igualdad de g\u00e9nero.<\/p>\n<p>En materia de voluntariado, ha prestado asesoramiento jur\u00eddico en Cruz Roja. A ra\u00edz de estas acciones, ha recibido el premio a la transferencia de conocimiento Universidad-empresa.<\/p>\n<p>La doctora ha impartido clases de Derecho Privado en diversas Universidades nacionales e internacionales, en la Licenciatura y Grado en Derecho, Criminolog\u00eda, en ADE, Econom\u00eda y en el M\u00e1ster Universitario en el Ejercicio de la Abogac\u00eda y en Derecho de Familia. Asimismo, ha sido profesora en distintos T\u00edtulos Expertos y Cursos de especializaci\u00f3n jur\u00eddica.<\/p>\n","protected":false},"excerpt":{"rendered":"<p>Doctora en Derecho con premio extraordinario de Doctorado. Especialista en asesor\u00eda jur\u00eddica de la empresa y Derecho de Familia. Es profesora universitaria desde el a\u00f1o 2006. Acreditada por la ANECA para todas las figuras. La profesora es licenciada en Derecho habiendo obtenido premio final CEPSA alumna 10C. Asimismo, es experta en protecci\u00f3n de los consumidores,&#8230;<\/p>\n","protected":false},"author":27,"featured_media":0,"parent":0,"menu_order":0,"comment_status":"closed","ping_status":"closed","template":"","meta":{"jetpack_post_was_ever_published":false,"footnotes":""},"class_list":["post-6061","page","type-page","status-publish","hentry"],"jetpack_shortlink":"https:\/\/wp.me\/P7HIjh-1zL","jetpack-related-posts":[{"id":6059,"url":"https:\/\/grupo.us.es\/iwpr\/maria-luisa-perez-guerrero\/","url_meta":{"origin":6061,"position":0},"title":"Mar\u00eda Luisa P\u00e9rez Guerrero","author":"Jaime Rom\u00e1n Lemos","date":"21 marzo, 2024","format":false,"excerpt":"Profesora Titular de Universidad, desde 2007, habilitada, con dos sexenios de investigaci\u00f3n reconocidos. Licenciada en Derecho por la Universidad de Huelva y Doctora en Derecho del Trabajo y de la Seguridad Social por la misma Universidad. Esta Tesis doctoral fue premiada con el Premio Nacional del Consejo Econ\u00f3mico y Social\u2026","rel":"","context":"Entrada similar","block_context":{"text":"Entrada similar","link":""},"img":{"alt_text":"","src":"https:\/\/i0.wp.com\/grupo.us.es\/iwpr\/wp-content\/uploads\/2024\/03\/Maria-Luisa-Perez-Guerrero-216x300.jpeg?resize=350%2C200","width":350,"height":200},"classes":[]},{"id":6054,"url":"https:\/\/grupo.us.es\/iwpr\/julia-dormido-abril\/","url_meta":{"origin":6061,"position":1},"title":"Julia Dormido Abril","author":"Jaime Rom\u00e1n Lemos","date":"21 marzo, 2024","format":false,"excerpt":"Es Profesora Ayudante Doctora en Derecho del Trabajo y de la Seguridad Social de la Universidad Complutense de Madrid. Con anterioridad ha sido docente en las Universidades de Sevilla y Pablo de Olavide en Derecho del Trabajo y de la Seguridad Social (a\u00f1os 2020-2024), as\u00ed como en la Universidad de\u2026","rel":"","context":"Entrada similar","block_context":{"text":"Entrada similar","link":""},"img":{"alt_text":"","src":"https:\/\/i0.wp.com\/grupo.us.es\/iwpr\/wp-content\/uploads\/2024\/03\/Julia-Dormido-Abril-300x206.jpeg?resize=350%2C200","width":350,"height":200},"classes":[]},{"id":6048,"url":"https:\/\/grupo.us.es\/iwpr\/federico-rosenbaum-carli\/","url_meta":{"origin":6061,"position":2},"title":"Federico Rosenbaum Carli","author":"Jaime Rom\u00e1n Lemos","date":"21 marzo, 2024","format":false,"excerpt":"Actualmente es Profesor Asociado de alta dedicaci\u00f3n (PiAD), en el Departamento de Derecho de la Universidad Cat\u00f3lica del Uruguay. Es Abogado (Universidad Cat\u00f3lica del Uruguay), Doctor en Derecho (PhD) del programa de Administraci\u00f3n, hacienda y justicia en el Estado Social (cum laude) y Mag\u00edster (LLM) en Derecho del Trabajo y\u2026","rel":"","context":"Entrada similar","block_context":{"text":"Entrada similar","link":""},"img":{"alt_text":"","src":"https:\/\/i0.wp.com\/grupo.us.es\/iwpr\/wp-content\/uploads\/2024\/03\/Federico-Rosenbaum-Carli-300x285.jpeg?resize=350%2C200","width":350,"height":200},"classes":[]},{"id":6070,"url":"https:\/\/grupo.us.es\/iwpr\/miguel-rodriguez-pinero-royo\/","url_meta":{"origin":6061,"position":3},"title":"Miguel Rodr\u00edguez-Pi\u00f1ero Royo","author":"Jaime Rom\u00e1n Lemos","date":"21 marzo, 2024","format":false,"excerpt":"Es catedr\u00e1tico de Derecho del Trabajo y de la Seguridad Social de la Universidad de Sevilla. Es Licenciado en Derecho por la Universidad de Sevilla, con la especialidad de Derecho de la Empresa, y Doctor en Derecho por la Universidad de Bolonia. Su primera etapa de formaci\u00f3n se desarroll\u00f3 en\u2026","rel":"","context":"Entrada similar","block_context":{"text":"Entrada similar","link":""},"img":{"alt_text":"","src":"https:\/\/i0.wp.com\/grupo.us.es\/iwpr\/wp-content\/uploads\/2024\/03\/Miguel-Rodriguez-Pinero-Royo.jpg?resize=350%2C200","width":350,"height":200},"classes":[]},{"id":5788,"url":"https:\/\/grupo.us.es\/iwpr\/equipo-de-trabajo\/","url_meta":{"origin":6061,"position":4},"title":"Equipo de trabajo","author":"Jaime Rom\u00e1n Lemos","date":"1 marzo, 2024","format":false,"excerpt":"D\u00f1a. Mar\u00eda Luisa P\u00e9rez Guerrero Derecho del Trabajo Universidad de Huelva Contacto: malupe@ddtss.uhu.es \u00a0 D. Miguel Rodr\u00edguez-Pi\u00f1ero Royo Derecho del Trabajo Universidad de Sevilla Contacto: mrodriguez7@us.es \u00a0 D. Francisco Javier Calvo Gallego Derecho del Trabajo Universidad de Sevilla Contacto: javiercalvo@us.es \u00a0 D. Jos\u00e9 Manuel Morales Ortega Derecho del Trabajo Universidad\u2026","rel":"","context":"Entrada similar","block_context":{"text":"Entrada similar","link":""},"img":{"alt_text":"","src":"","width":0,"height":0},"classes":[]},{"id":6108,"url":"https:\/\/grupo.us.es\/iwpr\/roberto-fernandez-villarino\/","url_meta":{"origin":6061,"position":5},"title":"Roberto Fern\u00e1ndez Villarino","author":"Jaime Rom\u00e1n Lemos","date":"21 marzo, 2024","format":false,"excerpt":"En la actualidad es abogado, socio letrado y fundador de Gaudia Consulting and Legal Services S.L.P y Profesor Asociado \u00c1rea Derecho del Trabajo y Seguridad Social de la Universidad de Huelva, Departamento de Derecho P\u00fablico y del Trabajo desde el a\u00f1o 2002. Doctor \u201cCum Laude\u201d por la Universidad de Huelva,\u2026","rel":"","context":"Entrada similar","block_context":{"text":"Entrada similar","link":""},"img":{"alt_text":"","src":"https:\/\/i0.wp.com\/grupo.us.es\/iwpr\/wp-content\/uploads\/2024\/03\/Roberto-Fernandez-Villarino-1024x684.jpg?resize=350%2C200","width":350,"height":200},"classes":[]}],"jetpack_sharing_enabled":true,"_links":{"self":[{"href":"https:\/\/grupo.us.es\/iwpr\/wp-json\/wp\/v2\/pages\/6061","targetHints":{"allow":["GET"]}}],"collection":[{"href":"https:\/\/grupo.us.es\/iwpr\/wp-json\/wp\/v2\/pages"}],"about":[{"href":"https:\/\/grupo.us.es\/iwpr\/wp-json\/wp\/v2\/types\/page"}],"author":[{"embeddable":true,"href":"https:\/\/grupo.us.es\/iwpr\/wp-json\/wp\/v2\/users\/27"}],"replies":[{"embeddable":true,"href":"https:\/\/grupo.us.es\/iwpr\/wp-json\/wp\/v2\/comments?post=6061"}],"version-history":[{"count":2,"href":"https:\/\/grupo.us.es\/iwpr\/wp-json\/wp\/v2\/pages\/6061\/revisions"}],"predecessor-version":[{"id":6132,"href":"https:\/\/grupo.us.es\/iwpr\/wp-json\/wp\/v2\/pages\/6061\/revisions\/6132"}],"wp:attachment":[{"href":"https:\/\/grupo.us.es\/iwpr\/wp-json\/wp\/v2\/media?parent=6061"}],"curies":[{"name":"wp","href":"https:\/\/api.w.org\/{rel}","templated":true}]}}