{"id":6059,"date":"2024-03-21T12:33:51","date_gmt":"2024-03-21T11:33:51","guid":{"rendered":"http:\/\/grupo.us.es\/newiwpr\/?page_id=6059"},"modified":"2024-09-18T14:10:57","modified_gmt":"2024-09-18T12:10:57","slug":"maria-luisa-perez-guerrero","status":"publish","type":"page","link":"https:\/\/grupo.us.es\/iwpr\/maria-luisa-perez-guerrero\/","title":{"rendered":"Mar\u00eda Luisa P\u00e9rez Guerrero"},"content":{"rendered":"<p><img data-recalc-dims=\"1\" loading=\"lazy\" decoding=\"async\" data-attachment-id=\"6040\" data-permalink=\"https:\/\/grupo.us.es\/iwpr\/maria-luisa-perez-guerrero\/maria-luisa-perez-guerrero\/\" data-orig-file=\"https:\/\/i0.wp.com\/grupo.us.es\/iwpr\/wp-content\/uploads\/2024\/03\/Maria-Luisa-Perez-Guerrero.jpeg?fit=261%2C362&amp;ssl=1\" data-orig-size=\"261,362\" data-comments-opened=\"1\" data-image-meta=\"{&quot;aperture&quot;:&quot;0&quot;,&quot;credit&quot;:&quot;&quot;,&quot;camera&quot;:&quot;&quot;,&quot;caption&quot;:&quot;&quot;,&quot;created_timestamp&quot;:&quot;0&quot;,&quot;copyright&quot;:&quot;&quot;,&quot;focal_length&quot;:&quot;0&quot;,&quot;iso&quot;:&quot;0&quot;,&quot;shutter_speed&quot;:&quot;0&quot;,&quot;title&quot;:&quot;&quot;,&quot;orientation&quot;:&quot;0&quot;}\" data-image-title=\"Mar\u00eda Luisa P\u00e9rez Guerrero\" data-image-description=\"\" data-image-caption=\"\" data-large-file=\"https:\/\/i0.wp.com\/grupo.us.es\/iwpr\/wp-content\/uploads\/2024\/03\/Maria-Luisa-Perez-Guerrero.jpeg?fit=261%2C362&amp;ssl=1\" class=\"size-medium wp-image-6040 aligncenter\" src=\"https:\/\/i0.wp.com\/grupo.us.es\/iwpr\/wp-content\/uploads\/2024\/03\/Maria-Luisa-Perez-Guerrero.jpeg?resize=216%2C300\" alt=\"\" width=\"216\" height=\"300\" srcset=\"https:\/\/i0.wp.com\/grupo.us.es\/iwpr\/wp-content\/uploads\/2024\/03\/Maria-Luisa-Perez-Guerrero.jpeg?resize=216%2C300&amp;ssl=1 216w, https:\/\/i0.wp.com\/grupo.us.es\/iwpr\/wp-content\/uploads\/2024\/03\/Maria-Luisa-Perez-Guerrero.jpeg?resize=108%2C150&amp;ssl=1 108w, https:\/\/i0.wp.com\/grupo.us.es\/iwpr\/wp-content\/uploads\/2024\/03\/Maria-Luisa-Perez-Guerrero.jpeg?w=261&amp;ssl=1 261w\" sizes=\"auto, (max-width: 216px) 100vw, 216px\" \/><\/p>\n<p>Profesora Titular de Universidad, desde 2007, habilitada, con dos sexenios de investigaci\u00f3n reconocidos. Licenciada en Derecho por la Universidad de Huelva y Doctora en Derecho del Trabajo y de la Seguridad Social por la misma Universidad. Esta Tesis doctoral fue premiada con el Premio Nacional del Consejo Econ\u00f3mico y Social de Tesis Doctorales en su edici\u00f3n de 2004 y determin\u00f3 la publicaci\u00f3n de la misma en la colecci\u00f3n de Monograf\u00edas del CES en el a\u00f1o 2005, bajo el t\u00edtulo \u201cSanciones Administrativas en materia de Seguridad Social\u201d.<\/p>\n<p>Las l\u00edneas de investigaci\u00f3n se han centrado en las Empresas de Trabajo Temporal y la cesi\u00f3n ilegal de trabajadores; el Derecho Administrativo Laboral; la Prevenci\u00f3n de Riesgos laborales; la Seguridad Social; el trabajo en plataformas tecnol\u00f3gicas, el Derecho Deportivo Laboral y la discriminaci\u00f3n por raz\u00f3n de g\u00e9nero.<\/p>\n<p>Ha realizado dos estancias de investigaci\u00f3n en Universidades extranjeras, una de tres meses en 2008, para poder completar un programa de posgrado en Seguridad Social Europea, en la Universidad de Roskilde (Dinamarca) y otra en 2022 en el Centro de Investigaci\u00f3n de Derecho Comparado de la Universidad de Burdeos (Francia), COMPTRASEC, sobre la tem\u00e1tica de la protecci\u00f3n social de los trabajadores de plataformas.<\/p>\n<p>Ha participado en varios proyectos de investigaci\u00f3n financiados por el Ministerio de Ciencia, la Junta de Andaluc\u00eda, el Centro de Estudios Andaluces, el Consejo Superior de Deportes y la Organizaci\u00f3n Internacional del Trabajo.<\/p>\n<p>En el \u00e1mbito acad\u00e9mico ha ocupado diversos cargos de responsabilidad, habiendo sido Secretaria y Vicedecana de la Facultad de Derecho, Directora de la Oficina de transferencia de la investigaci\u00f3n, Secretaria General y Directora del Departamento de Derecho P\u00fablico y del Trabajo; todos en la Universidad de Huelva.<\/p>\n<p>Puede consultarse su CV de manera m\u00e1s detallada a continuaci\u00f3n: <a href=\"http:\/\/grupo.us.es\/iwpr\/wp-content\/uploads\/2024\/03\/CV_MARIALUISAPEREZ.pdf\" target=\"_blank\" rel=\"noopener noreferrer\">CV_MARIALUISAPEREZ<\/a><\/p>\n<p>&nbsp;<\/p>\n","protected":false},"excerpt":{"rendered":"<p>Profesora Titular de Universidad, desde 2007, habilitada, con dos sexenios de investigaci\u00f3n reconocidos. Licenciada en Derecho por la Universidad de Huelva y Doctora en Derecho del Trabajo y de la Seguridad Social por la misma Universidad. Esta Tesis doctoral fue premiada con el Premio Nacional del Consejo Econ\u00f3mico y Social de Tesis Doctorales en su&#8230;<\/p>\n","protected":false},"author":27,"featured_media":0,"parent":0,"menu_order":0,"comment_status":"closed","ping_status":"closed","template":"","meta":{"jetpack_post_was_ever_published":false,"footnotes":""},"class_list":["post-6059","page","type-page","status-publish","hentry"],"jetpack_shortlink":"https:\/\/wp.me\/P7HIjh-1zJ","jetpack-related-posts":[{"id":6038,"url":"https:\/\/grupo.us.es\/iwpr\/stefano-bini\/","url_meta":{"origin":6059,"position":0},"title":"Stefano Bini","author":"Jaime Rom\u00e1n Lemos","date":"21 marzo, 2024","format":false,"excerpt":"Stefano Bini es Profesor Permanente Laboral, acreditado Profesor Titular de Universidad, de Derecho del Trabajo y de la Seguridad Social de la Universidad de C\u00f3rdoba. Anteriormente, ha sido Profesor Contratado Doctor de Derecho del Trabajo y de la Seguridad Social de la Universidad de Las Palmas de Gran Canaria, Profesor\u2026","rel":"","context":"Entrada similar","block_context":{"text":"Entrada similar","link":""},"img":{"alt_text":"","src":"https:\/\/i0.wp.com\/grupo.us.es\/iwpr\/wp-content\/uploads\/2024\/03\/Stefano-Bini-300x300.jpeg?resize=350%2C200","width":350,"height":200},"classes":[]},{"id":6054,"url":"https:\/\/grupo.us.es\/iwpr\/julia-dormido-abril\/","url_meta":{"origin":6059,"position":1},"title":"Julia Dormido Abril","author":"Jaime Rom\u00e1n Lemos","date":"21 marzo, 2024","format":false,"excerpt":"Es Profesora Ayudante Doctora en Derecho del Trabajo y de la Seguridad Social de la Universidad Complutense de Madrid. Con anterioridad ha sido docente en las Universidades de Sevilla y Pablo de Olavide en Derecho del Trabajo y de la Seguridad Social (a\u00f1os 2020-2024), as\u00ed como en la Universidad de\u2026","rel":"","context":"Entrada similar","block_context":{"text":"Entrada similar","link":""},"img":{"alt_text":"","src":"https:\/\/i0.wp.com\/grupo.us.es\/iwpr\/wp-content\/uploads\/2024\/03\/Julia-Dormido-Abril-300x206.jpeg?resize=350%2C200","width":350,"height":200},"classes":[]},{"id":6108,"url":"https:\/\/grupo.us.es\/iwpr\/roberto-fernandez-villarino\/","url_meta":{"origin":6059,"position":2},"title":"Roberto Fern\u00e1ndez Villarino","author":"Jaime Rom\u00e1n Lemos","date":"21 marzo, 2024","format":false,"excerpt":"En la actualidad es abogado, socio letrado y fundador de Gaudia Consulting and Legal Services S.L.P y Profesor Asociado \u00c1rea Derecho del Trabajo y Seguridad Social de la Universidad de Huelva, Departamento de Derecho P\u00fablico y del Trabajo desde el a\u00f1o 2002. Doctor \u201cCum Laude\u201d por la Universidad de Huelva,\u2026","rel":"","context":"Entrada similar","block_context":{"text":"Entrada similar","link":""},"img":{"alt_text":"","src":"https:\/\/i0.wp.com\/grupo.us.es\/iwpr\/wp-content\/uploads\/2024\/03\/Roberto-Fernandez-Villarino-1024x684.jpg?resize=350%2C200","width":350,"height":200},"classes":[]},{"id":6048,"url":"https:\/\/grupo.us.es\/iwpr\/federico-rosenbaum-carli\/","url_meta":{"origin":6059,"position":3},"title":"Federico Rosenbaum Carli","author":"Jaime Rom\u00e1n Lemos","date":"21 marzo, 2024","format":false,"excerpt":"Actualmente es Profesor Asociado de alta dedicaci\u00f3n (PiAD), en el Departamento de Derecho de la Universidad Cat\u00f3lica del Uruguay. Es Abogado (Universidad Cat\u00f3lica del Uruguay), Doctor en Derecho (PhD) del programa de Administraci\u00f3n, hacienda y justicia en el Estado Social (cum laude) y Mag\u00edster (LLM) en Derecho del Trabajo y\u2026","rel":"","context":"Entrada similar","block_context":{"text":"Entrada similar","link":""},"img":{"alt_text":"","src":"https:\/\/i0.wp.com\/grupo.us.es\/iwpr\/wp-content\/uploads\/2024\/03\/Federico-Rosenbaum-Carli-300x285.jpeg?resize=350%2C200","width":350,"height":200},"classes":[]},{"id":28,"url":"https:\/\/grupo.us.es\/iwpr\/blogs-personales\/miguel-carlos-rodriguez-pinero-royo\/","url_meta":{"origin":6059,"position":4},"title":"Miguel Carlos Rodr\u00edguez-Pi\u00f1ero Royo","author":"Fco. Javier Calvo Gallego","date":"8 julio, 2016","format":false,"excerpt":"Miguel\u00a0 Rodr\u00edguez-Pi\u00f1ero Royo es Catedr\u00e1tico de Derecho del Trabajo y de la Seguridad Social de la Universidad de Sevilla. Imparte su docencia en la Facultad de Derecho y en la Facultad de Ciencias del Trabajo de la Universidad de Sevilla. Colabora con la firma legal PwC Tax & Legal Services\u2026","rel":"","context":"Entrada similar","block_context":{"text":"Entrada similar","link":""},"img":{"alt_text":"","src":"https:\/\/i0.wp.com\/grupo.us.es\/iwpr\/wp-content\/uploads\/2016\/07\/IMG_20171211_163633-225x300.jpg?resize=350%2C200","width":350,"height":200},"classes":[]},{"id":34,"url":"https:\/\/grupo.us.es\/iwpr\/blogs-personales\/javier-calvo-gallego\/","url_meta":{"origin":6059,"position":5},"title":"Javier Calvo Gallego","author":"Fco. Javier Calvo Gallego","date":"8 julio, 2016","format":false,"excerpt":"Fco. Javier Calvo Gallego es doctor en Derecho por la Universidad de Bolonia, Magister por la Universidad de Sevilla y actualmente Catedr\u00e1tico de Universidad del Departamento de Derecho del Trabajo y de la Seguridad Social de la Universidad de Sevilla. Sus principales l\u00edneas de investigaci\u00f3n se centran en la Responsabilidad\u2026","rel":"","context":"Entrada similar","block_context":{"text":"Entrada similar","link":""},"img":{"alt_text":"Javicalvo","src":"https:\/\/i0.wp.com\/grupo.us.es\/iwpr\/wp-content\/uploads\/2016\/07\/Javicalvo.jpg?resize=350%2C200","width":350,"height":200},"classes":[]}],"jetpack_sharing_enabled":true,"_links":{"self":[{"href":"https:\/\/grupo.us.es\/iwpr\/wp-json\/wp\/v2\/pages\/6059","targetHints":{"allow":["GET"]}}],"collection":[{"href":"https:\/\/grupo.us.es\/iwpr\/wp-json\/wp\/v2\/pages"}],"about":[{"href":"https:\/\/grupo.us.es\/iwpr\/wp-json\/wp\/v2\/types\/page"}],"author":[{"embeddable":true,"href":"https:\/\/grupo.us.es\/iwpr\/wp-json\/wp\/v2\/users\/27"}],"replies":[{"embeddable":true,"href":"https:\/\/grupo.us.es\/iwpr\/wp-json\/wp\/v2\/comments?post=6059"}],"version-history":[{"count":8,"href":"https:\/\/grupo.us.es\/iwpr\/wp-json\/wp\/v2\/pages\/6059\/revisions"}],"predecessor-version":[{"id":7467,"href":"https:\/\/grupo.us.es\/iwpr\/wp-json\/wp\/v2\/pages\/6059\/revisions\/7467"}],"wp:attachment":[{"href":"https:\/\/grupo.us.es\/iwpr\/wp-json\/wp\/v2\/media?parent=6059"}],"curies":[{"name":"wp","href":"https:\/\/api.w.org\/{rel}","templated":true}]}}