{"id":6038,"date":"2024-03-21T12:40:42","date_gmt":"2024-03-21T11:40:42","guid":{"rendered":"http:\/\/grupo.us.es\/newiwpr\/?page_id=6038"},"modified":"2024-03-21T12:40:42","modified_gmt":"2024-03-21T11:40:42","slug":"stefano-bini","status":"publish","type":"page","link":"https:\/\/grupo.us.es\/iwpr\/stefano-bini\/","title":{"rendered":"Stefano Bini"},"content":{"rendered":"<p><img data-recalc-dims=\"1\" loading=\"lazy\" decoding=\"async\" data-attachment-id=\"6042\" data-permalink=\"https:\/\/grupo.us.es\/iwpr\/stefano-bini\/stefano-bini\/\" data-orig-file=\"https:\/\/i0.wp.com\/grupo.us.es\/iwpr\/wp-content\/uploads\/2024\/03\/Stefano-Bini.jpeg?fit=1024%2C1024&amp;ssl=1\" data-orig-size=\"1024,1024\" data-comments-opened=\"1\" data-image-meta=\"{&quot;aperture&quot;:&quot;0&quot;,&quot;credit&quot;:&quot;&quot;,&quot;camera&quot;:&quot;&quot;,&quot;caption&quot;:&quot;&quot;,&quot;created_timestamp&quot;:&quot;0&quot;,&quot;copyright&quot;:&quot;&quot;,&quot;focal_length&quot;:&quot;0&quot;,&quot;iso&quot;:&quot;0&quot;,&quot;shutter_speed&quot;:&quot;0&quot;,&quot;title&quot;:&quot;&quot;,&quot;orientation&quot;:&quot;0&quot;}\" data-image-title=\"Stefano Bini\" data-image-description=\"\" data-image-caption=\"\" data-large-file=\"https:\/\/i0.wp.com\/grupo.us.es\/iwpr\/wp-content\/uploads\/2024\/03\/Stefano-Bini.jpeg?fit=640%2C640&amp;ssl=1\" class=\"size-medium wp-image-6042 aligncenter\" src=\"https:\/\/i0.wp.com\/grupo.us.es\/iwpr\/wp-content\/uploads\/2024\/03\/Stefano-Bini.jpeg?resize=300%2C300\" alt=\"\" width=\"300\" height=\"300\" srcset=\"https:\/\/i0.wp.com\/grupo.us.es\/iwpr\/wp-content\/uploads\/2024\/03\/Stefano-Bini.jpeg?resize=300%2C300&amp;ssl=1 300w, https:\/\/i0.wp.com\/grupo.us.es\/iwpr\/wp-content\/uploads\/2024\/03\/Stefano-Bini.jpeg?resize=150%2C150&amp;ssl=1 150w, https:\/\/i0.wp.com\/grupo.us.es\/iwpr\/wp-content\/uploads\/2024\/03\/Stefano-Bini.jpeg?resize=768%2C768&amp;ssl=1 768w, https:\/\/i0.wp.com\/grupo.us.es\/iwpr\/wp-content\/uploads\/2024\/03\/Stefano-Bini.jpeg?w=1024&amp;ssl=1 1024w\" sizes=\"auto, (max-width: 300px) 100vw, 300px\" \/><\/p>\n<p>Stefano Bini es Profesor Permanente Laboral, acreditado Profesor Titular de Universidad, de Derecho del Trabajo y de la Seguridad Social de la Universidad de C\u00f3rdoba. Anteriormente, ha sido Profesor Contratado Doctor de Derecho del Trabajo y de la Seguridad Social de la Universidad de Las Palmas de Gran Canaria, Profesor Ayudante Doctor de Derecho del Trabajo y de la Seguridad Social de la Universidad de C\u00f3rdoba e Investigador Posdoctoral en Derecho del Trabajo en la Universidad LUISS Guido Carli de Roma.<\/p>\n<p>Es Doctor cum laude en \u201cDerecho\u201d (Universidad de Sevilla) y en \u201cDerecho y empresa\u201d (Universidad LUISS Guido Carli de Roma, en co-tutela). Licenciado cum laude y menci\u00f3n especial en Derecho en la Universidad LUISS Guido Carli de Roma (t\u00edtulo homologado en Espa\u00f1a).<\/p>\n<p>Es Coordinador de la Sede de C\u00f3rdoba del M\u00e1ster Empleo \u2013 M\u00e1ster Interuniversitario en Estrategias y Gesti\u00f3n de Servicios y Pol\u00edticas Territoriales de Empleo (Universidades de C\u00f3rdoba, Granada y Huelva).<\/p>\n<p>Miembro de varios grupos de investigaci\u00f3n en materia de Derecho del Trabajo, es autor de diferentes monograf\u00edas y de numerosas publicaciones cient\u00edficas (en castellano, ingl\u00e9s, franc\u00e9s, italiano), en materia tanto de Derecho del Trabajo y de la Seguridad Social, como de Innovaci\u00f3n Docente. Activo tambi\u00e9n en el \u00e1mbito de la transferencia del conocimiento.<\/p>\n<p>Miembro de los equipos de investigaci\u00f3n y de trabajo de varios Proyectos Nacionales de investigaci\u00f3n, entre otras cosas, es miembro del Colegio de Evaluadores Externos y del Comit\u00e9 de Redacci\u00f3n de diferentes Revistas Cient\u00edficas, as\u00ed como socio de varias Asociaciones cient\u00edficas, es ponente y relator, en congresos y seminarios, espa\u00f1oles e internacionales. Es abogado no ejerciente y ha trabajado durante muchos a\u00f1os como abogado laboralista en Italia. Idiomas: espa\u00f1ol, italiano, ingl\u00e9s, franc\u00e9s.<\/p>\n","protected":false},"excerpt":{"rendered":"<p>Stefano Bini es Profesor Permanente Laboral, acreditado Profesor Titular de Universidad, de Derecho del Trabajo y de la Seguridad Social de la Universidad de C\u00f3rdoba. Anteriormente, ha sido Profesor Contratado Doctor de Derecho del Trabajo y de la Seguridad Social de la Universidad de Las Palmas de Gran Canaria, Profesor Ayudante Doctor de Derecho del&#8230;<\/p>\n","protected":false},"author":27,"featured_media":0,"parent":0,"menu_order":0,"comment_status":"closed","ping_status":"closed","template":"","meta":{"jetpack_post_was_ever_published":false,"footnotes":""},"class_list":["post-6038","page","type-page","status-publish","hentry"],"jetpack_shortlink":"https:\/\/wp.me\/P7HIjh-1zo","jetpack-related-posts":[{"id":6048,"url":"https:\/\/grupo.us.es\/iwpr\/federico-rosenbaum-carli\/","url_meta":{"origin":6038,"position":0},"title":"Federico Rosenbaum Carli","author":"Jaime Rom\u00e1n Lemos","date":"21 marzo, 2024","format":false,"excerpt":"Actualmente es Profesor Asociado de alta dedicaci\u00f3n (PiAD), en el Departamento de Derecho de la Universidad Cat\u00f3lica del Uruguay. Es Abogado (Universidad Cat\u00f3lica del Uruguay), Doctor en Derecho (PhD) del programa de Administraci\u00f3n, hacienda y justicia en el Estado Social (cum laude) y Mag\u00edster (LLM) en Derecho del Trabajo y\u2026","rel":"","context":"Entrada similar","block_context":{"text":"Entrada similar","link":""},"img":{"alt_text":"","src":"https:\/\/i0.wp.com\/grupo.us.es\/iwpr\/wp-content\/uploads\/2024\/03\/Federico-Rosenbaum-Carli-300x285.jpeg?resize=350%2C200","width":350,"height":200},"classes":[]},{"id":5788,"url":"https:\/\/grupo.us.es\/iwpr\/equipo-de-trabajo\/","url_meta":{"origin":6038,"position":1},"title":"Equipo de trabajo","author":"Jaime Rom\u00e1n Lemos","date":"1 marzo, 2024","format":false,"excerpt":"D\u00f1a. Mar\u00eda Luisa P\u00e9rez Guerrero Derecho del Trabajo Universidad de Huelva Contacto: malupe@ddtss.uhu.es \u00a0 D. Miguel Rodr\u00edguez-Pi\u00f1ero Royo Derecho del Trabajo Universidad de Sevilla Contacto: mrodriguez7@us.es \u00a0 D. Francisco Javier Calvo Gallego Derecho del Trabajo Universidad de Sevilla Contacto: javiercalvo@us.es \u00a0 D. Jos\u00e9 Manuel Morales Ortega Derecho del Trabajo Universidad\u2026","rel":"","context":"Entrada similar","block_context":{"text":"Entrada similar","link":""},"img":{"alt_text":"","src":"","width":0,"height":0},"classes":[]},{"id":6108,"url":"https:\/\/grupo.us.es\/iwpr\/roberto-fernandez-villarino\/","url_meta":{"origin":6038,"position":2},"title":"Roberto Fern\u00e1ndez Villarino","author":"Jaime Rom\u00e1n Lemos","date":"21 marzo, 2024","format":false,"excerpt":"En la actualidad es abogado, socio letrado y fundador de Gaudia Consulting and Legal Services S.L.P y Profesor Asociado \u00c1rea Derecho del Trabajo y Seguridad Social de la Universidad de Huelva, Departamento de Derecho P\u00fablico y del Trabajo desde el a\u00f1o 2002. Doctor \u201cCum Laude\u201d por la Universidad de Huelva,\u2026","rel":"","context":"Entrada similar","block_context":{"text":"Entrada similar","link":""},"img":{"alt_text":"","src":"https:\/\/i0.wp.com\/grupo.us.es\/iwpr\/wp-content\/uploads\/2024\/03\/Roberto-Fernandez-Villarino-1024x684.jpg?resize=350%2C200","width":350,"height":200},"classes":[]},{"id":34,"url":"https:\/\/grupo.us.es\/iwpr\/blogs-personales\/javier-calvo-gallego\/","url_meta":{"origin":6038,"position":3},"title":"Javier Calvo Gallego","author":"Fco. Javier Calvo Gallego","date":"8 julio, 2016","format":false,"excerpt":"Fco. Javier Calvo Gallego es doctor en Derecho por la Universidad de Bolonia, Magister por la Universidad de Sevilla y actualmente Catedr\u00e1tico de Universidad del Departamento de Derecho del Trabajo y de la Seguridad Social de la Universidad de Sevilla. Sus principales l\u00edneas de investigaci\u00f3n se centran en la Responsabilidad\u2026","rel":"","context":"Entrada similar","block_context":{"text":"Entrada similar","link":""},"img":{"alt_text":"Javicalvo","src":"https:\/\/i0.wp.com\/grupo.us.es\/iwpr\/wp-content\/uploads\/2016\/07\/Javicalvo.jpg?resize=350%2C200","width":350,"height":200},"classes":[]},{"id":6054,"url":"https:\/\/grupo.us.es\/iwpr\/julia-dormido-abril\/","url_meta":{"origin":6038,"position":4},"title":"Julia Dormido Abril","author":"Jaime Rom\u00e1n Lemos","date":"21 marzo, 2024","format":false,"excerpt":"Es Profesora Ayudante Doctora en Derecho del Trabajo y de la Seguridad Social de la Universidad Complutense de Madrid. Con anterioridad ha sido docente en las Universidades de Sevilla y Pablo de Olavide en Derecho del Trabajo y de la Seguridad Social (a\u00f1os 2020-2024), as\u00ed como en la Universidad de\u2026","rel":"","context":"Entrada similar","block_context":{"text":"Entrada similar","link":""},"img":{"alt_text":"","src":"https:\/\/i0.wp.com\/grupo.us.es\/iwpr\/wp-content\/uploads\/2024\/03\/Julia-Dormido-Abril-300x206.jpeg?resize=350%2C200","width":350,"height":200},"classes":[]},{"id":6059,"url":"https:\/\/grupo.us.es\/iwpr\/maria-luisa-perez-guerrero\/","url_meta":{"origin":6038,"position":5},"title":"Mar\u00eda Luisa P\u00e9rez Guerrero","author":"Jaime Rom\u00e1n Lemos","date":"21 marzo, 2024","format":false,"excerpt":"Profesora Titular de Universidad, desde 2007, habilitada, con dos sexenios de investigaci\u00f3n reconocidos. Licenciada en Derecho por la Universidad de Huelva y Doctora en Derecho del Trabajo y de la Seguridad Social por la misma Universidad. Esta Tesis doctoral fue premiada con el Premio Nacional del Consejo Econ\u00f3mico y Social\u2026","rel":"","context":"Entrada similar","block_context":{"text":"Entrada similar","link":""},"img":{"alt_text":"","src":"https:\/\/i0.wp.com\/grupo.us.es\/iwpr\/wp-content\/uploads\/2024\/03\/Maria-Luisa-Perez-Guerrero-216x300.jpeg?resize=350%2C200","width":350,"height":200},"classes":[]}],"jetpack_sharing_enabled":true,"_links":{"self":[{"href":"https:\/\/grupo.us.es\/iwpr\/wp-json\/wp\/v2\/pages\/6038","targetHints":{"allow":["GET"]}}],"collection":[{"href":"https:\/\/grupo.us.es\/iwpr\/wp-json\/wp\/v2\/pages"}],"about":[{"href":"https:\/\/grupo.us.es\/iwpr\/wp-json\/wp\/v2\/types\/page"}],"author":[{"embeddable":true,"href":"https:\/\/grupo.us.es\/iwpr\/wp-json\/wp\/v2\/users\/27"}],"replies":[{"embeddable":true,"href":"https:\/\/grupo.us.es\/iwpr\/wp-json\/wp\/v2\/comments?post=6038"}],"version-history":[{"count":2,"href":"https:\/\/grupo.us.es\/iwpr\/wp-json\/wp\/v2\/pages\/6038\/revisions"}],"predecessor-version":[{"id":6052,"href":"https:\/\/grupo.us.es\/iwpr\/wp-json\/wp\/v2\/pages\/6038\/revisions\/6052"}],"wp:attachment":[{"href":"https:\/\/grupo.us.es\/iwpr\/wp-json\/wp\/v2\/media?parent=6038"}],"curies":[{"name":"wp","href":"https:\/\/api.w.org\/{rel}","templated":true}]}}