{"id":6020,"date":"2024-03-21T12:37:22","date_gmt":"2024-03-21T11:37:22","guid":{"rendered":"http:\/\/grupo.us.es\/newiwpr\/?page_id=6020"},"modified":"2024-03-21T12:55:41","modified_gmt":"2024-03-21T11:55:41","slug":"federico-pozo-cuevas","status":"publish","type":"page","link":"https:\/\/grupo.us.es\/iwpr\/federico-pozo-cuevas\/","title":{"rendered":"Federico Pozo Cuevas"},"content":{"rendered":"<p><img data-recalc-dims=\"1\" loading=\"lazy\" decoding=\"async\" data-attachment-id=\"6019\" data-permalink=\"https:\/\/grupo.us.es\/iwpr\/equipo-de-trabajo\/federico-pozo-cuevas\/\" data-orig-file=\"https:\/\/i0.wp.com\/grupo.us.es\/iwpr\/wp-content\/uploads\/2024\/03\/Federico-Pozo-Cuevas.png?fit=353%2C502&amp;ssl=1\" data-orig-size=\"353,502\" data-comments-opened=\"1\" data-image-meta=\"{&quot;aperture&quot;:&quot;0&quot;,&quot;credit&quot;:&quot;&quot;,&quot;camera&quot;:&quot;&quot;,&quot;caption&quot;:&quot;&quot;,&quot;created_timestamp&quot;:&quot;0&quot;,&quot;copyright&quot;:&quot;&quot;,&quot;focal_length&quot;:&quot;0&quot;,&quot;iso&quot;:&quot;0&quot;,&quot;shutter_speed&quot;:&quot;0&quot;,&quot;title&quot;:&quot;&quot;,&quot;orientation&quot;:&quot;0&quot;}\" data-image-title=\"Federico Pozo Cuevas\" data-image-description=\"\" data-image-caption=\"\" data-large-file=\"https:\/\/i0.wp.com\/grupo.us.es\/iwpr\/wp-content\/uploads\/2024\/03\/Federico-Pozo-Cuevas.png?fit=353%2C502&amp;ssl=1\" class=\"alignnone size-medium wp-image-6019 aligncenter\" src=\"https:\/\/i0.wp.com\/grupo.us.es\/iwpr\/wp-content\/uploads\/2024\/03\/Federico-Pozo-Cuevas.png?resize=211%2C300\" alt=\"\" width=\"211\" height=\"300\" srcset=\"https:\/\/i0.wp.com\/grupo.us.es\/iwpr\/wp-content\/uploads\/2024\/03\/Federico-Pozo-Cuevas.png?resize=211%2C300&amp;ssl=1 211w, https:\/\/i0.wp.com\/grupo.us.es\/iwpr\/wp-content\/uploads\/2024\/03\/Federico-Pozo-Cuevas.png?resize=105%2C150&amp;ssl=1 105w, https:\/\/i0.wp.com\/grupo.us.es\/iwpr\/wp-content\/uploads\/2024\/03\/Federico-Pozo-Cuevas.png?w=353&amp;ssl=1 353w\" sizes=\"auto, (max-width: 211px) 100vw, 211px\" \/><\/p>\n<p>Actualmente es profesor ayudante doctor en el Departamento de Sociolog\u00eda de la Universidad de Sevilla. Es licenciado en Sociolog\u00eda (Universidad Complutense de Madrid -UCM-), Doctor (Universidad Pablo de Olavide -UPO-) y cuenta con estudios de especializaci\u00f3n en Evaluaci\u00f3n de programas y pol\u00edticas p\u00fablicas (UCM).<\/p>\n<p>Desarrolla una carrera profesional de m\u00e1s veinte a\u00f1os (1993 \u2013 2017) en el campo de las pol\u00edticas p\u00fablicas de empleo, intervenci\u00f3n social y desarrollo local en Andaluc\u00eda, en el \u00e1mbito de la administraci\u00f3n municipal y auton\u00f3mica. En dicho campo, desempe\u00f1\u00f3 puestos con distintos niveles de responsabilidad t\u00e9cnica y organizativa; dirigi\u00f3 o desarroll\u00f3 numerosos estudios de car\u00e1cter diagn\u00f3stico y evaluaciones de proyectos y programas p\u00fablicos; e imparti\u00f3 formaci\u00f3n especializada dirigida a profesionales. Entre 2006 y 2017 compagin\u00f3 la actividad profesional con la docencia universitaria como profesor asociado del Departamento de Sociolog\u00eda de la UPO.<\/p>\n<p>El funcionamiento de los servicios p\u00fablicos de empleo y c\u00f3mo lo experimenta la ciudadan\u00eda es el tema sobre el que realiza su tesis doctoral (2016) y sobre el que tratan varias de sus publicaciones. Ha participado en los proyectos \u201c<em>Instrumentos normativos para la mejora de las trayectorias de los working poors y su inclusi\u00f3n social<\/em>\u201d (DER2015-63701-C3-1-R) (2016-2018); \u201c<em>Nuevas din\u00e1micas y riesgos sociales en el mercado de trabajo del Siglo XXI: desigualdad, precariedad y exclusi\u00f3n social<\/em>\u201d (RTI2018-098794-B-C31) (2019-2021); y \u201c<em>El emprendimiento como estrategia de lucha contra el desempleo juvenil: de la pol\u00edtica institucional a la vivencia y experiencia de los sujetos<\/em>\u201d (CSO2017-82839-P) (2018-2021).<\/p>\n<p>Es miembro de la <a href=\"https:\/\/www.redtragevic.com\/web\/\" target=\"_blank\" rel=\"noopener noreferrer\">Red Iberoamericana de Investigaci\u00f3n en Trabajo, G\u00e9nero y Vida Cotidiana<\/a>. Y fue editor invitado del n\u00famero monogr\u00e1fico Empleabilidad y pol\u00edticas p\u00fablicas de Iberoam\u00e9rica de la revista Studia Politicae (N\u00ba 47, 2019; disponible en el siguiente <a href=\"https:\/\/revistas.bibdigital.uccor.edu.ar\/index.php\/SP\/issue\/view\/40\" target=\"_blank\" rel=\"noopener noreferrer\">enlace<\/a>).<\/p>\n<p>Entre sus publicaciones m\u00e1s destacadas encontramos las siguientes:<\/p>\n<ul>\n<li>Art\u00edculos:\n<ul>\n<li style=\"list-style-type: none;\">\n<ul>\n<li>Pozo Cuevas, F. (2019). Demandantes de empleo frente a pol\u00edticas de activaci\u00f3n: conformes, distantes y beligerantes. Cuadernos de Relaciones Laborales, 37(1) Monogr\u00e1fico Precariedades, 135-153. <a href=\"https:\/\/doi.org\/10.5209\/CRLA.63823\" target=\"_blank\" rel=\"noopener noreferrer\">https:\/\/doi.org\/10.5209\/CRLA.63823<\/a> ISSN 1131-8635<\/li>\n<li>Pozo Cuevas, F. (2019) Estar al otro lado de la mesa. Profesionales de los servicios p\u00fablicos de empleo ante los dilemas de la activaci\u00f3n laboral. Arxius de Ci\u00e8ncies Socials 41, pp. 123-133. ISSN 1137-7038). Disponible en el siguiente <a href=\"https:\/\/roderic.uv.es\/bitstream\/handle\/10550\/76310\/7605685.pdf?sequence=1&amp;isAllowed=y\" target=\"_blank\" rel=\"noopener noreferrer\">enlace<\/a>.<\/li>\n<\/ul>\n<\/li>\n<\/ul>\n<\/li>\n<\/ul>\n<ul>\n<li>Cap\u00edtulos de libro:\n<ul>\n<li style=\"list-style-type: none;\">\n<ul>\n<li>Pozo Cuevas F. (2021) \u201cLos servicios p\u00fablicos de empleo y la transmisi\u00f3n de los paradigmas de la activaci\u00f3n y el emprendimiento\u201d. En Francisco Javier Calvo Gallego, Macarena Hern\u00e1ndez Bejarano y Miguel Rodr\u00edguez-Pi\u00f1ero Royo (dirs.) La revoluci\u00f3n de las formas de empleo en el Siglo XXI. Murcia: Laborum; p\u00e1ginas 295-312. ISBN: 978-84-17789-93-0<\/li>\n<li>Pozo Cuevas, F. (2018) Las pol\u00edticas auton\u00f3micas de empleo y la falta de ocupaci\u00f3n: vivencias cr\u00edticas de los servicios p\u00fablicos de empleo. En Gala Dur\u00e1n, C. y Calvo Gallego, F.J. (dirs.) y Morales Ortega, J.M. (coord.) Pobreza en la ocupaci\u00f3n e instrumentos de reacci\u00f3n. P\u00e1ginas 159-182. Madrid: Laborum. ISBN: 978-84-17789-00-8<\/li>\n<\/ul>\n<\/li>\n<\/ul>\n<\/li>\n<\/ul>\n<p>&nbsp;<\/p>\n","protected":false},"excerpt":{"rendered":"<p>Actualmente es profesor ayudante doctor en el Departamento de Sociolog\u00eda de la Universidad de Sevilla. Es licenciado en Sociolog\u00eda (Universidad Complutense de Madrid -UCM-), Doctor (Universidad Pablo de Olavide -UPO-) y cuenta con estudios de especializaci\u00f3n en Evaluaci\u00f3n de programas y pol\u00edticas p\u00fablicas (UCM). Desarrolla una carrera profesional de m\u00e1s veinte a\u00f1os (1993 \u2013 2017)&#8230;<\/p>\n","protected":false},"author":27,"featured_media":0,"parent":0,"menu_order":0,"comment_status":"closed","ping_status":"closed","template":"","meta":{"jetpack_post_was_ever_published":false,"footnotes":""},"class_list":["post-6020","page","type-page","status-publish","hentry"],"jetpack_shortlink":"https:\/\/wp.me\/P7HIjh-1z6","jetpack-related-posts":[{"id":447,"url":"https:\/\/grupo.us.es\/iwpr\/envejecimiento-activo\/la-formacion-en-la-negociacion-colectiva\/","url_meta":{"origin":6020,"position":0},"title":"La visibilidad de la experiencia laboral","author":"Fco. Javier Calvo Gallego","date":"15 diciembre, 2016","format":false,"excerpt":"Puedes acceder al contenido completo de este trabajo en el siguiente enlace\u00a0que te conducir\u00e1 al cap\u00edtulo: \u201cLa visibilidad de la experiencia laboral\u201d publicado dentro de la monograf\u00eda AAVV.,\u00a0 El tratamiento del empleo de los trabajadores maduros por parte de los poderes p\u00fablicos y de las pol\u00edticas empresariales de Recursos Humanos,\u2026","rel":"","context":"Entrada similar","block_context":{"text":"Entrada similar","link":""},"img":{"alt_text":"","src":"","width":0,"height":0},"classes":[]},{"id":5788,"url":"https:\/\/grupo.us.es\/iwpr\/equipo-de-trabajo\/","url_meta":{"origin":6020,"position":1},"title":"Equipo de trabajo","author":"Jaime Rom\u00e1n Lemos","date":"1 marzo, 2024","format":false,"excerpt":"D\u00f1a. Mar\u00eda Luisa P\u00e9rez Guerrero Derecho del Trabajo Universidad de Huelva Contacto: malupe@ddtss.uhu.es \u00a0 D. Miguel Rodr\u00edguez-Pi\u00f1ero Royo Derecho del Trabajo Universidad de Sevilla Contacto: mrodriguez7@us.es \u00a0 D. Francisco Javier Calvo Gallego Derecho del Trabajo Universidad de Sevilla Contacto: javiercalvo@us.es \u00a0 D. Jos\u00e9 Manuel Morales Ortega Derecho del Trabajo Universidad\u2026","rel":"","context":"Entrada similar","block_context":{"text":"Entrada similar","link":""},"img":{"alt_text":"","src":"","width":0,"height":0},"classes":[]},{"id":6070,"url":"https:\/\/grupo.us.es\/iwpr\/miguel-rodriguez-pinero-royo\/","url_meta":{"origin":6020,"position":2},"title":"Miguel Rodr\u00edguez-Pi\u00f1ero Royo","author":"Jaime Rom\u00e1n Lemos","date":"21 marzo, 2024","format":false,"excerpt":"Es catedr\u00e1tico de Derecho del Trabajo y de la Seguridad Social de la Universidad de Sevilla. Es Licenciado en Derecho por la Universidad de Sevilla, con la especialidad de Derecho de la Empresa, y Doctor en Derecho por la Universidad de Bolonia. Su primera etapa de formaci\u00f3n se desarroll\u00f3 en\u2026","rel":"","context":"Entrada similar","block_context":{"text":"Entrada similar","link":""},"img":{"alt_text":"","src":"https:\/\/i0.wp.com\/grupo.us.es\/iwpr\/wp-content\/uploads\/2024\/03\/Miguel-Rodriguez-Pinero-Royo.jpg?resize=350%2C200","width":350,"height":200},"classes":[]},{"id":6597,"url":"https:\/\/grupo.us.es\/iwpr\/jaime-roman-lemos\/","url_meta":{"origin":6020,"position":3},"title":"Jaime Rom\u00e1n Lemos","author":"Jaime Rom\u00e1n Lemos","date":"14 mayo, 2024","format":false,"excerpt":"Graduado en Derecho por la Universidad de Sevilla en el curso 2020-2021, se interes\u00f3 en completar sus estudios cursando el Doble M\u00e1ster Universitario en Abogac\u00eda y en Asesor\u00eda Jur\u00eddico-Mercantil, Fiscal y Laboral (promoci\u00f3n 2021-2023), obteniendo en los respectivos TFM de ambos M\u00e1steres la calificaci\u00f3n de 10 Matr\u00edcula de Honor. Adem\u00e1s,\u2026","rel":"","context":"Entrada similar","block_context":{"text":"Entrada similar","link":""},"img":{"alt_text":"","src":"https:\/\/i0.wp.com\/grupo.us.es\/iwpr\/wp-content\/uploads\/2024\/05\/Jaime-Roman-Lemos-200x300.jpg?resize=350%2C200","width":350,"height":200},"classes":[]},{"id":6038,"url":"https:\/\/grupo.us.es\/iwpr\/stefano-bini\/","url_meta":{"origin":6020,"position":4},"title":"Stefano Bini","author":"Jaime Rom\u00e1n Lemos","date":"21 marzo, 2024","format":false,"excerpt":"Stefano Bini es Profesor Permanente Laboral, acreditado Profesor Titular de Universidad, de Derecho del Trabajo y de la Seguridad Social de la Universidad de C\u00f3rdoba. Anteriormente, ha sido Profesor Contratado Doctor de Derecho del Trabajo y de la Seguridad Social de la Universidad de Las Palmas de Gran Canaria, Profesor\u2026","rel":"","context":"Entrada similar","block_context":{"text":"Entrada similar","link":""},"img":{"alt_text":"","src":"https:\/\/i0.wp.com\/grupo.us.es\/iwpr\/wp-content\/uploads\/2024\/03\/Stefano-Bini-300x300.jpeg?resize=350%2C200","width":350,"height":200},"classes":[]},{"id":6054,"url":"https:\/\/grupo.us.es\/iwpr\/julia-dormido-abril\/","url_meta":{"origin":6020,"position":5},"title":"Julia Dormido Abril","author":"Jaime Rom\u00e1n Lemos","date":"21 marzo, 2024","format":false,"excerpt":"Es Profesora Ayudante Doctora en Derecho del Trabajo y de la Seguridad Social de la Universidad Complutense de Madrid. Con anterioridad ha sido docente en las Universidades de Sevilla y Pablo de Olavide en Derecho del Trabajo y de la Seguridad Social (a\u00f1os 2020-2024), as\u00ed como en la Universidad de\u2026","rel":"","context":"Entrada similar","block_context":{"text":"Entrada similar","link":""},"img":{"alt_text":"","src":"https:\/\/i0.wp.com\/grupo.us.es\/iwpr\/wp-content\/uploads\/2024\/03\/Julia-Dormido-Abril-300x206.jpeg?resize=350%2C200","width":350,"height":200},"classes":[]}],"jetpack_sharing_enabled":true,"_links":{"self":[{"href":"https:\/\/grupo.us.es\/iwpr\/wp-json\/wp\/v2\/pages\/6020","targetHints":{"allow":["GET"]}}],"collection":[{"href":"https:\/\/grupo.us.es\/iwpr\/wp-json\/wp\/v2\/pages"}],"about":[{"href":"https:\/\/grupo.us.es\/iwpr\/wp-json\/wp\/v2\/types\/page"}],"author":[{"embeddable":true,"href":"https:\/\/grupo.us.es\/iwpr\/wp-json\/wp\/v2\/users\/27"}],"replies":[{"embeddable":true,"href":"https:\/\/grupo.us.es\/iwpr\/wp-json\/wp\/v2\/comments?post=6020"}],"version-history":[{"count":8,"href":"https:\/\/grupo.us.es\/iwpr\/wp-json\/wp\/v2\/pages\/6020\/revisions"}],"predecessor-version":[{"id":6138,"href":"https:\/\/grupo.us.es\/iwpr\/wp-json\/wp\/v2\/pages\/6020\/revisions\/6138"}],"wp:attachment":[{"href":"https:\/\/grupo.us.es\/iwpr\/wp-json\/wp\/v2\/media?parent=6020"}],"curies":[{"name":"wp","href":"https:\/\/api.w.org\/{rel}","templated":true}]}}