{"id":5839,"date":"2024-02-14T12:04:25","date_gmt":"2024-02-14T11:04:25","guid":{"rendered":"http:\/\/grupo.us.es\/newiwpr\/?page_id=5839"},"modified":"2024-02-14T12:04:25","modified_gmt":"2024-02-14T11:04:25","slug":"la-realidad-objeto-de-estudio","status":"publish","type":"page","link":"https:\/\/grupo.us.es\/iwpr\/la-realidad-objeto-de-estudio\/","title":{"rendered":"La realidad objeto de estudio"},"content":{"rendered":"<p>En esta p\u00e1gina pueden consultarse las principales caracter\u00edsticas, elementos y contexto de la principal materia objeto de estudio del Proyecto Trabexit.<\/p>\n<ul>\n<li><a href=\"https:\/\/wp.me\/P7HIjh-1uU\" target=\"_blank\" rel=\"noopener noreferrer\">EL CONTEXTO: LA HUIDA DEL MERCADO DE TRABAJO<\/a><\/li>\n<li><a href=\"https:\/\/wp.me\/P7HIjh-1v1\" target=\"_blank\" rel=\"noopener noreferrer\">LA IDEA DE TRABEXIT<\/a><\/li>\n<li><a href=\"https:\/\/wp.me\/P7HIjh-1v3\" target=\"_blank\" rel=\"noopener noreferrer\">EL TRABEXIT Y SUS CONSECUENCIAS<\/a><\/li>\n<li><a href=\"https:\/\/wp.me\/P7HIjh-1v6\" target=\"_blank\" rel=\"noopener noreferrer\">EL TRABEXIT Y SUS CAUSAS<\/a><\/li>\n<\/ul>\n","protected":false},"excerpt":{"rendered":"<p>En esta p\u00e1gina pueden consultarse las principales caracter\u00edsticas, elementos y contexto de la principal materia objeto de estudio del Proyecto Trabexit. EL CONTEXTO: LA HUIDA DEL MERCADO DE TRABAJO LA IDEA DE TRABEXIT EL TRABEXIT Y SUS CONSECUENCIAS EL TRABEXIT Y SUS CAUSAS<\/p>\n","protected":false},"author":27,"featured_media":0,"parent":0,"menu_order":0,"comment_status":"closed","ping_status":"closed","template":"","meta":{"jetpack_post_was_ever_published":false,"footnotes":""},"class_list":["post-5839","page","type-page","status-publish","hentry"],"jetpack_shortlink":"https:\/\/wp.me\/P7HIjh-1wb","jetpack-related-posts":[{"id":5842,"url":"https:\/\/grupo.us.es\/iwpr\/el-proyecto-trabexit\/","url_meta":{"origin":5839,"position":0},"title":"El Proyecto Trabexit","author":"Jaime Rom\u00e1n Lemos","date":"14 febrero, 2024","format":false,"excerpt":"Desde esta p\u00e1gina puede accederse a todo el contenido desarrollado en el marco del Proyecto Trabexit. APROXIMACI\u00d3N AL PROYECTO TRABEXIT \u00c1REAS DE TRABAJO AN\u00c1LISIS DEL MERCADO DE TRABAJO AN\u00c1LISIS DE LAS PERSONAS AN\u00c1LISIS HIST\u00d3RICOS AN\u00c1LISIS DEL ORDENAMIENTO JUR\u00cdDICO EL DERECHO DEL TRABAJO EL SISTEMA DE SEGURIDAD SOCIAL PERSPECTIVAS CONSTITUCIONALES PERSPECTIVAS\u2026","rel":"","context":"Entrada similar","block_context":{"text":"Entrada similar","link":""},"img":{"alt_text":"","src":"","width":0,"height":0},"classes":[]},{"id":9042,"url":"https:\/\/grupo.us.es\/iwpr\/aspectos-preventivos-del-trabexit\/","url_meta":{"origin":5839,"position":1},"title":"Aspectos preventivos del Trabexit","author":"Jaime Rom\u00e1n Lemos","date":"28 abril, 2025","format":false,"excerpt":"[P\u00c1GINA EN DESARROLLO] Resultan numerosos los distintos aspectos en materia de prevenci\u00f3n de riesgos laborales que afectan al fen\u00f3meno del Trabexit. Sin duda uno de los m\u00e1s destacados y, a su vez, de los m\u00e1s estudiados en los \u00faltimos tiempos es el de los riesgos psicosociales,","rel":"","context":"Entrada similar","block_context":{"text":"Entrada similar","link":""},"img":{"alt_text":"","src":"","width":0,"height":0},"classes":[]},{"id":5797,"url":"https:\/\/grupo.us.es\/iwpr\/encuentros-cientificos\/","url_meta":{"origin":5839,"position":2},"title":"Encuentros cient\u00edficos","author":"Jaime Rom\u00e1n Lemos","date":"13 febrero, 2024","format":false,"excerpt":"En esta p\u00e1gina se dar\u00e1n a conocer los diferentes congresos, seminarios y dem\u00e1s encuentros cient\u00edficos que se celebren en el marco del Proyecto Trabexit. \u00a0 Seminario de presentaci\u00f3n de proyectos de investigaci\u00f3n en Derecho del Trabajo \u00a0 Seminario de Investigaci\u00f3n en el marco del Proyecto Trabexit, 22 de febrero de\u2026","rel":"","context":"Entrada similar","block_context":{"text":"Entrada similar","link":""},"img":{"alt_text":"","src":"","width":0,"height":0},"classes":[]},{"id":5607,"url":"https:\/\/grupo.us.es\/iwpr\/proyecto-trabexit\/","url_meta":{"origin":5839,"position":3},"title":"PROYECTO TRABEXIT","author":"Miguel Carlos Rodr\u00edguez-Pi\u00f1ero Royo","date":"9 enero, 2024","format":false,"excerpt":"Somos un grupo de investigadores que hace ya m\u00e1s de un a\u00f1o decidimos presentarnos a la convocatoria de proyectos de investigaci\u00f3n del Ministerio de Ciencia e Innovaci\u00f3n del Reino de Espa\u00f1a, en el marco del Programa de Generaci\u00f3n del Conocimiento dentro del Plan Estatal de Investigaci\u00f3n Cient\u00edfica y T\u00e9cnica y\u2026","rel":"","context":"Entrada similar","block_context":{"text":"Entrada similar","link":""},"img":{"alt_text":"","src":"https:\/\/i0.wp.com\/grupo.us.es\/iwpr\/wp-content\/uploads\/2024\/01\/Imagen6-300x205.png?resize=350%2C200&ssl=1","width":350,"height":200,"srcset":"https:\/\/i0.wp.com\/grupo.us.es\/iwpr\/wp-content\/uploads\/2024\/01\/Imagen6-300x205.png?resize=350%2C200&ssl=1 1x, https:\/\/i0.wp.com\/grupo.us.es\/iwpr\/wp-content\/uploads\/2024\/01\/Imagen6-300x205.png?resize=525%2C300&ssl=1 1.5x"},"classes":[]},{"id":5778,"url":"https:\/\/grupo.us.es\/iwpr\/aproximacion-al-proyecto-trabexit\/","url_meta":{"origin":5839,"position":4},"title":"Aproximaci\u00f3n al Proyecto Trabexit","author":"Jaime Rom\u00e1n Lemos","date":"13 febrero, 2024","format":false,"excerpt":"Este proyecto est\u00e1 financiado por la convocatoria de proyectos de investigaci\u00f3n del Ministerio de Ciencia e Innovaci\u00f3n del Reino de Espa\u00f1a, en el marco del Programa de Generaci\u00f3n del Conocimiento dentro del Plan Estatal de Investigaci\u00f3n Cient\u00edfica y T\u00e9cnica y de Innovaci\u00f3n 2021-2023. Su denominaci\u00f3n oficial es \"La huida del\u2026","rel":"","context":"Entrada similar","block_context":{"text":"Entrada similar","link":""},"img":{"alt_text":"","src":"https:\/\/i0.wp.com\/grupo.us.es\/iwpr\/wp-content\/uploads\/2024\/01\/Proyecto-Trabexit-e1704890085990.png?resize=350%2C200","width":350,"height":200},"classes":[]},{"id":5767,"url":"https:\/\/grupo.us.es\/iwpr\/la-idea-de-trabexit\/","url_meta":{"origin":5839,"position":5},"title":"La idea de Trabexit","author":"Jaime Rom\u00e1n Lemos","date":"13 febrero, 2024","format":false,"excerpt":"Considerando de manera unitaria todas las realidades que se han identificado en el mercado de trabajo podemos hablar de un fen\u00f3meno de \u201chuida del mercado de trabajo\u201d, caracterizado por una nueva forma de tomar decisiones laborales, en las que la prioridad ya no es obtener y mantener un empleo, sino\u2026","rel":"","context":"Entrada similar","block_context":{"text":"Entrada similar","link":""},"img":{"alt_text":"","src":"","width":0,"height":0},"classes":[]}],"jetpack_sharing_enabled":true,"_links":{"self":[{"href":"https:\/\/grupo.us.es\/iwpr\/wp-json\/wp\/v2\/pages\/5839","targetHints":{"allow":["GET"]}}],"collection":[{"href":"https:\/\/grupo.us.es\/iwpr\/wp-json\/wp\/v2\/pages"}],"about":[{"href":"https:\/\/grupo.us.es\/iwpr\/wp-json\/wp\/v2\/types\/page"}],"author":[{"embeddable":true,"href":"https:\/\/grupo.us.es\/iwpr\/wp-json\/wp\/v2\/users\/27"}],"replies":[{"embeddable":true,"href":"https:\/\/grupo.us.es\/iwpr\/wp-json\/wp\/v2\/comments?post=5839"}],"version-history":[{"count":1,"href":"https:\/\/grupo.us.es\/iwpr\/wp-json\/wp\/v2\/pages\/5839\/revisions"}],"predecessor-version":[{"id":5840,"href":"https:\/\/grupo.us.es\/iwpr\/wp-json\/wp\/v2\/pages\/5839\/revisions\/5840"}],"wp:attachment":[{"href":"https:\/\/grupo.us.es\/iwpr\/wp-json\/wp\/v2\/media?parent=5839"}],"curies":[{"name":"wp","href":"https:\/\/api.w.org\/{rel}","templated":true}]}}