{"id":5819,"date":"2024-02-13T13:13:07","date_gmt":"2024-02-13T12:13:07","guid":{"rendered":"http:\/\/grupo.us.es\/newiwpr\/?page_id=5819"},"modified":"2025-03-18T12:13:21","modified_gmt":"2025-03-18T11:13:21","slug":"el-derecho-del-empleo","status":"publish","type":"page","link":"https:\/\/grupo.us.es\/iwpr\/el-derecho-del-empleo\/","title":{"rendered":"El Derecho del Empleo"},"content":{"rendered":"<h3 class=\"title\"><a id=\"article-25294\" href=\"https:\/\/revistascientificas.us.es\/index.php\/Trabajo-Persona-Derecho-Merca\/article\/view\/25294\">La Ley 3\/2023 de empleo: alcance y dimensiones estrat\u00e9gicas a favor de la empleabilidad<\/a><\/h3>\n<div class=\"meta\">\n<div class=\"authors\">Eva Garrido P\u00e9rez<\/div>\n<\/div>\n<h3 class=\"title\"><a id=\"article-25330\" href=\"https:\/\/revistascientificas.us.es\/index.php\/Trabajo-Persona-Derecho-Merca\/article\/view\/25330\">La ley de empleo y las personas: reflexiones a partir de la idea de Trabexit<\/a><\/h3>\n<div class=\"meta\">\n<div class=\"authors\">Miguel Rodr\u00edguez-Pi\u00f1ero Royo<\/div>\n<\/div>\n<div><\/div>\n<div><\/div>\n<div><strong>Derecho del Empleo y Trabexit<\/strong><\/div>\n<div>Miguel Rodr\u00edguez-Pi\u00f1ero Royo<\/div>\n","protected":false},"excerpt":{"rendered":"<p>La Ley 3\/2023 de empleo: alcance y dimensiones estrat\u00e9gicas a favor de la empleabilidad Eva Garrido P\u00e9rez La ley de empleo y las personas: reflexiones a partir de la idea de Trabexit Miguel Rodr\u00edguez-Pi\u00f1ero Royo Derecho del Empleo y Trabexit Miguel Rodr\u00edguez-Pi\u00f1ero Royo<\/p>\n","protected":false},"author":27,"featured_media":0,"parent":0,"menu_order":0,"comment_status":"closed","ping_status":"closed","template":"","meta":{"jetpack_post_was_ever_published":false,"footnotes":""},"class_list":["post-5819","page","type-page","status-publish","hentry"],"jetpack_shortlink":"https:\/\/wp.me\/P7HIjh-1vR","jetpack-related-posts":[{"id":5811,"url":"https:\/\/grupo.us.es\/iwpr\/el-derecho-del-trabajo\/","url_meta":{"origin":5819,"position":0},"title":"El Derecho del Trabajo","author":"Jaime Rom\u00e1n Lemos","date":"13 febrero, 2024","format":false,"excerpt":"R\u00e9gimen Jur\u00eddico de la Dimisi\u00f3n. Cuestiones Conflictivas, Juan Pedrosa Gonz\u00e1lez La Gran Dimisi\u00f3n: perspectivas jur\u00eddicas Miguel Rodr\u00edguez-Pi\u00f1ero Royo \u00a0 Legislaci\u00f3n laboral y Trabexit Miguel Rodr\u00edguez-Pi\u00f1ero Royo","rel":"","context":"Entrada similar","block_context":{"text":"Entrada similar","link":""},"img":{"alt_text":"","src":"","width":0,"height":0},"classes":[]},{"id":5795,"url":"https:\/\/grupo.us.es\/iwpr\/produccion-cientifica\/","url_meta":{"origin":5819,"position":1},"title":"Producci\u00f3n cient\u00edfica","author":"Jaime Rom\u00e1n Lemos","date":"13 febrero, 2024","format":false,"excerpt":"\u00a0 \u00a0 Aqu\u00ed pueden encontrarse en formato open access los distintos trabajos cient\u00edficos que han sido publicados en el marco del Proyecto TRABEXIT. \u00a0 RODR\u00cdGUEZ-PI\u00d1ERO ROYO, M., \"Ampliando el foco de las medidas de conflicto: de las plataformas a la Gran Dimisi\u00f3n\u201d, Ponencia tem\u00e1tica presentada a las XL Jornadas Universitarias\u2026","rel":"","context":"Entrada similar","block_context":{"text":"Entrada similar","link":""},"img":{"alt_text":"","src":"https:\/\/i0.wp.com\/grupo.us.es\/iwpr\/wp-content\/uploads\/2020\/09\/Revista.jpg?fit=210%2C300&ssl=1&resize=350%2C200","width":350,"height":200},"classes":[]},{"id":6070,"url":"https:\/\/grupo.us.es\/iwpr\/miguel-rodriguez-pinero-royo\/","url_meta":{"origin":5819,"position":2},"title":"Miguel Rodr\u00edguez-Pi\u00f1ero Royo","author":"Jaime Rom\u00e1n Lemos","date":"21 marzo, 2024","format":false,"excerpt":"Es catedr\u00e1tico de Derecho del Trabajo y de la Seguridad Social de la Universidad de Sevilla. Es Licenciado en Derecho por la Universidad de Sevilla, con la especialidad de Derecho de la Empresa, y Doctor en Derecho por la Universidad de Bolonia. Su primera etapa de formaci\u00f3n se desarroll\u00f3 en\u2026","rel":"","context":"Entrada similar","block_context":{"text":"Entrada similar","link":""},"img":{"alt_text":"","src":"https:\/\/i0.wp.com\/grupo.us.es\/iwpr\/wp-content\/uploads\/2024\/03\/Miguel-Rodriguez-Pinero-Royo.jpg?resize=350%2C200","width":350,"height":200},"classes":[]},{"id":4387,"url":"https:\/\/grupo.us.es\/iwpr\/otras-reformas\/","url_meta":{"origin":5819,"position":3},"title":"Otras reformas","author":"Miguel Carlos Rodr\u00edguez-Pi\u00f1ero Royo","date":"11 enero, 2022","format":false,"excerpt":"En este apartado se incorporar\u00e1n otros aspectos de la reforma laboral de 2021, no incluidos en los dem\u00e1s apartados. \u00a0 As\u00ed es la reforma laboral en el empleo p\u00fablico","rel":"","context":"Entrada similar","block_context":{"text":"Entrada similar","link":""},"img":{"alt_text":"","src":"","width":0,"height":0},"classes":[]},{"id":5813,"url":"https:\/\/grupo.us.es\/iwpr\/el-sistema-de-seguridad-social\/","url_meta":{"origin":5819,"position":4},"title":"El sistema de Seguridad Social","author":"Jaime Rom\u00e1n Lemos","date":"13 febrero, 2024","format":false,"excerpt":"Situaciones legales de desempleo por extinci\u00f3n o suspensi\u00f3n del contrato: propuestas de actualizaci\u00f3n Crist\u00f3bal Molina Navarrete Seguridad Social y Trabexit Miguel Rodr\u00edguez-Pi\u00f1ero Royo","rel":"","context":"Entrada similar","block_context":{"text":"Entrada similar","link":""},"img":{"alt_text":"","src":"","width":0,"height":0},"classes":[]},{"id":28,"url":"https:\/\/grupo.us.es\/iwpr\/blogs-personales\/miguel-carlos-rodriguez-pinero-royo\/","url_meta":{"origin":5819,"position":5},"title":"Miguel Carlos Rodr\u00edguez-Pi\u00f1ero Royo","author":"Fco. Javier Calvo Gallego","date":"8 julio, 2016","format":false,"excerpt":"Miguel\u00a0 Rodr\u00edguez-Pi\u00f1ero Royo es Catedr\u00e1tico de Derecho del Trabajo y de la Seguridad Social de la Universidad de Sevilla. Imparte su docencia en la Facultad de Derecho y en la Facultad de Ciencias del Trabajo de la Universidad de Sevilla. Colabora con la firma legal PwC Tax & Legal Services\u2026","rel":"","context":"Entrada similar","block_context":{"text":"Entrada similar","link":""},"img":{"alt_text":"","src":"https:\/\/i0.wp.com\/grupo.us.es\/iwpr\/wp-content\/uploads\/2016\/07\/IMG_20171211_163633-225x300.jpg?resize=350%2C200","width":350,"height":200},"classes":[]}],"jetpack_sharing_enabled":true,"_links":{"self":[{"href":"https:\/\/grupo.us.es\/iwpr\/wp-json\/wp\/v2\/pages\/5819","targetHints":{"allow":["GET"]}}],"collection":[{"href":"https:\/\/grupo.us.es\/iwpr\/wp-json\/wp\/v2\/pages"}],"about":[{"href":"https:\/\/grupo.us.es\/iwpr\/wp-json\/wp\/v2\/types\/page"}],"author":[{"embeddable":true,"href":"https:\/\/grupo.us.es\/iwpr\/wp-json\/wp\/v2\/users\/27"}],"replies":[{"embeddable":true,"href":"https:\/\/grupo.us.es\/iwpr\/wp-json\/wp\/v2\/comments?post=5819"}],"version-history":[{"count":5,"href":"https:\/\/grupo.us.es\/iwpr\/wp-json\/wp\/v2\/pages\/5819\/revisions"}],"predecessor-version":[{"id":8816,"href":"https:\/\/grupo.us.es\/iwpr\/wp-json\/wp\/v2\/pages\/5819\/revisions\/8816"}],"wp:attachment":[{"href":"https:\/\/grupo.us.es\/iwpr\/wp-json\/wp\/v2\/media?parent=5819"}],"curies":[{"name":"wp","href":"https:\/\/api.w.org\/{rel}","templated":true}]}}