{"id":5815,"date":"2024-02-13T13:11:23","date_gmt":"2024-02-13T12:11:23","guid":{"rendered":"http:\/\/grupo.us.es\/newiwpr\/?page_id=5815"},"modified":"2024-02-13T13:11:23","modified_gmt":"2024-02-13T12:11:23","slug":"perspectivas-constitucionales","status":"publish","type":"page","link":"https:\/\/grupo.us.es\/iwpr\/perspectivas-constitucionales\/","title":{"rendered":"Perspectivas constitucionales"},"content":{"rendered":"<p style=\"text-align: center;\"><strong>[P\u00c1GINA EN CONSTRUCCI\u00d3N]<\/strong><\/p>\n","protected":false},"excerpt":{"rendered":"<p>[P\u00c1GINA EN CONSTRUCCI\u00d3N]<\/p>\n","protected":false},"author":27,"featured_media":0,"parent":0,"menu_order":0,"comment_status":"closed","ping_status":"closed","template":"","meta":{"jetpack_post_was_ever_published":false,"footnotes":""},"class_list":["post-5815","page","type-page","status-publish","hentry"],"jetpack_shortlink":"https:\/\/wp.me\/P7HIjh-1vN","jetpack-related-posts":[{"id":5817,"url":"https:\/\/grupo.us.es\/iwpr\/perspectivas-fiscales\/","url_meta":{"origin":5815,"position":0},"title":"Perspectivas fiscales","author":"Jaime Rom\u00e1n Lemos","date":"13 febrero, 2024","format":false,"excerpt":"[P\u00c1GINA EN CONSTRUCCI\u00d3N]","rel":"","context":"Entrada similar","block_context":{"text":"Entrada similar","link":""},"img":{"alt_text":"","src":"","width":0,"height":0},"classes":[]},{"id":6100,"url":"https:\/\/grupo.us.es\/iwpr\/perspectivas-mercantiles\/","url_meta":{"origin":5815,"position":1},"title":"Perspectivas mercantiles","author":"Jaime Rom\u00e1n Lemos","date":"18 marzo, 2024","format":false,"excerpt":"[P\u00c1GINA EN CONSTRUCCI\u00d3N]","rel":"","context":"Entrada similar","block_context":{"text":"Entrada similar","link":""},"img":{"alt_text":"","src":"","width":0,"height":0},"classes":[]},{"id":5842,"url":"https:\/\/grupo.us.es\/iwpr\/el-proyecto-trabexit\/","url_meta":{"origin":5815,"position":2},"title":"El Proyecto Trabexit","author":"Jaime Rom\u00e1n Lemos","date":"14 febrero, 2024","format":false,"excerpt":"Desde esta p\u00e1gina puede accederse a todo el contenido desarrollado en el marco del Proyecto Trabexit. APROXIMACI\u00d3N AL PROYECTO TRABEXIT \u00c1REAS DE TRABAJO AN\u00c1LISIS DEL MERCADO DE TRABAJO AN\u00c1LISIS DE LAS PERSONAS AN\u00c1LISIS HIST\u00d3RICOS AN\u00c1LISIS DEL ORDENAMIENTO JUR\u00cdDICO EL DERECHO DEL TRABAJO EL SISTEMA DE SEGURIDAD SOCIAL PERSPECTIVAS CONSTITUCIONALES PERSPECTIVAS\u2026","rel":"","context":"Entrada similar","block_context":{"text":"Entrada similar","link":""},"img":{"alt_text":"","src":"","width":0,"height":0},"classes":[]},{"id":5799,"url":"https:\/\/grupo.us.es\/iwpr\/materiales\/","url_meta":{"origin":5815,"position":3},"title":"Materiales","author":"Jaime Rom\u00e1n Lemos","date":"13 febrero, 2024","format":false,"excerpt":"[P\u00c1GINA EN CONSTRUCCI\u00d3N]","rel":"","context":"Entrada similar","block_context":{"text":"Entrada similar","link":""},"img":{"alt_text":"","src":"","width":0,"height":0},"classes":[]},{"id":5793,"url":"https:\/\/grupo.us.es\/iwpr\/analisis-del-ordenamiento-juridico\/","url_meta":{"origin":5815,"position":4},"title":"An\u00e1lisis del ordenamiento jur\u00eddico","author":"Jaime Rom\u00e1n Lemos","date":"13 febrero, 2024","format":false,"excerpt":"TRABEXIT es un proyecto eminentemente jur\u00eddico, ya que se analizar\u00e1 el papel de la regulaci\u00f3n laboral respecto de este fen\u00f3meno. Dos de las preguntas centrales de este proceso se refieren directamente a la perspectiva laboral de esta nueva realidad, y as\u00ed nos planteamos: \u00a0\u00bfCu\u00e1l es el papel del Derecho del\u2026","rel":"","context":"Entrada similar","block_context":{"text":"Entrada similar","link":""},"img":{"alt_text":"","src":"","width":0,"height":0},"classes":[]},{"id":5809,"url":"https:\/\/grupo.us.es\/iwpr\/analisis-historicos\/","url_meta":{"origin":5815,"position":5},"title":"An\u00e1lisis hist\u00f3ricos","author":"Jaime Rom\u00e1n Lemos","date":"13 febrero, 2024","format":false,"excerpt":"[P\u00c1GINA EN CONSTRUCCI\u00d3N]","rel":"","context":"Entrada similar","block_context":{"text":"Entrada similar","link":""},"img":{"alt_text":"","src":"","width":0,"height":0},"classes":[]}],"jetpack_sharing_enabled":true,"_links":{"self":[{"href":"https:\/\/grupo.us.es\/iwpr\/wp-json\/wp\/v2\/pages\/5815","targetHints":{"allow":["GET"]}}],"collection":[{"href":"https:\/\/grupo.us.es\/iwpr\/wp-json\/wp\/v2\/pages"}],"about":[{"href":"https:\/\/grupo.us.es\/iwpr\/wp-json\/wp\/v2\/types\/page"}],"author":[{"embeddable":true,"href":"https:\/\/grupo.us.es\/iwpr\/wp-json\/wp\/v2\/users\/27"}],"replies":[{"embeddable":true,"href":"https:\/\/grupo.us.es\/iwpr\/wp-json\/wp\/v2\/comments?post=5815"}],"version-history":[{"count":1,"href":"https:\/\/grupo.us.es\/iwpr\/wp-json\/wp\/v2\/pages\/5815\/revisions"}],"predecessor-version":[{"id":5816,"href":"https:\/\/grupo.us.es\/iwpr\/wp-json\/wp\/v2\/pages\/5815\/revisions\/5816"}],"wp:attachment":[{"href":"https:\/\/grupo.us.es\/iwpr\/wp-json\/wp\/v2\/media?parent=5815"}],"curies":[{"name":"wp","href":"https:\/\/api.w.org\/{rel}","templated":true}]}}