{"id":5813,"date":"2024-02-13T13:10:43","date_gmt":"2024-02-13T12:10:43","guid":{"rendered":"http:\/\/grupo.us.es\/newiwpr\/?page_id=5813"},"modified":"2025-03-18T12:16:09","modified_gmt":"2025-03-18T11:16:09","slug":"el-sistema-de-seguridad-social","status":"publish","type":"page","link":"https:\/\/grupo.us.es\/iwpr\/el-sistema-de-seguridad-social\/","title":{"rendered":"El sistema de Seguridad Social"},"content":{"rendered":"<p class=\"title\"><strong><a id=\"article-26202\" href=\"https:\/\/revistascientificas.us.es\/index.php\/Trabajo-Persona-Derecho-Merca\/article\/view\/26202\">Situaciones legales de desempleo por extinci\u00f3n o suspensi\u00f3n del contrato: propuestas de actualizaci\u00f3n<\/a><\/strong><\/p>\n<div class=\"meta\">\n<div class=\"authors\">Crist\u00f3bal Molina Navarrete<\/div>\n<\/div>\n<div><\/div>\n<div>\n<div><strong>Seguridad Social y Trabexit<\/strong><\/div>\n<div>Miguel Rodr\u00edguez-Pi\u00f1ero Royo<\/div>\n<\/div>\n","protected":false},"excerpt":{"rendered":"<p>Situaciones legales de desempleo por extinci\u00f3n o suspensi\u00f3n del contrato: propuestas de actualizaci\u00f3n Crist\u00f3bal Molina Navarrete Seguridad Social y Trabexit Miguel Rodr\u00edguez-Pi\u00f1ero Royo<\/p>\n","protected":false},"author":27,"featured_media":0,"parent":0,"menu_order":0,"comment_status":"closed","ping_status":"closed","template":"","meta":{"jetpack_post_was_ever_published":false,"footnotes":""},"class_list":["post-5813","page","type-page","status-publish","hentry"],"jetpack_shortlink":"https:\/\/wp.me\/P7HIjh-1vL","jetpack-related-posts":[{"id":1666,"url":"https:\/\/grupo.us.es\/iwpr\/covid-19-y-derecho-social\/aspectos-de-seguridad-social\/","url_meta":{"origin":5813,"position":0},"title":"Aspectos de Seguridad Social","author":"Fco. Javier Calvo Gallego","date":"19 marzo, 2020","format":false,"excerpt":"En materia de Seguridad Social, las normas sociales ligadas a la mitigaci\u00f3n de los efectos del COVID-19 se encuentran algo m\u00e1s dispersas y, en ocasiones, ciertamente conectadas a la regulaci\u00f3n laboral, especialmente de los ERTE. En este sentido, una primera clasificaci\u00f3n de estas medidas nos obligar\u00eda a distinguir entre: Las\u2026","rel":"","context":"Entrada similar","block_context":{"text":"Entrada similar","link":""},"img":{"alt_text":"","src":"","width":0,"height":0},"classes":[]},{"id":6059,"url":"https:\/\/grupo.us.es\/iwpr\/maria-luisa-perez-guerrero\/","url_meta":{"origin":5813,"position":1},"title":"Mar\u00eda Luisa P\u00e9rez Guerrero","author":"Jaime Rom\u00e1n Lemos","date":"21 marzo, 2024","format":false,"excerpt":"Profesora Titular de Universidad, desde 2007, habilitada, con dos sexenios de investigaci\u00f3n reconocidos. Licenciada en Derecho por la Universidad de Huelva y Doctora en Derecho del Trabajo y de la Seguridad Social por la misma Universidad. Esta Tesis doctoral fue premiada con el Premio Nacional del Consejo Econ\u00f3mico y Social\u2026","rel":"","context":"Entrada similar","block_context":{"text":"Entrada similar","link":""},"img":{"alt_text":"","src":"https:\/\/i0.wp.com\/grupo.us.es\/iwpr\/wp-content\/uploads\/2024\/03\/Maria-Luisa-Perez-Guerrero-216x300.jpeg?resize=350%2C200","width":350,"height":200},"classes":[]},{"id":6038,"url":"https:\/\/grupo.us.es\/iwpr\/stefano-bini\/","url_meta":{"origin":5813,"position":2},"title":"Stefano Bini","author":"Jaime Rom\u00e1n Lemos","date":"21 marzo, 2024","format":false,"excerpt":"Stefano Bini es Profesor Permanente Laboral, acreditado Profesor Titular de Universidad, de Derecho del Trabajo y de la Seguridad Social de la Universidad de C\u00f3rdoba. Anteriormente, ha sido Profesor Contratado Doctor de Derecho del Trabajo y de la Seguridad Social de la Universidad de Las Palmas de Gran Canaria, Profesor\u2026","rel":"","context":"Entrada similar","block_context":{"text":"Entrada similar","link":""},"img":{"alt_text":"","src":"https:\/\/i0.wp.com\/grupo.us.es\/iwpr\/wp-content\/uploads\/2024\/03\/Stefano-Bini-300x300.jpeg?resize=350%2C200","width":350,"height":200},"classes":[]},{"id":1679,"url":"https:\/\/grupo.us.es\/iwpr\/covid-19-y-derecho-social\/aspectos-de-seguridad-social\/erte-y-seguridad-social\/","url_meta":{"origin":5813,"position":3},"title":"ERTE y Seguridad Social","author":"Fco. Javier Calvo Gallego","date":"20 marzo, 2020","format":false,"excerpt":"1. Fines y tipolog\u00eda de las medidas El intento del ejecutivo de convertir\u00a0 los ERTE en uno de los elementos centrales en la gesti\u00f3n empresarial de la pandemia provocada por el COVID-19, no solo ha conducido a una evidente aceleraci\u00f3n y agilizaci\u00f3n de su procedimiento administrativo -aspectos estos ya analizados\u2026","rel":"","context":"Entrada similar","block_context":{"text":"Entrada similar","link":""},"img":{"alt_text":"","src":"","width":0,"height":0},"classes":[]},{"id":1698,"url":"https:\/\/grupo.us.es\/iwpr\/covid-19-y-derecho-social\/aspectos-de-seguridad-social\/erte-y-seguridad-social\/exoneracion-de-cotizacion-empresarial-en-los-erte-por-fuerza-mayor\/","url_meta":{"origin":5813,"position":4},"title":"Exoneraci\u00f3n de cotizaci\u00f3n empresarial en los ERTE por fuerza mayor","author":"Fco. Javier Calvo Gallego","date":"20 marzo, 2020","format":false,"excerpt":"Desde una perspectiva empresarial, seguramente una de las medidas m\u00e1s incisivas e importantes a la hora de fomentar los ERTE ser\u00e1 la exoneraci\u00f3n tanto de la aportaci\u00f3n empresarial contemplada en el art.\u00a0273.2 LGSS\u00a0 como de las cuotas por recaudaci\u00f3n conjunta de los que es obligado este mismo sujeto -esto es,\u2026","rel":"","context":"Entrada similar","block_context":{"text":"Entrada similar","link":""},"img":{"alt_text":"","src":"","width":0,"height":0},"classes":[]},{"id":4293,"url":"https:\/\/grupo.us.es\/iwpr\/biblioteca-on-line-sobre-la-reforma-laboral-de-2021\/","url_meta":{"origin":5813,"position":5},"title":"Biblioteca on-line sobre la reforma laboral de 2021","author":"Admin","date":"7 enero, 2022","format":false,"excerpt":"En este apartado se publicar\u00e1n enlaces a las publicaciones que se han venido realizando en blogs y portales sobre la reforma laboral de 2021. Estudios generales La Reforma Laboral del a\u00f1o 2021. NET21, publicado el 23 de diciembre de 2021. Una valoraci\u00f3n de urgencia sobre la reforma laboral. Cr\u00f3nica sociolaboral,\u2026","rel":"","context":"Entrada similar","block_context":{"text":"Entrada similar","link":""},"img":{"alt_text":"","src":"","width":0,"height":0},"classes":[]}],"jetpack_sharing_enabled":true,"_links":{"self":[{"href":"https:\/\/grupo.us.es\/iwpr\/wp-json\/wp\/v2\/pages\/5813","targetHints":{"allow":["GET"]}}],"collection":[{"href":"https:\/\/grupo.us.es\/iwpr\/wp-json\/wp\/v2\/pages"}],"about":[{"href":"https:\/\/grupo.us.es\/iwpr\/wp-json\/wp\/v2\/types\/page"}],"author":[{"embeddable":true,"href":"https:\/\/grupo.us.es\/iwpr\/wp-json\/wp\/v2\/users\/27"}],"replies":[{"embeddable":true,"href":"https:\/\/grupo.us.es\/iwpr\/wp-json\/wp\/v2\/comments?post=5813"}],"version-history":[{"count":3,"href":"https:\/\/grupo.us.es\/iwpr\/wp-json\/wp\/v2\/pages\/5813\/revisions"}],"predecessor-version":[{"id":8818,"href":"https:\/\/grupo.us.es\/iwpr\/wp-json\/wp\/v2\/pages\/5813\/revisions\/8818"}],"wp:attachment":[{"href":"https:\/\/grupo.us.es\/iwpr\/wp-json\/wp\/v2\/media?parent=5813"}],"curies":[{"name":"wp","href":"https:\/\/api.w.org\/{rel}","templated":true}]}}