{"id":5811,"date":"2024-02-13T13:10:01","date_gmt":"2024-02-13T12:10:01","guid":{"rendered":"http:\/\/grupo.us.es\/newiwpr\/?page_id=5811"},"modified":"2025-03-18T12:15:05","modified_gmt":"2025-03-18T11:15:05","slug":"el-derecho-del-trabajo","status":"publish","type":"page","link":"https:\/\/grupo.us.es\/iwpr\/el-derecho-del-trabajo\/","title":{"rendered":"El Derecho del Trabajo"},"content":{"rendered":"<ul>\n<li class=\"title\"><strong><a id=\"article-27094\" href=\"https:\/\/revistascientificas.us.es\/index.php\/Trabajo-Persona-Derecho-Merca\/article\/view\/27094\">R\u00e9gimen Jur\u00eddico de la Dimisi\u00f3n. Cuestiones Conflictivas,<\/a><\/strong>\n<ul>\n<li>Juan Pedrosa Gonz\u00e1lez<\/li>\n<\/ul>\n<\/li>\n<li>\n<p class=\"title\"><strong><a id=\"article-27298\" href=\"https:\/\/revistascientificas.us.es\/index.php\/Trabajo-Persona-Derecho-Merca\/article\/view\/27298\">La Gran Dimisi\u00f3n: perspectivas jur\u00eddicas<\/a><\/strong><\/p>\n<ul>\n<li>Miguel Rodr\u00edguez-Pi\u00f1ero Royo<\/li>\n<\/ul>\n<\/li>\n<\/ul>\n<p>&nbsp;<\/p>\n<ul>\n<li>\n<div><strong>Legislaci\u00f3n laboral y Trabexit<\/strong><\/div>\n<div>Miguel Rodr\u00edguez-Pi\u00f1ero Royo<\/div>\n<\/li>\n<\/ul>\n","protected":false},"excerpt":{"rendered":"<p>R\u00e9gimen Jur\u00eddico de la Dimisi\u00f3n. Cuestiones Conflictivas, Juan Pedrosa Gonz\u00e1lez La Gran Dimisi\u00f3n: perspectivas jur\u00eddicas Miguel Rodr\u00edguez-Pi\u00f1ero Royo &nbsp; Legislaci\u00f3n laboral y Trabexit Miguel Rodr\u00edguez-Pi\u00f1ero Royo<\/p>\n","protected":false},"author":27,"featured_media":0,"parent":0,"menu_order":0,"comment_status":"closed","ping_status":"closed","template":"","meta":{"jetpack_post_was_ever_published":false,"footnotes":""},"class_list":["post-5811","page","type-page","status-publish","hentry"],"jetpack_shortlink":"https:\/\/wp.me\/P7HIjh-1vJ","jetpack-related-posts":[{"id":5795,"url":"https:\/\/grupo.us.es\/iwpr\/produccion-cientifica\/","url_meta":{"origin":5811,"position":0},"title":"Producci\u00f3n cient\u00edfica","author":"Jaime Rom\u00e1n Lemos","date":"13 febrero, 2024","format":false,"excerpt":"\u00a0 \u00a0 Aqu\u00ed pueden encontrarse en formato open access los distintos trabajos cient\u00edficos que han sido publicados en el marco del Proyecto TRABEXIT. \u00a0 RODR\u00cdGUEZ-PI\u00d1ERO ROYO, M., \"Ampliando el foco de las medidas de conflicto: de las plataformas a la Gran Dimisi\u00f3n\u201d, Ponencia tem\u00e1tica presentada a las XL Jornadas Universitarias\u2026","rel":"","context":"Entrada similar","block_context":{"text":"Entrada similar","link":""},"img":{"alt_text":"","src":"https:\/\/i0.wp.com\/grupo.us.es\/iwpr\/wp-content\/uploads\/2020\/09\/Revista.jpg?fit=210%2C300&ssl=1&resize=350%2C200","width":350,"height":200},"classes":[]},{"id":5819,"url":"https:\/\/grupo.us.es\/iwpr\/el-derecho-del-empleo\/","url_meta":{"origin":5811,"position":1},"title":"El Derecho del Empleo","author":"Jaime Rom\u00e1n Lemos","date":"13 febrero, 2024","format":false,"excerpt":"La Ley 3\/2023 de empleo: alcance y dimensiones estrat\u00e9gicas a favor de la empleabilidad Eva Garrido P\u00e9rez La ley de empleo y las personas: reflexiones a partir de la idea de Trabexit Miguel Rodr\u00edguez-Pi\u00f1ero Royo Derecho del Empleo y Trabexit Miguel Rodr\u00edguez-Pi\u00f1ero Royo","rel":"","context":"Entrada similar","block_context":{"text":"Entrada similar","link":""},"img":{"alt_text":"","src":"","width":0,"height":0},"classes":[]},{"id":4602,"url":"https:\/\/grupo.us.es\/iwpr\/materiales-docentes-sobre-la-reforma\/","url_meta":{"origin":5811,"position":2},"title":"Materiales docentes sobre la reforma","author":"Admin","date":"1 febrero, 2022","format":false,"excerpt":"La reforma de la contrataci\u00f3n laboral en el RDL32\/2021, por Francisco Javier Calvo Gallego Aspectos generales de la reforma. Subcontrataci\u00f3n, flexibilidad interna y contratos formativos, por Miguel Rodr\u00edguez-Pi\u00f1ero Royo La reforma de los contratos formativos, por Miguel Rodr\u00edguez-Pi\u00f1ero Royo Webinario reforma laboral 1 de febrero de 2022","rel":"","context":"Entrada similar","block_context":{"text":"Entrada similar","link":""},"img":{"alt_text":"","src":"","width":0,"height":0},"classes":[]},{"id":5511,"url":"https:\/\/grupo.us.es\/iwpr\/proyecto-2o-aniversario-de-la-ley-riders-2023\/","url_meta":{"origin":5811,"position":3},"title":"Proyecto: 2\u00ba Aniversario de la Ley Riders 2023","author":"Miguel Carlos Rodr\u00edguez-Pi\u00f1ero Royo","date":"4 diciembre, 2023","format":false,"excerpt":"","rel":"","context":"Entrada similar","block_context":{"text":"Entrada similar","link":""},"img":{"alt_text":"","src":"","width":0,"height":0},"classes":[]},{"id":4387,"url":"https:\/\/grupo.us.es\/iwpr\/otras-reformas\/","url_meta":{"origin":5811,"position":4},"title":"Otras reformas","author":"Miguel Carlos Rodr\u00edguez-Pi\u00f1ero Royo","date":"11 enero, 2022","format":false,"excerpt":"En este apartado se incorporar\u00e1n otros aspectos de la reforma laboral de 2021, no incluidos en los dem\u00e1s apartados. \u00a0 As\u00ed es la reforma laboral en el empleo p\u00fablico","rel":"","context":"Entrada similar","block_context":{"text":"Entrada similar","link":""},"img":{"alt_text":"","src":"","width":0,"height":0},"classes":[]},{"id":5813,"url":"https:\/\/grupo.us.es\/iwpr\/el-sistema-de-seguridad-social\/","url_meta":{"origin":5811,"position":5},"title":"El sistema de Seguridad Social","author":"Jaime Rom\u00e1n Lemos","date":"13 febrero, 2024","format":false,"excerpt":"Situaciones legales de desempleo por extinci\u00f3n o suspensi\u00f3n del contrato: propuestas de actualizaci\u00f3n Crist\u00f3bal Molina Navarrete Seguridad Social y Trabexit Miguel Rodr\u00edguez-Pi\u00f1ero Royo","rel":"","context":"Entrada similar","block_context":{"text":"Entrada similar","link":""},"img":{"alt_text":"","src":"","width":0,"height":0},"classes":[]}],"jetpack_sharing_enabled":true,"_links":{"self":[{"href":"https:\/\/grupo.us.es\/iwpr\/wp-json\/wp\/v2\/pages\/5811","targetHints":{"allow":["GET"]}}],"collection":[{"href":"https:\/\/grupo.us.es\/iwpr\/wp-json\/wp\/v2\/pages"}],"about":[{"href":"https:\/\/grupo.us.es\/iwpr\/wp-json\/wp\/v2\/types\/page"}],"author":[{"embeddable":true,"href":"https:\/\/grupo.us.es\/iwpr\/wp-json\/wp\/v2\/users\/27"}],"replies":[{"embeddable":true,"href":"https:\/\/grupo.us.es\/iwpr\/wp-json\/wp\/v2\/comments?post=5811"}],"version-history":[{"count":5,"href":"https:\/\/grupo.us.es\/iwpr\/wp-json\/wp\/v2\/pages\/5811\/revisions"}],"predecessor-version":[{"id":8817,"href":"https:\/\/grupo.us.es\/iwpr\/wp-json\/wp\/v2\/pages\/5811\/revisions\/8817"}],"wp:attachment":[{"href":"https:\/\/grupo.us.es\/iwpr\/wp-json\/wp\/v2\/media?parent=5811"}],"curies":[{"name":"wp","href":"https:\/\/api.w.org\/{rel}","templated":true}]}}