{"id":5809,"date":"2024-02-13T13:09:05","date_gmt":"2024-02-13T12:09:05","guid":{"rendered":"http:\/\/grupo.us.es\/newiwpr\/?page_id=5809"},"modified":"2024-02-13T13:09:05","modified_gmt":"2024-02-13T12:09:05","slug":"analisis-historicos","status":"publish","type":"page","link":"https:\/\/grupo.us.es\/iwpr\/analisis-historicos\/","title":{"rendered":"An\u00e1lisis hist\u00f3ricos"},"content":{"rendered":"<p style=\"text-align: center;\"><strong>[P\u00c1GINA EN CONSTRUCCI\u00d3N]<\/strong><\/p>\n","protected":false},"excerpt":{"rendered":"<p>[P\u00c1GINA EN CONSTRUCCI\u00d3N]<\/p>\n","protected":false},"author":27,"featured_media":0,"parent":0,"menu_order":0,"comment_status":"closed","ping_status":"closed","template":"","meta":{"jetpack_post_was_ever_published":false,"footnotes":""},"class_list":["post-5809","page","type-page","status-publish","hentry"],"jetpack_shortlink":"https:\/\/wp.me\/P7HIjh-1vH","jetpack-related-posts":[{"id":5802,"url":"https:\/\/grupo.us.es\/iwpr\/areas-de-trabajo\/","url_meta":{"origin":5809,"position":0},"title":"\u00c1reas de trabajo","author":"Jaime Rom\u00e1n Lemos","date":"13 febrero, 2024","format":false,"excerpt":"Desde esta p\u00e1gina se puede acceder a las distintas \u00e1reas de trabajo que se estudian en el marco del Proyecto TRABEXIT. AN\u00c1LISIS DEL MERCADO DE TRABAJO \u00a0 AN\u00c1LISIS DE LAS PERSONAS \u00a0 AN\u00c1LISIS HIST\u00d3RICOS \u00a0 AN\u00c1LISIS DEL ORDENAMIENTO JUR\u00cdDICO","rel":"","context":"Entrada similar","block_context":{"text":"Entrada similar","link":""},"img":{"alt_text":"","src":"","width":0,"height":0},"classes":[]},{"id":5842,"url":"https:\/\/grupo.us.es\/iwpr\/el-proyecto-trabexit\/","url_meta":{"origin":5809,"position":1},"title":"El Proyecto Trabexit","author":"Jaime Rom\u00e1n Lemos","date":"14 febrero, 2024","format":false,"excerpt":"Desde esta p\u00e1gina puede accederse a todo el contenido desarrollado en el marco del Proyecto Trabexit. APROXIMACI\u00d3N AL PROYECTO TRABEXIT \u00c1REAS DE TRABAJO AN\u00c1LISIS DEL MERCADO DE TRABAJO AN\u00c1LISIS DE LAS PERSONAS AN\u00c1LISIS HIST\u00d3RICOS AN\u00c1LISIS DEL ORDENAMIENTO JUR\u00cdDICO EL DERECHO DEL TRABAJO EL SISTEMA DE SEGURIDAD SOCIAL PERSPECTIVAS CONSTITUCIONALES PERSPECTIVAS\u2026","rel":"","context":"Entrada similar","block_context":{"text":"Entrada similar","link":""},"img":{"alt_text":"","src":"","width":0,"height":0},"classes":[]},{"id":5799,"url":"https:\/\/grupo.us.es\/iwpr\/materiales\/","url_meta":{"origin":5809,"position":2},"title":"Materiales","author":"Jaime Rom\u00e1n Lemos","date":"13 febrero, 2024","format":false,"excerpt":"[P\u00c1GINA EN CONSTRUCCI\u00d3N]","rel":"","context":"Entrada similar","block_context":{"text":"Entrada similar","link":""},"img":{"alt_text":"","src":"","width":0,"height":0},"classes":[]},{"id":5815,"url":"https:\/\/grupo.us.es\/iwpr\/perspectivas-constitucionales\/","url_meta":{"origin":5809,"position":3},"title":"Perspectivas constitucionales","author":"Jaime Rom\u00e1n Lemos","date":"13 febrero, 2024","format":false,"excerpt":"[P\u00c1GINA EN CONSTRUCCI\u00d3N]","rel":"","context":"Entrada similar","block_context":{"text":"Entrada similar","link":""},"img":{"alt_text":"","src":"","width":0,"height":0},"classes":[]},{"id":5817,"url":"https:\/\/grupo.us.es\/iwpr\/perspectivas-fiscales\/","url_meta":{"origin":5809,"position":4},"title":"Perspectivas fiscales","author":"Jaime Rom\u00e1n Lemos","date":"13 febrero, 2024","format":false,"excerpt":"[P\u00c1GINA EN CONSTRUCCI\u00d3N]","rel":"","context":"Entrada similar","block_context":{"text":"Entrada similar","link":""},"img":{"alt_text":"","src":"","width":0,"height":0},"classes":[]},{"id":6098,"url":"https:\/\/grupo.us.es\/iwpr\/perspectiva-juridica\/","url_meta":{"origin":5809,"position":5},"title":"Perspectiva Jur\u00eddica","author":"Jaime Rom\u00e1n Lemos","date":"18 marzo, 2024","format":false,"excerpt":"[P\u00c1GINA EN CONSTRUCCI\u00d3N]","rel":"","context":"Entrada similar","block_context":{"text":"Entrada similar","link":""},"img":{"alt_text":"","src":"","width":0,"height":0},"classes":[]}],"jetpack_sharing_enabled":true,"_links":{"self":[{"href":"https:\/\/grupo.us.es\/iwpr\/wp-json\/wp\/v2\/pages\/5809","targetHints":{"allow":["GET"]}}],"collection":[{"href":"https:\/\/grupo.us.es\/iwpr\/wp-json\/wp\/v2\/pages"}],"about":[{"href":"https:\/\/grupo.us.es\/iwpr\/wp-json\/wp\/v2\/types\/page"}],"author":[{"embeddable":true,"href":"https:\/\/grupo.us.es\/iwpr\/wp-json\/wp\/v2\/users\/27"}],"replies":[{"embeddable":true,"href":"https:\/\/grupo.us.es\/iwpr\/wp-json\/wp\/v2\/comments?post=5809"}],"version-history":[{"count":1,"href":"https:\/\/grupo.us.es\/iwpr\/wp-json\/wp\/v2\/pages\/5809\/revisions"}],"predecessor-version":[{"id":5810,"href":"https:\/\/grupo.us.es\/iwpr\/wp-json\/wp\/v2\/pages\/5809\/revisions\/5810"}],"wp:attachment":[{"href":"https:\/\/grupo.us.es\/iwpr\/wp-json\/wp\/v2\/media?parent=5809"}],"curies":[{"name":"wp","href":"https:\/\/api.w.org\/{rel}","templated":true}]}}