{"id":5807,"date":"2024-02-13T13:08:20","date_gmt":"2024-02-13T12:08:20","guid":{"rendered":"http:\/\/grupo.us.es\/newiwpr\/?page_id=5807"},"modified":"2025-03-18T11:54:07","modified_gmt":"2025-03-18T10:54:07","slug":"analisis-de-las-personas","status":"publish","type":"page","link":"https:\/\/grupo.us.es\/iwpr\/analisis-de-las-personas\/","title":{"rendered":"An\u00e1lisis de las personas"},"content":{"rendered":"<h4 class=\"title\"><a id=\"article-26975\" href=\"https:\/\/revistascientificas.us.es\/index.php\/Trabajo-Persona-Derecho-Merca\/article\/view\/26975\">J\u00f3venes, empleo, mercado de trabajo y expectativas laborales, una aproximaci\u00f3n cualitativa<\/a><\/h4>\n<p>Virginia Guti\u00e9rrez Barbarrusa, Federico Pozo Cuevas, Carmen Bot\u00eda-Morillas<\/p>\n","protected":false},"excerpt":{"rendered":"<p>J\u00f3venes, empleo, mercado de trabajo y expectativas laborales, una aproximaci\u00f3n cualitativa Virginia Guti\u00e9rrez Barbarrusa, Federico Pozo Cuevas, Carmen Bot\u00eda-Morillas<\/p>\n","protected":false},"author":27,"featured_media":0,"parent":0,"menu_order":0,"comment_status":"closed","ping_status":"closed","template":"","meta":{"jetpack_post_was_ever_published":false,"footnotes":""},"class_list":["post-5807","page","type-page","status-publish","hentry"],"jetpack_shortlink":"https:\/\/wp.me\/P7HIjh-1vF","jetpack-related-posts":[],"jetpack_sharing_enabled":true,"_links":{"self":[{"href":"https:\/\/grupo.us.es\/iwpr\/wp-json\/wp\/v2\/pages\/5807","targetHints":{"allow":["GET"]}}],"collection":[{"href":"https:\/\/grupo.us.es\/iwpr\/wp-json\/wp\/v2\/pages"}],"about":[{"href":"https:\/\/grupo.us.es\/iwpr\/wp-json\/wp\/v2\/types\/page"}],"author":[{"embeddable":true,"href":"https:\/\/grupo.us.es\/iwpr\/wp-json\/wp\/v2\/users\/27"}],"replies":[{"embeddable":true,"href":"https:\/\/grupo.us.es\/iwpr\/wp-json\/wp\/v2\/comments?post=5807"}],"version-history":[{"count":2,"href":"https:\/\/grupo.us.es\/iwpr\/wp-json\/wp\/v2\/pages\/5807\/revisions"}],"predecessor-version":[{"id":8808,"href":"https:\/\/grupo.us.es\/iwpr\/wp-json\/wp\/v2\/pages\/5807\/revisions\/8808"}],"wp:attachment":[{"href":"https:\/\/grupo.us.es\/iwpr\/wp-json\/wp\/v2\/media?parent=5807"}],"curies":[{"name":"wp","href":"https:\/\/api.w.org\/{rel}","templated":true}]}}