{"id":5805,"date":"2024-02-13T13:07:34","date_gmt":"2024-02-13T12:07:34","guid":{"rendered":"http:\/\/grupo.us.es\/newiwpr\/?page_id=5805"},"modified":"2025-03-18T11:52:29","modified_gmt":"2025-03-18T10:52:29","slug":"analisis-del-mercado-de-trabajo","status":"publish","type":"page","link":"https:\/\/grupo.us.es\/iwpr\/analisis-del-mercado-de-trabajo\/","title":{"rendered":"An\u00e1lisis del mercado de trabajo"},"content":{"rendered":"<h4 class=\"title\"><a id=\"article-27032\" href=\"https:\/\/revistascientificas.us.es\/index.php\/Trabajo-Persona-Derecho-Merca\/article\/view\/27032\">La Gran Dimisi\u00f3n: algunos datos y primeras conclusiones en relaci\u00f3n con el mercado de trabajo espa\u00f1ol<\/a><\/h4>\n<p>Francisco Javier Calvo Gallego, Dolores G\u00f3mez Dom\u00ednguez, Celia S\u00e1nchez L\u00f3pez<\/p>\n","protected":false},"excerpt":{"rendered":"<p>La Gran Dimisi\u00f3n: algunos datos y primeras conclusiones en relaci\u00f3n con el mercado de trabajo espa\u00f1ol Francisco Javier Calvo Gallego, Dolores G\u00f3mez Dom\u00ednguez, Celia S\u00e1nchez L\u00f3pez<\/p>\n","protected":false},"author":27,"featured_media":0,"parent":0,"menu_order":0,"comment_status":"closed","ping_status":"closed","template":"","meta":{"jetpack_post_was_ever_published":false,"footnotes":""},"class_list":["post-5805","page","type-page","status-publish","hentry"],"jetpack_shortlink":"https:\/\/wp.me\/P7HIjh-1vD","jetpack-related-posts":[{"id":5795,"url":"https:\/\/grupo.us.es\/iwpr\/produccion-cientifica\/","url_meta":{"origin":5805,"position":0},"title":"Producci\u00f3n cient\u00edfica","author":"Jaime Rom\u00e1n Lemos","date":"13 febrero, 2024","format":false,"excerpt":"\u00a0 \u00a0 Aqu\u00ed pueden encontrarse en formato open access los distintos trabajos cient\u00edficos que han sido publicados en el marco del Proyecto TRABEXIT. \u00a0 RODR\u00cdGUEZ-PI\u00d1ERO ROYO, M., \"Ampliando el foco de las medidas de conflicto: de las plataformas a la Gran Dimisi\u00f3n\u201d, Ponencia tem\u00e1tica presentada a las XL Jornadas Universitarias\u2026","rel":"","context":"Entrada similar","block_context":{"text":"Entrada similar","link":""},"img":{"alt_text":"","src":"https:\/\/i0.wp.com\/grupo.us.es\/iwpr\/wp-content\/uploads\/2020\/09\/Revista.jpg?fit=210%2C300&ssl=1&resize=350%2C200","width":350,"height":200},"classes":[]},{"id":5802,"url":"https:\/\/grupo.us.es\/iwpr\/areas-de-trabajo\/","url_meta":{"origin":5805,"position":1},"title":"\u00c1reas de trabajo","author":"Jaime Rom\u00e1n Lemos","date":"13 febrero, 2024","format":false,"excerpt":"Desde esta p\u00e1gina se puede acceder a las distintas \u00e1reas de trabajo que se estudian en el marco del Proyecto TRABEXIT. AN\u00c1LISIS DEL MERCADO DE TRABAJO \u00a0 AN\u00c1LISIS DE LAS PERSONAS \u00a0 AN\u00c1LISIS HIST\u00d3RICOS \u00a0 AN\u00c1LISIS DEL ORDENAMIENTO JUR\u00cdDICO","rel":"","context":"Entrada similar","block_context":{"text":"Entrada similar","link":""},"img":{"alt_text":"","src":"","width":0,"height":0},"classes":[]},{"id":5767,"url":"https:\/\/grupo.us.es\/iwpr\/la-idea-de-trabexit\/","url_meta":{"origin":5805,"position":2},"title":"La idea de Trabexit","author":"Jaime Rom\u00e1n Lemos","date":"13 febrero, 2024","format":false,"excerpt":"Considerando de manera unitaria todas las realidades que se han identificado en el mercado de trabajo podemos hablar de un fen\u00f3meno de \u201chuida del mercado de trabajo\u201d, caracterizado por una nueva forma de tomar decisiones laborales, en las que la prioridad ya no es obtener y mantener un empleo, sino\u2026","rel":"","context":"Entrada similar","block_context":{"text":"Entrada similar","link":""},"img":{"alt_text":"","src":"","width":0,"height":0},"classes":[]},{"id":5778,"url":"https:\/\/grupo.us.es\/iwpr\/aproximacion-al-proyecto-trabexit\/","url_meta":{"origin":5805,"position":3},"title":"Aproximaci\u00f3n al Proyecto Trabexit","author":"Jaime Rom\u00e1n Lemos","date":"13 febrero, 2024","format":false,"excerpt":"Este proyecto est\u00e1 financiado por la convocatoria de proyectos de investigaci\u00f3n del Ministerio de Ciencia e Innovaci\u00f3n del Reino de Espa\u00f1a, en el marco del Programa de Generaci\u00f3n del Conocimiento dentro del Plan Estatal de Investigaci\u00f3n Cient\u00edfica y T\u00e9cnica y de Innovaci\u00f3n 2021-2023. Su denominaci\u00f3n oficial es \"La huida del\u2026","rel":"","context":"Entrada similar","block_context":{"text":"Entrada similar","link":""},"img":{"alt_text":"","src":"https:\/\/i0.wp.com\/grupo.us.es\/iwpr\/wp-content\/uploads\/2024\/01\/Proyecto-Trabexit-e1704890085990.png?resize=350%2C200","width":350,"height":200},"classes":[]},{"id":5607,"url":"https:\/\/grupo.us.es\/iwpr\/proyecto-trabexit\/","url_meta":{"origin":5805,"position":4},"title":"PROYECTO TRABEXIT","author":"Miguel Carlos Rodr\u00edguez-Pi\u00f1ero Royo","date":"9 enero, 2024","format":false,"excerpt":"Somos un grupo de investigadores que hace ya m\u00e1s de un a\u00f1o decidimos presentarnos a la convocatoria de proyectos de investigaci\u00f3n del Ministerio de Ciencia e Innovaci\u00f3n del Reino de Espa\u00f1a, en el marco del Programa de Generaci\u00f3n del Conocimiento dentro del Plan Estatal de Investigaci\u00f3n Cient\u00edfica y T\u00e9cnica y\u2026","rel":"","context":"Entrada similar","block_context":{"text":"Entrada similar","link":""},"img":{"alt_text":"","src":"https:\/\/i0.wp.com\/grupo.us.es\/iwpr\/wp-content\/uploads\/2024\/01\/Imagen6-300x205.png?resize=350%2C200&ssl=1","width":350,"height":200,"srcset":"https:\/\/i0.wp.com\/grupo.us.es\/iwpr\/wp-content\/uploads\/2024\/01\/Imagen6-300x205.png?resize=350%2C200&ssl=1 1x, https:\/\/i0.wp.com\/grupo.us.es\/iwpr\/wp-content\/uploads\/2024\/01\/Imagen6-300x205.png?resize=525%2C300&ssl=1 1.5x"},"classes":[]},{"id":2431,"url":"https:\/\/grupo.us.es\/iwpr\/desigualdad-precariedad-y-exclusion-social-en-el-mercado-de-trabajo-del-siglo-xxi\/","url_meta":{"origin":5805,"position":5},"title":"Desigualdad, precariedad y exclusi\u00f3n social en el mercado de trabajo del siglo XXI","author":"Fco. Javier Calvo Gallego","date":"23 septiembre, 2020","format":false,"excerpt":"Se trata de un Proyecto de Investigaci\u00f3n financiado con 17.000 euros por el Ministerio de Ciencia Innovaci\u00f3n y Universidades, enmarcado en el Plan Estatal 2017-2020 Retos - Proyectos I+D+i con referencia RTI2018-098794-B-C31 cuyos responsables son \u00a0Francisco Javier Calvo Gallego y\u00a0Miguel Rodr\u00edguez-Pi\u00f1ero Royo. Tiene una duraci\u00f3n de tres a\u00f1os, desde el\u2026","rel":"","context":"Entrada similar","block_context":{"text":"Entrada similar","link":""},"img":{"alt_text":"","src":"","width":0,"height":0},"classes":[]}],"jetpack_sharing_enabled":true,"_links":{"self":[{"href":"https:\/\/grupo.us.es\/iwpr\/wp-json\/wp\/v2\/pages\/5805","targetHints":{"allow":["GET"]}}],"collection":[{"href":"https:\/\/grupo.us.es\/iwpr\/wp-json\/wp\/v2\/pages"}],"about":[{"href":"https:\/\/grupo.us.es\/iwpr\/wp-json\/wp\/v2\/types\/page"}],"author":[{"embeddable":true,"href":"https:\/\/grupo.us.es\/iwpr\/wp-json\/wp\/v2\/users\/27"}],"replies":[{"embeddable":true,"href":"https:\/\/grupo.us.es\/iwpr\/wp-json\/wp\/v2\/comments?post=5805"}],"version-history":[{"count":3,"href":"https:\/\/grupo.us.es\/iwpr\/wp-json\/wp\/v2\/pages\/5805\/revisions"}],"predecessor-version":[{"id":8807,"href":"https:\/\/grupo.us.es\/iwpr\/wp-json\/wp\/v2\/pages\/5805\/revisions\/8807"}],"wp:attachment":[{"href":"https:\/\/grupo.us.es\/iwpr\/wp-json\/wp\/v2\/media?parent=5805"}],"curies":[{"name":"wp","href":"https:\/\/api.w.org\/{rel}","templated":true}]}}