{"id":5802,"date":"2024-02-13T13:03:24","date_gmt":"2024-02-13T12:03:24","guid":{"rendered":"http:\/\/grupo.us.es\/newiwpr\/?page_id=5802"},"modified":"2024-02-16T00:16:53","modified_gmt":"2024-02-15T23:16:53","slug":"areas-de-trabajo","status":"publish","type":"page","link":"https:\/\/grupo.us.es\/iwpr\/areas-de-trabajo\/","title":{"rendered":"\u00c1reas de trabajo"},"content":{"rendered":"<p>Desde esta p\u00e1gina se puede acceder a las distintas \u00e1reas de trabajo que se estudian en el marco del Proyecto TRABEXIT.<\/p>\n<ul>\n<li><a href=\"https:\/\/wp.me\/P7HIjh-1vD\" target=\"_blank\" rel=\"noopener noreferrer\">AN\u00c1LISIS DEL MERCADO DE TRABAJO<\/a><\/li>\n<\/ul>\n<p>&nbsp;<\/p>\n<ul>\n<li><a href=\"https:\/\/wp.me\/P7HIjh-1vF\" target=\"_blank\" rel=\"noopener noreferrer\">AN\u00c1LISIS DE LAS PERSONAS<\/a><\/li>\n<\/ul>\n<p>&nbsp;<\/p>\n<ul>\n<li><a href=\"https:\/\/wp.me\/P7HIjh-1vH\" target=\"_blank\" rel=\"noopener noreferrer\">AN\u00c1LISIS HIST\u00d3RICOS<\/a><\/li>\n<\/ul>\n<p>&nbsp;<\/p>\n<ul>\n<li><a href=\"https:\/\/wp.me\/P7HIjh-1vr\" target=\"_blank\" rel=\"noopener noreferrer\">AN\u00c1LISIS DEL ORDENAMIENTO JUR\u00cdDICO<\/a>\n<ul>\n<li style=\"list-style-type: none;\"><\/li>\n<\/ul>\n<\/li>\n<\/ul>\n","protected":false},"excerpt":{"rendered":"<p>Desde esta p\u00e1gina se puede acceder a las distintas \u00e1reas de trabajo que se estudian en el marco del Proyecto TRABEXIT. AN\u00c1LISIS DEL MERCADO DE TRABAJO &nbsp; AN\u00c1LISIS DE LAS PERSONAS &nbsp; AN\u00c1LISIS HIST\u00d3RICOS &nbsp; AN\u00c1LISIS DEL ORDENAMIENTO JUR\u00cdDICO<\/p>\n","protected":false},"author":27,"featured_media":0,"parent":0,"menu_order":0,"comment_status":"closed","ping_status":"closed","template":"","meta":{"jetpack_post_was_ever_published":false,"footnotes":""},"class_list":["post-5802","page","type-page","status-publish","hentry"],"jetpack_shortlink":"https:\/\/wp.me\/P7HIjh-1vA","jetpack-related-posts":[{"id":5842,"url":"https:\/\/grupo.us.es\/iwpr\/el-proyecto-trabexit\/","url_meta":{"origin":5802,"position":0},"title":"El Proyecto Trabexit","author":"Jaime Rom\u00e1n Lemos","date":"14 febrero, 2024","format":false,"excerpt":"Desde esta p\u00e1gina puede accederse a todo el contenido desarrollado en el marco del Proyecto Trabexit. APROXIMACI\u00d3N AL PROYECTO TRABEXIT \u00c1REAS DE TRABAJO AN\u00c1LISIS DEL MERCADO DE TRABAJO AN\u00c1LISIS DE LAS PERSONAS AN\u00c1LISIS HIST\u00d3RICOS AN\u00c1LISIS DEL ORDENAMIENTO JUR\u00cdDICO EL DERECHO DEL TRABAJO EL SISTEMA DE SEGURIDAD SOCIAL PERSPECTIVAS CONSTITUCIONALES PERSPECTIVAS\u2026","rel":"","context":"Entrada similar","block_context":{"text":"Entrada similar","link":""},"img":{"alt_text":"","src":"","width":0,"height":0},"classes":[]},{"id":5807,"url":"https:\/\/grupo.us.es\/iwpr\/analisis-de-las-personas\/","url_meta":{"origin":5802,"position":1},"title":"An\u00e1lisis de las personas","author":"Jaime Rom\u00e1n Lemos","date":"13 febrero, 2024","format":false,"excerpt":"J\u00f3venes, empleo, mercado de trabajo y expectativas laborales, una aproximaci\u00f3n cualitativa Virginia Guti\u00e9rrez Barbarrusa, Federico Pozo Cuevas, Carmen Bot\u00eda-Morillas","rel":"","context":"Entrada similar","block_context":{"text":"Entrada similar","link":""},"img":{"alt_text":"","src":"","width":0,"height":0},"classes":[]},{"id":5805,"url":"https:\/\/grupo.us.es\/iwpr\/analisis-del-mercado-de-trabajo\/","url_meta":{"origin":5802,"position":2},"title":"An\u00e1lisis del mercado de trabajo","author":"Jaime Rom\u00e1n Lemos","date":"13 febrero, 2024","format":false,"excerpt":"La Gran Dimisi\u00f3n: algunos datos y primeras conclusiones en relaci\u00f3n con el mercado de trabajo espa\u00f1ol Francisco Javier Calvo Gallego, Dolores G\u00f3mez Dom\u00ednguez, Celia S\u00e1nchez L\u00f3pez","rel":"","context":"Entrada similar","block_context":{"text":"Entrada similar","link":""},"img":{"alt_text":"","src":"","width":0,"height":0},"classes":[]},{"id":916,"url":"https:\/\/grupo.us.es\/iwpr\/pobreza-en-el-trabajo\/marco-teorico-para-el-analisis-de-la-pobreza-en-el-trabajo-en-la-ue-concepto-medicion-y-causas\/","url_meta":{"origin":5802,"position":3},"title":"Marco te\u00f3rico para el an\u00e1lisis de la pobreza en el trabajo en la UE: concepto, medici\u00f3n y causas","author":"Fco. Javier Calvo Gallego","date":"15 diciembre, 2017","format":false,"excerpt":"Para acceder a este cap\u00edtulo,\u00a0 elaborado por los Profesores M. Rosario G\u00f3mez-\u00c1lvarez Diaz y Francisco G\u00f3mez Garc\u00eda, y publicado en la monograf\u00eda Trabajadores pobres y pobreza en la ocupaci\u00f3n: concepto y evoluci\u00f3n de la pobreza en la ocupaci\u00f3n: el impacto de las \u00faltimas reformas legales, (dir. Fco Javier Calvo Gallego,\u2026","rel":"","context":"Entrada similar","block_context":{"text":"Entrada similar","link":""},"img":{"alt_text":"","src":"","width":0,"height":0},"classes":[]},{"id":5793,"url":"https:\/\/grupo.us.es\/iwpr\/analisis-del-ordenamiento-juridico\/","url_meta":{"origin":5802,"position":4},"title":"An\u00e1lisis del ordenamiento jur\u00eddico","author":"Jaime Rom\u00e1n Lemos","date":"13 febrero, 2024","format":false,"excerpt":"TRABEXIT es un proyecto eminentemente jur\u00eddico, ya que se analizar\u00e1 el papel de la regulaci\u00f3n laboral respecto de este fen\u00f3meno. Dos de las preguntas centrales de este proceso se refieren directamente a la perspectiva laboral de esta nueva realidad, y as\u00ed nos planteamos: \u00a0\u00bfCu\u00e1l es el papel del Derecho del\u2026","rel":"","context":"Entrada similar","block_context":{"text":"Entrada similar","link":""},"img":{"alt_text":"","src":"","width":0,"height":0},"classes":[]},{"id":5607,"url":"https:\/\/grupo.us.es\/iwpr\/proyecto-trabexit\/","url_meta":{"origin":5802,"position":5},"title":"PROYECTO TRABEXIT","author":"Miguel Carlos Rodr\u00edguez-Pi\u00f1ero Royo","date":"9 enero, 2024","format":false,"excerpt":"Somos un grupo de investigadores que hace ya m\u00e1s de un a\u00f1o decidimos presentarnos a la convocatoria de proyectos de investigaci\u00f3n del Ministerio de Ciencia e Innovaci\u00f3n del Reino de Espa\u00f1a, en el marco del Programa de Generaci\u00f3n del Conocimiento dentro del Plan Estatal de Investigaci\u00f3n Cient\u00edfica y T\u00e9cnica y\u2026","rel":"","context":"Entrada similar","block_context":{"text":"Entrada similar","link":""},"img":{"alt_text":"","src":"https:\/\/i0.wp.com\/grupo.us.es\/iwpr\/wp-content\/uploads\/2024\/01\/Imagen6-300x205.png?resize=350%2C200&ssl=1","width":350,"height":200,"srcset":"https:\/\/i0.wp.com\/grupo.us.es\/iwpr\/wp-content\/uploads\/2024\/01\/Imagen6-300x205.png?resize=350%2C200&ssl=1 1x, https:\/\/i0.wp.com\/grupo.us.es\/iwpr\/wp-content\/uploads\/2024\/01\/Imagen6-300x205.png?resize=525%2C300&ssl=1 1.5x"},"classes":[]}],"jetpack_sharing_enabled":true,"_links":{"self":[{"href":"https:\/\/grupo.us.es\/iwpr\/wp-json\/wp\/v2\/pages\/5802","targetHints":{"allow":["GET"]}}],"collection":[{"href":"https:\/\/grupo.us.es\/iwpr\/wp-json\/wp\/v2\/pages"}],"about":[{"href":"https:\/\/grupo.us.es\/iwpr\/wp-json\/wp\/v2\/types\/page"}],"author":[{"embeddable":true,"href":"https:\/\/grupo.us.es\/iwpr\/wp-json\/wp\/v2\/users\/27"}],"replies":[{"embeddable":true,"href":"https:\/\/grupo.us.es\/iwpr\/wp-json\/wp\/v2\/comments?post=5802"}],"version-history":[{"count":4,"href":"https:\/\/grupo.us.es\/iwpr\/wp-json\/wp\/v2\/pages\/5802\/revisions"}],"predecessor-version":[{"id":5880,"href":"https:\/\/grupo.us.es\/iwpr\/wp-json\/wp\/v2\/pages\/5802\/revisions\/5880"}],"wp:attachment":[{"href":"https:\/\/grupo.us.es\/iwpr\/wp-json\/wp\/v2\/media?parent=5802"}],"curies":[{"name":"wp","href":"https:\/\/api.w.org\/{rel}","templated":true}]}}