{"id":5799,"date":"2024-02-13T12:51:52","date_gmt":"2024-02-13T11:51:52","guid":{"rendered":"http:\/\/grupo.us.es\/newiwpr\/?page_id=5799"},"modified":"2024-02-13T12:51:52","modified_gmt":"2024-02-13T11:51:52","slug":"materiales","status":"publish","type":"page","link":"https:\/\/grupo.us.es\/iwpr\/materiales\/","title":{"rendered":"Materiales"},"content":{"rendered":"<p style=\"text-align: center;\"><strong>[P\u00c1GINA EN CONSTRUCCI\u00d3N]<\/strong><\/p>\n","protected":false},"excerpt":{"rendered":"<p>[P\u00c1GINA EN CONSTRUCCI\u00d3N]<\/p>\n","protected":false},"author":27,"featured_media":0,"parent":0,"menu_order":0,"comment_status":"closed","ping_status":"closed","template":"","meta":{"jetpack_post_was_ever_published":false,"footnotes":""},"class_list":["post-5799","page","type-page","status-publish","hentry"],"jetpack_shortlink":"https:\/\/wp.me\/P7HIjh-1vx","jetpack-related-posts":[{"id":5809,"url":"https:\/\/grupo.us.es\/iwpr\/analisis-historicos\/","url_meta":{"origin":5799,"position":0},"title":"An\u00e1lisis hist\u00f3ricos","author":"Jaime Rom\u00e1n Lemos","date":"13 febrero, 2024","format":false,"excerpt":"[P\u00c1GINA EN CONSTRUCCI\u00d3N]","rel":"","context":"Entrada similar","block_context":{"text":"Entrada similar","link":""},"img":{"alt_text":"","src":"","width":0,"height":0},"classes":[]},{"id":5815,"url":"https:\/\/grupo.us.es\/iwpr\/perspectivas-constitucionales\/","url_meta":{"origin":5799,"position":1},"title":"Perspectivas constitucionales","author":"Jaime Rom\u00e1n Lemos","date":"13 febrero, 2024","format":false,"excerpt":"[P\u00c1GINA EN CONSTRUCCI\u00d3N]","rel":"","context":"Entrada similar","block_context":{"text":"Entrada similar","link":""},"img":{"alt_text":"","src":"","width":0,"height":0},"classes":[]},{"id":5817,"url":"https:\/\/grupo.us.es\/iwpr\/perspectivas-fiscales\/","url_meta":{"origin":5799,"position":2},"title":"Perspectivas fiscales","author":"Jaime Rom\u00e1n Lemos","date":"13 febrero, 2024","format":false,"excerpt":"[P\u00c1GINA EN CONSTRUCCI\u00d3N]","rel":"","context":"Entrada similar","block_context":{"text":"Entrada similar","link":""},"img":{"alt_text":"","src":"","width":0,"height":0},"classes":[]},{"id":6098,"url":"https:\/\/grupo.us.es\/iwpr\/perspectiva-juridica\/","url_meta":{"origin":5799,"position":3},"title":"Perspectiva Jur\u00eddica","author":"Jaime Rom\u00e1n Lemos","date":"18 marzo, 2024","format":false,"excerpt":"[P\u00c1GINA EN CONSTRUCCI\u00d3N]","rel":"","context":"Entrada similar","block_context":{"text":"Entrada similar","link":""},"img":{"alt_text":"","src":"","width":0,"height":0},"classes":[]},{"id":6100,"url":"https:\/\/grupo.us.es\/iwpr\/perspectivas-mercantiles\/","url_meta":{"origin":5799,"position":4},"title":"Perspectivas mercantiles","author":"Jaime Rom\u00e1n Lemos","date":"18 marzo, 2024","format":false,"excerpt":"[P\u00c1GINA EN CONSTRUCCI\u00d3N]","rel":"","context":"Entrada similar","block_context":{"text":"Entrada similar","link":""},"img":{"alt_text":"","src":"","width":0,"height":0},"classes":[]},{"id":6096,"url":"https:\/\/grupo.us.es\/iwpr\/perspectiva-economico-sociologica\/","url_meta":{"origin":5799,"position":5},"title":"Perspectiva Econ\u00f3mico-Sociol\u00f3gica","author":"Jaime Rom\u00e1n Lemos","date":"18 marzo, 2024","format":false,"excerpt":"[P\u00c1GINA EN CONSTRUCCI\u00d3N]","rel":"","context":"Entrada similar","block_context":{"text":"Entrada similar","link":""},"img":{"alt_text":"","src":"","width":0,"height":0},"classes":[]}],"jetpack_sharing_enabled":true,"_links":{"self":[{"href":"https:\/\/grupo.us.es\/iwpr\/wp-json\/wp\/v2\/pages\/5799","targetHints":{"allow":["GET"]}}],"collection":[{"href":"https:\/\/grupo.us.es\/iwpr\/wp-json\/wp\/v2\/pages"}],"about":[{"href":"https:\/\/grupo.us.es\/iwpr\/wp-json\/wp\/v2\/types\/page"}],"author":[{"embeddable":true,"href":"https:\/\/grupo.us.es\/iwpr\/wp-json\/wp\/v2\/users\/27"}],"replies":[{"embeddable":true,"href":"https:\/\/grupo.us.es\/iwpr\/wp-json\/wp\/v2\/comments?post=5799"}],"version-history":[{"count":1,"href":"https:\/\/grupo.us.es\/iwpr\/wp-json\/wp\/v2\/pages\/5799\/revisions"}],"predecessor-version":[{"id":5800,"href":"https:\/\/grupo.us.es\/iwpr\/wp-json\/wp\/v2\/pages\/5799\/revisions\/5800"}],"wp:attachment":[{"href":"https:\/\/grupo.us.es\/iwpr\/wp-json\/wp\/v2\/media?parent=5799"}],"curies":[{"name":"wp","href":"https:\/\/api.w.org\/{rel}","templated":true}]}}