{"id":5797,"date":"2024-02-13T12:50:08","date_gmt":"2024-02-13T11:50:08","guid":{"rendered":"http:\/\/grupo.us.es\/newiwpr\/?page_id=5797"},"modified":"2024-12-30T10:22:37","modified_gmt":"2024-12-30T09:22:37","slug":"encuentros-cientificos","status":"publish","type":"page","link":"https:\/\/grupo.us.es\/iwpr\/encuentros-cientificos\/","title":{"rendered":"Encuentros cient\u00edficos"},"content":{"rendered":"<p>En esta p\u00e1gina se dar\u00e1n a conocer los diferentes congresos, seminarios y dem\u00e1s encuentros cient\u00edficos que se celebren en el marco del Proyecto Trabexit.<\/p>\n<p>&nbsp;<\/p>\n<ul>\n<li>\n<p class=\"entry-title\"><strong><a href=\"http:\/\/grupo.us.es\/iwpr\/2024\/02\/28\/seminario-de-presentacion-de-proyectos-de-investigacion-en-derecho-del-trabajo\/\">Seminario de presentaci\u00f3n de proyectos de investigaci\u00f3n en Derecho del Trabajo<\/a><\/strong><\/p>\n<\/li>\n<\/ul>\n<p>&nbsp;<\/p>\n<ul>\n<li><a href=\"http:\/\/grupo.us.es\/iwpr\/2024\/02\/24\/seminario-de-investigadores-en-el-marco-del-proyecto-trabexit\/\"><strong>Seminario de Investigaci\u00f3n en el marco del Proyecto Trabexit, 22 de febrero de 2024<\/strong><\/a><\/li>\n<\/ul>\n<p>&nbsp;<\/p>\n<ul>\n<li><a href=\"http:\/\/grupo.us.es\/iwpr\/2024\/06\/03\/trabexit-en-el-congreso-nacional-de-la-asociacion-espanola-de-derecho-del-trabajo-y-de-la-seguridad-social\/\"><strong>Trabexit en el Congreso Nacional de la Asociaci\u00f3n Espa\u00f1ola de Derecho del Trabajo y de la Seguridad Social<\/strong><\/a><\/li>\n<\/ul>\n<p>&nbsp;<\/p>\n<ul>\n<li><a href=\"http:\/\/grupo.us.es\/iwpr\/2024\/10\/03\/seminario-de-investigacion-del-proyecto-trabexit\/\"><strong>Encuentro de investigadores del Proyecto Trabexit, 17 de octubre de 2024<\/strong><\/a><\/li>\n<\/ul>\n<p>&nbsp;<\/p>\n<ul>\n<li><a href=\"https:\/\/wp.me\/p7HIjh-285\">Publicaci\u00f3n de los resultados cient\u00edficos del Encuentro de Investigadores del Proyecto Trabexit de 17 de octubre de 2024.<\/a><\/li>\n<\/ul>\n<p>&nbsp;<\/p>\n<ul>\n<li><strong><a href=\"http:\/\/grupo.us.es\/iwpr\/2024\/11\/06\/jornada-sobre-reformas-laborales-y-retos-del-mercado-laboral-en-estado-de-transicion-organizadas-por-el-proyecto-trabexit\/\">Jornada sobre reformas laborales y retos del mercado de trabajo<\/a><\/strong><\/li>\n<\/ul>\n","protected":false},"excerpt":{"rendered":"<p>En esta p\u00e1gina se dar\u00e1n a conocer los diferentes congresos, seminarios y dem\u00e1s encuentros cient\u00edficos que se celebren en el marco del Proyecto Trabexit. &nbsp; Seminario de presentaci\u00f3n de proyectos de investigaci\u00f3n en Derecho del Trabajo &nbsp; Seminario de Investigaci\u00f3n en el marco del Proyecto Trabexit, 22 de febrero de 2024 &nbsp; Trabexit en el&#8230;<\/p>\n","protected":false},"author":27,"featured_media":0,"parent":0,"menu_order":0,"comment_status":"closed","ping_status":"closed","template":"","meta":{"jetpack_post_was_ever_published":false,"footnotes":""},"class_list":["post-5797","page","type-page","status-publish","hentry"],"jetpack_shortlink":"https:\/\/wp.me\/P7HIjh-1vv","jetpack-related-posts":[{"id":5842,"url":"https:\/\/grupo.us.es\/iwpr\/el-proyecto-trabexit\/","url_meta":{"origin":5797,"position":0},"title":"El Proyecto Trabexit","author":"Jaime Rom\u00e1n Lemos","date":"14 febrero, 2024","format":false,"excerpt":"Desde esta p\u00e1gina puede accederse a todo el contenido desarrollado en el marco del Proyecto Trabexit. APROXIMACI\u00d3N AL PROYECTO TRABEXIT \u00c1REAS DE TRABAJO AN\u00c1LISIS DEL MERCADO DE TRABAJO AN\u00c1LISIS DE LAS PERSONAS AN\u00c1LISIS HIST\u00d3RICOS AN\u00c1LISIS DEL ORDENAMIENTO JUR\u00cdDICO EL DERECHO DEL TRABAJO EL SISTEMA DE SEGURIDAD SOCIAL PERSPECTIVAS CONSTITUCIONALES PERSPECTIVAS\u2026","rel":"","context":"Entrada similar","block_context":{"text":"Entrada similar","link":""},"img":{"alt_text":"","src":"","width":0,"height":0},"classes":[]},{"id":5778,"url":"https:\/\/grupo.us.es\/iwpr\/aproximacion-al-proyecto-trabexit\/","url_meta":{"origin":5797,"position":1},"title":"Aproximaci\u00f3n al Proyecto Trabexit","author":"Jaime Rom\u00e1n Lemos","date":"13 febrero, 2024","format":false,"excerpt":"Este proyecto est\u00e1 financiado por la convocatoria de proyectos de investigaci\u00f3n del Ministerio de Ciencia e Innovaci\u00f3n del Reino de Espa\u00f1a, en el marco del Programa de Generaci\u00f3n del Conocimiento dentro del Plan Estatal de Investigaci\u00f3n Cient\u00edfica y T\u00e9cnica y de Innovaci\u00f3n 2021-2023. Su denominaci\u00f3n oficial es \"La huida del\u2026","rel":"","context":"Entrada similar","block_context":{"text":"Entrada similar","link":""},"img":{"alt_text":"","src":"https:\/\/i0.wp.com\/grupo.us.es\/iwpr\/wp-content\/uploads\/2024\/01\/Proyecto-Trabexit-e1704890085990.png?resize=350%2C200","width":350,"height":200},"classes":[]},{"id":5607,"url":"https:\/\/grupo.us.es\/iwpr\/proyecto-trabexit\/","url_meta":{"origin":5797,"position":2},"title":"PROYECTO TRABEXIT","author":"Miguel Carlos Rodr\u00edguez-Pi\u00f1ero Royo","date":"9 enero, 2024","format":false,"excerpt":"Somos un grupo de investigadores que hace ya m\u00e1s de un a\u00f1o decidimos presentarnos a la convocatoria de proyectos de investigaci\u00f3n del Ministerio de Ciencia e Innovaci\u00f3n del Reino de Espa\u00f1a, en el marco del Programa de Generaci\u00f3n del Conocimiento dentro del Plan Estatal de Investigaci\u00f3n Cient\u00edfica y T\u00e9cnica y\u2026","rel":"","context":"Entrada similar","block_context":{"text":"Entrada similar","link":""},"img":{"alt_text":"","src":"https:\/\/i0.wp.com\/grupo.us.es\/iwpr\/wp-content\/uploads\/2024\/01\/Imagen6-300x205.png?resize=350%2C200&ssl=1","width":350,"height":200,"srcset":"https:\/\/i0.wp.com\/grupo.us.es\/iwpr\/wp-content\/uploads\/2024\/01\/Imagen6-300x205.png?resize=350%2C200&ssl=1 1x, https:\/\/i0.wp.com\/grupo.us.es\/iwpr\/wp-content\/uploads\/2024\/01\/Imagen6-300x205.png?resize=525%2C300&ssl=1 1.5x"},"classes":[]},{"id":5839,"url":"https:\/\/grupo.us.es\/iwpr\/la-realidad-objeto-de-estudio\/","url_meta":{"origin":5797,"position":3},"title":"La realidad objeto de estudio","author":"Jaime Rom\u00e1n Lemos","date":"14 febrero, 2024","format":false,"excerpt":"En esta p\u00e1gina pueden consultarse las principales caracter\u00edsticas, elementos y contexto de la principal materia objeto de estudio del Proyecto Trabexit. EL CONTEXTO: LA HUIDA DEL MERCADO DE TRABAJO LA IDEA DE TRABEXIT EL TRABEXIT Y SUS CONSECUENCIAS EL TRABEXIT Y SUS CAUSAS","rel":"","context":"Entrada similar","block_context":{"text":"Entrada similar","link":""},"img":{"alt_text":"","src":"","width":0,"height":0},"classes":[]},{"id":5802,"url":"https:\/\/grupo.us.es\/iwpr\/areas-de-trabajo\/","url_meta":{"origin":5797,"position":4},"title":"\u00c1reas de trabajo","author":"Jaime Rom\u00e1n Lemos","date":"13 febrero, 2024","format":false,"excerpt":"Desde esta p\u00e1gina se puede acceder a las distintas \u00e1reas de trabajo que se estudian en el marco del Proyecto TRABEXIT. AN\u00c1LISIS DEL MERCADO DE TRABAJO \u00a0 AN\u00c1LISIS DE LAS PERSONAS \u00a0 AN\u00c1LISIS HIST\u00d3RICOS \u00a0 AN\u00c1LISIS DEL ORDENAMIENTO JUR\u00cdDICO","rel":"","context":"Entrada similar","block_context":{"text":"Entrada similar","link":""},"img":{"alt_text":"","src":"","width":0,"height":0},"classes":[]},{"id":5811,"url":"https:\/\/grupo.us.es\/iwpr\/el-derecho-del-trabajo\/","url_meta":{"origin":5797,"position":5},"title":"El Derecho del Trabajo","author":"Jaime Rom\u00e1n Lemos","date":"13 febrero, 2024","format":false,"excerpt":"R\u00e9gimen Jur\u00eddico de la Dimisi\u00f3n. Cuestiones Conflictivas, Juan Pedrosa Gonz\u00e1lez La Gran Dimisi\u00f3n: perspectivas jur\u00eddicas Miguel Rodr\u00edguez-Pi\u00f1ero Royo \u00a0 Legislaci\u00f3n laboral y Trabexit Miguel Rodr\u00edguez-Pi\u00f1ero Royo","rel":"","context":"Entrada similar","block_context":{"text":"Entrada similar","link":""},"img":{"alt_text":"","src":"","width":0,"height":0},"classes":[]}],"jetpack_sharing_enabled":true,"_links":{"self":[{"href":"https:\/\/grupo.us.es\/iwpr\/wp-json\/wp\/v2\/pages\/5797","targetHints":{"allow":["GET"]}}],"collection":[{"href":"https:\/\/grupo.us.es\/iwpr\/wp-json\/wp\/v2\/pages"}],"about":[{"href":"https:\/\/grupo.us.es\/iwpr\/wp-json\/wp\/v2\/types\/page"}],"author":[{"embeddable":true,"href":"https:\/\/grupo.us.es\/iwpr\/wp-json\/wp\/v2\/users\/27"}],"replies":[{"embeddable":true,"href":"https:\/\/grupo.us.es\/iwpr\/wp-json\/wp\/v2\/comments?post=5797"}],"version-history":[{"count":7,"href":"https:\/\/grupo.us.es\/iwpr\/wp-json\/wp\/v2\/pages\/5797\/revisions"}],"predecessor-version":[{"id":8191,"href":"https:\/\/grupo.us.es\/iwpr\/wp-json\/wp\/v2\/pages\/5797\/revisions\/8191"}],"wp:attachment":[{"href":"https:\/\/grupo.us.es\/iwpr\/wp-json\/wp\/v2\/media?parent=5797"}],"curies":[{"name":"wp","href":"https:\/\/api.w.org\/{rel}","templated":true}]}}