{"id":5793,"date":"2024-02-13T12:44:27","date_gmt":"2024-02-13T11:44:27","guid":{"rendered":"http:\/\/grupo.us.es\/newiwpr\/?page_id=5793"},"modified":"2024-02-16T00:15:46","modified_gmt":"2024-02-15T23:15:46","slug":"analisis-del-ordenamiento-juridico","status":"publish","type":"page","link":"https:\/\/grupo.us.es\/iwpr\/analisis-del-ordenamiento-juridico\/","title":{"rendered":"An\u00e1lisis del ordenamiento jur\u00eddico"},"content":{"rendered":"<p>TRABEXIT es un proyecto eminentemente jur\u00eddico, ya que se analizar\u00e1 el papel de la regulaci\u00f3n laboral respecto de este fen\u00f3meno. Dos de las preguntas centrales de este proceso se refieren directamente a la perspectiva laboral de esta nueva realidad, y as\u00ed nos planteamos:<\/p>\n<p><span style=\"font-weight: 400;\">\u00a0\u00bfCu\u00e1l es el papel del Derecho del Trabajo en relaci\u00f3n con este fen\u00f3meno?\u00a0<\/span><\/p>\n<p><span style=\"font-weight: 400;\">\u00a0\u00bfC\u00f3mo debe ajustarse el Derecho del Trabajo para gestionar esta nueva realidad?\u00a0<\/span><\/p>\n<p><span style=\"font-weight: 400;\">El contexto es particular. Nos encontramos en una fase de gran activismo legislativo, con reformas laborales numerosas y de mucho alcance. Los motivos que la explican son de todo tipo, pero entre todos destaca la priorizaci\u00f3n de la calidad en el empleo como eje vertebrador. Se puede afirmar que estamos en los albores de una nueva etapa en el Derecho del Trabajo, el fin de la era de la flexibilidad, porque se abandona el discurso que vincula reformas flexibilizadoras con empleabilidad, justificando las primeras por la segunda. Las \u00faltimas reformas han apostado claramente por la calidad en el empleo, adem\u00e1s de por el apoyo p\u00fablico a la continuidad de las rentas del trabajo (como alternativas a los despidos) y la extensi\u00f3n de ingresos alternativos a \u00e9stas (rentas m\u00ednimas y b\u00e1sicas), en un contexto en el que la disciplina presupuestaria ha sido dejada de lado. Y este tr\u00e1nsito est\u00e1 alineado con la din\u00e1mica del mercado de trabajo que se ha se\u00f1alado, porque unas mismas causas est\u00e1n generando cambios tanto en las relaciones laborales como en su regulaci\u00f3n. Por ello, estudiar la conexi\u00f3n entre el Derecho y el mercado est\u00e1 m\u00e1s que justificado, lo que explica la composici\u00f3n del equipo investigador y las decisiones metodol\u00f3gicas asumidas.<\/span><\/p>\n<p><span style=\"font-weight: 400;\">En este nuevo contexto, cuando son tantos los factores que inciden en las decisiones de las personas que trabajan, hay que plantearse cu\u00e1l debe ser la actitud del Derecho frente a esta realidad. Lo que significa determinar si debe merecer un reproche, como una pr\u00e1ctica a restringir o, al menos, a no potenciar; o si por el contrario responde a motivaciones leg\u00edtimas, lo que le hacen merecedora de un reconocimiento mediante las reformas necesarias para facilitarla.\u00a0\u00a0<\/span><\/p>\n<p>A partir de este punto de partida, se identifican una serie de \u00e1reas del ordenamiento jur\u00eddico cuyo an\u00e1lisis resulta relevante desde la perspectiva del TRABEXIT<\/p>\n<p>&nbsp;<\/p>\n<p>&nbsp;<\/p>\n<ul>\n<li style=\"list-style-type: none;\">\n<ul>\n<li style=\"list-style-type: none;\">\n<ul>\n<li><a href=\"https:\/\/wp.me\/P7HIjh-1vJ\" target=\"_blank\" rel=\"noopener noreferrer\">EL DERECHO DEL TRABAJO<\/a><\/li>\n<li><a href=\"https:\/\/wp.me\/P7HIjh-1vL\" target=\"_blank\" rel=\"noopener noreferrer\">EL SISTEMA DE SEGURIDAD SOCIAL<\/a><\/li>\n<li><a href=\"https:\/\/wp.me\/P7HIjh-1vN\" target=\"_blank\" rel=\"noopener noreferrer\">PERSPECTIVAS CONSTITUCIONALES<\/a><\/li>\n<li><a href=\"https:\/\/wp.me\/P7HIjh-1vP\" target=\"_blank\" rel=\"noopener noreferrer\">PERSPECTIVAS FISCALES<\/a><\/li>\n<li>PERSPECTIVAS MERCANTILES<\/li>\n<li><a href=\"https:\/\/wp.me\/P7HIjh-1vR\" target=\"_blank\" rel=\"noopener noreferrer\">EL DERECHO DEL EMPLEO<\/a><\/li>\n<\/ul>\n<\/li>\n<\/ul>\n<\/li>\n<\/ul>\n","protected":false},"excerpt":{"rendered":"<p>TRABEXIT es un proyecto eminentemente jur\u00eddico, ya que se analizar\u00e1 el papel de la regulaci\u00f3n laboral respecto de este fen\u00f3meno. Dos de las preguntas centrales de este proceso se refieren directamente a la perspectiva laboral de esta nueva realidad, y as\u00ed nos planteamos: \u00a0\u00bfCu\u00e1l es el papel del Derecho del Trabajo en relaci\u00f3n con este&#8230;<\/p>\n","protected":false},"author":27,"featured_media":0,"parent":0,"menu_order":0,"comment_status":"closed","ping_status":"closed","template":"","meta":{"footnotes":""},"class_list":["post-5793","page","type-page","status-publish","hentry"],"jetpack_shortlink":"https:\/\/wp.me\/P7HIjh-1vr","jetpack-related-posts":[{"id":5778,"url":"https:\/\/grupo.us.es\/iwpr\/aproximacion-al-proyecto-trabexit\/","url_meta":{"origin":5793,"position":0},"title":"Aproximaci\u00f3n al Proyecto Trabexit","author":"Jaime Rom\u00e1n Lemos","date":"13 febrero, 2024","format":false,"excerpt":"Este proyecto est\u00e1 financiado por la convocatoria de proyectos de investigaci\u00f3n del Ministerio de Ciencia e Innovaci\u00f3n del Reino de Espa\u00f1a, en el marco del Programa de Generaci\u00f3n del Conocimiento dentro del Plan Estatal de Investigaci\u00f3n Cient\u00edfica y T\u00e9cnica y de Innovaci\u00f3n 2021-2023. Su denominaci\u00f3n oficial es \"La huida del\u2026","rel":"","context":"Entrada similar","block_context":{"text":"Entrada similar","link":""},"img":{"alt_text":"","src":"https:\/\/i0.wp.com\/grupo.us.es\/iwpr\/wp-content\/uploads\/2024\/01\/Proyecto-Trabexit-e1704890085990.png?resize=350%2C200","width":350,"height":200},"classes":[]},{"id":5811,"url":"https:\/\/grupo.us.es\/iwpr\/el-derecho-del-trabajo\/","url_meta":{"origin":5793,"position":1},"title":"El Derecho del Trabajo","author":"Jaime Rom\u00e1n Lemos","date":"13 febrero, 2024","format":false,"excerpt":"R\u00e9gimen Jur\u00eddico de la Dimisi\u00f3n. Cuestiones Conflictivas, Juan Pedrosa Gonz\u00e1lez La Gran Dimisi\u00f3n: perspectivas jur\u00eddicas Miguel Rodr\u00edguez-Pi\u00f1ero Royo \u00a0 Legislaci\u00f3n laboral y Trabexit Miguel Rodr\u00edguez-Pi\u00f1ero Royo","rel":"","context":"Entrada similar","block_context":{"text":"Entrada similar","link":""},"img":{"alt_text":"","src":"","width":0,"height":0},"classes":[]},{"id":5767,"url":"https:\/\/grupo.us.es\/iwpr\/la-idea-de-trabexit\/","url_meta":{"origin":5793,"position":2},"title":"La idea de Trabexit","author":"Jaime Rom\u00e1n Lemos","date":"13 febrero, 2024","format":false,"excerpt":"Considerando de manera unitaria todas las realidades que se han identificado en el mercado de trabajo podemos hablar de un fen\u00f3meno de \u201chuida del mercado de trabajo\u201d, caracterizado por una nueva forma de tomar decisiones laborales, en las que la prioridad ya no es obtener y mantener un empleo, sino\u2026","rel":"","context":"Entrada similar","block_context":{"text":"Entrada similar","link":""},"img":{"alt_text":"","src":"","width":0,"height":0},"classes":[]},{"id":28,"url":"https:\/\/grupo.us.es\/iwpr\/blogs-personales\/miguel-carlos-rodriguez-pinero-royo\/","url_meta":{"origin":5793,"position":3},"title":"Miguel Carlos Rodr\u00edguez-Pi\u00f1ero Royo","author":"Fco. Javier Calvo Gallego","date":"8 julio, 2016","format":false,"excerpt":"Miguel\u00a0 Rodr\u00edguez-Pi\u00f1ero Royo es Catedr\u00e1tico de Derecho del Trabajo y de la Seguridad Social de la Universidad de Sevilla. Imparte su docencia en la Facultad de Derecho y en la Facultad de Ciencias del Trabajo de la Universidad de Sevilla. Colabora con la firma legal PwC Tax & Legal Services\u2026","rel":"","context":"Entrada similar","block_context":{"text":"Entrada similar","link":""},"img":{"alt_text":"","src":"https:\/\/i0.wp.com\/grupo.us.es\/iwpr\/wp-content\/uploads\/2016\/07\/IMG_20171211_163633-225x300.jpg?resize=350%2C200","width":350,"height":200},"classes":[]},{"id":6048,"url":"https:\/\/grupo.us.es\/iwpr\/federico-rosenbaum-carli\/","url_meta":{"origin":5793,"position":4},"title":"Federico Rosenbaum Carli","author":"Jaime Rom\u00e1n Lemos","date":"21 marzo, 2024","format":false,"excerpt":"Actualmente es Profesor Asociado de alta dedicaci\u00f3n (PiAD), en el Departamento de Derecho de la Universidad Cat\u00f3lica del Uruguay. Es Abogado (Universidad Cat\u00f3lica del Uruguay), Doctor en Derecho (PhD) del programa de Administraci\u00f3n, hacienda y justicia en el Estado Social (cum laude) y Mag\u00edster (LLM) en Derecho del Trabajo y\u2026","rel":"","context":"Entrada similar","block_context":{"text":"Entrada similar","link":""},"img":{"alt_text":"","src":"https:\/\/i0.wp.com\/grupo.us.es\/iwpr\/wp-content\/uploads\/2024\/03\/Federico-Rosenbaum-Carli-300x285.jpeg?resize=350%2C200","width":350,"height":200},"classes":[]},{"id":4293,"url":"https:\/\/grupo.us.es\/iwpr\/biblioteca-on-line-sobre-la-reforma-laboral-de-2021\/","url_meta":{"origin":5793,"position":5},"title":"Biblioteca on-line sobre la reforma laboral de 2021","author":"Admin","date":"7 enero, 2022","format":false,"excerpt":"En este apartado se publicar\u00e1n enlaces a las publicaciones que se han venido realizando en blogs y portales sobre la reforma laboral de 2021. Estudios generales La Reforma Laboral del a\u00f1o 2021. NET21, publicado el 23 de diciembre de 2021. Una valoraci\u00f3n de urgencia sobre la reforma laboral. Cr\u00f3nica sociolaboral,\u2026","rel":"","context":"Entrada similar","block_context":{"text":"Entrada similar","link":""},"img":{"alt_text":"","src":"","width":0,"height":0},"classes":[]}],"jetpack_sharing_enabled":true,"_links":{"self":[{"href":"https:\/\/grupo.us.es\/iwpr\/wp-json\/wp\/v2\/pages\/5793","targetHints":{"allow":["GET"]}}],"collection":[{"href":"https:\/\/grupo.us.es\/iwpr\/wp-json\/wp\/v2\/pages"}],"about":[{"href":"https:\/\/grupo.us.es\/iwpr\/wp-json\/wp\/v2\/types\/page"}],"author":[{"embeddable":true,"href":"https:\/\/grupo.us.es\/iwpr\/wp-json\/wp\/v2\/users\/27"}],"replies":[{"embeddable":true,"href":"https:\/\/grupo.us.es\/iwpr\/wp-json\/wp\/v2\/comments?post=5793"}],"version-history":[{"count":4,"href":"https:\/\/grupo.us.es\/iwpr\/wp-json\/wp\/v2\/pages\/5793\/revisions"}],"predecessor-version":[{"id":5882,"href":"https:\/\/grupo.us.es\/iwpr\/wp-json\/wp\/v2\/pages\/5793\/revisions\/5882"}],"wp:attachment":[{"href":"https:\/\/grupo.us.es\/iwpr\/wp-json\/wp\/v2\/media?parent=5793"}],"curies":[{"name":"wp","href":"https:\/\/api.w.org\/{rel}","templated":true}]}}