{"id":5788,"date":"2024-03-01T11:43:34","date_gmt":"2024-03-01T10:43:34","guid":{"rendered":"http:\/\/grupo.us.es\/newiwpr\/?page_id=5788"},"modified":"2025-09-12T10:58:16","modified_gmt":"2025-09-12T08:58:16","slug":"equipo-de-trabajo","status":"publish","type":"page","link":"https:\/\/grupo.us.es\/iwpr\/equipo-de-trabajo\/","title":{"rendered":"Equipo de trabajo"},"content":{"rendered":"<ul>\n<li><a href=\"https:\/\/grupo.us.es\/iwpr\/maria-luisa-perez-guerrero\/\" target=\"_blank\" rel=\"noopener noreferrer\"><strong>D\u00f1a. Mar\u00eda Luisa P\u00e9rez Guerrero<\/strong><\/a>\n<ul>\n<li style=\"list-style-type: none;\">\n<ul>\n<li>Derecho del Trabajo<\/li>\n<li>Universidad de Huelva<\/li>\n<li>Contacto: malupe@ddtss.uhu.es<\/li>\n<\/ul>\n<\/li>\n<\/ul>\n<\/li>\n<\/ul>\n<p>&nbsp;<\/p>\n<ul>\n<li><a href=\"https:\/\/grupo.us.es\/iwpr\/miguel-rodriguez-pinero-royo\/\" target=\"_blank\" rel=\"noopener noreferrer\"><strong>D. Miguel Rodr\u00edguez-Pi\u00f1ero Royo<\/strong><\/a>\n<ul>\n<li style=\"list-style-type: none;\">\n<ul>\n<li>Derecho del Trabajo<\/li>\n<li>Universidad de Sevilla<\/li>\n<li>Contacto: mrodriguez7@us.es<\/li>\n<\/ul>\n<\/li>\n<\/ul>\n<\/li>\n<\/ul>\n<p>&nbsp;<\/p>\n<ul>\n<li><a href=\"https:\/\/investigacion.us.es\/sisius\/sis_showpub.php?idpers=6030\" target=\"_blank\" rel=\"noopener noreferrer\"><strong>D. Francisco Javier Calvo Gallego<\/strong><\/a>\n<ul>\n<li style=\"list-style-type: none;\">\n<ul>\n<li>Derecho del Trabajo<\/li>\n<li>Universidad de Sevilla<\/li>\n<li>Contacto: javiercalvo@us.es<\/li>\n<\/ul>\n<\/li>\n<\/ul>\n<\/li>\n<\/ul>\n<p>&nbsp;<\/p>\n<ul>\n<li><a href=\"https:\/\/grupo.us.es\/iwpr\/jose-manuel-morales-ortega\/\" target=\"_blank\" rel=\"noopener noreferrer\"><strong>D. Jos\u00e9 Manuel Morales Ortega<\/strong><\/a>\n<ul>\n<li style=\"list-style-type: none;\">\n<ul>\n<li>Derecho del Trabajo<\/li>\n<li>Universidad de M\u00e1laga<\/li>\n<li>Contacto: jmmoraleso@uma.es<\/li>\n<\/ul>\n<\/li>\n<\/ul>\n<\/li>\n<\/ul>\n<p>&nbsp;<\/p>\n<ul>\n<li><a href=\"https:\/\/www.unia.es\/la-unia\/equipo-de-gobierno\/emilia-castellano-burguillo\" target=\"_blank\" rel=\"noopener noreferrer\"><strong>D\u00f1a. Emilia Castellano Burguillo<\/strong><\/a>\n<ul>\n<li style=\"list-style-type: none;\">\n<ul>\n<li>Derecho del Trabajo<\/li>\n<li>Universidad de Huelva<\/li>\n<li>Contacto: castella@dam.uhu.es<\/li>\n<\/ul>\n<\/li>\n<\/ul>\n<\/li>\n<\/ul>\n<p>&nbsp;<\/p>\n<ul>\n<li><a href=\"https:\/\/investigacion.us.es\/sisius\/sis_showpub.php?idpers=2452\" target=\"_blank\" rel=\"noopener noreferrer\"><strong>D. Miguel \u00c1ngel Mart\u00ednez-Gij\u00f3n Machuca<\/strong><\/a>\n<ul>\n<li style=\"list-style-type: none;\">\n<ul>\n<li>Derecho del Trabajo<\/li>\n<li>Universidad de Sevilla<\/li>\n<li>Contacto: mamgijon@us.es<\/li>\n<\/ul>\n<\/li>\n<\/ul>\n<\/li>\n<\/ul>\n<p>&nbsp;<\/p>\n<ul>\n<li><a href=\"https:\/\/scholar.google.es\/citations?user=IT7XU4YAAAAJ&amp;hl=es\" target=\"_blank\" rel=\"noopener noreferrer\"><strong>D. Agust\u00edn Gal\u00e1n Garc\u00eda<\/strong><\/a>\n<ul>\n<li style=\"list-style-type: none;\">\n<ul>\n<li>Historia Econ\u00f3mica<\/li>\n<li>Universidad de Huelva<\/li>\n<li>Contacto: agustin@dehie.uhu.es<\/li>\n<\/ul>\n<\/li>\n<\/ul>\n<\/li>\n<\/ul>\n<p>&nbsp;<\/p>\n<ul>\n<li><a href=\"https:\/\/investigacion.us.es\/sisius\/sis_showpub.php?idpers=6108\" target=\"_blank\" rel=\"noopener noreferrer\"><strong>D\u00f1a. Esperanza Macarena Hern\u00e1ndez Bejarano<\/strong><\/a>\n<ul>\n<li style=\"list-style-type: none;\">\n<ul>\n<li>Derecho del Trabajo<\/li>\n<li>Universidad de Sevilla<\/li>\n<li>Contacto: macaher@us.es<\/li>\n<\/ul>\n<\/li>\n<\/ul>\n<\/li>\n<\/ul>\n<p>&nbsp;<\/p>\n<ul>\n<li><a href=\"https:\/\/investigacion.us.es\/sisius\/sis_showpub.php?idpers=6110\" target=\"_blank\" rel=\"noopener noreferrer\"><strong>D. Ram\u00f3n L\u00f3pez Fuentes<\/strong><\/a>\n<ul>\n<li style=\"list-style-type: none;\">\n<ul>\n<li>Derecho del Trabajo<\/li>\n<li>Universidad de Sevilla<\/li>\n<li>Contacto: rlfuentes@us.es<\/li>\n<\/ul>\n<\/li>\n<\/ul>\n<\/li>\n<\/ul>\n<p>&nbsp;<\/p>\n<ul>\n<li><a href=\"https:\/\/investigacion.us.es\/sisius\/sis_showpub.php?idpers=18313\" target=\"_blank\" rel=\"noopener noreferrer\"><strong>D\u00f1a. Mar\u00eda Jos\u00e9 Asquerino Lamparero<\/strong><\/a>\n<ul>\n<li style=\"list-style-type: none;\">\n<ul>\n<li>Derecho del Trabajo<\/li>\n<li>Universidad de Sevilla<\/li>\n<li>Contacto: masquerino@us.es<\/li>\n<\/ul>\n<\/li>\n<\/ul>\n<\/li>\n<\/ul>\n<p>&nbsp;<\/p>\n<ul>\n<li><a href=\"https:\/\/investigacion.us.es\/sisius\/sis_showpub.php?idpers=14760\" target=\"_blank\" rel=\"noopener noreferrer\"><strong>D. Jos\u00e9 Luis L\u00e1zaro S\u00e1nchez<\/strong><\/a>\n<ul>\n<li style=\"list-style-type: none;\">\n<ul>\n<li>Derecho del Trabajo<\/li>\n<li>Universidad de Sevilla<\/li>\n<li>Contacto: jlazaro@us.es<\/li>\n<\/ul>\n<\/li>\n<\/ul>\n<\/li>\n<\/ul>\n<p>&nbsp;<\/p>\n<ul>\n<li><a href=\"https:\/\/grupo.us.es\/iwpr\/stefano-bini\/\" target=\"_blank\" rel=\"noopener noreferrer\"><strong>D. Stefano Bini<\/strong><\/a>\n<ul>\n<li style=\"list-style-type: none;\">\n<ul>\n<li>Derecho del Trabajo<\/li>\n<li>Universidad de C\u00f3rdoba<\/li>\n<li>Contacto: sbini@uco.es<\/li>\n<\/ul>\n<\/li>\n<\/ul>\n<\/li>\n<\/ul>\n<p>&nbsp;<\/p>\n<ul>\n<li><a href=\"https:\/\/grupo.us.es\/iwpr\/federico-pozo-cuevas\/\" target=\"_blank\" rel=\"noopener noreferrer\"><strong>D. Federico Pozo Cuevas<\/strong><\/a>\n<ul>\n<li style=\"list-style-type: none;\">\n<ul>\n<li>Sociolog\u00eda<\/li>\n<li>Universidad de Sevilla<\/li>\n<li>Contacto: fpcuevas@us.es<\/li>\n<\/ul>\n<\/li>\n<\/ul>\n<\/li>\n<\/ul>\n<p>&nbsp;<\/p>\n<ul>\n<li><a href=\"https:\/\/www.uc3m.es\/ss\/Satellite\/UC3MInstitucional\/es\/Detalle\/Organismo_C\/1371242757074\/1371206548154\/?d=Touch\" target=\"_blank\" rel=\"noopener noreferrer\"><strong>D\u00f1a. Gema Quintero Lima<\/strong><\/a>\n<ul>\n<li style=\"list-style-type: none;\">\n<ul>\n<li>Derecho del Trabajo<\/li>\n<li>Universidad Carlos III de Madrid<\/li>\n<li>Contacto: aimeegql@der-pr.uc3m.es<\/li>\n<\/ul>\n<\/li>\n<\/ul>\n<\/li>\n<\/ul>\n<p>&nbsp;<\/p>\n<ul>\n<li><a href=\"https:\/\/investigacion.us.es\/sisius\/sis_showpub.php?idpers=6101\" target=\"_blank\" rel=\"noopener noreferrer\"><strong>D\u00f1a. Carmen Aguilar del Castillo<\/strong><\/a>\n<ul>\n<li style=\"list-style-type: none;\">\n<ul>\n<li>Derecho del Trabajo<\/li>\n<li>Universidad de Sevilla<\/li>\n<li>Contacto: carmenag@us.es<\/li>\n<\/ul>\n<\/li>\n<\/ul>\n<\/li>\n<\/ul>\n<p>&nbsp;<\/p>\n<ul>\n<li><a href=\"https:\/\/investigacion.us.es\/sisius\/sis_showpub.php?idpers=2717\" target=\"_blank\" rel=\"noopener noreferrer\"><strong>D\u00f1a. Dolores Jos\u00e9 G\u00f3mez Dom\u00ednguez<\/strong><\/a>\n<ul>\n<li style=\"list-style-type: none;\">\n<ul>\n<li>Econom\u00eda<\/li>\n<li>Universidad de Sevilla<\/li>\n<li>Contacto: dogomez@us.es<\/li>\n<\/ul>\n<\/li>\n<\/ul>\n<\/li>\n<\/ul>\n<p>&nbsp;<\/p>\n<ul>\n<li><a href=\"https:\/\/investigacion.us.es\/sisius\/sis_showpub.php?idpers=2715\" target=\"_blank\" rel=\"noopener noreferrer\"><strong>D\u00f1a. Patrocinio Fern\u00e1ndez Geniz<\/strong><\/a>\n<ul>\n<li style=\"list-style-type: none;\">\n<ul>\n<li>Econom\u00eda<\/li>\n<li>Universidad de Sevilla<\/li>\n<li>Contacto: patro@us.es<\/li>\n<\/ul>\n<\/li>\n<\/ul>\n<\/li>\n<\/ul>\n<p>&nbsp;<\/p>\n<ul>\n<li><a href=\"https:\/\/www.uhu.es\/c3it\/index.php?option=com_zoo&amp;task=item&amp;item_id=34&amp;Itemid=182\" target=\"_blank\" rel=\"noopener noreferrer\"><strong>D\u00f1a. Celia S\u00e1nchez L\u00f3pez<\/strong><\/a>\n<ul>\n<li style=\"list-style-type: none;\">\n<ul>\n<li>Econom\u00eda<\/li>\n<li>Universidad de Huelva<\/li>\n<li>Contacto: celia@ole.uhu.es \/ celia.sanchez@dege.uhu.es<\/li>\n<\/ul>\n<\/li>\n<\/ul>\n<\/li>\n<\/ul>\n<p>&nbsp;<\/p>\n<ul>\n<li><a href=\"https:\/\/scholar.google.com\/citations?user=BwEgtzsAAAAJ&amp;hl=en\" target=\"_blank\" rel=\"noopener noreferrer\"><strong>D. Jos\u00e9 Antonio Climent Rodr\u00edguez<\/strong><\/a>\n<ul>\n<li style=\"list-style-type: none;\">\n<ul>\n<li>Psicolog\u00eda social<\/li>\n<li>Universidad de Huelva<\/li>\n<li>Contacto: jose.climent@dps.uhu.es<\/li>\n<\/ul>\n<\/li>\n<\/ul>\n<\/li>\n<\/ul>\n<p>&nbsp;<\/p>\n<ul>\n<li><a href=\"https:\/\/scholar.google.com\/citations?user=lKbXllsAAAAJ&amp;hl=es\" target=\"_blank\" rel=\"noopener noreferrer\"><strong>D\u00f1a. Alicia Rivas Va\u00f1\u00f3<\/strong><\/a>\n<ul>\n<li style=\"list-style-type: none;\">\n<ul>\n<li>Derecho constitucional<\/li>\n<li>Universidad Pablo de Olavide<\/li>\n<li>Contacto: arivvan@upo.es<\/li>\n<\/ul>\n<\/li>\n<\/ul>\n<\/li>\n<\/ul>\n<p>&nbsp;<\/p>\n<ul>\n<li><a href=\"https:\/\/investigacion.us.es\/sisius\/sis_showpub.php?idpers=2487\" target=\"_blank\" rel=\"noopener noreferrer\"><strong>D. Fernando Criado Garc\u00eda-Legaz<\/strong><\/a>\n<ul>\n<li style=\"list-style-type: none;\">\n<ul>\n<li>Empresa<\/li>\n<li>Universidad de Sevilla<\/li>\n<li>Contacto: fcriado@us.es<\/li>\n<\/ul>\n<\/li>\n<\/ul>\n<\/li>\n<\/ul>\n<p>&nbsp;<\/p>\n<ul>\n<li><a href=\"https:\/\/grupo.us.es\/iwpr\/jose-antonio-ordaz-sanz\/\" target=\"_blank\" rel=\"noopener noreferrer\"><strong>D. Jos\u00e9 Antonio Ordaz Sanz<\/strong><\/a>\n<ul>\n<li style=\"list-style-type: none;\">\n<ul>\n<li>Econom\u00eda<\/li>\n<li>Universidad Pablo de Olavide<\/li>\n<li>Contacto: jaordsan@upo.es<\/li>\n<\/ul>\n<\/li>\n<\/ul>\n<\/li>\n<\/ul>\n<p>&nbsp;<\/p>\n<ul>\n<li><a href=\"https:\/\/investigacion.us.es\/sisius\/sis_showpub.php?idpers=20221\" target=\"_blank\" rel=\"noopener noreferrer\"><strong>D\u00f1a. Ana Dom\u00ednguez Morales<\/strong><\/a>\n<ul>\n<li style=\"list-style-type: none;\">\n<ul>\n<li>Derecho del Trabajo<\/li>\n<li>Universidad de Sevilla<\/li>\n<li>Contacto: admorales@us.es<\/li>\n<\/ul>\n<\/li>\n<\/ul>\n<\/li>\n<\/ul>\n<p>&nbsp;<\/p>\n<ul>\n<li><a href=\"https:\/\/investigacion.us.es\/sisius\/sis_showpub.php?idpers=14517\" target=\"_blank\" rel=\"noopener noreferrer\"><strong>D. Juan Pedrosa Gonz\u00e1lez<\/strong><\/a>\n<ul>\n<li style=\"list-style-type: none;\">\n<ul>\n<li>Derecho del Trabajo<\/li>\n<li>Universidad de Sevilla<\/li>\n<li>Abogado<\/li>\n<li>Contacto: jpedrosa3@us.es<\/li>\n<\/ul>\n<\/li>\n<\/ul>\n<\/li>\n<\/ul>\n<p>&nbsp;<\/p>\n<ul>\n<li><a href=\"https:\/\/grupo.us.es\/iwpr\/roberto-fernandez-villarino\/\" target=\"_blank\" rel=\"noopener noreferrer\"><strong>D. Roberto Fern\u00e1ndez Villarino<\/strong><\/a>\n<ul>\n<li style=\"list-style-type: none;\">\n<ul>\n<li>Derecho del Trabajo<\/li>\n<li>Universidad de Huelva<\/li>\n<li>Abogado<\/li>\n<li>Contacto: roberto@uhu.es<\/li>\n<\/ul>\n<\/li>\n<\/ul>\n<\/li>\n<\/ul>\n<p>&nbsp;<\/p>\n<ul>\n<li><strong>D\u00f1a. Iluminada Feria Basilio<\/strong>\n<ul>\n<li style=\"list-style-type: none;\">\n<ul>\n<li>Derecho del Trabajo<\/li>\n<li>Profesional<\/li>\n<\/ul>\n<\/li>\n<\/ul>\n<\/li>\n<\/ul>\n<p>&nbsp;<\/p>\n<ul>\n<li><a href=\"https:\/\/grupo.us.es\/iwpr\/elisa-munoz-catalan\/\" target=\"_blank\" rel=\"noopener noreferrer\"><strong>D\u00f1a. Elisa Mu\u00f1oz Catal\u00e1n<\/strong><\/a>\n<ul>\n<li style=\"list-style-type: none;\">\n<ul>\n<li>Derecho Civil<\/li>\n<li>Universidad Internacional de La Rioja<\/li>\n<li>Contacto: elisa.munoz@dthm.uhu.es<\/li>\n<\/ul>\n<\/li>\n<\/ul>\n<\/li>\n<\/ul>\n<p>&nbsp;<\/p>\n<ul>\n<li><strong>D. Carlos Cordero M\u00e1rquez<\/strong>\n<ul>\n<li style=\"list-style-type: none;\">\n<ul>\n<li>Profesional<\/li>\n<li>Contacto: ccordero@ccep.com<\/li>\n<\/ul>\n<\/li>\n<\/ul>\n<\/li>\n<\/ul>\n<p>&nbsp;<\/p>\n<ul>\n<li><a href=\"https:\/\/grupo.us.es\/iwpr\/jaime-roman-lemos\/\" target=\"_blank\" rel=\"noopener noreferrer\"><strong>D. Jaime Rom\u00e1n Lemos<\/strong><\/a>\n<ul>\n<li style=\"list-style-type: none;\">\n<ul>\n<li>Derecho del Trabajo<\/li>\n<li>Universidad de Sevilla<\/li>\n<li>Contacto: jroman1@us.es<\/li>\n<\/ul>\n<\/li>\n<\/ul>\n<\/li>\n<\/ul>\n<p>&nbsp;<\/p>\n<ul>\n<li><strong>D. Miguel Rojano Garc\u00eda<\/strong>\n<ul>\n<li style=\"list-style-type: none;\">\n<ul>\n<li>Derecho Penal<\/li>\n<li>Abogado<\/li>\n<li>Contacto: mrojano@hsoft.es<\/li>\n<\/ul>\n<\/li>\n<\/ul>\n<\/li>\n<\/ul>\n<p>&nbsp;<\/p>\n<ul>\n<li><a href=\"https:\/\/grupo.us.es\/iwpr\/federico-rosenbaum-carli\/\" target=\"_blank\" rel=\"noopener noreferrer\"><strong>D. Federico Rosenbaum Carli<\/strong><\/a>\n<ul>\n<li style=\"list-style-type: none;\">\n<ul>\n<li>Derecho del Trabajo<\/li>\n<li>Universidad Cat\u00f3lica del Uruguay<\/li>\n<li>Contacto: federico.rosenbaum@ucu.edu.uy<\/li>\n<\/ul>\n<\/li>\n<\/ul>\n<\/li>\n<\/ul>\n<p>&nbsp;<\/p>\n<ul>\n<li><a href=\"https:\/\/grupo.us.es\/iwpr\/julia-dormido-abril\/\" target=\"_blank\" rel=\"noopener noreferrer\"><strong>D\u00f1a. Julia Dormido Abril<\/strong><\/a>\n<ul>\n<li style=\"list-style-type: none;\">\n<ul>\n<li>Derecho del Trabajo<\/li>\n<li>Universidad Complutense de Madrid<\/li>\n<li>Contacto: jdormido@us.es<\/li>\n<\/ul>\n<\/li>\n<\/ul>\n<\/li>\n<\/ul>\n<p>&nbsp;<\/p>\n<ul>\n<li><a href=\"https:\/\/scholar.google.es\/citations?user=0Zt7twQAAAAJ&amp;hl=es\" target=\"_blank\" rel=\"noopener noreferrer\"><strong>D\u00f1a. Virginia Guti\u00e9rrez Barbarrusa<\/strong><\/a>\n<ul>\n<li style=\"list-style-type: none;\">\n<ul>\n<li>Sociolog\u00eda<\/li>\n<li>Universidad de Sevilla<\/li>\n<li>Contacto: vgbarbarrusa@us.es<\/li>\n<\/ul>\n<\/li>\n<\/ul>\n<\/li>\n<\/ul>\n","protected":false},"excerpt":{"rendered":"<p>D\u00f1a. Mar\u00eda Luisa P\u00e9rez Guerrero Derecho del Trabajo Universidad de Huelva Contacto: malupe@ddtss.uhu.es &nbsp; D. Miguel Rodr\u00edguez-Pi\u00f1ero Royo Derecho del Trabajo Universidad de Sevilla Contacto: mrodriguez7@us.es &nbsp; D. Francisco Javier Calvo Gallego Derecho del Trabajo Universidad de Sevilla Contacto: javiercalvo@us.es &nbsp; D. Jos\u00e9 Manuel Morales Ortega Derecho del Trabajo Universidad de M\u00e1laga Contacto: jmmoraleso@uma.es &nbsp;&#8230;<\/p>\n","protected":false},"author":27,"featured_media":0,"parent":0,"menu_order":0,"comment_status":"closed","ping_status":"closed","template":"","meta":{"jetpack_post_was_ever_published":false,"footnotes":""},"class_list":["post-5788","page","type-page","status-publish","hentry"],"jetpack_shortlink":"https:\/\/wp.me\/P7HIjh-1vm","jetpack-related-posts":[{"id":6070,"url":"https:\/\/grupo.us.es\/iwpr\/miguel-rodriguez-pinero-royo\/","url_meta":{"origin":5788,"position":0},"title":"Miguel Rodr\u00edguez-Pi\u00f1ero Royo","author":"Jaime Rom\u00e1n Lemos","date":"21 marzo, 2024","format":false,"excerpt":"Es catedr\u00e1tico de Derecho del Trabajo y de la Seguridad Social de la Universidad de Sevilla. Es Licenciado en Derecho por la Universidad de Sevilla, con la especialidad de Derecho de la Empresa, y Doctor en Derecho por la Universidad de Bolonia. Su primera etapa de formaci\u00f3n se desarroll\u00f3 en\u2026","rel":"","context":"Entrada similar","block_context":{"text":"Entrada similar","link":""},"img":{"alt_text":"","src":"https:\/\/i0.wp.com\/grupo.us.es\/iwpr\/wp-content\/uploads\/2024\/03\/Miguel-Rodriguez-Pinero-Royo.jpg?resize=350%2C200","width":350,"height":200},"classes":[]},{"id":34,"url":"https:\/\/grupo.us.es\/iwpr\/blogs-personales\/javier-calvo-gallego\/","url_meta":{"origin":5788,"position":1},"title":"Javier Calvo Gallego","author":"Fco. Javier Calvo Gallego","date":"8 julio, 2016","format":false,"excerpt":"Fco. Javier Calvo Gallego es doctor en Derecho por la Universidad de Bolonia, Magister por la Universidad de Sevilla y actualmente Catedr\u00e1tico de Universidad del Departamento de Derecho del Trabajo y de la Seguridad Social de la Universidad de Sevilla. Sus principales l\u00edneas de investigaci\u00f3n se centran en la Responsabilidad\u2026","rel":"","context":"Entrada similar","block_context":{"text":"Entrada similar","link":""},"img":{"alt_text":"Javicalvo","src":"https:\/\/i0.wp.com\/grupo.us.es\/iwpr\/wp-content\/uploads\/2016\/07\/Javicalvo.jpg?resize=350%2C200","width":350,"height":200},"classes":[]},{"id":6038,"url":"https:\/\/grupo.us.es\/iwpr\/stefano-bini\/","url_meta":{"origin":5788,"position":2},"title":"Stefano Bini","author":"Jaime Rom\u00e1n Lemos","date":"21 marzo, 2024","format":false,"excerpt":"Stefano Bini es Profesor Permanente Laboral, acreditado Profesor Titular de Universidad, de Derecho del Trabajo y de la Seguridad Social de la Universidad de C\u00f3rdoba. Anteriormente, ha sido Profesor Contratado Doctor de Derecho del Trabajo y de la Seguridad Social de la Universidad de Las Palmas de Gran Canaria, Profesor\u2026","rel":"","context":"Entrada similar","block_context":{"text":"Entrada similar","link":""},"img":{"alt_text":"","src":"https:\/\/i0.wp.com\/grupo.us.es\/iwpr\/wp-content\/uploads\/2024\/03\/Stefano-Bini-300x300.jpeg?resize=350%2C200","width":350,"height":200},"classes":[]},{"id":3937,"url":"https:\/\/grupo.us.es\/iwpr\/programa\/","url_meta":{"origin":5788,"position":3},"title":"Programa","author":"Admin","date":"4 enero, 2022","format":false,"excerpt":"16 DE MARZO DE 2022 9:00. PRESENTACI\u00d3N Decano de la Facultad de Ciencias del Trabajo; Directora del Centro de Documentaci\u00f3n Europea; IP Proyecto US-1264479 9:30. MARCO GENERAL Presenta: Mar\u00eda Fernanda Fern\u00e1ndez L\u00f3pez (Universidad de Sevilla) 9:30. Conferencia inaugural: a cargo de Miguel Rodr\u00edguez-Pi\u00f1ero y Bravo Ferrer, catedr\u00e1tico de Derecho del\u2026","rel":"","context":"Entrada similar","block_context":{"text":"Entrada similar","link":""},"img":{"alt_text":"","src":"","width":0,"height":0},"classes":[]},{"id":1381,"url":"https:\/\/grupo.us.es\/iwpr\/congreso-final-del-proyecto-instrumentos-normativos-para-la-mejora-de-las-trayectorias-laborales-en-el-nuevo-contexto-demografico-economico-y-tecnologico\/","url_meta":{"origin":5788,"position":4},"title":"CONGRESO FINAL DEL PROYECTO","author":"Miguel Carlos Rodr\u00edguez-Pi\u00f1ero Royo","date":"11 septiembre, 2018","format":false,"excerpt":"En el marco de los proyectos combinados que han gestionado este portal, se organiza este Congreso internacional \u201cInstrumentos normativos para la mejora de las trayectorias laborales en el nuevo contexto demogr\u00e1fico, econ\u00f3mico y tecnol\u00f3gico\u201c con el que se dar\u00e1 fin a los trabajos de investigaci\u00f3n y se presentar\u00e1n sus resultados.\u2026","rel":"","context":"Entrada similar","block_context":{"text":"Entrada similar","link":""},"img":{"alt_text":"","src":"https:\/\/i0.wp.com\/grupo.us.es\/iwpr\/wp-content\/uploads\/2016\/07\/mineco_ue-300x53.png?resize=350%2C200","width":350,"height":200,"srcset":"https:\/\/i0.wp.com\/grupo.us.es\/iwpr\/wp-content\/uploads\/2016\/07\/mineco_ue-300x53.png?resize=350%2C200 1x, https:\/\/i0.wp.com\/grupo.us.es\/iwpr\/wp-content\/uploads\/2016\/07\/mineco_ue-300x53.png?resize=525%2C300 1.5x"},"classes":[]},{"id":6597,"url":"https:\/\/grupo.us.es\/iwpr\/jaime-roman-lemos\/","url_meta":{"origin":5788,"position":5},"title":"Jaime Rom\u00e1n Lemos","author":"Jaime Rom\u00e1n Lemos","date":"14 mayo, 2024","format":false,"excerpt":"Graduado en Derecho por la Universidad de Sevilla en el curso 2020-2021, se interes\u00f3 en completar sus estudios cursando el Doble M\u00e1ster Universitario en Abogac\u00eda y en Asesor\u00eda Jur\u00eddico-Mercantil, Fiscal y Laboral (promoci\u00f3n 2021-2023), obteniendo en los respectivos TFM de ambos M\u00e1steres la calificaci\u00f3n de 10 Matr\u00edcula de Honor. Adem\u00e1s,\u2026","rel":"","context":"Entrada similar","block_context":{"text":"Entrada similar","link":""},"img":{"alt_text":"","src":"https:\/\/i0.wp.com\/grupo.us.es\/iwpr\/wp-content\/uploads\/2024\/05\/Jaime-Roman-Lemos-200x300.jpg?resize=350%2C200","width":350,"height":200},"classes":[]}],"jetpack_sharing_enabled":true,"_links":{"self":[{"href":"https:\/\/grupo.us.es\/iwpr\/wp-json\/wp\/v2\/pages\/5788","targetHints":{"allow":["GET"]}}],"collection":[{"href":"https:\/\/grupo.us.es\/iwpr\/wp-json\/wp\/v2\/pages"}],"about":[{"href":"https:\/\/grupo.us.es\/iwpr\/wp-json\/wp\/v2\/types\/page"}],"author":[{"embeddable":true,"href":"https:\/\/grupo.us.es\/iwpr\/wp-json\/wp\/v2\/users\/27"}],"replies":[{"embeddable":true,"href":"https:\/\/grupo.us.es\/iwpr\/wp-json\/wp\/v2\/comments?post=5788"}],"version-history":[{"count":26,"href":"https:\/\/grupo.us.es\/iwpr\/wp-json\/wp\/v2\/pages\/5788\/revisions"}],"predecessor-version":[{"id":9522,"href":"https:\/\/grupo.us.es\/iwpr\/wp-json\/wp\/v2\/pages\/5788\/revisions\/9522"}],"wp:attachment":[{"href":"https:\/\/grupo.us.es\/iwpr\/wp-json\/wp\/v2\/media?parent=5788"}],"curies":[{"name":"wp","href":"https:\/\/api.w.org\/{rel}","templated":true}]}}