{"id":5778,"date":"2024-02-13T11:00:49","date_gmt":"2024-02-13T10:00:49","guid":{"rendered":"http:\/\/grupo.us.es\/newiwpr\/?page_id=5778"},"modified":"2024-02-24T19:35:07","modified_gmt":"2024-02-24T18:35:07","slug":"aproximacion-al-proyecto-trabexit","status":"publish","type":"page","link":"https:\/\/grupo.us.es\/iwpr\/aproximacion-al-proyecto-trabexit\/","title":{"rendered":"Aproximaci\u00f3n al Proyecto Trabexit"},"content":{"rendered":"<p>Este proyecto est\u00e1 financiado por la convocatoria de proyectos de investigaci\u00f3n del Ministerio de Ciencia e Innovaci\u00f3n del Reino de Espa\u00f1a, en el marco del Programa de Generaci\u00f3n del Conocimiento dentro del Plan Estatal de Investigaci\u00f3n Cient\u00edfica y T\u00e9cnica y de Innovaci\u00f3n 2021-2023. Su denominaci\u00f3n oficial es \u00abLa huida del mercado de trabajo y la legislaci\u00f3n social en Espa\u00f1a (TRABEXIT), PID2022-141201OB-I00\u00bb.<\/p>\n<p><img data-recalc-dims=\"1\" loading=\"lazy\" decoding=\"async\" data-attachment-id=\"5655\" data-permalink=\"https:\/\/grupo.us.es\/iwpr\/aproximacion-al-proyecto-trabexit\/proyecto-trabexit-2\/\" data-orig-file=\"https:\/\/i0.wp.com\/grupo.us.es\/iwpr\/wp-content\/uploads\/2024\/01\/Proyecto-Trabexit-e1704890085990.png?fit=493%2C155&amp;ssl=1\" data-orig-size=\"493,155\" data-comments-opened=\"1\" data-image-meta=\"{&quot;aperture&quot;:&quot;0&quot;,&quot;credit&quot;:&quot;&quot;,&quot;camera&quot;:&quot;&quot;,&quot;caption&quot;:&quot;&quot;,&quot;created_timestamp&quot;:&quot;0&quot;,&quot;copyright&quot;:&quot;&quot;,&quot;focal_length&quot;:&quot;0&quot;,&quot;iso&quot;:&quot;0&quot;,&quot;shutter_speed&quot;:&quot;0&quot;,&quot;title&quot;:&quot;&quot;,&quot;orientation&quot;:&quot;0&quot;}\" data-image-title=\"Proyecto Trabexit\" data-image-description=\"\" data-image-caption=\"\" data-large-file=\"https:\/\/i0.wp.com\/grupo.us.es\/iwpr\/wp-content\/uploads\/2024\/01\/Proyecto-Trabexit-e1704890085990.png?fit=493%2C155&amp;ssl=1\" class=\"aligncenter wp-image-5655 size-full\" src=\"https:\/\/i0.wp.com\/grupo.us.es\/iwpr\/wp-content\/uploads\/2024\/01\/Proyecto-Trabexit-e1704890085990.png?resize=493%2C155\" alt=\"\" width=\"493\" height=\"155\" srcset=\"https:\/\/i0.wp.com\/grupo.us.es\/iwpr\/wp-content\/uploads\/2024\/01\/Proyecto-Trabexit-e1704890085990.png?w=493&amp;ssl=1 493w, https:\/\/i0.wp.com\/grupo.us.es\/iwpr\/wp-content\/uploads\/2024\/01\/Proyecto-Trabexit-e1704890085990.png?resize=300%2C94&amp;ssl=1 300w, https:\/\/i0.wp.com\/grupo.us.es\/iwpr\/wp-content\/uploads\/2024\/01\/Proyecto-Trabexit-e1704890085990.png?resize=150%2C47&amp;ssl=1 150w\" sizes=\"auto, (max-width: 493px) 100vw, 493px\" \/><\/p>\n<p>Somos investigadores de distintas universidades y entornos acad\u00e9micos (Derecho, Econom\u00eda, Empresa, Sociolog\u00eda, Historia, Psicolog\u00eda), y nos pareci\u00f3 interesante iniciar una l\u00ednea de trabajo dedicada a estudiar un fen\u00f3meno que viene produci\u00e9ndose en nuestro mercado de trabajo desde hace algunos a\u00f1os, y que sent\u00edamos no hab\u00eda recibido suficiente atenci\u00f3n. No era desconocido, ni mucho menos ignorado, pero s\u00ed pens\u00e1bamos que no estaba siendo percibido adecuadamente, en el sentido de que se analizaban algunas de sus manifestaciones, de manera aislada y sin considerarlas partes o expresiones de una realidad m\u00e1s amplia y unitaria. Una de las razones para ello era la falta de una denominaci\u00f3n \u00fanica que englobara todas estas pr\u00e1cticas, ayudando as\u00ed a entenderlas de manera integrada.<\/p>\n<p>De todas estas expresiones la m\u00e1s llamativa, y por ello estudiada, fue la de la Gran Renuncia, un fen\u00f3meno de huida del mercado de trabajo producido en Estados Unidos tras la pandemia COVID que en su momento recibi\u00f3 una gran atenci\u00f3n en prensa, redes sociales y entornos acad\u00e9micos. La generalizaci\u00f3n de esta idea sirvi\u00f3 para llamar la atenci\u00f3n sobre la necesidad de estudiar el comportamiento de las personas en el mercado de trabajo. Pero tuvo, sin embargo, un efecto contraproducente hasta cierto punto, porque las grandes diferencias entre las realidades norteamericana y espa\u00f1ola hicieron concluir, a nuestro modo apresuradamente, que esta realidad era completamente ajena a nuestro mercado laboral. Todo lo m\u00e1s, podr\u00eda hablarse de una \u201cGran Rotaci\u00f3n\u201d, que obedec\u00eda a causas muy distintas a las que motivaban la Gran Renuncia. Fue com\u00fan durante este per\u00edodo, adem\u00e1s, explicar los cambios que se percib\u00edan en este mercado por motivos culturales y demogr\u00e1ficos, como consecuencia del cambio generacional que se estaba produciendo. Las personas reaccionaban de distinta manera porque, en realidad, eran distintas personas.<\/p>\n<p>Sin embargo, esta explicaci\u00f3n nos result\u00f3 insatisfactoria, y pensamos que era necesario un estudio m\u00e1s detallado de la realidad laboral espa\u00f1ola para tener una idea ajustada de lo que estaba pasando con las personas que trabajan en nuestro pa\u00eds. Un estudio que fuera tambi\u00e9n integral, alcanzando a aspectos y realidades que no han sido tratadas en este debate.<\/p>\n<p>Lo primero que hemos hecho como investigadores ha sido ponerle un nombre para facilitar tanto su concepci\u00f3n integrada como su conocimiento por la comunidad laboralista. Se nos ocurri\u00f3 el de TRABEXIT, combinando una denominaci\u00f3n \u00faltimamente muy de moda, la de EXIT (a partir del BREXIT), con la del \u00e1mbito del estudio, el trabajo (en castellano, nunca quisimos hablar de WORKEXIT).<\/p>\n<p>Lo segundo ha sido solicitar un proyecto de investigaci\u00f3n de la convocatoria del Ministerio de Ciencia e Innovaci\u00f3n del Reino de Espa\u00f1a, que se nos ha concedido y es el que justifica este portal.<\/p>\n<p>En el dise\u00f1o de este proyecto, y \u00e9sta es una idea que hemos desarrollado en alg\u00fan trabajo en curso de publicaci\u00f3n, hemos identificado, desde una perspectiva jur\u00eddica, varios \u00e1mbitos concretos en los que el Derecho del Trabajo y de la Seguridad Social afecta al comportamiento de las personas en el mercado de trabajo: la regulaci\u00f3n del contrato de trabajo; el Derecho de la Seguridad Social; el Derecho constitucional; la legislaci\u00f3n fiscal y el Derecho del empleo.<\/p>\n<p>Nos hemos fijado algunas grandes preguntas cuya respuesta delimita el objeto de este proyecto:<\/p>\n<ul>\n<li>\u00bfCu\u00e1l es la dimensi\u00f3n de esta realidad?<\/li>\n<li>\u00bfCu\u00e1les son sus causas?<\/li>\n<li>\u00bfCu\u00e1l es el papel del Derecho del Trabajo en relaci\u00f3n con este fen\u00f3meno?<\/li>\n<li>\u00bfC\u00f3mo debe ajustarse el Derecho del Trabajo para gestionar esta nueva realidad?<\/li>\n<li>\u00bfQu\u00e9 papel juega la digitalizaci\u00f3n en estas tendencias?<\/li>\n<li>\u00bfCu\u00e1l es el impacto de g\u00e9nero de este fen\u00f3meno?<\/li>\n<\/ul>\n<p>&nbsp;<\/p>\n<p><img data-recalc-dims=\"1\" loading=\"lazy\" decoding=\"async\" data-attachment-id=\"5945\" data-permalink=\"https:\/\/grupo.us.es\/iwpr\/aproximacion-al-proyecto-trabexit\/thumbnail_trabexit\/\" data-orig-file=\"https:\/\/i0.wp.com\/grupo.us.es\/iwpr\/wp-content\/uploads\/2024\/02\/thumbnail_TRABEXIT.png?fit=1024%2C1024&amp;ssl=1\" data-orig-size=\"1024,1024\" data-comments-opened=\"1\" data-image-meta=\"{&quot;aperture&quot;:&quot;0&quot;,&quot;credit&quot;:&quot;&quot;,&quot;camera&quot;:&quot;&quot;,&quot;caption&quot;:&quot;&quot;,&quot;created_timestamp&quot;:&quot;0&quot;,&quot;copyright&quot;:&quot;&quot;,&quot;focal_length&quot;:&quot;0&quot;,&quot;iso&quot;:&quot;0&quot;,&quot;shutter_speed&quot;:&quot;0&quot;,&quot;title&quot;:&quot;&quot;,&quot;orientation&quot;:&quot;0&quot;}\" data-image-title=\"thumbnail_TRABEXIT\" data-image-description=\"\" data-image-caption=\"\" data-large-file=\"https:\/\/i0.wp.com\/grupo.us.es\/iwpr\/wp-content\/uploads\/2024\/02\/thumbnail_TRABEXIT.png?fit=640%2C640&amp;ssl=1\" class=\" wp-image-5945 aligncenter\" src=\"https:\/\/i0.wp.com\/grupo.us.es\/iwpr\/wp-content\/uploads\/2024\/02\/thumbnail_TRABEXIT.png?resize=415%2C415\" alt=\"\" width=\"415\" height=\"415\" srcset=\"https:\/\/i0.wp.com\/grupo.us.es\/iwpr\/wp-content\/uploads\/2024\/02\/thumbnail_TRABEXIT.png?resize=300%2C300&amp;ssl=1 300w, https:\/\/i0.wp.com\/grupo.us.es\/iwpr\/wp-content\/uploads\/2024\/02\/thumbnail_TRABEXIT.png?resize=150%2C150&amp;ssl=1 150w, https:\/\/i0.wp.com\/grupo.us.es\/iwpr\/wp-content\/uploads\/2024\/02\/thumbnail_TRABEXIT.png?resize=768%2C768&amp;ssl=1 768w, https:\/\/i0.wp.com\/grupo.us.es\/iwpr\/wp-content\/uploads\/2024\/02\/thumbnail_TRABEXIT.png?w=1024&amp;ssl=1 1024w\" sizes=\"auto, (max-width: 415px) 100vw, 415px\" \/><\/p>\n","protected":false},"excerpt":{"rendered":"<p>Este proyecto est\u00e1 financiado por la convocatoria de proyectos de investigaci\u00f3n del Ministerio de Ciencia e Innovaci\u00f3n del Reino de Espa\u00f1a, en el marco del Programa de Generaci\u00f3n del Conocimiento dentro del Plan Estatal de Investigaci\u00f3n Cient\u00edfica y T\u00e9cnica y de Innovaci\u00f3n 2021-2023. Su denominaci\u00f3n oficial es \u00abLa huida del mercado de trabajo y la&#8230;<\/p>\n","protected":false},"author":27,"featured_media":0,"parent":0,"menu_order":0,"comment_status":"closed","ping_status":"closed","template":"","meta":{"jetpack_post_was_ever_published":false,"footnotes":""},"class_list":["post-5778","page","type-page","status-publish","hentry"],"jetpack_shortlink":"https:\/\/wp.me\/P7HIjh-1vc","jetpack-related-posts":[{"id":5797,"url":"https:\/\/grupo.us.es\/iwpr\/encuentros-cientificos\/","url_meta":{"origin":5778,"position":0},"title":"Encuentros cient\u00edficos","author":"Jaime Rom\u00e1n Lemos","date":"13 febrero, 2024","format":false,"excerpt":"En esta p\u00e1gina se dar\u00e1n a conocer los diferentes congresos, seminarios y dem\u00e1s encuentros cient\u00edficos que se celebren en el marco del Proyecto Trabexit. \u00a0 Seminario de presentaci\u00f3n de proyectos de investigaci\u00f3n en Derecho del Trabajo \u00a0 Seminario de Investigaci\u00f3n en el marco del Proyecto Trabexit, 22 de febrero de\u2026","rel":"","context":"Entrada similar","block_context":{"text":"Entrada similar","link":""},"img":{"alt_text":"","src":"","width":0,"height":0},"classes":[]},{"id":5607,"url":"https:\/\/grupo.us.es\/iwpr\/proyecto-trabexit\/","url_meta":{"origin":5778,"position":1},"title":"PROYECTO TRABEXIT","author":"Miguel Carlos Rodr\u00edguez-Pi\u00f1ero Royo","date":"9 enero, 2024","format":false,"excerpt":"Somos un grupo de investigadores que hace ya m\u00e1s de un a\u00f1o decidimos presentarnos a la convocatoria de proyectos de investigaci\u00f3n del Ministerio de Ciencia e Innovaci\u00f3n del Reino de Espa\u00f1a, en el marco del Programa de Generaci\u00f3n del Conocimiento dentro del Plan Estatal de Investigaci\u00f3n Cient\u00edfica y T\u00e9cnica y\u2026","rel":"","context":"Entrada similar","block_context":{"text":"Entrada similar","link":""},"img":{"alt_text":"","src":"https:\/\/i0.wp.com\/grupo.us.es\/iwpr\/wp-content\/uploads\/2024\/01\/Imagen6-300x205.png?resize=350%2C200&ssl=1","width":350,"height":200,"srcset":"https:\/\/i0.wp.com\/grupo.us.es\/iwpr\/wp-content\/uploads\/2024\/01\/Imagen6-300x205.png?resize=350%2C200&ssl=1 1x, https:\/\/i0.wp.com\/grupo.us.es\/iwpr\/wp-content\/uploads\/2024\/01\/Imagen6-300x205.png?resize=525%2C300&ssl=1 1.5x"},"classes":[]},{"id":5842,"url":"https:\/\/grupo.us.es\/iwpr\/el-proyecto-trabexit\/","url_meta":{"origin":5778,"position":2},"title":"El Proyecto Trabexit","author":"Jaime Rom\u00e1n Lemos","date":"14 febrero, 2024","format":false,"excerpt":"Desde esta p\u00e1gina puede accederse a todo el contenido desarrollado en el marco del Proyecto Trabexit. APROXIMACI\u00d3N AL PROYECTO TRABEXIT \u00c1REAS DE TRABAJO AN\u00c1LISIS DEL MERCADO DE TRABAJO AN\u00c1LISIS DE LAS PERSONAS AN\u00c1LISIS HIST\u00d3RICOS AN\u00c1LISIS DEL ORDENAMIENTO JUR\u00cdDICO EL DERECHO DEL TRABAJO EL SISTEMA DE SEGURIDAD SOCIAL PERSPECTIVAS CONSTITUCIONALES PERSPECTIVAS\u2026","rel":"","context":"Entrada similar","block_context":{"text":"Entrada similar","link":""},"img":{"alt_text":"","src":"","width":0,"height":0},"classes":[]},{"id":5839,"url":"https:\/\/grupo.us.es\/iwpr\/la-realidad-objeto-de-estudio\/","url_meta":{"origin":5778,"position":3},"title":"La realidad objeto de estudio","author":"Jaime Rom\u00e1n Lemos","date":"14 febrero, 2024","format":false,"excerpt":"En esta p\u00e1gina pueden consultarse las principales caracter\u00edsticas, elementos y contexto de la principal materia objeto de estudio del Proyecto Trabexit. EL CONTEXTO: LA HUIDA DEL MERCADO DE TRABAJO LA IDEA DE TRABEXIT EL TRABEXIT Y SUS CONSECUENCIAS EL TRABEXIT Y SUS CAUSAS","rel":"","context":"Entrada similar","block_context":{"text":"Entrada similar","link":""},"img":{"alt_text":"","src":"","width":0,"height":0},"classes":[]},{"id":5802,"url":"https:\/\/grupo.us.es\/iwpr\/areas-de-trabajo\/","url_meta":{"origin":5778,"position":4},"title":"\u00c1reas de trabajo","author":"Jaime Rom\u00e1n Lemos","date":"13 febrero, 2024","format":false,"excerpt":"Desde esta p\u00e1gina se puede acceder a las distintas \u00e1reas de trabajo que se estudian en el marco del Proyecto TRABEXIT. AN\u00c1LISIS DEL MERCADO DE TRABAJO \u00a0 AN\u00c1LISIS DE LAS PERSONAS \u00a0 AN\u00c1LISIS HIST\u00d3RICOS \u00a0 AN\u00c1LISIS DEL ORDENAMIENTO JUR\u00cdDICO","rel":"","context":"Entrada similar","block_context":{"text":"Entrada similar","link":""},"img":{"alt_text":"","src":"","width":0,"height":0},"classes":[]},{"id":6054,"url":"https:\/\/grupo.us.es\/iwpr\/julia-dormido-abril\/","url_meta":{"origin":5778,"position":5},"title":"Julia Dormido Abril","author":"Jaime Rom\u00e1n Lemos","date":"21 marzo, 2024","format":false,"excerpt":"Es Profesora Ayudante Doctora en Derecho del Trabajo y de la Seguridad Social de la Universidad Complutense de Madrid. Con anterioridad ha sido docente en las Universidades de Sevilla y Pablo de Olavide en Derecho del Trabajo y de la Seguridad Social (a\u00f1os 2020-2024), as\u00ed como en la Universidad de\u2026","rel":"","context":"Entrada similar","block_context":{"text":"Entrada similar","link":""},"img":{"alt_text":"","src":"https:\/\/i0.wp.com\/grupo.us.es\/iwpr\/wp-content\/uploads\/2024\/03\/Julia-Dormido-Abril-300x206.jpeg?resize=350%2C200","width":350,"height":200},"classes":[]}],"jetpack_sharing_enabled":true,"_links":{"self":[{"href":"https:\/\/grupo.us.es\/iwpr\/wp-json\/wp\/v2\/pages\/5778","targetHints":{"allow":["GET"]}}],"collection":[{"href":"https:\/\/grupo.us.es\/iwpr\/wp-json\/wp\/v2\/pages"}],"about":[{"href":"https:\/\/grupo.us.es\/iwpr\/wp-json\/wp\/v2\/types\/page"}],"author":[{"embeddable":true,"href":"https:\/\/grupo.us.es\/iwpr\/wp-json\/wp\/v2\/users\/27"}],"replies":[{"embeddable":true,"href":"https:\/\/grupo.us.es\/iwpr\/wp-json\/wp\/v2\/comments?post=5778"}],"version-history":[{"count":4,"href":"https:\/\/grupo.us.es\/iwpr\/wp-json\/wp\/v2\/pages\/5778\/revisions"}],"predecessor-version":[{"id":5946,"href":"https:\/\/grupo.us.es\/iwpr\/wp-json\/wp\/v2\/pages\/5778\/revisions\/5946"}],"wp:attachment":[{"href":"https:\/\/grupo.us.es\/iwpr\/wp-json\/wp\/v2\/media?parent=5778"}],"curies":[{"name":"wp","href":"https:\/\/api.w.org\/{rel}","templated":true}]}}