{"id":5646,"date":"2024-01-10T11:48:33","date_gmt":"2024-01-10T10:48:33","guid":{"rendered":"http:\/\/grupo.us.es\/newiwpr\/?page_id=5646"},"modified":"2024-01-10T11:48:33","modified_gmt":"2024-01-10T10:48:33","slug":"proyectos-actuales","status":"publish","type":"page","link":"https:\/\/grupo.us.es\/iwpr\/proyectos-actuales\/","title":{"rendered":"Proyectos Actuales"},"content":{"rendered":"<p>En este apartado pueden consultarse los proyectos vigentes que est\u00e1n siendo desarrollados por nuestros miembros.<\/p>\n","protected":false},"excerpt":{"rendered":"<p>En este apartado pueden consultarse los proyectos vigentes que est\u00e1n siendo desarrollados por nuestros miembros.<\/p>\n","protected":false},"author":27,"featured_media":0,"parent":0,"menu_order":0,"comment_status":"closed","ping_status":"closed","template":"","meta":{"jetpack_post_was_ever_published":false,"footnotes":""},"class_list":["post-5646","page","type-page","status-publish","hentry"],"jetpack_shortlink":"https:\/\/wp.me\/P7HIjh-1t4","jetpack-related-posts":[{"id":5629,"url":"https:\/\/grupo.us.es\/iwpr\/proyectos-historicos\/","url_meta":{"origin":5646,"position":0},"title":"Proyectos Hist\u00f3ricos","author":"Jaime Rom\u00e1n Lemos","date":"10 enero, 2024","format":false,"excerpt":"En este apartado pueden consultarse los proyectos anteriores que han sido desarrollado por nuestros miembros.","rel":"","context":"Entrada similar","block_context":{"text":"Entrada similar","link":""},"img":{"alt_text":"","src":"","width":0,"height":0},"classes":[]},{"id":2,"url":"https:\/\/grupo.us.es\/iwpr\/pagina-ejemplo\/","url_meta":{"origin":5646,"position":1},"title":"El Derecho ante los nuevos retos del mercado laboral","author":"Fco. Javier Calvo Gallego","date":"8 julio, 2016","format":false,"excerpt":"Presentaci\u00f3n general Inmersos en el omnipresente cambio, quiz\u00e1s no apreciemos ni la intensidad del mismo, ni la profundidad de las alteraciones sociales, econ\u00f3micas y jur\u00eddicas que est\u00e1 provocando en nuestra sociedad. Si en su momento la revoluci\u00f3n industrial permiti\u00f3 el paso de una econom\u00eda agr\u00edcola y local a otra industrial\u2026","rel":"","context":"Entrada similar","block_context":{"text":"Entrada similar","link":""},"img":{"alt_text":"","src":"https:\/\/i0.wp.com\/grupo.us.es\/iwpr\/wp-content\/uploads\/2020\/09\/financiacion-2-300x118.png?resize=350%2C200","width":350,"height":200},"classes":[]},{"id":6063,"url":"https:\/\/grupo.us.es\/iwpr\/jose-manuel-morales-ortega\/","url_meta":{"origin":5646,"position":2},"title":"Jos\u00e9 Manuel Morales Ortega","author":"Jaime Rom\u00e1n Lemos","date":"21 marzo, 2024","format":false,"excerpt":"Es Catedr\u00e1tico de Derecho del Trabajo y de la Seguridad Social en la Universidad de M\u00e1laga. La actividad docente e investigadora se ha desarrollado en los diferentes campos y tem\u00e1ticas del Derecho del Trabajo y de la Seguridad Social. Se est\u00e1 en posesi\u00f3n de 5 tramos del complemento auton\u00f3mico de\u2026","rel":"","context":"Entrada similar","block_context":{"text":"Entrada similar","link":""},"img":{"alt_text":"","src":"https:\/\/i0.wp.com\/grupo.us.es\/iwpr\/wp-content\/uploads\/2024\/03\/Jose-Manuel-Morales-Ortega.jpg?resize=350%2C200","width":350,"height":200},"classes":[]},{"id":1425,"url":"https:\/\/grupo.us.es\/iwpr\/congreso-final-del-proyecto-instrumentos-normativos-para-la-mejora-de-las-trayectorias-laborales-en-el-nuevo-contexto-demografico-economico-y-tecnologico\/seminario-internacional-sobre-nuevos-modelos-de-trabajo-y-consumo-economia-colaborativa-y-trabajo-en-plataforma\/","url_meta":{"origin":5646,"position":3},"title":"Seminario \u201cEconom\u00eda colaborativa y trabajo en plataforma\u201d","author":"Miguel Carlos Rodr\u00edguez-Pi\u00f1ero Royo","date":"14 septiembre, 2018","format":false,"excerpt":"Seminario internacional sobre \u201cNuevos modelos de trabajo y consumo: econom\u00eda colaborativa y trabajo en plataforma\u201d Presentaci\u00f3n En el seno del Congreso internacional \u201cInstrumentos normativos para la mejora de las trayectorias laborales en el nuevo contexto demogr\u00e1fico, econ\u00f3mico y tecnol\u00f3gico\u201d se va a celebrar en Sevilla los d\u00edas 8 y 9\u2026","rel":"","context":"Entrada similar","block_context":{"text":"Entrada similar","link":""},"img":{"alt_text":"Imagen relacionada","src":"https:\/\/i0.wp.com\/pbs.twimg.com\/profile_images\/844890706145656832\/2bpTo52n_400x400.jpg?resize=350%2C200&ssl=1","width":350,"height":200},"classes":[]},{"id":6066,"url":"https:\/\/grupo.us.es\/iwpr\/jose-antonio-ordaz-sanz\/","url_meta":{"origin":5646,"position":4},"title":"Jos\u00e9 Antonio Ordaz Sanz","author":"Jaime Rom\u00e1n Lemos","date":"21 marzo, 2024","format":false,"excerpt":"Licenciado en Ciencias Econ\u00f3micas y Empresariales (secci\u00f3n Econom\u00eda General) por la Universidad de Sevilla en 1992 y Doctor por la misma universidad en 2004, inicia su carrera docente e investigadora en diciembre de 1992 en el Departamento de Econom\u00eda Aplicada I de la Universidad de Sevilla. Tras su paso posterior\u2026","rel":"","context":"Entrada similar","block_context":{"text":"Entrada similar","link":""},"img":{"alt_text":"","src":"https:\/\/i0.wp.com\/grupo.us.es\/iwpr\/wp-content\/uploads\/2024\/03\/Jose-Antonio-Ordaz-Sanz.jpg?resize=350%2C200","width":350,"height":200},"classes":[]},{"id":86,"url":"https:\/\/grupo.us.es\/iwpr\/entidades-colaboradoras\/","url_meta":{"origin":5646,"position":5},"title":"Entidades colaboradoras y Blogs","author":"Agustin Gal\u00e1n Garc\u00eda","date":"14 julio, 2016","format":false,"excerpt":"Blogs recomendados Blog de Jes\u00fas Cruz Villal\u00f3n.\u00a0 Reflexiones y comentarios de cuestiones sociales y laborales de actualidad El nuevo y cambiante mundo del trabajo. Una mirada abierta y cr\u00edtica a las nuevas realidades laborales por el Pr. Dr. Eduardo Rojo Una mirada cr\u00edtica a las relaciones laborales Por Ignasi Beltran\u2026","rel":"","context":"Entrada similar","block_context":{"text":"Entrada similar","link":""},"img":{"alt_text":"logo catedra cepsa","src":"https:\/\/i0.wp.com\/grupo.us.es\/iwpr\/wp-content\/uploads\/2016\/07\/logo-catedra-cepsa-300x116.png?resize=350%2C200","width":350,"height":200},"classes":[]}],"jetpack_sharing_enabled":true,"_links":{"self":[{"href":"https:\/\/grupo.us.es\/iwpr\/wp-json\/wp\/v2\/pages\/5646","targetHints":{"allow":["GET"]}}],"collection":[{"href":"https:\/\/grupo.us.es\/iwpr\/wp-json\/wp\/v2\/pages"}],"about":[{"href":"https:\/\/grupo.us.es\/iwpr\/wp-json\/wp\/v2\/types\/page"}],"author":[{"embeddable":true,"href":"https:\/\/grupo.us.es\/iwpr\/wp-json\/wp\/v2\/users\/27"}],"replies":[{"embeddable":true,"href":"https:\/\/grupo.us.es\/iwpr\/wp-json\/wp\/v2\/comments?post=5646"}],"version-history":[{"count":1,"href":"https:\/\/grupo.us.es\/iwpr\/wp-json\/wp\/v2\/pages\/5646\/revisions"}],"predecessor-version":[{"id":5647,"href":"https:\/\/grupo.us.es\/iwpr\/wp-json\/wp\/v2\/pages\/5646\/revisions\/5647"}],"wp:attachment":[{"href":"https:\/\/grupo.us.es\/iwpr\/wp-json\/wp\/v2\/media?parent=5646"}],"curies":[{"name":"wp","href":"https:\/\/api.w.org\/{rel}","templated":true}]}}