{"id":5629,"date":"2024-01-10T10:21:15","date_gmt":"2024-01-10T09:21:15","guid":{"rendered":"http:\/\/grupo.us.es\/newiwpr\/?page_id=5629"},"modified":"2024-01-10T10:21:15","modified_gmt":"2024-01-10T09:21:15","slug":"proyectos-historicos","status":"publish","type":"page","link":"https:\/\/grupo.us.es\/iwpr\/proyectos-historicos\/","title":{"rendered":"Proyectos Hist\u00f3ricos"},"content":{"rendered":"<p>En este apartado pueden consultarse los proyectos anteriores que han sido desarrollado por nuestros miembros.<\/p>\n","protected":false},"excerpt":{"rendered":"<p>En este apartado pueden consultarse los proyectos anteriores que han sido desarrollado por nuestros miembros.<\/p>\n","protected":false},"author":27,"featured_media":0,"parent":0,"menu_order":0,"comment_status":"closed","ping_status":"closed","template":"","meta":{"jetpack_post_was_ever_published":false,"footnotes":""},"class_list":["post-5629","page","type-page","status-publish","hentry"],"jetpack_shortlink":"https:\/\/wp.me\/P7HIjh-1sN","jetpack-related-posts":[{"id":5646,"url":"https:\/\/grupo.us.es\/iwpr\/proyectos-actuales\/","url_meta":{"origin":5629,"position":0},"title":"Proyectos Actuales","author":"Jaime Rom\u00e1n Lemos","date":"10 enero, 2024","format":false,"excerpt":"En este apartado pueden consultarse los proyectos vigentes que est\u00e1n siendo desarrollados por nuestros miembros.","rel":"","context":"Entrada similar","block_context":{"text":"Entrada similar","link":""},"img":{"alt_text":"","src":"","width":0,"height":0},"classes":[]},{"id":6063,"url":"https:\/\/grupo.us.es\/iwpr\/jose-manuel-morales-ortega\/","url_meta":{"origin":5629,"position":1},"title":"Jos\u00e9 Manuel Morales Ortega","author":"Jaime Rom\u00e1n Lemos","date":"21 marzo, 2024","format":false,"excerpt":"Es Catedr\u00e1tico de Derecho del Trabajo y de la Seguridad Social en la Universidad de M\u00e1laga. La actividad docente e investigadora se ha desarrollado en los diferentes campos y tem\u00e1ticas del Derecho del Trabajo y de la Seguridad Social. Se est\u00e1 en posesi\u00f3n de 5 tramos del complemento auton\u00f3mico de\u2026","rel":"","context":"Entrada similar","block_context":{"text":"Entrada similar","link":""},"img":{"alt_text":"","src":"https:\/\/i0.wp.com\/grupo.us.es\/iwpr\/wp-content\/uploads\/2024\/03\/Jose-Manuel-Morales-Ortega.jpg?resize=350%2C200","width":350,"height":200},"classes":[]},{"id":2,"url":"https:\/\/grupo.us.es\/iwpr\/pagina-ejemplo\/","url_meta":{"origin":5629,"position":2},"title":"El Derecho ante los nuevos retos del mercado laboral","author":"Fco. Javier Calvo Gallego","date":"8 julio, 2016","format":false,"excerpt":"Presentaci\u00f3n general Inmersos en el omnipresente cambio, quiz\u00e1s no apreciemos ni la intensidad del mismo, ni la profundidad de las alteraciones sociales, econ\u00f3micas y jur\u00eddicas que est\u00e1 provocando en nuestra sociedad. Si en su momento la revoluci\u00f3n industrial permiti\u00f3 el paso de una econom\u00eda agr\u00edcola y local a otra industrial\u2026","rel":"","context":"Entrada similar","block_context":{"text":"Entrada similar","link":""},"img":{"alt_text":"","src":"https:\/\/i0.wp.com\/grupo.us.es\/iwpr\/wp-content\/uploads\/2020\/09\/financiacion-2-300x118.png?resize=350%2C200","width":350,"height":200},"classes":[]},{"id":5778,"url":"https:\/\/grupo.us.es\/iwpr\/aproximacion-al-proyecto-trabexit\/","url_meta":{"origin":5629,"position":3},"title":"Aproximaci\u00f3n al Proyecto Trabexit","author":"Jaime Rom\u00e1n Lemos","date":"13 febrero, 2024","format":false,"excerpt":"Este proyecto est\u00e1 financiado por la convocatoria de proyectos de investigaci\u00f3n del Ministerio de Ciencia e Innovaci\u00f3n del Reino de Espa\u00f1a, en el marco del Programa de Generaci\u00f3n del Conocimiento dentro del Plan Estatal de Investigaci\u00f3n Cient\u00edfica y T\u00e9cnica y de Innovaci\u00f3n 2021-2023. Su denominaci\u00f3n oficial es \"La huida del\u2026","rel":"","context":"Entrada similar","block_context":{"text":"Entrada similar","link":""},"img":{"alt_text":"","src":"https:\/\/i0.wp.com\/grupo.us.es\/iwpr\/wp-content\/uploads\/2024\/01\/Proyecto-Trabexit-e1704890085990.png?resize=350%2C200","width":350,"height":200},"classes":[]},{"id":1425,"url":"https:\/\/grupo.us.es\/iwpr\/congreso-final-del-proyecto-instrumentos-normativos-para-la-mejora-de-las-trayectorias-laborales-en-el-nuevo-contexto-demografico-economico-y-tecnologico\/seminario-internacional-sobre-nuevos-modelos-de-trabajo-y-consumo-economia-colaborativa-y-trabajo-en-plataforma\/","url_meta":{"origin":5629,"position":4},"title":"Seminario \u201cEconom\u00eda colaborativa y trabajo en plataforma\u201d","author":"Miguel Carlos Rodr\u00edguez-Pi\u00f1ero Royo","date":"14 septiembre, 2018","format":false,"excerpt":"Seminario internacional sobre \u201cNuevos modelos de trabajo y consumo: econom\u00eda colaborativa y trabajo en plataforma\u201d Presentaci\u00f3n En el seno del Congreso internacional \u201cInstrumentos normativos para la mejora de las trayectorias laborales en el nuevo contexto demogr\u00e1fico, econ\u00f3mico y tecnol\u00f3gico\u201d se va a celebrar en Sevilla los d\u00edas 8 y 9\u2026","rel":"","context":"Entrada similar","block_context":{"text":"Entrada similar","link":""},"img":{"alt_text":"Imagen relacionada","src":"https:\/\/i0.wp.com\/pbs.twimg.com\/profile_images\/844890706145656832\/2bpTo52n_400x400.jpg?resize=350%2C200&ssl=1","width":350,"height":200},"classes":[]},{"id":4448,"url":"https:\/\/grupo.us.es\/iwpr\/el-proyecto-reforma-laboral-2021\/","url_meta":{"origin":5629,"position":5},"title":"El Proyecto Reforma Laboral 2021","author":"Miguel Carlos Rodr\u00edguez-Pi\u00f1ero Royo","date":"12 enero, 2022","format":false,"excerpt":"IUSLABLOG, en colaboraci\u00f3n con la revista electr\u00f3nica \u201cTrabajo, persona, derecho, mercado\u201d, lanza la iniciativa \u201cProyecto Reforma Laboral 2021\u201d. Se trata de un proyecto destinado al an\u00e1lisis y la difusi\u00f3n del proceso de reforma. Colaboran con esta iniciativa el Grupo de Investigaci\u00f3n PAIDI SEJ-322 y el proyecto FEDER18-1264479 \u201cNuevas Causas y\u2026","rel":"","context":"Entrada similar","block_context":{"text":"Entrada similar","link":""},"img":{"alt_text":"","src":"","width":0,"height":0},"classes":[]}],"jetpack_sharing_enabled":true,"_links":{"self":[{"href":"https:\/\/grupo.us.es\/iwpr\/wp-json\/wp\/v2\/pages\/5629","targetHints":{"allow":["GET"]}}],"collection":[{"href":"https:\/\/grupo.us.es\/iwpr\/wp-json\/wp\/v2\/pages"}],"about":[{"href":"https:\/\/grupo.us.es\/iwpr\/wp-json\/wp\/v2\/types\/page"}],"author":[{"embeddable":true,"href":"https:\/\/grupo.us.es\/iwpr\/wp-json\/wp\/v2\/users\/27"}],"replies":[{"embeddable":true,"href":"https:\/\/grupo.us.es\/iwpr\/wp-json\/wp\/v2\/comments?post=5629"}],"version-history":[{"count":1,"href":"https:\/\/grupo.us.es\/iwpr\/wp-json\/wp\/v2\/pages\/5629\/revisions"}],"predecessor-version":[{"id":5630,"href":"https:\/\/grupo.us.es\/iwpr\/wp-json\/wp\/v2\/pages\/5629\/revisions\/5630"}],"wp:attachment":[{"href":"https:\/\/grupo.us.es\/iwpr\/wp-json\/wp\/v2\/media?parent=5629"}],"curies":[{"name":"wp","href":"https:\/\/api.w.org\/{rel}","templated":true}]}}