{"id":5607,"date":"2024-01-09T11:18:37","date_gmt":"2024-01-09T10:18:37","guid":{"rendered":"http:\/\/grupo.us.es\/newiwpr\/?page_id=5607"},"modified":"2025-09-11T12:26:24","modified_gmt":"2025-09-11T10:26:24","slug":"proyecto-trabexit","status":"publish","type":"page","link":"https:\/\/grupo.us.es\/iwpr\/proyecto-trabexit\/","title":{"rendered":"PROYECTO TRABEXIT"},"content":{"rendered":"<p><img data-recalc-dims=\"1\" loading=\"lazy\" decoding=\"async\" class=\"aligncenter\" src=\"https:\/\/i0.wp.com\/grupo.us.es\/iwpr\/wp-content\/uploads\/2024\/01\/Imagen6-300x205.png?resize=540%2C369&#038;ssl=1\" width=\"540\" height=\"369\" \/><\/p>\n<p>Somos un grupo de investigadores que hace ya m\u00e1s de un a\u00f1o decidimos presentarnos a la convocatoria de proyectos de investigaci\u00f3n del Ministerio de Ciencia e Innovaci\u00f3n del Reino de Espa\u00f1a, en el marco del Programa de Generaci\u00f3n del Conocimiento dentro del Plan Estatal de Investigaci\u00f3n Cient\u00edfica y T\u00e9cnica y de Innovaci\u00f3n 2021-2023. Este proyecto fue concedido, bajo el t\u00edtulo de \u00abLa huida del mercado de trabajo y la legislaci\u00f3n social en Espa\u00f1a (TRABEXIT), PID2022-141201OB-I00\u00bb.<\/p>\n<p>Lo hicimos a partir de nuestra convicci\u00f3n de que se estaban produciendo en nuestro mercado de trabajo que eran singulares y diferentes a tendencias anteriores, y que no estaban siendo suficientemente estudiados y comprendidos. Nuestro punto de partida es que el mercado de trabajo debe analizarse desde la perspectiva de las personas como tales, en su individualidad, con sus necesidades pero tambi\u00e9n con sus intereses, preferencias y prioridades.<\/p>\n<p>El an\u00e1lisis del mercado de trabajo desde el punto de vista de las personas nos aproxima al estudio de varios fen\u00f3menos de inter\u00e9s. Por un lado, la tendencia a abandonar los puestos de trabajo voluntariamente, que ha venido generando una alta rotaci\u00f3n en determinados sectores productivos, donde resulta dif\u00edcil encontrar trabajadores. Es lo que hemos denominado \u201cthe great resignation\u201d. Junto a este fen\u00f3meno, hemos podido conocer tambi\u00e9n la renuncia silenciosa (\u201cthe silent resignation\u201d) que se caracteriza por la p\u00e9rdida de compromiso en el puesto de trabajo, la falta de identificaci\u00f3n del trabajador con la empresa y su desconexi\u00f3n con \u00e9sta. Lo que redunda inevitablemente en una p\u00e9rdida de productividad, mayor absentismo, etc\u2026 Esta alta rotaci\u00f3n y la p\u00e9rdida de compromiso vienen provocadas por las escasas expectativas o las bajas retribuciones, que generan una alta desmotivaci\u00f3n y finalmente, la huida o la dimisi\u00f3n.<\/p>\n<p>Este fen\u00f3meno, surgido en el mercado de trabajo norteamericano, se ha extendido a otros lugares, en cada uno de los cuales ha presentado caracter\u00edsticas propias. Cuando se ha proyectado este fen\u00f3meno en nuestro pa\u00eds parece que nos hemos encontrado con un consenso generalizado en afirmar que en Espa\u00f1a no hay Gran Dimisi\u00f3n. Esto no impide, sin embargo, que se reconozca que se est\u00e1n produciendo fen\u00f3menos que de alguna manera se vinculan con \u00e9sta. As\u00ed se habla, por ejemplo, de que existe una \u201cGran Rotaci\u00f3n\u201d, porque se ha percibido un incremento en el n\u00famero de personas que dejan voluntariamente sus puestos de trabajo para buscar otros en el mismo u otros sectores; \u00e9sta ser\u00eda la versi\u00f3n oficial (la del Ministerio de Trabajo). Tambi\u00e9n se reconocen las dificultades para cubrir vacantes en algunas actividades, principalmente estacionales, una realidad a la que, seg\u00fan creo, todav\u00eda no se le ha puesto nombre.<\/p>\n<p>Con todo, un an\u00e1lisis de nuestro mercado de trabajo desde una perspectiva global nos lleva a la conclusi\u00f3n de que en \u00e9ste se manifiestan igualmente esta misma tendencia global, la del abandono del mercado de trabajo por parte de las personas, que intentan desvincularse de \u00e9ste de formas diversas, y en la medida de las posibilidades econ\u00f3micas y profesionales de cada uno.<\/p>\n<p>Es cierto que, a diferencia de cuanto ocurre en otras econom\u00edas, no se detecta un n\u00famero elevado de personas que abandonan sus empleos o que deciden dejar de trabajar del todo, de manera temporal o definitiva. Las cifras que dan nuestras estad\u00edsticas laborales no son impresionantes, pero hay algunos datos que s\u00ed llaman la atenci\u00f3n, y apuntan en la direcci\u00f3n que indicamos. De esta manera, fuentes de toda confianza sobre nuestra econom\u00eda laboral (The Adecco Institute) se\u00f1alan dos datos que apuntan a disfunciones en el mercado de trabajo espa\u00f1ol: los puestos que se quedan sin cubrir llegan al 9%; y el 80% de las empresas tiene problemas para cubrir sus vacantes. No es un fen\u00f3meno exclusivo de Espa\u00f1a, ya que EUROSTAT ha indicado que la tasa de vacantes est\u00e1 en m\u00e1ximos hist\u00f3ricos en Europa; dentro de \u00e9sta, en nuestro pa\u00eds coinciden elevados niveles de personas desempleadas y de puestos sin cubrir.<\/p>\n<p>Si ampliamos el foco y analizamos el mercado desde una perspectiva amplia vamos a encontrar diversos fen\u00f3menos en los que hay un elemento com\u00fan, que es la voluntad de buscar alternativas a unos empleos cuya calidad no se corresponde ya con las expectativas de la mayor\u00eda de las personas. Entre otros podemos identificar \u00e9stos como los m\u00e1s significativos:<\/p>\n<p>&nbsp;<\/p>\n<ul>\n<li>La dificultad de las empresas de cubrir las vacantes en algunos sectores, por falta de candidatos; esto puede deberse, a su vez, a la ausencia de personas con el perfil formativo requerido, o a que las que lo tienen no encuentran interesantes las ofertas que se generan en \u00e9stas. La respuesta es una mejora de la calidad de los empleos que se ofrecen, y el dise\u00f1o de incentivos para aceptarlos cuando se encuentra a un candidato id\u00f3neo.<\/li>\n<li>La alta rotaci\u00f3n del personal en determinadas industrias, en las que los trabajadores dise\u00f1an modelos de carrera profesional basados en la transici\u00f3n continuada de unos empleadores a otros, lo que obliga a las empresas a adaptar sus pol\u00edticas de recursos humanos para priorizar la retenci\u00f3n por todos los medios posibles. Esto es posible en aquellos sectores en los que no se requieren cualificaciones profesionales que no son comunes.<\/li>\n<li>La falta de reemplazos en determinadas profesiones y oficios, puesto que no hay personas j\u00f3venes form\u00e1ndose para ello<\/li>\n<li>El incremento del n\u00famero de personas que quieren acceder al empleo p\u00fablico, atendiendo a criterios de calidad del trabajo y de posibilidades de conciliaci\u00f3n de la vida laboral y familiar<\/li>\n<li>La emigraci\u00f3n de colectivos profesionales de alta cualificaci\u00f3n, como personal sanitario, a pesar de tener oportunidades profesionales en nuestro pa\u00eds.<\/li>\n<li>El nomadismo digital, que supone que muchos profesionales perciban nuestro pa\u00eds como un buen lugar para residir, pero cuyas empresas evitan buscando empleos remotos para empleadores extranjeros.<\/li>\n<li>La generalizaci\u00f3n del teletrabajo, que aunque se vincula principalmente con cuestiones de conciliaci\u00f3n con la vida familiar y personal, tambi\u00e9n puede tener un componente de evitaci\u00f3n de la presencia f\u00edsica de la persona en un entorno laboral en el que no se siente especialmente c\u00f3moda.<\/li>\n<li>La jubilaci\u00f3n adelantada de personas en sectores sin problemas de destrucci\u00f3n de empleo, tales como la sanidad o la educaci\u00f3n, como reacci\u00f3n frente a situaciones de insatisfacci\u00f3n y burn-out en sus trabajos.<\/li>\n<li>La extensi\u00f3n del trabajo aut\u00f3nomo a todo tipo de actividades y sectores, que se ha visto acompa\u00f1ada de nuevos modelos de prestaci\u00f3n de servicios (como las plataformas que operan como martketplaces y el crowdworking), en un contexto de verdadera \u201crevoluci\u00f3n freelance\u201d, como antes se ha se\u00f1alado.<\/li>\n<li>La aparici\u00f3n de formas de autoempleo colectivo, especialmente cooperativas, en actividades caracterizadas por el descontento con las condiciones laborales. As\u00ed ha ocurrido con las plataformas cooperativas en el \u00e1mbito del delivery, creadas por riders que no quer\u00edan seguir empleados por las \u201cplataformas capitalistas\u201d del sector.<\/li>\n<\/ul>\n<p>&nbsp;<\/p>\n<p>Todos estos fen\u00f3menos tienen que com\u00fan que hay personas que se niegan a aceptar puestos de trabajo disponibles y adecuados a sus perfiles, pero insatisfactorios en algunas dimensiones, que pueden ser sus contenidos, la retribuci\u00f3n asignada, las posibilidades de conciliaci\u00f3n, o incluso su ubicaci\u00f3n f\u00edsica. Son fen\u00f3menos diferentes, es claro, ya que en algunos se abandona el mercado de trabajo de manera total (jubilaci\u00f3n prematura, desactivaci\u00f3n); mientras que en otros se evitan ciertos empleadores (emigraci\u00f3n, nomadismo digital, rotaci\u00f3n); y en alguno, finalmente, se quiere obviar la dependencia de un empleo asalariado en el sector privado (oposiciones, autoempleo, cooperativas).<\/p>\n<p>De esto vamos a ocuparnos en este proyecto. Lo primero que hemos hecho como investigadores ha sido ponerle un nombre para facilitar tanto su concepci\u00f3n integrada como su conocimiento por la comunidad laboralista. Se nos ocurri\u00f3 el de TRABEXIT, combinando una denominaci\u00f3n \u00faltimamente muy de moda, la de EXIT (a partir del BREXIT), con la del \u00e1mbito del estudio, el trabajo (en castellano, nunca quisimos hablar de WORKEXIT).<\/p>\n<p>&nbsp;<\/p>\n<p><a href=\"https:\/\/grupo.us.es\/iwpr\/la-realidad-objeto-de-estudio\/\" target=\"_blank\" rel=\"noopener noreferrer\"><strong>LA REALIDAD OBJETO DE ESTUDIO<\/strong><\/a><\/p>\n<ul>\n<li style=\"list-style-type: none;\">\n<ul>\n<li><a href=\"https:\/\/grupo.us.es\/iwpr\/el-contexto-la-huida-del-mercado-de-trabajo\/\" target=\"_blank\" rel=\"noopener noreferrer\">EL CONTEXTO: LA HUIDA DEL MERCADO DE TRABAJO<\/a><\/li>\n<li><a href=\"https:\/\/grupo.us.es\/iwpr\/la-idea-de-trabexit\/\" target=\"_blank\" rel=\"noopener noreferrer\">LA IDEA DE TRABEXIT<\/a><\/li>\n<li><a href=\"https:\/\/grupo.us.es\/iwpr\/el-trabexit-y-sus-consecuencias\/\" target=\"_blank\" rel=\"noopener noreferrer\">EL TRABEXIT Y SUS CONSECUENCIAS<\/a><\/li>\n<li><a href=\"https:\/\/grupo.us.es\/iwpr\/el-trabexit-y-sus-causas\/\" target=\"_blank\" rel=\"noopener noreferrer\">EL TRABEXIT Y SUS CAUSAS<\/a><\/li>\n<\/ul>\n<\/li>\n<li style=\"list-style-type: none;\"><\/li>\n<\/ul>\n<ul>\n<li style=\"list-style-type: none;\"><\/li>\n<\/ul>\n<ul>\n<li style=\"list-style-type: none;\"><\/li>\n<\/ul>\n<p><strong>\u00a0<\/strong><\/p>\n<p><a href=\"https:\/\/grupo.us.es\/iwpr\/el-proyecto-trabexit\/\" target=\"_blank\" rel=\"noopener noreferrer\"><strong>EL PROYECTO TRABEXIT<\/strong><\/a><\/p>\n<ul>\n<li style=\"list-style-type: none;\">\n<ul>\n<li><a href=\"https:\/\/grupo.us.es\/iwpr\/aproximacion-al-proyecto-trabexit\/\" target=\"_blank\" rel=\"noopener noreferrer\">APROXIMACI\u00d3N AL PROYECTO TRABEXIT<\/a><\/li>\n<li><a href=\"https:\/\/grupo.us.es\/iwpr\/areas-de-trabajo\/\" target=\"_blank\" rel=\"noopener noreferrer\">\u00c1REAS DE TRABAJO<\/a>\n<ul>\n<li style=\"list-style-type: none;\">\n<ul>\n<li><a href=\"https:\/\/wp.me\/P7HIjh-1Ak\" target=\"_blank\" rel=\"noopener noreferrer\">PERSPECTIVA ECON\u00d3MICO-SOCIOL\u00d3GICA<\/a>\n<ul>\n<li style=\"list-style-type: none;\">\n<ul>\n<li><a href=\"https:\/\/grupo.us.es\/iwpr\/analisis-del-mercado-de-trabajo\/\" target=\"_blank\" rel=\"noopener noreferrer\">AN\u00c1LISIS DEL MERCADO DE TRABAJO<\/a><\/li>\n<li><a href=\"https:\/\/grupo.us.es\/iwpr\/analisis-de-las-personas\/\" target=\"_blank\" rel=\"noopener noreferrer\">AN\u00c1LISIS DE LAS PERSONAS<\/a><\/li>\n<li><a href=\"https:\/\/grupo.us.es\/iwpr\/analisis-historicos\/\" target=\"_blank\" rel=\"noopener noreferrer\">AN\u00c1LISIS HIST\u00d3RICOS<\/a><\/li>\n<\/ul>\n<\/li>\n<\/ul>\n<\/li>\n<li><a href=\"https:\/\/wp.me\/P7HIjh-1Am\" target=\"_blank\" rel=\"noopener noreferrer\">PERSPECTIVA JUR\u00cdDICA<\/a>\n<ul>\n<li style=\"list-style-type: none;\">\n<ul>\n<li><a href=\"https:\/\/grupo.us.es\/iwpr\/analisis-del-ordenamiento-juridico\/\" target=\"_blank\" rel=\"noopener noreferrer\">AN\u00c1LISIS DEL ORDENAMIENTO JUR\u00cdDICO<\/a>\n<ul>\n<li style=\"list-style-type: none;\">\n<ul>\n<li><a href=\"https:\/\/grupo.us.es\/iwpr\/el-derecho-del-trabajo\/\" target=\"_blank\" rel=\"noopener noreferrer\">EL DERECHO DEL TRABAJO<\/a><\/li>\n<li><a href=\"https:\/\/grupo.us.es\/iwpr\/el-sistema-de-seguridad-social\/\" target=\"_blank\" rel=\"noopener noreferrer\">EL SISTEMA DE SEGURIDAD SOCIAL<\/a><\/li>\n<li><a href=\"https:\/\/grupo.us.es\/iwpr\/perspectivas-constitucionales\/\" target=\"_blank\" rel=\"noopener noreferrer\">PERSPECTIVAS CONSTITUCIONALES<\/a><\/li>\n<li><a href=\"https:\/\/grupo.us.es\/iwpr\/perspectivas-fiscales\/\" target=\"_blank\" rel=\"noopener noreferrer\">PERSPECTIVAS FISCALES<\/a><\/li>\n<li><a href=\"https:\/\/wp.me\/P7HIjh-1Ao\" target=\"_blank\" rel=\"noopener noreferrer\">PERSPECTIVAS MERCANTILES<\/a><\/li>\n<li><a href=\"https:\/\/grupo.us.es\/iwpr\/el-derecho-del-empleo\/\" target=\"_blank\" rel=\"noopener noreferrer\">EL DERECHO DEL EMPLEO<\/a><\/li>\n<\/ul>\n<\/li>\n<\/ul>\n<\/li>\n<\/ul>\n<\/li>\n<\/ul>\n<\/li>\n<\/ul>\n<\/li>\n<\/ul>\n<\/li>\n<li><a href=\"https:\/\/grupo.us.es\/iwpr\/equipo-de-trabajo\/\" target=\"_blank\" rel=\"noopener noreferrer\">EQUIPO DE TRABAJO<\/a><\/li>\n<li><a href=\"https:\/\/grupo.us.es\/iwpr\/produccion-cientifica\/\" target=\"_blank\" rel=\"noopener noreferrer\">PRODUCCI\u00d3N CIENT\u00cdFICA<\/a><\/li>\n<li><a href=\"https:\/\/grupo.us.es\/iwpr\/encuentros-cientificos\/\" target=\"_blank\" rel=\"noopener noreferrer\">ENCUENTROS CIENT\u00cdFICOS<\/a><\/li>\n<li><a href=\"https:\/\/grupo.us.es\/iwpr\/materiales\/\" target=\"_blank\" rel=\"noopener noreferrer\">MATERIALES<\/a><\/li>\n<\/ul>\n<\/li>\n<\/ul>\n<p>&nbsp;<\/p>\n<p>&nbsp;<\/p>\n<p><img data-recalc-dims=\"1\" loading=\"lazy\" decoding=\"async\" data-attachment-id=\"5754\" data-permalink=\"https:\/\/grupo.us.es\/iwpr\/proyecto-trabexit\/trabexit-2\/\" data-orig-file=\"https:\/\/i0.wp.com\/grupo.us.es\/iwpr\/wp-content\/uploads\/2024\/02\/Trabexit-2.png?fit=1229%2C835&amp;ssl=1\" data-orig-size=\"1229,835\" data-comments-opened=\"1\" data-image-meta=\"{&quot;aperture&quot;:&quot;0&quot;,&quot;credit&quot;:&quot;&quot;,&quot;camera&quot;:&quot;&quot;,&quot;caption&quot;:&quot;&quot;,&quot;created_timestamp&quot;:&quot;0&quot;,&quot;copyright&quot;:&quot;&quot;,&quot;focal_length&quot;:&quot;0&quot;,&quot;iso&quot;:&quot;0&quot;,&quot;shutter_speed&quot;:&quot;0&quot;,&quot;title&quot;:&quot;&quot;,&quot;orientation&quot;:&quot;0&quot;}\" data-image-title=\"Trabexit 2\" data-image-description=\"\" data-image-caption=\"\" data-large-file=\"https:\/\/i0.wp.com\/grupo.us.es\/iwpr\/wp-content\/uploads\/2024\/02\/Trabexit-2.png?fit=640%2C435&amp;ssl=1\" class=\" wp-image-5754 aligncenter\" src=\"https:\/\/i0.wp.com\/grupo.us.es\/iwpr\/wp-content\/uploads\/2024\/02\/Trabexit-2-300x204.png?resize=480%2C326&#038;ssl=1\" alt=\"\" width=\"480\" height=\"326\" srcset=\"https:\/\/i0.wp.com\/grupo.us.es\/iwpr\/wp-content\/uploads\/2024\/02\/Trabexit-2.png?resize=300%2C204&amp;ssl=1 300w, https:\/\/i0.wp.com\/grupo.us.es\/iwpr\/wp-content\/uploads\/2024\/02\/Trabexit-2.png?resize=1024%2C696&amp;ssl=1 1024w, https:\/\/i0.wp.com\/grupo.us.es\/iwpr\/wp-content\/uploads\/2024\/02\/Trabexit-2.png?resize=150%2C102&amp;ssl=1 150w, https:\/\/i0.wp.com\/grupo.us.es\/iwpr\/wp-content\/uploads\/2024\/02\/Trabexit-2.png?resize=768%2C522&amp;ssl=1 768w, https:\/\/i0.wp.com\/grupo.us.es\/iwpr\/wp-content\/uploads\/2024\/02\/Trabexit-2.png?w=1229&amp;ssl=1 1229w\" sizes=\"auto, (max-width: 480px) 100vw, 480px\" \/><\/p>\n","protected":false},"excerpt":{"rendered":"<p>Somos un grupo de investigadores que hace ya m\u00e1s de un a\u00f1o decidimos presentarnos a la convocatoria de proyectos de investigaci\u00f3n del Ministerio de Ciencia e Innovaci\u00f3n del Reino de Espa\u00f1a, en el marco del Programa de Generaci\u00f3n del Conocimiento dentro del Plan Estatal de Investigaci\u00f3n Cient\u00edfica y T\u00e9cnica y de Innovaci\u00f3n 2021-2023. Este proyecto&#8230;<\/p>\n","protected":false},"author":2,"featured_media":0,"parent":0,"menu_order":0,"comment_status":"closed","ping_status":"closed","template":"","meta":{"footnotes":""},"class_list":["post-5607","page","type-page","status-publish","hentry"],"jetpack_shortlink":"https:\/\/wp.me\/P7HIjh-1sr","jetpack-related-posts":[{"id":5778,"url":"https:\/\/grupo.us.es\/iwpr\/aproximacion-al-proyecto-trabexit\/","url_meta":{"origin":5607,"position":0},"title":"Aproximaci\u00f3n al Proyecto Trabexit","author":"Jaime Rom\u00e1n Lemos","date":"13 febrero, 2024","format":false,"excerpt":"Este proyecto est\u00e1 financiado por la convocatoria de proyectos de investigaci\u00f3n del Ministerio de Ciencia e Innovaci\u00f3n del Reino de Espa\u00f1a, en el marco del Programa de Generaci\u00f3n del Conocimiento dentro del Plan Estatal de Investigaci\u00f3n Cient\u00edfica y T\u00e9cnica y de Innovaci\u00f3n 2021-2023. Su denominaci\u00f3n oficial es \"La huida del\u2026","rel":"","context":"Entrada similar","block_context":{"text":"Entrada similar","link":""},"img":{"alt_text":"","src":"https:\/\/i0.wp.com\/grupo.us.es\/iwpr\/wp-content\/uploads\/2024\/01\/Proyecto-Trabexit-e1704890085990.png?resize=350%2C200","width":350,"height":200},"classes":[]},{"id":5797,"url":"https:\/\/grupo.us.es\/iwpr\/encuentros-cientificos\/","url_meta":{"origin":5607,"position":1},"title":"Encuentros cient\u00edficos","author":"Jaime Rom\u00e1n Lemos","date":"13 febrero, 2024","format":false,"excerpt":"En esta p\u00e1gina se dar\u00e1n a conocer los diferentes congresos, seminarios y dem\u00e1s encuentros cient\u00edficos que se celebren en el marco del Proyecto Trabexit. \u00a0 Seminario de presentaci\u00f3n de proyectos de investigaci\u00f3n en Derecho del Trabajo \u00a0 Seminario de Investigaci\u00f3n en el marco del Proyecto Trabexit, 22 de febrero de\u2026","rel":"","context":"Entrada similar","block_context":{"text":"Entrada similar","link":""},"img":{"alt_text":"","src":"","width":0,"height":0},"classes":[]},{"id":5842,"url":"https:\/\/grupo.us.es\/iwpr\/el-proyecto-trabexit\/","url_meta":{"origin":5607,"position":2},"title":"El Proyecto Trabexit","author":"Jaime Rom\u00e1n Lemos","date":"14 febrero, 2024","format":false,"excerpt":"Desde esta p\u00e1gina puede accederse a todo el contenido desarrollado en el marco del Proyecto Trabexit. APROXIMACI\u00d3N AL PROYECTO TRABEXIT \u00c1REAS DE TRABAJO AN\u00c1LISIS DEL MERCADO DE TRABAJO AN\u00c1LISIS DE LAS PERSONAS AN\u00c1LISIS HIST\u00d3RICOS AN\u00c1LISIS DEL ORDENAMIENTO JUR\u00cdDICO EL DERECHO DEL TRABAJO EL SISTEMA DE SEGURIDAD SOCIAL PERSPECTIVAS CONSTITUCIONALES PERSPECTIVAS\u2026","rel":"","context":"Entrada similar","block_context":{"text":"Entrada similar","link":""},"img":{"alt_text":"","src":"","width":0,"height":0},"classes":[]},{"id":5839,"url":"https:\/\/grupo.us.es\/iwpr\/la-realidad-objeto-de-estudio\/","url_meta":{"origin":5607,"position":3},"title":"La realidad objeto de estudio","author":"Jaime Rom\u00e1n Lemos","date":"14 febrero, 2024","format":false,"excerpt":"En esta p\u00e1gina pueden consultarse las principales caracter\u00edsticas, elementos y contexto de la principal materia objeto de estudio del Proyecto Trabexit. EL CONTEXTO: LA HUIDA DEL MERCADO DE TRABAJO LA IDEA DE TRABEXIT EL TRABEXIT Y SUS CONSECUENCIAS EL TRABEXIT Y SUS CAUSAS","rel":"","context":"Entrada similar","block_context":{"text":"Entrada similar","link":""},"img":{"alt_text":"","src":"","width":0,"height":0},"classes":[]},{"id":5802,"url":"https:\/\/grupo.us.es\/iwpr\/areas-de-trabajo\/","url_meta":{"origin":5607,"position":4},"title":"\u00c1reas de trabajo","author":"Jaime Rom\u00e1n Lemos","date":"13 febrero, 2024","format":false,"excerpt":"Desde esta p\u00e1gina se puede acceder a las distintas \u00e1reas de trabajo que se estudian en el marco del Proyecto TRABEXIT. AN\u00c1LISIS DEL MERCADO DE TRABAJO \u00a0 AN\u00c1LISIS DE LAS PERSONAS \u00a0 AN\u00c1LISIS HIST\u00d3RICOS \u00a0 AN\u00c1LISIS DEL ORDENAMIENTO JUR\u00cdDICO","rel":"","context":"Entrada similar","block_context":{"text":"Entrada similar","link":""},"img":{"alt_text":"","src":"","width":0,"height":0},"classes":[]},{"id":10710,"url":"https:\/\/grupo.us.es\/iwpr\/iniciativa-interblogs-2026\/","url_meta":{"origin":5607,"position":5},"title":"INICIATIVA INTERBLOGS 2026","author":"Jaime Rom\u00e1n Lemos","date":"3 marzo, 2026","format":false,"excerpt":"Hace 2 a\u00f1os tuvo lugar una iniciativa Interblogs de Derecho del Trabajo con el t\u00edtulo de \u201cLa regulaci\u00f3n de la Inteligencia Artificial en el Mundo laboral\u201d, con el objetivo de compartir y debatir estudios e ideas sobre el impacto de la IA en el trabajo. Este a\u00f1o hemos decidido retomar\u2026","rel":"","context":"Entrada similar","block_context":{"text":"Entrada similar","link":""},"img":{"alt_text":"","src":"https:\/\/i0.wp.com\/grupo.us.es\/iwpr\/wp-content\/uploads\/2026\/03\/Iniciativa-interblogs-2.png?fit=1024%2C995&ssl=1&resize=350%2C200","width":350,"height":200,"srcset":"https:\/\/i0.wp.com\/grupo.us.es\/iwpr\/wp-content\/uploads\/2026\/03\/Iniciativa-interblogs-2.png?fit=1024%2C995&ssl=1&resize=350%2C200 1x, https:\/\/i0.wp.com\/grupo.us.es\/iwpr\/wp-content\/uploads\/2026\/03\/Iniciativa-interblogs-2.png?fit=1024%2C995&ssl=1&resize=525%2C300 1.5x, https:\/\/i0.wp.com\/grupo.us.es\/iwpr\/wp-content\/uploads\/2026\/03\/Iniciativa-interblogs-2.png?fit=1024%2C995&ssl=1&resize=700%2C400 2x"},"classes":[]}],"jetpack_sharing_enabled":true,"_links":{"self":[{"href":"https:\/\/grupo.us.es\/iwpr\/wp-json\/wp\/v2\/pages\/5607","targetHints":{"allow":["GET"]}}],"collection":[{"href":"https:\/\/grupo.us.es\/iwpr\/wp-json\/wp\/v2\/pages"}],"about":[{"href":"https:\/\/grupo.us.es\/iwpr\/wp-json\/wp\/v2\/types\/page"}],"author":[{"embeddable":true,"href":"https:\/\/grupo.us.es\/iwpr\/wp-json\/wp\/v2\/users\/2"}],"replies":[{"embeddable":true,"href":"https:\/\/grupo.us.es\/iwpr\/wp-json\/wp\/v2\/comments?post=5607"}],"version-history":[{"count":21,"href":"https:\/\/grupo.us.es\/iwpr\/wp-json\/wp\/v2\/pages\/5607\/revisions"}],"predecessor-version":[{"id":5755,"href":"https:\/\/grupo.us.es\/iwpr\/wp-json\/wp\/v2\/pages\/5607\/revisions\/5755"}],"wp:attachment":[{"href":"https:\/\/grupo.us.es\/iwpr\/wp-json\/wp\/v2\/media?parent=5607"}],"curies":[{"name":"wp","href":"https:\/\/api.w.org\/{rel}","templated":true}]}}