{"id":5579,"date":"2023-12-28T21:27:36","date_gmt":"2023-12-28T20:27:36","guid":{"rendered":"http:\/\/grupo.us.es\/newiwpr\/?page_id=5579"},"modified":"2024-12-20T13:36:11","modified_gmt":"2024-12-20T12:36:11","slug":"proyecto-segundo-aniversario-de-la-ley-riders","status":"publish","type":"page","link":"https:\/\/grupo.us.es\/iwpr\/proyecto-segundo-aniversario-de-la-ley-riders\/","title":{"rendered":"PROYECTO SEGUNDO ANIVERSARIO DE LA LEY RIDERS"},"content":{"rendered":"<p><img data-recalc-dims=\"1\" loading=\"lazy\" decoding=\"async\" data-attachment-id=\"5537\" data-permalink=\"https:\/\/grupo.us.es\/iwpr\/2023\/12\/15\/se-aprueba-el-acuerdo-sobre-la-directiva-sobre-trabajo-en-plataformas\/imagen3-3\/\" data-orig-file=\"https:\/\/i0.wp.com\/grupo.us.es\/iwpr\/wp-content\/uploads\/2023\/12\/Imagen3-e1704887879648.png?fit=200%2C83&amp;ssl=1\" data-orig-size=\"200,83\" data-comments-opened=\"1\" data-image-meta=\"{&quot;aperture&quot;:&quot;0&quot;,&quot;credit&quot;:&quot;&quot;,&quot;camera&quot;:&quot;&quot;,&quot;caption&quot;:&quot;&quot;,&quot;created_timestamp&quot;:&quot;0&quot;,&quot;copyright&quot;:&quot;&quot;,&quot;focal_length&quot;:&quot;0&quot;,&quot;iso&quot;:&quot;0&quot;,&quot;shutter_speed&quot;:&quot;0&quot;,&quot;title&quot;:&quot;&quot;,&quot;orientation&quot;:&quot;0&quot;}\" data-image-title=\"Imagen3\" data-image-description=\"\" data-image-caption=\"\" data-large-file=\"https:\/\/i0.wp.com\/grupo.us.es\/iwpr\/wp-content\/uploads\/2023\/12\/Imagen3-e1704887879648.png?fit=640%2C266&amp;ssl=1\" class=\" wp-image-5537 aligncenter\" src=\"https:\/\/i0.wp.com\/grupo.us.es\/iwpr\/wp-content\/uploads\/2023\/12\/Imagen3.png?resize=494%2C206\" alt=\"\" width=\"494\" height=\"206\" \/><\/p>\n<p>&nbsp;<\/p>\n<p>&nbsp;<\/p>\n<p>IUSLABLOG, en colaboraci\u00f3n con la revista electr\u00f3nica \u201cTrabajo, persona, derecho, mercado\u201d, lanza la iniciativa \u201cProyecto: 2\u00ba Aniversario de la Ley Riders 2023\u201d. Se trata de un proyecto destinado a la valoraci\u00f3n de la Ley 12\/2021, de 28 de septiembre tras dos a\u00f1os de vigencia. Esta norma, no exenta de conflictividad tanto en su redacci\u00f3n original como en su aplicaci\u00f3n posterior, vino a reconocer un planteamiento judicial de nuestro alto Tribunal sobre la condici\u00f3n de trabajadores\/as por cuenta ajena de aquellas personas que trabajan en plataformas de reparto. Se ha criticado de esta norma tanto su proceso de elaboraci\u00f3n, como su escaso contenido, incluso de dif\u00edcil aplicaci\u00f3n en lo concerniente a los nuevos derechos que otorga a los representantes de los trabajadores\/as.<\/p>\n<p>Dos a\u00f1os despu\u00e9s, nos hemos propuesto consultar a diferentes operadores jur\u00eddicos que intervienen en esta materia, tanto desde el punto de vista judicial, de la inspecci\u00f3n de trabajo, trabajadores y trabajadoras que tienen diferente opini\u00f3n y propuesta sobre el contenido de la norma, acad\u00e9micos, sindicatos, empresas, etc, para que nos muestren su opini\u00f3n sobre la norma que comentamos. Estamos en un escenario en el cual la norma aprobada considerada pionera por pa\u00edses de nuestro entorno, ha dado paso a algunos intentos de acuerdo colectivo en las empresas del sector de plataformas, intentos algunos fruct\u00edferos y otros que han quedado para el sue\u00f1o de los justos, pero en cualquier caso una norma y materia que no deja indiferente a quien la estudia y respecto de la cual nos queda un largo camino por andar.<\/p>\n<p>En esta larga marcha nos quedan asignaturas por conquistar, comenzando por la necesidad de una mayor \u201ctransparencia\u201d, cierto es que las Plataformas no van a desvelar el secreto de su negocio, ni lo pretendemos en este foro de opini\u00f3n, pero la opacidad no puede ser el elemento com\u00fan en el desarrollo de dicho negocio. Esta opacidad alcanza a la falta de datos oficiales reales de cu\u00e1ntas personas est\u00e1n involucradas en la situaci\u00f3n que estamos analizando, las estad\u00edsticas oficiales no nos muestran la realidad. Adem\u00e1s de esto, la lucha contra el fraude y la cesi\u00f3n no autorizada de cuentas est\u00e1 generando un \u201caut\u00e9ntico problema de dignidad en el empleo\u201d, pues los repartidores finales tienen condiciones laborales, al fin y al cabo, son condiciones laborales, que rozan la esclavitud en pleno siglo XXI.<\/p>\n<p>Adem\u00e1s de esta situaci\u00f3n, nos encontramos con la necesidad de un aut\u00e9ntico compromiso sectorial por parte de los gobernantes, la administraci\u00f3n en general, sindicatos, asociaciones, representantes de plataformas, etc, pues no s\u00f3lo los trabajadores de reparto precisan de protecci\u00f3n legal. Existen otras ramas de actividad (trabajadores del cuidado, servicio dom\u00e9stico, seguridad, servicios sociales en general) que tambi\u00e9n tienen problemas en sus condiciones laborales. Para algunos de estos colectivos el trabajo aut\u00f3nomo, con una regulaci\u00f3n mejorada a la actual, puede ser la soluci\u00f3n, para otros casos debemos acudir al trabajo por cuenta ajena pues estamos ante una \u201caut\u00e9ntica relaci\u00f3n del art\u00edculo 1\u00a0 TRET\u201d.<\/p>\n<p>Lo anterior exige dar una mayor reconocimiento y protagonismo a las asociaciones pro-trabajo aut\u00f3nomo que han surgido en relaci\u00f3n con esta materia, fundamentalmente porque existen casos donde es el trabajo aut\u00f3nomo (profesiones liberales: abogados, arquitectos, personal sanitario, etc) el que otorga un mejor encaje legal a la situaci\u00f3n en la que se encuentra parte del colectivo de trabajadores de plataformas, buscando as\u00ed una mejora de la regulaci\u00f3n actual de ese trabajo aut\u00f3nomo en Espa\u00f1a.<\/p>\n<p>Tambi\u00e9n es cierto y no podemos negar la realidad, que en la actualidad el movimiento sindical no ve con buenos ojos a esas otras formas de organizaci\u00f3n de los trabajadores, consideran que hist\u00f3ricamente los trabajadores nos hemos organizado a trav\u00e9s de los sindicatos para mejorar las condiciones y hacer contrapeso al poder desmesurado de las empresas, sin embargo, en el caso de las plataformas, se crea un escenario donde aquella acci\u00f3n colectiva defiende exactamente lo contrario: la individualidad y la competencia m\u00e1s radical. Todo esto, en su opini\u00f3n, aumenta el poder de las plataformas y legitima su modo de organizar el trabajo.<\/p>\n<p>Este proyecto est\u00e1 dirigido por la doctora D\u00f1a. Emilia Castellano Burguillo, profesora titular de Derecho del Trabajo y de la Seguridad Social de la Universidad de Huelva, y colabora con esta iniciativa el Proyecto de Investigaci\u00f3n \u00abLa huida del mercado de trabajo y la legislaci\u00f3n social en Espa\u00f1a (TRABEXIT), PID2022-141201OB-I00\u2033, de la Convocatoria 2022 \u2013 \u00abProyectos de Generaci\u00f3n de Conocimiento\u00bb, en el marco del Plan Estatal de Investigaci\u00f3n Cient\u00edfica, T\u00e9cnica y de Innovaci\u00f3n 2021-2023.<\/p>\n<p>&nbsp;<\/p>\n<p>Entradas publicadas:<\/p>\n<ul>\n<li><a href=\"https:\/\/wp.me\/p7HIjh-1qg\" target=\"_blank\" rel=\"noopener noreferrer\">La Ley Rider dos a\u00f1os despu\u00e9s: ense\u00f1anzas de una experiencia particular<\/a><\/li>\n<\/ul>\n<p>&nbsp;<\/p>\n<ul>\n<li><a href=\"https:\/\/wp.me\/p7HIjh-1r9\" target=\"_blank\" rel=\"noopener noreferrer\">Algunas ense\u00f1anzas tras dos a\u00f1os de aplicaci\u00f3n de la Ley Rider<\/a><\/li>\n<\/ul>\n<p>&nbsp;<\/p>\n<ul>\n<li><a href=\"https:\/\/wp.me\/p7HIjh-1rg\" target=\"_blank\" rel=\"noopener noreferrer\">Se logra el acuerdo para la directiva de trabajo en plataformas<\/a><\/li>\n<\/ul>\n<p>&nbsp;<\/p>\n<ul>\n<li><a href=\"https:\/\/wp.me\/p7HIjh-1r9\" target=\"_blank\" rel=\"noopener noreferrer\">\u00bfHa cumplido sus objetivos la Ley Rider?<\/a><\/li>\n<\/ul>\n<p>&nbsp;<\/p>\n<ul>\n<li><a href=\"https:\/\/wp.me\/p7HIjh-1rP\" target=\"_blank\" rel=\"noopener noreferrer\">Avances en la regulaci\u00f3n de la gesti\u00f3n algor\u00edtmica de personas<\/a><\/li>\n<\/ul>\n<p>&nbsp;<\/p>\n<ul>\n<li><a href=\"https:\/\/wp.me\/p7HIjh-1rP\" target=\"_blank\" rel=\"noopener noreferrer\">Regular mejor las plataformas digitales<\/a><\/li>\n<\/ul>\n<p>&nbsp;<\/p>\n<ul>\n<li><a href=\"https:\/\/wp.me\/p7HIjh-1sA\" target=\"_blank\" rel=\"noopener noreferrer\">El punto de vista de la judicatura despu\u00e9s de dos a\u00f1os de la aprobaci\u00f3n de la Ley 12\/2021, aspectos actuales a considerar<\/a><\/li>\n<\/ul>\n<p>&nbsp;<\/p>\n<ul>\n<li><a href=\"https:\/\/wp.me\/p7HIjh-1tw\">\u00bfEs el trabajo en plataformas una nueva realidad del Derecho del Trabajo a la que estamos dando adecuada respuesta?<\/a><\/li>\n<\/ul>\n<p>&nbsp;<\/p>\n<ul>\n<li><a href=\"https:\/\/wp.me\/p7HIjh-1tR\">Mi experiencia con la Ley \u201cRider\u201d siendo Rider: cronolog\u00eda de mi primer despido.<\/a><\/li>\n<\/ul>\n<p>&nbsp;<\/p>\n<ul>\n<li><a href=\"http:\/\/grupo.us.es\/iwpr\/2024\/02\/13\/the-position-of-the-member-states-of-the-european-union-on-the-legal-qualification-of-digital-platform-workers-i-2\/\">The Position Of The Member States Of The European Union On The Legal Qualification Of Digital Platform Workers (I)<\/a><\/li>\n<\/ul>\n<p>&nbsp;<\/p>\n<ul>\n<li><a href=\"https:\/\/wp.me\/p7HIjh-1xx\">The position of the Member States of the European Union on the legal qualification of digital platform workers (II)<\/a><\/li>\n<\/ul>\n<p>&nbsp;<\/p>\n<ul>\n<li><a href=\"https:\/\/wp.me\/p7HIjh-1yk\">Ley Rider, asignatura pendiente del sector, visi\u00f3n de la organizaci\u00f3n.<\/a><\/li>\n<\/ul>\n<p>&nbsp;<\/p>\n<ul>\n<li><a href=\"https:\/\/wp.me\/p7HIjh-1xD\">Se aclara la contrataci\u00f3n laboral de las plataformas digitales<\/a><\/li>\n<\/ul>\n<p>&nbsp;<\/p>\n<ul>\n<li><a href=\"https:\/\/wp.me\/p7HIjh-1z0\">La Reacci\u00f3n De Las Plataformas Ante La Ley Rider Y Su Incidencia En La Competencia<\/a><\/li>\n<\/ul>\n<p>&nbsp;<\/p>\n<ul>\n<li><a href=\"https:\/\/wp.me\/p7HIjh-1xM\">Explorando el trabajo de reparto en plataformas digitales: perspectivas desde Nicaragua.<\/a><\/li>\n<\/ul>\n<p>&nbsp;<\/p>\n<ul>\n<li><a href=\"http:\/\/grupo.us.es\/iwpr\/2024\/04\/10\/una-nueva-vision-comparada-de-la-ley-rider-tras-dos-anos-de-su-aprobacion\/\">Una Nueva Visi\u00f3n Comparada De La Ley Rider Tras Dos A\u00f1os De Su Aprobaci\u00f3n<\/a><\/li>\n<\/ul>\n<p>&nbsp;<\/p>\n<ul>\n<li><a href=\"https:\/\/wp.me\/p7HIjh-1G5\">Una norma penal para castigar la resistencia a aplicar la Ley \u201cRiders\u201d. El nuevo art. 311, p\u00e1rrafo 2\u00ba del C\u00f3digo Penal<\/a><\/li>\n<\/ul>\n<p>&nbsp;<\/p>\n<ul>\n<li><a href=\"https:\/\/wp.me\/p7HIjh-1I1\">Por fin la Directiva de trabajadores de plataforma<\/a><\/li>\n<\/ul>\n<p>&nbsp;<\/p>\n<ul>\n<li><a href=\"https:\/\/wp.me\/p7HIjh-1Ia\">Reflexi\u00f3n Final despu\u00e9s de m\u00e1s de dos a\u00f1os de la aprobaci\u00f3n de la Ley Rider<\/a><\/li>\n<\/ul>\n<p>&nbsp;<\/p>\n<p><strong>ENTRADAS POSTERIORES SOBRE TRABAJO EN PLATAFORMAS<\/strong><\/p>\n<ul>\n<li><a href=\"https:\/\/wp.me\/p7HIjh-22S\">La Directiva relativa a la mejora de las condiciones laborales en el trabajo en plataformas de 2024<\/a><\/li>\n<\/ul>\n<p>&nbsp;<\/p>\n<ul>\n<li><a href=\"https:\/\/wp.me\/p7HIjh-238\">Se ha publicado la directiva de trabajadores de plataforma<\/a><\/li>\n<\/ul>\n<p>&nbsp;<\/p>\n<ul>\n<li><a href=\"https:\/\/wp.me\/p7HIjh-27f\">La necesaria adaptaci\u00f3n de las reglas sobre condiciones de trabajo de los riders<\/a><\/li>\n<\/ul>\n<p>&nbsp;<\/p>\n<p>&nbsp;<\/p>\n<p>&nbsp;<\/p>\n<p>&nbsp;<\/p>\n","protected":false},"excerpt":{"rendered":"<p>&nbsp; &nbsp; IUSLABLOG, en colaboraci\u00f3n con la revista electr\u00f3nica \u201cTrabajo, persona, derecho, mercado\u201d, lanza la iniciativa \u201cProyecto: 2\u00ba Aniversario de la Ley Riders 2023\u201d. Se trata de un proyecto destinado a la valoraci\u00f3n de la Ley 12\/2021, de 28 de septiembre tras dos a\u00f1os de vigencia. Esta norma, no exenta de conflictividad tanto en su&#8230;<\/p>\n","protected":false},"author":2,"featured_media":0,"parent":0,"menu_order":0,"comment_status":"closed","ping_status":"closed","template":"","meta":{"jetpack_post_was_ever_published":false,"footnotes":""},"class_list":["post-5579","page","type-page","status-publish","hentry"],"jetpack_shortlink":"https:\/\/wp.me\/P7HIjh-1rZ","jetpack-related-posts":[{"id":5511,"url":"https:\/\/grupo.us.es\/iwpr\/proyecto-2o-aniversario-de-la-ley-riders-2023\/","url_meta":{"origin":5579,"position":0},"title":"Proyecto: 2\u00ba Aniversario de la Ley Riders 2023","author":"Miguel Carlos Rodr\u00edguez-Pi\u00f1ero Royo","date":"4 diciembre, 2023","format":false,"excerpt":"","rel":"","context":"Entrada similar","block_context":{"text":"Entrada similar","link":""},"img":{"alt_text":"","src":"","width":0,"height":0},"classes":[]},{"id":4448,"url":"https:\/\/grupo.us.es\/iwpr\/el-proyecto-reforma-laboral-2021\/","url_meta":{"origin":5579,"position":1},"title":"El Proyecto Reforma Laboral 2021","author":"Miguel Carlos Rodr\u00edguez-Pi\u00f1ero Royo","date":"12 enero, 2022","format":false,"excerpt":"IUSLABLOG, en colaboraci\u00f3n con la revista electr\u00f3nica \u201cTrabajo, persona, derecho, mercado\u201d, lanza la iniciativa \u201cProyecto Reforma Laboral 2021\u201d. Se trata de un proyecto destinado al an\u00e1lisis y la difusi\u00f3n del proceso de reforma. Colaboran con esta iniciativa el Grupo de Investigaci\u00f3n PAIDI SEJ-322 y el proyecto FEDER18-1264479 \u201cNuevas Causas y\u2026","rel":"","context":"Entrada similar","block_context":{"text":"Entrada similar","link":""},"img":{"alt_text":"","src":"","width":0,"height":0},"classes":[]},{"id":1679,"url":"https:\/\/grupo.us.es\/iwpr\/covid-19-y-derecho-social\/aspectos-de-seguridad-social\/erte-y-seguridad-social\/","url_meta":{"origin":5579,"position":2},"title":"ERTE y Seguridad Social","author":"Fco. Javier Calvo Gallego","date":"20 marzo, 2020","format":false,"excerpt":"1. Fines y tipolog\u00eda de las medidas El intento del ejecutivo de convertir\u00a0 los ERTE en uno de los elementos centrales en la gesti\u00f3n empresarial de la pandemia provocada por el COVID-19, no solo ha conducido a una evidente aceleraci\u00f3n y agilizaci\u00f3n de su procedimiento administrativo -aspectos estos ya analizados\u2026","rel":"","context":"Entrada similar","block_context":{"text":"Entrada similar","link":""},"img":{"alt_text":"","src":"","width":0,"height":0},"classes":[]},{"id":5341,"url":"https:\/\/grupo.us.es\/iwpr\/proyecto-reforma-del-derecho-del-empleo-2023\/","url_meta":{"origin":5579,"position":3},"title":"Proyecto \u00abReforma del Derecho del Empleo 2023\u00bb","author":"Miguel Carlos Rodr\u00edguez-Pi\u00f1ero Royo","date":"18 abril, 2023","format":false,"excerpt":"IUSLABLOG, en colaboraci\u00f3n con la revista electr\u00f3nica \u201cTrabajo, persona, derecho, mercado\u201d, lanza la iniciativa \u201cProyecto Reforma del Derecho del Empleo 2023\u201d. Se trata de un proyecto destinado al an\u00e1lisis y la difusi\u00f3n de la nueva Ley de Empleo, y de otros cambios en el mercado de trabajo y en su\u2026","rel":"","context":"Entrada similar","block_context":{"text":"Entrada similar","link":""},"img":{"alt_text":"","src":"https:\/\/i0.wp.com\/grupo.us.es\/iwpr\/wp-content\/uploads\/2023\/04\/Imagen1.png?fit=491%2C278&ssl=1&resize=350%2C200","width":350,"height":200},"classes":[]},{"id":5619,"url":"https:\/\/grupo.us.es\/iwpr\/proyecto-reforma-del-derecho-del-empleo-2023-2\/","url_meta":{"origin":5579,"position":4},"title":"Proyecto Reforma del Derecho del Empleo 2023","author":"Jaime Rom\u00e1n Lemos","date":"10 enero, 2024","format":false,"excerpt":"\u00a0 IUSLABLOG, en colaboraci\u00f3n con la revista electr\u00f3nica \u201cTrabajo, persona, derecho, mercado\u201d, lanza la iniciativa \u201cProyecto Reforma del Derecho del Empleo 2023\u201d. Se trata de un proyecto destinado al an\u00e1lisis y la difusi\u00f3n de la nueva Ley de Empleo, y de otros cambios en el mercado de trabajo y en\u2026","rel":"","context":"Entrada similar","block_context":{"text":"Entrada similar","link":""},"img":{"alt_text":"","src":"https:\/\/i0.wp.com\/grupo.us.es\/iwpr\/wp-content\/uploads\/2023\/04\/Imagen1-300x170.png?resize=350%2C200","width":350,"height":200},"classes":[]},{"id":3942,"url":"https:\/\/grupo.us.es\/iwpr\/proyecto-reforma-laboral-2021\/","url_meta":{"origin":5579,"position":5},"title":"Proyecto Reforma Laboral 2021","author":"Admin","date":"3 diciembre, 2021","format":false,"excerpt":"IUSLABLOG, en colaboraci\u00f3n con la revista electr\u00f3nica \u201cTrabajo, persona, derecho, mercado\u201d, lanza la iniciativa \u201cProyecto Reforma Laboral 2021\u201d. Se trata de un proyecto destinado al an\u00e1lisis y la difusi\u00f3n del proceso de reforma. Colaboran con esta iniciativa el Grupo de Investigaci\u00f3n PAIDI SEJ-322 y el proyecto FEDER18-1264479 \u201cNuevas Causas y\u2026","rel":"","context":"Entrada similar","block_context":{"text":"Entrada similar","link":""},"img":{"alt_text":"","src":"","width":0,"height":0},"classes":[]}],"jetpack_sharing_enabled":true,"_links":{"self":[{"href":"https:\/\/grupo.us.es\/iwpr\/wp-json\/wp\/v2\/pages\/5579","targetHints":{"allow":["GET"]}}],"collection":[{"href":"https:\/\/grupo.us.es\/iwpr\/wp-json\/wp\/v2\/pages"}],"about":[{"href":"https:\/\/grupo.us.es\/iwpr\/wp-json\/wp\/v2\/types\/page"}],"author":[{"embeddable":true,"href":"https:\/\/grupo.us.es\/iwpr\/wp-json\/wp\/v2\/users\/2"}],"replies":[{"embeddable":true,"href":"https:\/\/grupo.us.es\/iwpr\/wp-json\/wp\/v2\/comments?post=5579"}],"version-history":[{"count":27,"href":"https:\/\/grupo.us.es\/iwpr\/wp-json\/wp\/v2\/pages\/5579\/revisions"}],"predecessor-version":[{"id":8139,"href":"https:\/\/grupo.us.es\/iwpr\/wp-json\/wp\/v2\/pages\/5579\/revisions\/8139"}],"wp:attachment":[{"href":"https:\/\/grupo.us.es\/iwpr\/wp-json\/wp\/v2\/media?parent=5579"}],"curies":[{"name":"wp","href":"https:\/\/api.w.org\/{rel}","templated":true}]}}