{"id":4602,"date":"2022-02-01T14:22:33","date_gmt":"2022-02-01T13:22:33","guid":{"rendered":"http:\/\/grupo.us.es\/newiwpr\/?page_id=4602"},"modified":"2022-02-09T09:27:40","modified_gmt":"2022-02-09T08:27:40","slug":"materiales-docentes-sobre-la-reforma","status":"publish","type":"page","link":"https:\/\/grupo.us.es\/iwpr\/materiales-docentes-sobre-la-reforma\/","title":{"rendered":"Materiales docentes sobre la reforma"},"content":{"rendered":"<ul>\n<li><a href=\"http:\/\/grupo.us.es\/iwpr\/wp-content\/uploads\/2022\/02\/Reforma-de-la-Contratacion-Temporal3911.pdf\" target=\"_blank\" rel=\"noopener noreferrer\">La reforma de la contrataci\u00f3n laboral en el RDL32\/2021, por Francisco Javier Calvo Gallego<\/a><\/li>\n<li><a href=\"http:\/\/grupo.us.es\/iwpr\/wp-content\/uploads\/2022\/02\/Webinario-UNIA-Reforma-1.2.2022-MRPR3913.pdf\" target=\"_blank\" rel=\"noopener noreferrer\">Aspectos generales de la reforma. Subcontrataci\u00f3n, flexibilidad interna y contratos formativos, por Miguel Rodr\u00edguez-Pi\u00f1ero Royo<\/a><\/li>\n<li><a href=\"http:\/\/grupo.us.es\/iwpr\/wp-content\/uploads\/2022\/02\/Seminario-Reforma-3.2.2022-MRPR3912.pdf\" target=\"_blank\" rel=\"noopener noreferrer\">La reforma de los contratos formativos, por Miguel Rodr\u00edguez-Pi\u00f1ero Royo<\/a><\/li>\n<li><a href=\"https:\/\/uses0-my.sharepoint.com\/:v:\/g\/personal\/sftorralbo_us_es\/ES8meQfk-i9PhtaABpxKivMB6RtxCzI73BHJYuI0K4G3UA\">Webinario reforma laboral 1 de febrero de 2022<\/a><\/li>\n<\/ul>\n","protected":false},"excerpt":{"rendered":"<p>La reforma de la contrataci\u00f3n laboral en el RDL32\/2021, por Francisco Javier Calvo Gallego Aspectos generales de la reforma. Subcontrataci\u00f3n, flexibilidad interna y contratos formativos, por Miguel Rodr\u00edguez-Pi\u00f1ero Royo La reforma de los contratos formativos, por Miguel Rodr\u00edguez-Pi\u00f1ero Royo Webinario reforma laboral 1 de febrero de 2022<\/p>\n","protected":false},"author":25,"featured_media":0,"parent":0,"menu_order":0,"comment_status":"closed","ping_status":"closed","template":"","meta":{"footnotes":""},"class_list":["post-4602","page","type-page","status-publish","hentry"],"jetpack_shortlink":"https:\/\/wp.me\/P7HIjh-1ce","jetpack-related-posts":[{"id":4387,"url":"https:\/\/grupo.us.es\/iwpr\/otras-reformas\/","url_meta":{"origin":4602,"position":0},"title":"Otras reformas","author":"Miguel Carlos Rodr\u00edguez-Pi\u00f1ero Royo","date":"11 enero, 2022","format":false,"excerpt":"En este apartado se incorporar\u00e1n otros aspectos de la reforma laboral de 2021, no incluidos en los dem\u00e1s apartados. \u00a0 As\u00ed es la reforma laboral en el empleo p\u00fablico","rel":"","context":"Entrada similar","block_context":{"text":"Entrada similar","link":""},"img":{"alt_text":"","src":"","width":0,"height":0},"classes":[]},{"id":28,"url":"https:\/\/grupo.us.es\/iwpr\/blogs-personales\/miguel-carlos-rodriguez-pinero-royo\/","url_meta":{"origin":4602,"position":1},"title":"Miguel Carlos Rodr\u00edguez-Pi\u00f1ero Royo","author":"Fco. Javier Calvo Gallego","date":"8 julio, 2016","format":false,"excerpt":"Miguel\u00a0 Rodr\u00edguez-Pi\u00f1ero Royo es Catedr\u00e1tico de Derecho del Trabajo y de la Seguridad Social de la Universidad de Sevilla. Imparte su docencia en la Facultad de Derecho y en la Facultad de Ciencias del Trabajo de la Universidad de Sevilla. Colabora con la firma legal PwC Tax & Legal Services\u2026","rel":"","context":"Entrada similar","block_context":{"text":"Entrada similar","link":""},"img":{"alt_text":"","src":"https:\/\/i0.wp.com\/grupo.us.es\/iwpr\/wp-content\/uploads\/2016\/07\/IMG_20171211_163633-225x300.jpg?resize=350%2C200","width":350,"height":200},"classes":[]},{"id":3997,"url":"https:\/\/grupo.us.es\/iwpr\/la-reforma-de-la-contratacion-temporal\/","url_meta":{"origin":4602,"position":2},"title":"La reforma de la contrataci\u00f3n laboral","author":"Miguel Carlos Rodr\u00edguez-Pi\u00f1ero Royo","date":"18 diciembre, 2021","format":false,"excerpt":"Uno de los temas m\u00e1s controvertidos de todo el proceso de di\u00e1logo social es el de la contrataci\u00f3n temporal. En este punto las posiciones estaban muy enfrentadas: el Gobierno present\u00f3 unas propuestas realmente incisivas, que cortaban sustancialmente las posibilidades de contrataci\u00f3n temporal. Frente a \u00e9stas, la oposici\u00f3n de la representaci\u00f3n\u2026","rel":"","context":"Entrada similar","block_context":{"text":"Entrada similar","link":""},"img":{"alt_text":"contratos reforma laboral","src":"https:\/\/i0.wp.com\/cdn.pixabay.com\/photo\/2016\/03\/15\/09\/08\/looking-for-a-job-1257233_960_720.jpg?resize=350%2C200&ssl=1","width":350,"height":200},"classes":[]},{"id":4000,"url":"https:\/\/grupo.us.es\/iwpr\/la-reforma-de-la-flexibilidad-interna\/","url_meta":{"origin":4602,"position":3},"title":"La reforma de la flexibilidad interna","author":"Miguel Carlos Rodr\u00edguez-Pi\u00f1ero Royo","date":"18 diciembre, 2021","format":false,"excerpt":"Las medidas de flexibilidad interna son una parte importante de las propuestas presentadas por el Gobierno a la mesa de di\u00e1logo social, lo que se explica, en nuestra opini\u00f3n, por varios motivos: es preferida por las organizaciones sindicales, frente a los costes sociales asociados a la flexibilidad externa tradicional (basada\u2026","rel":"","context":"Entrada similar","block_context":{"text":"Entrada similar","link":""},"img":{"alt_text":"flexibilidad interna reforma laboral","src":"https:\/\/i0.wp.com\/cdn.pixabay.com\/photo\/2021\/11\/14\/18\/36\/telework-6795505_960_720.jpg?resize=350%2C200&ssl=1","width":350,"height":200,"srcset":"https:\/\/i0.wp.com\/cdn.pixabay.com\/photo\/2021\/11\/14\/18\/36\/telework-6795505_960_720.jpg?resize=350%2C200&ssl=1 1x, https:\/\/i0.wp.com\/cdn.pixabay.com\/photo\/2021\/11\/14\/18\/36\/telework-6795505_960_720.jpg?resize=525%2C300&ssl=1 1.5x"},"classes":[]},{"id":3872,"url":"https:\/\/grupo.us.es\/iwpr\/los-ertes-que-se-van-y-los-que-se-vienen\/","url_meta":{"origin":4602,"position":4},"title":"Los ERTES que se van y los que se vienen","author":"Miguel Carlos Rodr\u00edguez-Pi\u00f1ero Royo","date":"8 octubre, 2021","format":false,"excerpt":"Mi compa\u00f1ero de PwC Marc Carrera Domenech y yo mismo hemos publicado una columna en Expansi\u00f3n en la que comentamos la \u00faltima pr\u00f3rroga (y reforma legal) de los ERTES COVID. \u00a0 Esperamos que pueda interesaros. Pod\u00e9is acceder al texto en este enlace","rel":"","context":"Entrada similar","block_context":{"text":"Entrada similar","link":""},"img":{"alt_text":"","src":"","width":0,"height":0},"classes":[]},{"id":4293,"url":"https:\/\/grupo.us.es\/iwpr\/biblioteca-on-line-sobre-la-reforma-laboral-de-2021\/","url_meta":{"origin":4602,"position":5},"title":"Biblioteca on-line sobre la reforma laboral de 2021","author":"Admin","date":"7 enero, 2022","format":false,"excerpt":"En este apartado se publicar\u00e1n enlaces a las publicaciones que se han venido realizando en blogs y portales sobre la reforma laboral de 2021. Estudios generales La Reforma Laboral del a\u00f1o 2021. NET21, publicado el 23 de diciembre de 2021. Una valoraci\u00f3n de urgencia sobre la reforma laboral. Cr\u00f3nica sociolaboral,\u2026","rel":"","context":"Entrada similar","block_context":{"text":"Entrada similar","link":""},"img":{"alt_text":"","src":"","width":0,"height":0},"classes":[]}],"jetpack_sharing_enabled":true,"_links":{"self":[{"href":"https:\/\/grupo.us.es\/iwpr\/wp-json\/wp\/v2\/pages\/4602","targetHints":{"allow":["GET"]}}],"collection":[{"href":"https:\/\/grupo.us.es\/iwpr\/wp-json\/wp\/v2\/pages"}],"about":[{"href":"https:\/\/grupo.us.es\/iwpr\/wp-json\/wp\/v2\/types\/page"}],"author":[{"embeddable":true,"href":"https:\/\/grupo.us.es\/iwpr\/wp-json\/wp\/v2\/users\/25"}],"replies":[{"embeddable":true,"href":"https:\/\/grupo.us.es\/iwpr\/wp-json\/wp\/v2\/comments?post=4602"}],"version-history":[{"count":9,"href":"https:\/\/grupo.us.es\/iwpr\/wp-json\/wp\/v2\/pages\/4602\/revisions"}],"predecessor-version":[{"id":4665,"href":"https:\/\/grupo.us.es\/iwpr\/wp-json\/wp\/v2\/pages\/4602\/revisions\/4665"}],"wp:attachment":[{"href":"https:\/\/grupo.us.es\/iwpr\/wp-json\/wp\/v2\/media?parent=4602"}],"curies":[{"name":"wp","href":"https:\/\/api.w.org\/{rel}","templated":true}]}}