{"id":3942,"date":"2021-12-03T12:28:33","date_gmt":"2021-12-03T11:28:33","guid":{"rendered":"http:\/\/grupo.us.es\/newiwpr\/?page_id=3942"},"modified":"2022-02-01T14:26:56","modified_gmt":"2022-02-01T13:26:56","slug":"proyecto-reforma-laboral-2021","status":"publish","type":"page","link":"https:\/\/grupo.us.es\/iwpr\/proyecto-reforma-laboral-2021\/","title":{"rendered":"Proyecto Reforma Laboral 2021"},"content":{"rendered":"<p>IUSLABLOG, en colaboraci\u00f3n con la revista electr\u00f3nica \u201cTrabajo, persona, derecho, mercado\u201d, lanza la iniciativa \u201cProyecto Reforma Laboral 2021\u201d. Se trata de un proyecto destinado al an\u00e1lisis y la difusi\u00f3n del proceso de reforma. Colaboran con esta iniciativa el Grupo de Investigaci\u00f3n PAIDI SEJ-322 y el proyecto FEDER18-1264479 \u201cNuevas Causas y Perfiles de Discriminaci\u00f3n e Instrumentos para la Tutela Antidiscriminatoria en el Nuevo Contexto Tecnol\u00f3gico Social\u201d., as\u00ed como el proyecto de investigaci\u00f3n \u201cNuevas din\u00e1micas y riesgos sociales en el mercado de trabajo del siglo XXI: desigualdad, precariedad y exclusi\u00f3n social\u201d, de la convocatoria 2018 de \u00abProyectos de I+D Retos Investigaci\u00f3n\u201d, con referencia RTI2018-098794-B-C31.<\/p>\n<p>El objetivo de este proyecto es poner a disposici\u00f3n de un amplio abanico de interesados materiales, lecturas, interpretaciones y opiniones sobre el proceso de reforma laboral en curso y los cambios que introduce. En un primer momento nos centraremos en el Real Decreto-Ley 32\/2021, analiz\u00e1ndolo con un grado progresivo de profundidad a medida que se vaya disponiendo de tiempo y de materiales de apoyo, doctrinales y jurisprudenciales. En una segunda fase se integrar\u00e1n los otros procesos de cambio, los ya producidos y los que est\u00e1n todav\u00eda en curso, con el objetivo de ofrecer una visi\u00f3n completa de las transformaciones del Derecho del Trabajo de este per\u00edodo.<\/p>\n<p>Se publicar\u00e1n materiales de varios tipos y en soportes diversos. Principalmente se encontrar\u00e1 material publicado digitalmente, que incluir\u00e1 entradas de blog, comentarios y art\u00edculos cient\u00edficos. Pero habr\u00e1 tambi\u00e9n grabaciones de clases, conferencias y seminarios, as\u00ed como podcast elaborados ex profeso.<\/p>\n<p>Los destinatarios de esta iniciativa son amplios:<\/p>\n<ul>\n<li>Acad\u00e9micos que quieran una primera aproximaci\u00f3n a las distintas instituciones laborales reformadas<\/li>\n<li>Profesionales, que tengan que asesorar de manera inmediata sobre la aplicaci\u00f3n de las nuevas disposiciones<\/li>\n<li>Estudiantes que hayan visto que la formaci\u00f3n que han recibido sobre Derecho del Trabajo en sus grados y posgrados ha quedado obsoleta, por haberse modificado la normativa que han estudiado<\/li>\n<\/ul>\n<p>&nbsp;<\/p>\n<ul>\n<li>\n<h3><a href=\"https:\/\/wp.me\/P7HIjh-19K\">El Proyecto Reforma Laboral 2021<\/a><\/h3>\n<\/li>\n<li style=\"text-align: left;\">\n<h3><a href=\"https:\/\/wp.me\/P7HIjh-11C\">Aspectos generales del proceso de reforma<\/a><\/h3>\n<\/li>\n<li style=\"text-align: left;\">\n<h3><a href=\"https:\/\/wp.me\/p7HIjh-15F\">El acuerdo de 22 de diciembre de 2021 para la reforma laboral<\/a><\/h3>\n<\/li>\n<li style=\"text-align: left;\">\n<h3><a href=\"http:\/\/grupo.us.es\/iwpr\/el-real-decreto-ley-xxxx-2021\">La norma reformadora<\/a><\/h3>\n<\/li>\n<li style=\"text-align: left;\">\n<h3><a href=\"https:\/\/wp.me\/P7HIjh-12t\">La reforma de la contrataci\u00f3n laboral<\/a><\/h3>\n<\/li>\n<li style=\"text-align: left;\">\n<h3><a href=\"https:\/\/wp.me\/P7HIjh-12p\">La reforma de la negociaci\u00f3n colectiva<\/a><\/h3>\n<\/li>\n<li style=\"text-align: left;\">\n<h3><a href=\"https:\/\/wp.me\/P7HIjh-12w\">La reforma de la flexibilidad interna<\/a><\/h3>\n<\/li>\n<li style=\"text-align: left;\">\n<h3><a href=\"https:\/\/wp.me\/P7HIjh-12J\">La reforma de la subcontrataci\u00f3n<\/a><\/h3>\n<\/li>\n<li style=\"text-align: left;\">\n<h3><a href=\"http:\/\/grupo.us.es\/iwpr\/otras-reformas\/\">Otras reformas<\/a><\/h3>\n<\/li>\n<li style=\"text-align: left;\">\n<h3>Reforma laboral de 2021 y discriminaci\u00f3n<\/h3>\n<\/li>\n<li style=\"text-align: left;\">\n<h3><a href=\"http:\/\/grupo.us.es\/iwpr\/biblioteca-on-line-sobre-la-reforma-laboral-de-2021\/\">Biblioteca on-line sobre la reforma laboral de 2021<\/a><\/h3>\n<\/li>\n<li style=\"text-align: left;\">\n<h3><a href=\"http:\/\/grupo.us.es\/iwpr\/materiales-docentes-sobre-la-reforma\/\">Materiales docentes sobre la reforma<\/a><\/h3>\n<\/li>\n<\/ul>\n","protected":false},"excerpt":{"rendered":"<p>IUSLABLOG, en colaboraci\u00f3n con la revista electr\u00f3nica \u201cTrabajo, persona, derecho, mercado\u201d, lanza la iniciativa \u201cProyecto Reforma Laboral 2021\u201d. Se trata de un proyecto destinado al an\u00e1lisis y la difusi\u00f3n del proceso de reforma. Colaboran con esta iniciativa el Grupo de Investigaci\u00f3n PAIDI SEJ-322 y el proyecto FEDER18-1264479 \u201cNuevas Causas y Perfiles de Discriminaci\u00f3n e Instrumentos&#8230;<\/p>\n","protected":false},"author":25,"featured_media":0,"parent":0,"menu_order":0,"comment_status":"closed","ping_status":"closed","template":"","meta":{"jetpack_post_was_ever_published":false,"footnotes":""},"class_list":["post-3942","page","type-page","status-publish","hentry"],"jetpack_shortlink":"https:\/\/wp.me\/P7HIjh-11A","jetpack-related-posts":[{"id":4448,"url":"https:\/\/grupo.us.es\/iwpr\/el-proyecto-reforma-laboral-2021\/","url_meta":{"origin":3942,"position":0},"title":"El Proyecto Reforma Laboral 2021","author":"Miguel Carlos Rodr\u00edguez-Pi\u00f1ero Royo","date":"12 enero, 2022","format":false,"excerpt":"IUSLABLOG, en colaboraci\u00f3n con la revista electr\u00f3nica \u201cTrabajo, persona, derecho, mercado\u201d, lanza la iniciativa \u201cProyecto Reforma Laboral 2021\u201d. Se trata de un proyecto destinado al an\u00e1lisis y la difusi\u00f3n del proceso de reforma. Colaboran con esta iniciativa el Grupo de Investigaci\u00f3n PAIDI SEJ-322 y el proyecto FEDER18-1264479 \u201cNuevas Causas y\u2026","rel":"","context":"Entrada similar","block_context":{"text":"Entrada similar","link":""},"img":{"alt_text":"","src":"","width":0,"height":0},"classes":[]},{"id":6054,"url":"https:\/\/grupo.us.es\/iwpr\/julia-dormido-abril\/","url_meta":{"origin":3942,"position":1},"title":"Julia Dormido Abril","author":"Jaime Rom\u00e1n Lemos","date":"21 marzo, 2024","format":false,"excerpt":"Es Profesora Ayudante Doctora en Derecho del Trabajo y de la Seguridad Social de la Universidad Complutense de Madrid. Con anterioridad ha sido docente en las Universidades de Sevilla y Pablo de Olavide en Derecho del Trabajo y de la Seguridad Social (a\u00f1os 2020-2024), as\u00ed como en la Universidad de\u2026","rel":"","context":"Entrada similar","block_context":{"text":"Entrada similar","link":""},"img":{"alt_text":"","src":"https:\/\/i0.wp.com\/grupo.us.es\/iwpr\/wp-content\/uploads\/2024\/03\/Julia-Dormido-Abril-300x206.jpeg?resize=350%2C200","width":350,"height":200},"classes":[]},{"id":5778,"url":"https:\/\/grupo.us.es\/iwpr\/aproximacion-al-proyecto-trabexit\/","url_meta":{"origin":3942,"position":2},"title":"Aproximaci\u00f3n al Proyecto Trabexit","author":"Jaime Rom\u00e1n Lemos","date":"13 febrero, 2024","format":false,"excerpt":"Este proyecto est\u00e1 financiado por la convocatoria de proyectos de investigaci\u00f3n del Ministerio de Ciencia e Innovaci\u00f3n del Reino de Espa\u00f1a, en el marco del Programa de Generaci\u00f3n del Conocimiento dentro del Plan Estatal de Investigaci\u00f3n Cient\u00edfica y T\u00e9cnica y de Innovaci\u00f3n 2021-2023. Su denominaci\u00f3n oficial es \"La huida del\u2026","rel":"","context":"Entrada similar","block_context":{"text":"Entrada similar","link":""},"img":{"alt_text":"","src":"https:\/\/i0.wp.com\/grupo.us.es\/iwpr\/wp-content\/uploads\/2024\/01\/Proyecto-Trabexit-e1704890085990.png?resize=350%2C200","width":350,"height":200},"classes":[]},{"id":5797,"url":"https:\/\/grupo.us.es\/iwpr\/encuentros-cientificos\/","url_meta":{"origin":3942,"position":3},"title":"Encuentros cient\u00edficos","author":"Jaime Rom\u00e1n Lemos","date":"13 febrero, 2024","format":false,"excerpt":"En esta p\u00e1gina se dar\u00e1n a conocer los diferentes congresos, seminarios y dem\u00e1s encuentros cient\u00edficos que se celebren en el marco del Proyecto Trabexit. \u00a0 Seminario de presentaci\u00f3n de proyectos de investigaci\u00f3n en Derecho del Trabajo \u00a0 Seminario de Investigaci\u00f3n en el marco del Proyecto Trabexit, 22 de febrero de\u2026","rel":"","context":"Entrada similar","block_context":{"text":"Entrada similar","link":""},"img":{"alt_text":"","src":"","width":0,"height":0},"classes":[]},{"id":6352,"url":"https:\/\/grupo.us.es\/iwpr\/la-regulacion-de-la-inteligencia-artificial-en-el-mundo-laboral\/","url_meta":{"origin":3942,"position":4},"title":"La regulaci\u00f3n de la inteligencia artificial en el mundo laboral","author":"Jaime Rom\u00e1n Lemos","date":"7 abril, 2024","format":false,"excerpt":"Un grupo de profesores dedicado desde hace a\u00f1os al estudio de las cuestiones relacionadas con el impacto laboral de la tecnolog\u00eda hemos dise\u00f1ado una iniciativa Interblogs de Derecho del Trabajo con el t\u00edtulo de \u201cLa regulaci\u00f3n de la Inteligencia Artificial en el Mundo laboral\u201d, en la que se comentan diferentes\u2026","rel":"","context":"Entrada similar","block_context":{"text":"Entrada similar","link":""},"img":{"alt_text":"","src":"https:\/\/i0.wp.com\/grupo.us.es\/iwpr\/wp-content\/uploads\/2024\/04\/future-of-labour-law-and-ai-1.png?resize=350%2C200","width":350,"height":200},"classes":[]},{"id":8092,"url":"https:\/\/grupo.us.es\/iwpr\/proyecto-reforma-del-despido\/","url_meta":{"origin":3942,"position":5},"title":"PROYECTO REFORMA DEL DESPIDO","author":"Jaime Rom\u00e1n Lemos","date":"15 diciembre, 2024","format":false,"excerpt":"PRESENTACI\u00d3N \u00a0 ENTRADAS PREVIAS DE IUSLABLOG SOBRE LA REFORMA DEL DESPIDO El Supremo y la obligaci\u00f3n de audiencia previa en el despido disciplinario: m\u00e1s de lo que parece La situaci\u00f3n de los indefinidos no fijos en las administraciones p\u00fablicas tras la reciente doctrina del Tribunal de Justicia de la Uni\u00f3n\u2026","rel":"","context":"Entrada similar","block_context":{"text":"Entrada similar","link":""},"img":{"alt_text":"","src":"https:\/\/i0.wp.com\/grupo.us.es\/iwpr\/wp-content\/uploads\/2024\/12\/Despido.png?resize=350%2C200&ssl=1","width":350,"height":200,"srcset":"https:\/\/i0.wp.com\/grupo.us.es\/iwpr\/wp-content\/uploads\/2024\/12\/Despido.png?resize=350%2C200&ssl=1 1x, https:\/\/i0.wp.com\/grupo.us.es\/iwpr\/wp-content\/uploads\/2024\/12\/Despido.png?resize=525%2C300&ssl=1 1.5x, https:\/\/i0.wp.com\/grupo.us.es\/iwpr\/wp-content\/uploads\/2024\/12\/Despido.png?resize=700%2C400&ssl=1 2x"},"classes":[]}],"jetpack_sharing_enabled":true,"_links":{"self":[{"href":"https:\/\/grupo.us.es\/iwpr\/wp-json\/wp\/v2\/pages\/3942","targetHints":{"allow":["GET"]}}],"collection":[{"href":"https:\/\/grupo.us.es\/iwpr\/wp-json\/wp\/v2\/pages"}],"about":[{"href":"https:\/\/grupo.us.es\/iwpr\/wp-json\/wp\/v2\/types\/page"}],"author":[{"embeddable":true,"href":"https:\/\/grupo.us.es\/iwpr\/wp-json\/wp\/v2\/users\/25"}],"replies":[{"embeddable":true,"href":"https:\/\/grupo.us.es\/iwpr\/wp-json\/wp\/v2\/comments?post=3942"}],"version-history":[{"count":2,"href":"https:\/\/grupo.us.es\/iwpr\/wp-json\/wp\/v2\/pages\/3942\/revisions"}],"predecessor-version":[{"id":4606,"href":"https:\/\/grupo.us.es\/iwpr\/wp-json\/wp\/v2\/pages\/3942\/revisions\/4606"}],"wp:attachment":[{"href":"https:\/\/grupo.us.es\/iwpr\/wp-json\/wp\/v2\/media?parent=3942"}],"curies":[{"name":"wp","href":"https:\/\/api.w.org\/{rel}","templated":true}]}}