{"id":3937,"date":"2022-01-04T14:18:27","date_gmt":"2022-01-04T13:18:27","guid":{"rendered":"http:\/\/grupo.us.es\/newiwpr\/?page_id=3937"},"modified":"2022-03-15T10:10:14","modified_gmt":"2022-03-15T09:10:14","slug":"programa","status":"publish","type":"page","link":"https:\/\/grupo.us.es\/iwpr\/programa\/","title":{"rendered":"Programa"},"content":{"rendered":"<p style=\"text-align: center;\"><strong>16 DE MARZO DE 2022<\/strong><\/p>\n<p><strong>9:00. PRESENTACI\u00d3N<\/strong><\/p>\n<p>Decano de la Facultad de Ciencias del Trabajo; Directora del Centro de Documentaci\u00f3n Europea; IP Proyecto US-1264479<\/p>\n<p><strong>9:30. MARCO GENERAL<\/strong><\/p>\n<p>Presenta: Mar\u00eda Fernanda Fern\u00e1ndez L\u00f3pez (Universidad de Sevilla)<\/p>\n<p>9:30. Conferencia inaugural: a cargo de Miguel Rodr\u00edguez-Pi\u00f1ero y Bravo Ferrer, catedr\u00e1tico de Derecho del Trabajo y de la Seguridad Social. Consejero de Estado.<\/p>\n<p>10:15. Igualdad y Discriminaci\u00f3n en la jurisprudencia del TEDH y del TJUE. Abrah\u00e1m Barrero Ortega (Universidad de Sevilla).<\/p>\n<p><strong>11:00. DIVERSIDAD SEXUAL Y DE G\u00c9NERO<\/strong><\/p>\n<p>Presentaci\u00f3n a cargo de Blanca Rodr\u00edguez Ruiz (Universidad de Sevilla)<\/p>\n<p>11:00. Conceptos, evoluci\u00f3n y situaci\u00f3n internacional y europea. Alicia Rivas Va\u00f1o (Universidad Pablo de Olavide).<\/p>\n<p>11:45. Orientaci\u00f3n e identidad sexual en las relaciones de trabajo. Carmen S\u00e1ez Lara (Universidad de C\u00f3rdoba).<\/p>\n<p>12:30. Diversidad e inclusi\u00f3n: responsabilidad social y negociaci\u00f3n colectiva. Jos\u00e9 M. Morales Ortega (Universidad de M\u00e1laga)<\/p>\n<p>13:15. MESA DE DEBATE. Moderador: Jose M. Morales Ortega.<\/p>\n<ul>\n<li>Federaci\u00f3n Estatal de Lesbianas, Gais, Trans, Bisexuales, Intersexuales y m\u00e1s (FELGTBI+), Niurka Gibaja Yabar.<\/li>\n<li>Uni\u00f3n General de Trabajadores (UGT). To\u00f1o Abad (Responsable del \u00c1rea Confederal LGTBI).<\/li>\n<li>Red Empresarial por la diversidad e inclusi\u00f3n LGBTI (REDI). Oscar Mu\u00f1oz (Codirector General)<\/li>\n<\/ul>\n<p><strong>16:00. APARIENCIA EXTERNA, POBREZA Y ADICCIONES<\/strong><\/p>\n<p>Presentaci\u00f3n a cargo de Emilia Castellano Burguillo (Universidad de Huelva)<\/p>\n<p>16:00. Aporofobia y exclusi\u00f3n social: \u00bfuna nueva causa de discriminaci\u00f3n? Fco. Javier Calvo Gallego (Universidad de Sevilla)<\/p>\n<p>16:45. Vestimenta, sentimiento religioso y apariencia externa. Carmen Aguilar del Castillo (Universidad de Sevilla)<\/p>\n<p>17:30. Adicciones: drogas, alcohol y tabaco. Ana Dom\u00ednguez Morales (Universidad de Sevilla)<\/p>\n<p><strong>18:15. ENFERMEDAD Y DISCAPACIDAD<\/strong><\/p>\n<p>Presentaci\u00f3n a cargo de Macarena Hern\u00e1ndez Bejarano (Universidad de Sevilla)<\/p>\n<p>18:15. Concepto de enfermedad y su relaci\u00f3n con la discapacidad: en especial, el problema de la obesidad. Miguel \u00c1ngel Mart\u00ednez-Gij\u00f3n Machuca (Universidad de Sevilla).<\/p>\n<p>19:00. Discriminaci\u00f3n y covid-19 en el \u00e1mbito laboral. Mar\u00eda Luisa P\u00e9rez Guerrero (Universidad de Huelva).<\/p>\n<p>&nbsp;<\/p>\n<p style=\"text-align: center;\"><strong>17 DE MARZO DE 2022<\/strong><\/p>\n<p><strong>9:30. REVOLUCI\u00d3N TECNOL\u00d3GICA Y DISCRIMINACI\u00d3N<\/strong><\/p>\n<p>Presentaci\u00f3n a cargo de \u00c1lvaro S\u00e1nchez Bravo (Universidad de Sevilla)<\/p>\n<p>9:30. El nuevo derecho digital y los problemas de discriminaci\u00f3n. Miguel Rodr\u00edguez-Pi\u00f1ero Royo (Universidad de Sevilla)<\/p>\n<p>9:45. Plataformas y mecanismos de control por el usuario. Adri\u00e1n Todoli (Universidad de Valencia).<\/p>\n<p>10:30. Redes Sociales, reputaci\u00f3n, algoritmo y discriminaci\u00f3n. Mar\u00eda Jos\u00e9 Asquerino (Universidad de Sevilla).<\/p>\n<p>11:15. La nueva propuesta europea sobre inteligencia artificial y relaciones laborales. Patrizia Tullini (Universidad de Bolonia).<\/p>\n<p><strong>12:00 PRESENTACI\u00d3N DE COMUNICACIONES. Relatora: Macarena Sierra (Universidad de Sevilla).<\/strong><\/p>\n<p><strong>13:00.<\/strong> <strong>CONFERENCIA DE CLAUSURA. <\/strong>Presentaci\u00f3n: Jes\u00fas Cruz Villal\u00f3n (Universidad de Sevilla).<\/p>\n<p>Discriminaci\u00f3n e Igualdad: panor\u00e1mica general en el nuevo contexto tecnol\u00f3gico y social. Marzia Barbera (Universit\u00e1 degli Studi di Brescia).<\/p>\n","protected":false},"excerpt":{"rendered":"<p>16 DE MARZO DE 2022 9:00. PRESENTACI\u00d3N Decano de la Facultad de Ciencias del Trabajo; Directora del Centro de Documentaci\u00f3n Europea; IP Proyecto US-1264479 9:30. MARCO GENERAL Presenta: Mar\u00eda Fernanda Fern\u00e1ndez L\u00f3pez (Universidad de Sevilla) 9:30. Conferencia inaugural: a cargo de Miguel Rodr\u00edguez-Pi\u00f1ero y Bravo Ferrer, catedr\u00e1tico de Derecho del Trabajo y de la Seguridad&#8230;<\/p>\n","protected":false},"author":25,"featured_media":0,"parent":0,"menu_order":0,"comment_status":"closed","ping_status":"closed","template":"","meta":{"jetpack_post_was_ever_published":false,"footnotes":""},"class_list":["post-3937","page","type-page","status-publish","hentry"],"jetpack_shortlink":"https:\/\/wp.me\/P7HIjh-11v","jetpack-related-posts":[{"id":5788,"url":"https:\/\/grupo.us.es\/iwpr\/equipo-de-trabajo\/","url_meta":{"origin":3937,"position":0},"title":"Equipo de trabajo","author":"Jaime Rom\u00e1n Lemos","date":"1 marzo, 2024","format":false,"excerpt":"D\u00f1a. Mar\u00eda Luisa P\u00e9rez Guerrero Derecho del Trabajo Universidad de Huelva Contacto: malupe@ddtss.uhu.es \u00a0 D. Miguel Rodr\u00edguez-Pi\u00f1ero Royo Derecho del Trabajo Universidad de Sevilla Contacto: mrodriguez7@us.es \u00a0 D. Francisco Javier Calvo Gallego Derecho del Trabajo Universidad de Sevilla Contacto: javiercalvo@us.es \u00a0 D. Jos\u00e9 Manuel Morales Ortega Derecho del Trabajo Universidad\u2026","rel":"","context":"Entrada similar","block_context":{"text":"Entrada similar","link":""},"img":{"alt_text":"","src":"","width":0,"height":0},"classes":[]},{"id":6070,"url":"https:\/\/grupo.us.es\/iwpr\/miguel-rodriguez-pinero-royo\/","url_meta":{"origin":3937,"position":1},"title":"Miguel Rodr\u00edguez-Pi\u00f1ero Royo","author":"Jaime Rom\u00e1n Lemos","date":"21 marzo, 2024","format":false,"excerpt":"Es catedr\u00e1tico de Derecho del Trabajo y de la Seguridad Social de la Universidad de Sevilla. Es Licenciado en Derecho por la Universidad de Sevilla, con la especialidad de Derecho de la Empresa, y Doctor en Derecho por la Universidad de Bolonia. Su primera etapa de formaci\u00f3n se desarroll\u00f3 en\u2026","rel":"","context":"Entrada similar","block_context":{"text":"Entrada similar","link":""},"img":{"alt_text":"","src":"https:\/\/i0.wp.com\/grupo.us.es\/iwpr\/wp-content\/uploads\/2024\/03\/Miguel-Rodriguez-Pinero-Royo.jpg?resize=350%2C200","width":350,"height":200},"classes":[]},{"id":1425,"url":"https:\/\/grupo.us.es\/iwpr\/congreso-final-del-proyecto-instrumentos-normativos-para-la-mejora-de-las-trayectorias-laborales-en-el-nuevo-contexto-demografico-economico-y-tecnologico\/seminario-internacional-sobre-nuevos-modelos-de-trabajo-y-consumo-economia-colaborativa-y-trabajo-en-plataforma\/","url_meta":{"origin":3937,"position":2},"title":"Seminario \u201cEconom\u00eda colaborativa y trabajo en plataforma\u201d","author":"Miguel Carlos Rodr\u00edguez-Pi\u00f1ero Royo","date":"14 septiembre, 2018","format":false,"excerpt":"Seminario internacional sobre \u201cNuevos modelos de trabajo y consumo: econom\u00eda colaborativa y trabajo en plataforma\u201d Presentaci\u00f3n En el seno del Congreso internacional \u201cInstrumentos normativos para la mejora de las trayectorias laborales en el nuevo contexto demogr\u00e1fico, econ\u00f3mico y tecnol\u00f3gico\u201d se va a celebrar en Sevilla los d\u00edas 8 y 9\u2026","rel":"","context":"Entrada similar","block_context":{"text":"Entrada similar","link":""},"img":{"alt_text":"Imagen relacionada","src":"https:\/\/i0.wp.com\/pbs.twimg.com\/profile_images\/844890706145656832\/2bpTo52n_400x400.jpg?resize=350%2C200&ssl=1","width":350,"height":200},"classes":[]},{"id":1386,"url":"https:\/\/grupo.us.es\/iwpr\/congreso-final-del-proyecto-instrumentos-normativos-para-la-mejora-de-las-trayectorias-laborales-en-el-nuevo-contexto-demografico-economico-y-tecnologico\/segunda-parte-pobreza-en-la-ocupacion-y-envejecimiento-activo\/","url_meta":{"origin":3937,"position":3},"title":"Seminario \u00abPobreza en la ocupaci\u00f3n y envejecimiento activo\u00bb","author":"Miguel Carlos Rodr\u00edguez-Pi\u00f1ero Royo","date":"11 septiembre, 2018","format":false,"excerpt":"Seminario sobre \"Pobreza en la ocupaci\u00f3n y envejecimiento activo\" En el seno del Congreso internacional \u201cInstrumentos normativos para la mejora de las trayectorias laborales en el nuevo contexto demogr\u00e1fico, econ\u00f3mico y tecnol\u00f3gico\u201d se va a celebrar en Sevilla los d\u00edas 15 y 16 de noviembre de 2018 un seminario sobre\u2026","rel":"","context":"Entrada similar","block_context":{"text":"Entrada similar","link":""},"img":{"alt_text":"","src":"https:\/\/i0.wp.com\/grupo.us.es\/iwpr\/wp-content\/uploads\/2016\/07\/mineco_ue-300x53.png?resize=350%2C200","width":350,"height":200},"classes":[]},{"id":1381,"url":"https:\/\/grupo.us.es\/iwpr\/congreso-final-del-proyecto-instrumentos-normativos-para-la-mejora-de-las-trayectorias-laborales-en-el-nuevo-contexto-demografico-economico-y-tecnologico\/","url_meta":{"origin":3937,"position":4},"title":"CONGRESO FINAL DEL PROYECTO","author":"Miguel Carlos Rodr\u00edguez-Pi\u00f1ero Royo","date":"11 septiembre, 2018","format":false,"excerpt":"En el marco de los proyectos combinados que han gestionado este portal, se organiza este Congreso internacional \u201cInstrumentos normativos para la mejora de las trayectorias laborales en el nuevo contexto demogr\u00e1fico, econ\u00f3mico y tecnol\u00f3gico\u201c con el que se dar\u00e1 fin a los trabajos de investigaci\u00f3n y se presentar\u00e1n sus resultados.\u2026","rel":"","context":"Entrada similar","block_context":{"text":"Entrada similar","link":""},"img":{"alt_text":"","src":"https:\/\/i0.wp.com\/grupo.us.es\/iwpr\/wp-content\/uploads\/2016\/07\/mineco_ue-300x53.png?resize=350%2C200","width":350,"height":200,"srcset":"https:\/\/i0.wp.com\/grupo.us.es\/iwpr\/wp-content\/uploads\/2016\/07\/mineco_ue-300x53.png?resize=350%2C200 1x, https:\/\/i0.wp.com\/grupo.us.es\/iwpr\/wp-content\/uploads\/2016\/07\/mineco_ue-300x53.png?resize=525%2C300 1.5x"},"classes":[]},{"id":3927,"url":"https:\/\/grupo.us.es\/iwpr\/congreso-internacional\/","url_meta":{"origin":3937,"position":5},"title":"Congreso Internacional","author":"Admin","date":"4 enero, 2022","format":false,"excerpt":"CONGRESO INTERNACIONAL DISCRIMINACI\u00d3N Y NUEVAS REALIDADES ECON\u00d3MICAS, TECNOL\u00d3GICAS Y SOCIALES (EVENTO COFE) Las nuevas realidades tecnol\u00f3gicas, econ\u00f3micas y sociales propias de este siglo est\u00e1n generando nuevos campos (Internet, redes sociales, plataformas, etc) destacando ciertos rasgos (gen\u00e9tica, pobreza y exclusi\u00f3n social, obesidad, enfermedad, apariencia, etc), que aparecen como posibles \u00e1mbitos y\u2026","rel":"","context":"Entrada similar","block_context":{"text":"Entrada similar","link":""},"img":{"alt_text":"","src":"https:\/\/i0.wp.com\/grupo.us.es\/iwpr\/wp-content\/uploads\/2022\/02\/Captura-150x52.jpg?resize=350%2C200","width":350,"height":200},"classes":[]}],"jetpack_sharing_enabled":true,"_links":{"self":[{"href":"https:\/\/grupo.us.es\/iwpr\/wp-json\/wp\/v2\/pages\/3937","targetHints":{"allow":["GET"]}}],"collection":[{"href":"https:\/\/grupo.us.es\/iwpr\/wp-json\/wp\/v2\/pages"}],"about":[{"href":"https:\/\/grupo.us.es\/iwpr\/wp-json\/wp\/v2\/types\/page"}],"author":[{"embeddable":true,"href":"https:\/\/grupo.us.es\/iwpr\/wp-json\/wp\/v2\/users\/25"}],"replies":[{"embeddable":true,"href":"https:\/\/grupo.us.es\/iwpr\/wp-json\/wp\/v2\/comments?post=3937"}],"version-history":[{"count":2,"href":"https:\/\/grupo.us.es\/iwpr\/wp-json\/wp\/v2\/pages\/3937\/revisions"}],"predecessor-version":[{"id":4804,"href":"https:\/\/grupo.us.es\/iwpr\/wp-json\/wp\/v2\/pages\/3937\/revisions\/4804"}],"wp:attachment":[{"href":"https:\/\/grupo.us.es\/iwpr\/wp-json\/wp\/v2\/media?parent=3937"}],"curies":[{"name":"wp","href":"https:\/\/api.w.org\/{rel}","templated":true}]}}