{"id":3927,"date":"2022-01-04T14:21:13","date_gmt":"2022-01-04T13:21:13","guid":{"rendered":"http:\/\/grupo.us.es\/newiwpr\/?page_id=3927"},"modified":"2022-03-15T10:19:30","modified_gmt":"2022-03-15T09:19:30","slug":"congreso-internacional","status":"publish","type":"page","link":"https:\/\/grupo.us.es\/iwpr\/congreso-internacional\/","title":{"rendered":"Congreso Internacional"},"content":{"rendered":"<p style=\"text-align: center;\"><strong>CONGRESO INTERNACIONAL<\/strong><\/p>\n<p style=\"text-align: center;\"><strong>DISCRIMINACI\u00d3N Y NUEVAS REALIDADES ECON\u00d3MICAS, TECNOL\u00d3GICAS Y SOCIALES<\/strong><\/p>\n<p style=\"text-align: center;\"><strong>(EVENTO COFE)<\/strong><\/p>\n<p>Las nuevas realidades tecnol\u00f3gicas, econ\u00f3micas y sociales propias de este siglo est\u00e1n generando nuevos campos (Internet, redes sociales, plataformas, etc) destacando ciertos rasgos (gen\u00e9tica, pobreza y exclusi\u00f3n social, obesidad, enfermedad, apariencia, etc), que aparecen como posibles \u00e1mbitos y causas emergentes de discriminaci\u00f3n, especialmente en el campo sociolaboral. Este Congreso pretende indagar en varias de ellas en un contexto cada vez m\u00e1s global, en el que el marco comunitario o internacional juega un peso cada vez m\u00e1s importante, e incluso vital.<\/p>\n<p><strong>LUGAR Y FECHA:<\/strong><\/p>\n<ul>\n<li>16 y 17 de marzo de 2022<\/li>\n<li>Sal\u00f3n de Grados de la Facultad de Ciencias del Trabajo de la Universidad de Sevilla.<\/li>\n<li>Retransmisi\u00f3n por streaming. (enlace por determinar)<\/li>\n<\/ul>\n<p>&nbsp;<\/p>\n<h4><strong>INSCRIPCIONES: Puede inscribirse en este <a href=\"https:\/\/forms.office.com\/pages\/responsepage.aspx?id=TmhK77WBHEmpjsezG-bEadq-okSdu7hJjq8JPt3NsKpUQlk5TjA1UFZSR0VYVlUwWU4xSUJHUU5IRi4u\">enlace<\/a><\/strong><\/h4>\n<p><strong>ORGANIZAN:<\/strong><\/p>\n<ul>\n<li>Proyecto de Investigaci\u00f3n Nuevas Causas y Perfiles de Discriminaci\u00f3n e Instrumentos para la Tutela Antidiscriminatoria en el Nuevo Contexto Tecnol\u00f3gico Social (US-1264479). Financiados con Fondos FEDER.<\/li>\n<li>Centro de Documentaci\u00f3n Europea.<\/li>\n<li>Grupo de Investigaci\u00f3n SEJ-322, SEJ-103, SEJ 297.<\/li>\n<li>Proyecto de Investigaci\u00f3n I+D (PID2019-107025RB-I00) financiado por MCIN\/AEI\/10.13039\/501100011033.<\/li>\n<\/ul>\n<p><strong>COLABORAN:<\/strong><\/p>\n<ul>\n<li>Facultad de Ciencias del Trabajo de la Universidad de Sevilla.<\/li>\n<\/ul>\n<p>Otras entidades, proyectos y grupos, que colaboran en su organizaci\u00f3n:<\/p>\n<ul>\n<li style=\"list-style-type: none;\">\n<ul>\n<li>Proyecto de Investigaci\u00f3n I+D (PID2019-107025RB-I00): Ciudadan\u00eda sexuada e identidades no binarias: de la no discriminaci\u00f3n a la integraci\u00f3n ciudadana \/ Sexed citizenship and non-binary identities: from non discrimination to citizenship integration\u201d (BinaSex). Financiado por la Agencia Estatal de Investigaci\u00f3n (AEI).<\/li>\n<li>Grupo de Investigaci\u00f3n SEJ164: Inform\u00e1tica, L\u00f3gica y Derecho.<\/li>\n<li>Proyecto I+D+i (RTI2018-098794-B-C33): Nuevas formas de negociaci\u00f3n y conflicto colectivo en una econom\u00eda de mercado digital\u00bb.<\/li>\n<li>Grupo PAIDI SEJ-103, EURLAB, European Labour Relations. Universidad de Sevilla.<\/li>\n<li>Proyecto P20-01180: Pol\u00edticas de rentas salariales: salario m\u00ednimo y negociaci\u00f3n colectiva (CONV-1341).<\/li>\n<li>Grupo PAIDI SEJ-297: Cambios Tecnol\u00f3gicos e Influencia sobre las Relaciones Laborales.<\/li>\n<li>Proyecto de Investigaci\u00f3n I+D (PID2019-107025RB-I00) \u201cCiudadan\u00eda sexuada e identidades no binarias: de la no discriminaci\u00f3n a la integraci\u00f3n ciudadana \/ Sexed citizenship and non-binary identities: from non discrimination to citizenship integration\u201d (Binasex), financiado por MCIN\/AEI\/10.13039\/501100011033<\/li>\n<\/ul>\n<p><img data-recalc-dims=\"1\" loading=\"lazy\" decoding=\"async\" data-attachment-id=\"4720\" data-permalink=\"https:\/\/grupo.us.es\/iwpr\/congreso-internacional\/captura-6\/\" data-orig-file=\"https:\/\/i0.wp.com\/grupo.us.es\/iwpr\/wp-content\/uploads\/2022\/02\/Captura.jpg?fit=368%2C127&amp;ssl=1\" data-orig-size=\"368,127\" data-comments-opened=\"1\" data-image-meta=\"{&quot;aperture&quot;:&quot;0&quot;,&quot;credit&quot;:&quot;sara fernandez&quot;,&quot;camera&quot;:&quot;&quot;,&quot;caption&quot;:&quot;&quot;,&quot;created_timestamp&quot;:&quot;1645453305&quot;,&quot;copyright&quot;:&quot;&quot;,&quot;focal_length&quot;:&quot;0&quot;,&quot;iso&quot;:&quot;0&quot;,&quot;shutter_speed&quot;:&quot;0&quot;,&quot;title&quot;:&quot;&quot;,&quot;orientation&quot;:&quot;0&quot;}\" data-image-title=\"Captura\" data-image-description=\"\" data-image-caption=\"\" data-large-file=\"https:\/\/i0.wp.com\/grupo.us.es\/iwpr\/wp-content\/uploads\/2022\/02\/Captura.jpg?fit=368%2C127&amp;ssl=1\" class=\"wp-image-4720 size-thumbnail alignleft\" src=\"https:\/\/i0.wp.com\/grupo.us.es\/iwpr\/wp-content\/uploads\/2022\/02\/Captura.jpg?resize=150%2C52\" alt=\"\" width=\"150\" height=\"52\" srcset=\"https:\/\/i0.wp.com\/grupo.us.es\/iwpr\/wp-content\/uploads\/2022\/02\/Captura.jpg?resize=150%2C52&amp;ssl=1 150w, https:\/\/i0.wp.com\/grupo.us.es\/iwpr\/wp-content\/uploads\/2022\/02\/Captura.jpg?resize=300%2C104&amp;ssl=1 300w, https:\/\/i0.wp.com\/grupo.us.es\/iwpr\/wp-content\/uploads\/2022\/02\/Captura.jpg?resize=364%2C127&amp;ssl=1 364w, https:\/\/i0.wp.com\/grupo.us.es\/iwpr\/wp-content\/uploads\/2022\/02\/Captura.jpg?w=368&amp;ssl=1 368w\" sizes=\"auto, (max-width: 150px) 100vw, 150px\" \/><\/p>\n<p>&nbsp;<\/p>\n<p>&nbsp;<\/li>\n<li><\/li>\n<li style=\"list-style-type: none;\"><strong>DIRECCI\u00d3N DEL CONGRESO<\/strong>: Jos\u00e9 M. Morales Ortega.\n<p><strong>COMIT\u00c9 CIENT\u00cdFICO<\/strong>:<\/p>\n<ul>\n<li>Direcci\u00f3n del Comit\u00e9 Cient\u00edfico: Mar\u00eda Fernanda Fern\u00e1ndez L\u00f3pez y Jose M. Morales Ortega.<\/li>\n<li>Miembros: Jes\u00fas Cruz Villal\u00f3n, Miguel Carlos Rodr\u00edguez-Pi\u00f1ero Royo, Luisa P\u00e9rez Guerrero, Jos\u00e9 Manuel G\u00f3mez Mu\u00f1oz, Abrah\u00e1n Barrero Ortega, Mary Cruz Arcos, Patrocinio Rodr\u00edguez-Ramos Velasco, Emilia Castellano Burguillo, Blanca Rodr\u00edguez Ruiz, Alicia Rivas Va\u00f1o, Carmen Aguilar del Castillo, Alejandro D\u00edaz Moreno y \u00c1lvaro S\u00e1nchez Bravo.<\/li>\n<\/ul>\n<p><strong>COMIT\u00c9 ORGANIZADOR:<\/strong><\/p>\n<ul>\n<li>Coordinadores: Fco. Javier Calvo Gallego y Mar\u00eda Jos\u00e9 Jim\u00e9nez Lara.<\/li>\n<li>Miembros: Macarena Sierra Ben\u00edtez, Ram\u00f3n L\u00f3pez Fuentes, Esperanza Roales Paniagua, Mar\u00eda Jos\u00e9 Asquerino Lamparero, Ana Dom\u00ednguez Morales, Stefano Bini, Amparo Esteban G\u00f3mez, Mar\u00eda Villa Fombuena y Julia Dormido Abril, Jos\u00e9 Manuel Prieto Casado, Sara Fern\u00e1ndez Torralbo.<\/li>\n<\/ul>\n<p><strong>MODALIDAD DE ASISTENCIA: <\/strong>Congreso presencial; sin perjuicio de la posible participaci\u00f3n y asistencia de manera telem\u00e1tica.<\/p>\n<p><strong>PRESENTACI\u00d3N DE COMUNICACIONES:<\/strong><\/p>\n<ul>\n<li>Plazo: del 1 de diciembre de 2021 al 10 de marzo de 2022 remiti\u00e9ndola a <a href=\"mailto:masquerino@us.es\">masquerino@us.es<\/a> y <a href=\"mailto:jmmoraleso@uma.es\">jmmoraleso@uma.es<\/a><\/li>\n<li>Extensi\u00f3n m\u00e1xima: veinte p\u00e1ginas.<\/li>\n<li>Idiomas: Espa\u00f1ol, Italiano, Portugu\u00e9s, Franc\u00e9s o Ingl\u00e9s.<\/li>\n<li>Formato: Letra Times New Roman 12. Interlineado Sencillo. Forma de cita APA 6 edici\u00f3n. La comunicaci\u00f3n deber\u00e1 incluir una bibliograf\u00eda final.<\/li>\n<li>En general, y a efectos de su posible publicaci\u00f3n, los originales deber\u00e1n cumplir los est\u00e1ndares establecidos en <a href=\"https:\/\/revistascientificas.us.es\/index.php\/Trabajo-Persona-Derecho-Merca\/about\">https:\/\/revistascientificas.us.es\/index.php\/Trabajo-Persona-Derecho-Merca\/about<\/a><\/li>\n<\/ul>\n<p><strong>PREMIOS Y RECONOCIMIENTOS:<\/strong><\/p>\n<ul>\n<li><strong>Las seis mejores comunicaciones ser\u00e1n objeto de presentaci\u00f3n\u00a0(10 minutos) \u2013podr\u00e1 hacerse presencial o telem\u00e1ticamente-.<\/strong><\/li>\n<li><strong>Estas seis presentaciones, m\u00e1s dos posibles acc\u00e9sits, ser\u00e1n publicadas en la revista Trabajo, Persona, Derecho y Mercado <\/strong><a href=\"https:\/\/editorial.us.es\/es\/revistas\/trabajo-persona-derecho-mercado-revista-de-estudios-sobre-ciencias-del-trabajo-y-proteccion\"><strong>(M\u00e1s informaci\u00f3n sobre esta revista en el siguiente enlace)<\/strong><\/a><strong>.<\/strong><\/li>\n<\/ul>\n<p><strong>CERTIFICACIONES Y RECONOCIMIENTO DE C<\/strong><strong>R\u00c9DITOS EN LA UNIVERSIDAD DE SEVILLA :<\/strong>la asistencia durante al menos el ochenta por ciento de las sesiones, permitir\u00e1 la obtenci\u00f3n de un certificado de asistencia. <strong>Reconocimiento de cr\u00e9ditos:<\/strong> 0.6 ECTS de la US.<\/p>\n<p>Puede ver el <strong>Programa del Congreso<\/strong> en el siguiente <a href=\"http:\/\/grupo.us.es\/iwpr\/programa\/\">enlace<\/a>.<\/p>\n<p><strong>M\u00e1s informaci\u00f3n en <\/strong><a href=\"mailto:masquerino@us.es\"><strong>masquerino@us.es<\/strong><\/a><\/p>\n<p>&nbsp;<\/p>\n<p><img data-recalc-dims=\"1\" loading=\"lazy\" decoding=\"async\" data-attachment-id=\"4575\" data-permalink=\"https:\/\/grupo.us.es\/iwpr\/congreso-internacional\/attachment\/1\/\" data-orig-file=\"https:\/\/i0.wp.com\/grupo.us.es\/iwpr\/wp-content\/uploads\/2022\/01\/1.png?fit=1587%2C2245&amp;ssl=1\" data-orig-size=\"1587,2245\" data-comments-opened=\"1\" data-image-meta=\"{&quot;aperture&quot;:&quot;0&quot;,&quot;credit&quot;:&quot;&quot;,&quot;camera&quot;:&quot;&quot;,&quot;caption&quot;:&quot;&quot;,&quot;created_timestamp&quot;:&quot;0&quot;,&quot;copyright&quot;:&quot;&quot;,&quot;focal_length&quot;:&quot;0&quot;,&quot;iso&quot;:&quot;0&quot;,&quot;shutter_speed&quot;:&quot;0&quot;,&quot;title&quot;:&quot;&quot;,&quot;orientation&quot;:&quot;0&quot;}\" data-image-title=\"1\" data-image-description=\"\" data-image-caption=\"\" data-large-file=\"https:\/\/i0.wp.com\/grupo.us.es\/iwpr\/wp-content\/uploads\/2022\/01\/1.png?fit=640%2C905&amp;ssl=1\" class=\"alignnone wp-image-4575\" src=\"https:\/\/i0.wp.com\/grupo.us.es\/iwpr\/wp-content\/uploads\/2022\/01\/1.png?resize=353%2C499\" alt=\"\" width=\"353\" height=\"499\" srcset=\"https:\/\/i0.wp.com\/grupo.us.es\/iwpr\/wp-content\/uploads\/2022\/01\/1.png?resize=212%2C300&amp;ssl=1 212w, https:\/\/i0.wp.com\/grupo.us.es\/iwpr\/wp-content\/uploads\/2022\/01\/1.png?resize=724%2C1024&amp;ssl=1 724w, https:\/\/i0.wp.com\/grupo.us.es\/iwpr\/wp-content\/uploads\/2022\/01\/1.png?resize=106%2C150&amp;ssl=1 106w, https:\/\/i0.wp.com\/grupo.us.es\/iwpr\/wp-content\/uploads\/2022\/01\/1.png?resize=768%2C1086&amp;ssl=1 768w, https:\/\/i0.wp.com\/grupo.us.es\/iwpr\/wp-content\/uploads\/2022\/01\/1.png?resize=1086%2C1536&amp;ssl=1 1086w, https:\/\/i0.wp.com\/grupo.us.es\/iwpr\/wp-content\/uploads\/2022\/01\/1.png?resize=1448%2C2048&amp;ssl=1 1448w, https:\/\/i0.wp.com\/grupo.us.es\/iwpr\/wp-content\/uploads\/2022\/01\/1.png?w=1587&amp;ssl=1 1587w, https:\/\/i0.wp.com\/grupo.us.es\/iwpr\/wp-content\/uploads\/2022\/01\/1.png?w=1280 1280w\" sizes=\"auto, (max-width: 353px) 100vw, 353px\" \/>\u00a0 \u00a0 \u00a0 \u00a0 <img data-recalc-dims=\"1\" loading=\"lazy\" decoding=\"async\" data-attachment-id=\"4576\" data-permalink=\"https:\/\/grupo.us.es\/iwpr\/congreso-internacional\/attachment\/2\/\" data-orig-file=\"https:\/\/i0.wp.com\/grupo.us.es\/iwpr\/wp-content\/uploads\/2022\/01\/2.png?fit=1587%2C2245&amp;ssl=1\" data-orig-size=\"1587,2245\" data-comments-opened=\"1\" data-image-meta=\"{&quot;aperture&quot;:&quot;0&quot;,&quot;credit&quot;:&quot;&quot;,&quot;camera&quot;:&quot;&quot;,&quot;caption&quot;:&quot;&quot;,&quot;created_timestamp&quot;:&quot;0&quot;,&quot;copyright&quot;:&quot;&quot;,&quot;focal_length&quot;:&quot;0&quot;,&quot;iso&quot;:&quot;0&quot;,&quot;shutter_speed&quot;:&quot;0&quot;,&quot;title&quot;:&quot;&quot;,&quot;orientation&quot;:&quot;0&quot;}\" data-image-title=\"2\" data-image-description=\"\" data-image-caption=\"\" data-large-file=\"https:\/\/i0.wp.com\/grupo.us.es\/iwpr\/wp-content\/uploads\/2022\/01\/2.png?fit=640%2C905&amp;ssl=1\" class=\"alignnone wp-image-4576\" src=\"https:\/\/i0.wp.com\/grupo.us.es\/iwpr\/wp-content\/uploads\/2022\/01\/2.png?resize=356%2C504\" alt=\"\" width=\"356\" height=\"504\" srcset=\"https:\/\/i0.wp.com\/grupo.us.es\/iwpr\/wp-content\/uploads\/2022\/01\/2.png?resize=212%2C300&amp;ssl=1 212w, https:\/\/i0.wp.com\/grupo.us.es\/iwpr\/wp-content\/uploads\/2022\/01\/2.png?resize=724%2C1024&amp;ssl=1 724w, https:\/\/i0.wp.com\/grupo.us.es\/iwpr\/wp-content\/uploads\/2022\/01\/2.png?resize=106%2C150&amp;ssl=1 106w, https:\/\/i0.wp.com\/grupo.us.es\/iwpr\/wp-content\/uploads\/2022\/01\/2.png?resize=768%2C1086&amp;ssl=1 768w, https:\/\/i0.wp.com\/grupo.us.es\/iwpr\/wp-content\/uploads\/2022\/01\/2.png?resize=1086%2C1536&amp;ssl=1 1086w, https:\/\/i0.wp.com\/grupo.us.es\/iwpr\/wp-content\/uploads\/2022\/01\/2.png?resize=1448%2C2048&amp;ssl=1 1448w, https:\/\/i0.wp.com\/grupo.us.es\/iwpr\/wp-content\/uploads\/2022\/01\/2.png?w=1587&amp;ssl=1 1587w, https:\/\/i0.wp.com\/grupo.us.es\/iwpr\/wp-content\/uploads\/2022\/01\/2.png?w=1280 1280w\" sizes=\"auto, (max-width: 356px) 100vw, 356px\" \/><\/p>\n<p>&nbsp;<\/li>\n<\/ul>\n","protected":false},"excerpt":{"rendered":"<p>CONGRESO INTERNACIONAL DISCRIMINACI\u00d3N Y NUEVAS REALIDADES ECON\u00d3MICAS, TECNOL\u00d3GICAS Y SOCIALES (EVENTO COFE) Las nuevas realidades tecnol\u00f3gicas, econ\u00f3micas y sociales propias de este siglo est\u00e1n generando nuevos campos (Internet, redes sociales, plataformas, etc) destacando ciertos rasgos (gen\u00e9tica, pobreza y exclusi\u00f3n social, obesidad, enfermedad, apariencia, etc), que aparecen como posibles \u00e1mbitos y causas emergentes de discriminaci\u00f3n, especialmente&#8230;<\/p>\n","protected":false},"author":25,"featured_media":0,"parent":0,"menu_order":0,"comment_status":"closed","ping_status":"closed","template":"","meta":{"jetpack_post_was_ever_published":false,"footnotes":""},"class_list":["post-3927","page","type-page","status-publish","hentry"],"jetpack_shortlink":"https:\/\/wp.me\/P7HIjh-11l","jetpack-related-posts":[{"id":4327,"url":"https:\/\/grupo.us.es\/iwpr\/inscripciones\/","url_meta":{"origin":3927,"position":0},"title":"Inscripciones","author":"Admin","date":"10 enero, 2022","format":false,"excerpt":"Puede inscribirse al Congreso Internacional Discriminaci\u00f3n y Nuevas Realidades Econ\u00f3micas, Tecnol\u00f3gicas y sociales (Evento COFE) a trav\u00e9s de este enlace y a trav\u00e9s de la p\u00e1gina web del Centro de Documentaci\u00f3n Europea. MODALIDAD DE ASISTENCIA: Congreso presencial; sin perjuicio de la posible participaci\u00f3n y asistencia de manera telem\u00e1tica.","rel":"","context":"Entrada similar","block_context":{"text":"Entrada similar","link":""},"img":{"alt_text":"","src":"https:\/\/i0.wp.com\/grupo.us.es\/iwpr\/wp-content\/uploads\/2022\/01\/Presentaci%E2%94%9C%E2%94%82n-Comunicaciones_CONGRESO-INTERNACIONAL-DISCRIMINACI%E2%94%9CoN-Y-NUEVAS-REALIDADES-TECNOL%E2%94%9CoGICAS-ECON%E2%94%9CoMICA379310241024_1-212x300.jpg?resize=350%2C200","width":350,"height":200},"classes":[]},{"id":6352,"url":"https:\/\/grupo.us.es\/iwpr\/la-regulacion-de-la-inteligencia-artificial-en-el-mundo-laboral\/","url_meta":{"origin":3927,"position":1},"title":"La regulaci\u00f3n de la inteligencia artificial en el mundo laboral","author":"Jaime Rom\u00e1n Lemos","date":"7 abril, 2024","format":false,"excerpt":"Un grupo de profesores dedicado desde hace a\u00f1os al estudio de las cuestiones relacionadas con el impacto laboral de la tecnolog\u00eda hemos dise\u00f1ado una iniciativa Interblogs de Derecho del Trabajo con el t\u00edtulo de \u201cLa regulaci\u00f3n de la Inteligencia Artificial en el Mundo laboral\u201d, en la que se comentan diferentes\u2026","rel":"","context":"Entrada similar","block_context":{"text":"Entrada similar","link":""},"img":{"alt_text":"","src":"https:\/\/i0.wp.com\/grupo.us.es\/iwpr\/wp-content\/uploads\/2024\/04\/future-of-labour-law-and-ai-1.png?resize=350%2C200","width":350,"height":200},"classes":[]},{"id":1425,"url":"https:\/\/grupo.us.es\/iwpr\/congreso-final-del-proyecto-instrumentos-normativos-para-la-mejora-de-las-trayectorias-laborales-en-el-nuevo-contexto-demografico-economico-y-tecnologico\/seminario-internacional-sobre-nuevos-modelos-de-trabajo-y-consumo-economia-colaborativa-y-trabajo-en-plataforma\/","url_meta":{"origin":3927,"position":2},"title":"Seminario \u201cEconom\u00eda colaborativa y trabajo en plataforma\u201d","author":"Miguel Carlos Rodr\u00edguez-Pi\u00f1ero Royo","date":"14 septiembre, 2018","format":false,"excerpt":"Seminario internacional sobre \u201cNuevos modelos de trabajo y consumo: econom\u00eda colaborativa y trabajo en plataforma\u201d Presentaci\u00f3n En el seno del Congreso internacional \u201cInstrumentos normativos para la mejora de las trayectorias laborales en el nuevo contexto demogr\u00e1fico, econ\u00f3mico y tecnol\u00f3gico\u201d se va a celebrar en Sevilla los d\u00edas 8 y 9\u2026","rel":"","context":"Entrada similar","block_context":{"text":"Entrada similar","link":""},"img":{"alt_text":"Imagen relacionada","src":"https:\/\/i0.wp.com\/pbs.twimg.com\/profile_images\/844890706145656832\/2bpTo52n_400x400.jpg?resize=350%2C200&ssl=1","width":350,"height":200},"classes":[]},{"id":1381,"url":"https:\/\/grupo.us.es\/iwpr\/congreso-final-del-proyecto-instrumentos-normativos-para-la-mejora-de-las-trayectorias-laborales-en-el-nuevo-contexto-demografico-economico-y-tecnologico\/","url_meta":{"origin":3927,"position":3},"title":"CONGRESO FINAL DEL PROYECTO","author":"Miguel Carlos Rodr\u00edguez-Pi\u00f1ero Royo","date":"11 septiembre, 2018","format":false,"excerpt":"En el marco de los proyectos combinados que han gestionado este portal, se organiza este Congreso internacional \u201cInstrumentos normativos para la mejora de las trayectorias laborales en el nuevo contexto demogr\u00e1fico, econ\u00f3mico y tecnol\u00f3gico\u201c con el que se dar\u00e1 fin a los trabajos de investigaci\u00f3n y se presentar\u00e1n sus resultados.\u2026","rel":"","context":"Entrada similar","block_context":{"text":"Entrada similar","link":""},"img":{"alt_text":"","src":"https:\/\/i0.wp.com\/grupo.us.es\/iwpr\/wp-content\/uploads\/2016\/07\/mineco_ue-300x53.png?resize=350%2C200","width":350,"height":200,"srcset":"https:\/\/i0.wp.com\/grupo.us.es\/iwpr\/wp-content\/uploads\/2016\/07\/mineco_ue-300x53.png?resize=350%2C200 1x, https:\/\/i0.wp.com\/grupo.us.es\/iwpr\/wp-content\/uploads\/2016\/07\/mineco_ue-300x53.png?resize=525%2C300 1.5x"},"classes":[]},{"id":10713,"url":"https:\/\/grupo.us.es\/iwpr\/100-anos-de-las-escuelas-sociales\/","url_meta":{"origin":3927,"position":4},"title":"100 a\u00f1os de las Escuelas Sociales","author":"Jaime Rom\u00e1n Lemos","date":"3 marzo, 2026","format":false,"excerpt":"Pr\u00f3ximamente se celebrar\u00e1 un congreso para conmemorar los 100 a\u00f1os de las Escuelas Sociales en Espa\u00f1a. Toda la informaci\u00f3n se ir\u00e1 compartiendo en la presenta p\u00e1gina.","rel":"","context":"Entrada similar","block_context":{"text":"Entrada similar","link":""},"img":{"alt_text":"","src":"https:\/\/i0.wp.com\/grupo.us.es\/iwpr\/wp-content\/uploads\/2026\/03\/Escuelas-sociales.png?fit=848%2C561&ssl=1&resize=350%2C200","width":350,"height":200,"srcset":"https:\/\/i0.wp.com\/grupo.us.es\/iwpr\/wp-content\/uploads\/2026\/03\/Escuelas-sociales.png?fit=848%2C561&ssl=1&resize=350%2C200 1x, https:\/\/i0.wp.com\/grupo.us.es\/iwpr\/wp-content\/uploads\/2026\/03\/Escuelas-sociales.png?fit=848%2C561&ssl=1&resize=525%2C300 1.5x, https:\/\/i0.wp.com\/grupo.us.es\/iwpr\/wp-content\/uploads\/2026\/03\/Escuelas-sociales.png?fit=848%2C561&ssl=1&resize=700%2C400 2x"},"classes":[]},{"id":2,"url":"https:\/\/grupo.us.es\/iwpr\/pagina-ejemplo\/","url_meta":{"origin":3927,"position":5},"title":"El Derecho ante los nuevos retos del mercado laboral","author":"Fco. Javier Calvo Gallego","date":"8 julio, 2016","format":false,"excerpt":"Presentaci\u00f3n general Inmersos en el omnipresente cambio, quiz\u00e1s no apreciemos ni la intensidad del mismo, ni la profundidad de las alteraciones sociales, econ\u00f3micas y jur\u00eddicas que est\u00e1 provocando en nuestra sociedad. Si en su momento la revoluci\u00f3n industrial permiti\u00f3 el paso de una econom\u00eda agr\u00edcola y local a otra industrial\u2026","rel":"","context":"Entrada similar","block_context":{"text":"Entrada similar","link":""},"img":{"alt_text":"","src":"https:\/\/i0.wp.com\/grupo.us.es\/iwpr\/wp-content\/uploads\/2020\/09\/financiacion-2-300x118.png?resize=350%2C200","width":350,"height":200},"classes":[]}],"jetpack_sharing_enabled":true,"_links":{"self":[{"href":"https:\/\/grupo.us.es\/iwpr\/wp-json\/wp\/v2\/pages\/3927","targetHints":{"allow":["GET"]}}],"collection":[{"href":"https:\/\/grupo.us.es\/iwpr\/wp-json\/wp\/v2\/pages"}],"about":[{"href":"https:\/\/grupo.us.es\/iwpr\/wp-json\/wp\/v2\/types\/page"}],"author":[{"embeddable":true,"href":"https:\/\/grupo.us.es\/iwpr\/wp-json\/wp\/v2\/users\/25"}],"replies":[{"embeddable":true,"href":"https:\/\/grupo.us.es\/iwpr\/wp-json\/wp\/v2\/comments?post=3927"}],"version-history":[{"count":44,"href":"https:\/\/grupo.us.es\/iwpr\/wp-json\/wp\/v2\/pages\/3927\/revisions"}],"predecessor-version":[{"id":4805,"href":"https:\/\/grupo.us.es\/iwpr\/wp-json\/wp\/v2\/pages\/3927\/revisions\/4805"}],"wp:attachment":[{"href":"https:\/\/grupo.us.es\/iwpr\/wp-json\/wp\/v2\/media?parent=3927"}],"curies":[{"name":"wp","href":"https:\/\/api.w.org\/{rel}","templated":true}]}}