{"id":25,"date":"2016-07-08T09:38:06","date_gmt":"2016-07-08T09:38:06","guid":{"rendered":"http:\/\/grupo.us.es\/newiwpr\/?page_id=25"},"modified":"2017-12-15T09:46:30","modified_gmt":"2017-12-15T08:46:30","slug":"blogs-personales","status":"publish","type":"page","link":"https:\/\/grupo.us.es\/iwpr\/blogs-personales\/","title":{"rendered":"Blogs personales"},"content":{"rendered":"<p>En este apartado podr\u00e1s encontrar los blogs personales de los distintos miembros de nuestro Proyecto de Investigaci\u00f3n<\/p>\n","protected":false},"excerpt":{"rendered":"<p>En este apartado podr\u00e1s encontrar los blogs personales de los distintos miembros de nuestro Proyecto de Investigaci\u00f3n<\/p>\n","protected":false},"author":1,"featured_media":0,"parent":0,"menu_order":7,"comment_status":"closed","ping_status":"closed","template":"","meta":{"jetpack_post_was_ever_published":false,"footnotes":""},"class_list":["post-25","page","type-page","status-publish","hentry"],"jetpack_shortlink":"https:\/\/wp.me\/P7HIjh-p","jetpack-related-posts":[{"id":34,"url":"https:\/\/grupo.us.es\/iwpr\/blogs-personales\/javier-calvo-gallego\/","url_meta":{"origin":25,"position":0},"title":"Javier Calvo Gallego","author":"Fco. Javier Calvo Gallego","date":"8 julio, 2016","format":false,"excerpt":"Fco. Javier Calvo Gallego es doctor en Derecho por la Universidad de Bolonia, Magister por la Universidad de Sevilla y actualmente Catedr\u00e1tico de Universidad del Departamento de Derecho del Trabajo y de la Seguridad Social de la Universidad de Sevilla. Sus principales l\u00edneas de investigaci\u00f3n se centran en la Responsabilidad\u2026","rel":"","context":"Entrada similar","block_context":{"text":"Entrada similar","link":""},"img":{"alt_text":"Javicalvo","src":"https:\/\/i0.wp.com\/grupo.us.es\/iwpr\/wp-content\/uploads\/2016\/07\/Javicalvo.jpg?resize=350%2C200","width":350,"height":200},"classes":[]},{"id":140,"url":"https:\/\/grupo.us.es\/iwpr\/blogs-personales\/maria-jose-gomez-torres\/","url_meta":{"origin":25,"position":1},"title":"Maria Jos\u00e9 G\u00f3mez Torres","author":"Fco. Javier Calvo Gallego","date":"5 septiembre, 2016","format":false,"excerpt":"Mar\u00eda Jos\u00e9 G\u00f3mez Torres es Profesora Titular de la Universidad de Sevilla en el\u00a0Departamento\u00a0Did\u00e1ctica y Organizaci\u00f3n Educativa. Entre sus principales trabajos cabe citar sus monograf\u00edas sobre \u00a0Aspectos Evolutivos y Educativos de la Deficiencia Mental, publicado por la Universidad de Sevilla. Sav (Secretariado de Recursos Audiovisuales y Nuevas Tecnolog\u00edas), Secretariado de\u2026","rel":"","context":"Entrada similar","block_context":{"text":"Entrada similar","link":""},"img":{"alt_text":"img_6569","src":"https:\/\/i0.wp.com\/grupo.us.es\/iwpr\/wp-content\/uploads\/2016\/09\/IMG_6569-169x300.jpg?resize=350%2C200","width":350,"height":200},"classes":[]},{"id":47,"url":"https:\/\/grupo.us.es\/iwpr\/biblioteca\/","url_meta":{"origin":25,"position":2},"title":"Biblioteca","author":"Fco. Javier Calvo Gallego","date":"12 julio, 2016","format":false,"excerpt":"En este apartado encontrar\u00e1s referencias a los principales art\u00edculos y fuentes bibliogr\u00e1ficas en abierto de cada uno de los temas que aborda actualmente este proyecto de investigaci\u00f3n","rel":"","context":"Entrada similar","block_context":{"text":"Entrada similar","link":""},"img":{"alt_text":"biblioteca","src":"https:\/\/i0.wp.com\/grupo.us.es\/iwpr\/wp-content\/uploads\/2016\/07\/biblioteca-287x300.jpg?resize=350%2C200","width":350,"height":200},"classes":[]},{"id":20,"url":"https:\/\/grupo.us.es\/iwpr\/envejecimiento-activo\/","url_meta":{"origin":25,"position":3},"title":"Envejecimiento activo","author":"Fco. Javier Calvo Gallego","date":"8 julio, 2016","format":false,"excerpt":"En este apartado se incorporan provisionalmente los res\u00famenes de los distintos cap\u00edtulos que conforman el primer trabajo monogr\u00e1fico de este subproyecto. Una vez finalizado el periodo de \"secuestro\" de la publicaci\u00f3n, se proceder\u00e1 a la difusi\u00f3n de los mismos en abierto, con esta misma estructura y visualizaci\u00f3n.","rel":"","context":"Entrada similar","block_context":{"text":"Entrada similar","link":""},"img":{"alt_text":"","src":"","width":0,"height":0},"classes":[]},{"id":86,"url":"https:\/\/grupo.us.es\/iwpr\/entidades-colaboradoras\/","url_meta":{"origin":25,"position":4},"title":"Entidades colaboradoras y Blogs","author":"Agustin Gal\u00e1n Garc\u00eda","date":"14 julio, 2016","format":false,"excerpt":"Blogs recomendados Blog de Jes\u00fas Cruz Villal\u00f3n.\u00a0 Reflexiones y comentarios de cuestiones sociales y laborales de actualidad El nuevo y cambiante mundo del trabajo. Una mirada abierta y cr\u00edtica a las nuevas realidades laborales por el Pr. Dr. Eduardo Rojo Una mirada cr\u00edtica a las relaciones laborales Por Ignasi Beltran\u2026","rel":"","context":"Entrada similar","block_context":{"text":"Entrada similar","link":""},"img":{"alt_text":"logo catedra cepsa","src":"https:\/\/i0.wp.com\/grupo.us.es\/iwpr\/wp-content\/uploads\/2016\/07\/logo-catedra-cepsa-300x116.png?resize=350%2C200","width":350,"height":200},"classes":[]},{"id":6352,"url":"https:\/\/grupo.us.es\/iwpr\/la-regulacion-de-la-inteligencia-artificial-en-el-mundo-laboral\/","url_meta":{"origin":25,"position":5},"title":"La regulaci\u00f3n de la inteligencia artificial en el mundo laboral","author":"Jaime Rom\u00e1n Lemos","date":"7 abril, 2024","format":false,"excerpt":"Un grupo de profesores dedicado desde hace a\u00f1os al estudio de las cuestiones relacionadas con el impacto laboral de la tecnolog\u00eda hemos dise\u00f1ado una iniciativa Interblogs de Derecho del Trabajo con el t\u00edtulo de \u201cLa regulaci\u00f3n de la Inteligencia Artificial en el Mundo laboral\u201d, en la que se comentan diferentes\u2026","rel":"","context":"Entrada similar","block_context":{"text":"Entrada similar","link":""},"img":{"alt_text":"","src":"https:\/\/i0.wp.com\/grupo.us.es\/iwpr\/wp-content\/uploads\/2024\/04\/future-of-labour-law-and-ai-1.png?resize=350%2C200","width":350,"height":200},"classes":[]}],"jetpack_sharing_enabled":true,"_links":{"self":[{"href":"https:\/\/grupo.us.es\/iwpr\/wp-json\/wp\/v2\/pages\/25","targetHints":{"allow":["GET"]}}],"collection":[{"href":"https:\/\/grupo.us.es\/iwpr\/wp-json\/wp\/v2\/pages"}],"about":[{"href":"https:\/\/grupo.us.es\/iwpr\/wp-json\/wp\/v2\/types\/page"}],"author":[{"embeddable":true,"href":"https:\/\/grupo.us.es\/iwpr\/wp-json\/wp\/v2\/users\/1"}],"replies":[{"embeddable":true,"href":"https:\/\/grupo.us.es\/iwpr\/wp-json\/wp\/v2\/comments?post=25"}],"version-history":[{"count":0,"href":"https:\/\/grupo.us.es\/iwpr\/wp-json\/wp\/v2\/pages\/25\/revisions"}],"wp:attachment":[{"href":"https:\/\/grupo.us.es\/iwpr\/wp-json\/wp\/v2\/media?parent=25"}],"curies":[{"name":"wp","href":"https:\/\/api.w.org\/{rel}","templated":true}]}}